{"id":54,"date":"2022-08-24T11:14:00","date_gmt":"2022-08-24T14:14:00","guid":{"rendered":"https:\/\/www3.unicentro.br\/colmeia\/?page_id=54"},"modified":"2023-03-02T09:13:13","modified_gmt":"2023-03-02T12:13:13","slug":"diversos","status":"publish","type":"page","link":"https:\/\/www3.unicentro.br\/colmeia\/audio-tv\/diversos\/","title":{"rendered":"Diversos"},"content":{"rendered":"<div class=\"wpb-content-wrapper\"><p>[vc_row][vc_column][vc_column_text]<\/p>\n<h3>Grande Reportagem<\/h3>\n<p><a href=\"https:\/\/www.youtube.com\/watch?v=HEccNl_5yWY\">Programa Circuito Mountain Bike em Guarapuava Quadro Desafio Esportivo<\/a><\/p>\n<p>Produzido por Aline Koslinski, J\u00e9ssica Korocoski, Jessica Siqueira e Juliano Oliveira.<br \/>\nAno de produ\u00e7\u00e3o: 2015<br \/>\nDisciplina: Jornalismo Especializado<br \/>\nOrienta\u00e7\u00e3o: \u00c9verly Pegoraro<\/p>\n<p>&nbsp;<\/p>\n<h3>Reportagem de WEB<\/h3>\n<p><a href=\"https:\/\/www.youtube.com\/watch?v=FpeXL1bNNvs&amp;t=5s\">Ecos do passado: a cura atrav\u00e9s de benzimentos<\/a><br \/>\nProduzido por Aline Koslinski<br \/>\nAno de produ\u00e7\u00e3o: 2016<br \/>\nDisciplina: Webjornalismo<br \/>\nOrienta\u00e7\u00e3o: Cristiele<\/p>\n<p>&nbsp;<\/p>\n<h3>Perfil Instagram<\/h3>\n<p><a href=\"https:\/\/www.instagram.com\/hora_organica\/?igshid=NzAzN2Q1NTE%3D\">Hora org\u00e2nica<\/a><br \/>\nProduzido por Mylena Camargo, B\u00e1bara Horst e Emily Fran\u00e7a<br \/>\nAno de produ\u00e7\u00e3o: 2022<br \/>\nDisciplina: Jornalismo Especializado<br \/>\nOrienta\u00e7\u00e3o: \u00c9verly Pegoraro<\/p>\n<p>&nbsp;<\/p>\n<h3>Site de not\u00edcias<\/h3>\n<p><a href=\"https:\/\/ambiente-se7.webnode.page\/\">Ambiente-se<\/a><br \/>\nProduzido por Isabelle Marinho, Gabriela Ukracheski, Julia Sansana e Talia Schneider.<br \/>\nAno de produ\u00e7\u00e3o: 2022<br \/>\nDisciplina: Jornalismo Especializado<br \/>\nOrienta\u00e7\u00e3o: \u00c9verly Pegoraro<\/p>\n<p>&nbsp;<\/p>\n<h3>Perfil de Tiktok<\/h3>\n<p><a href=\"https:\/\/www.tiktok.com\/@locodebao?_t=8VJs2LrdeIH&amp;_r=1\">Ambiente-se<\/a><br \/>\nProduzido por Mylena Camargo, B\u00e1rbara Horst, Emily Fran\u00e7a e Julia Le\u00e3o<br \/>\nAno de produ\u00e7\u00e3o: 2022<br \/>\nDisciplina: Jornalismo Especializado<br \/>\nOrienta\u00e7\u00e3o: \u00c9verly Pegoraro<\/p>\n<p>&nbsp;<\/p>\n<p>&nbsp;[\/vc_column_text][\/vc_column][\/vc_row]<\/p>\n<\/div>","protected":false},"excerpt":{"rendered":"<p>[vc_row][vc_column][vc_column_text] Grande Reportagem Programa Circuito Mountain Bike em Guarapuava Quadro Desafio Esportivo Produzido por Aline Koslinski, J\u00e9ssica Korocoski, Jessica Siqueira e Juliano Oliveira. Ano de produ\u00e7\u00e3o: 2015 Disciplina: Jornalismo Especializado Orienta\u00e7\u00e3o: \u00c9verly Pegoraro &nbsp; Reportagem de WEB Ecos do passado: a cura atrav\u00e9s de benzimentos Produzido por Aline Koslinski Ano de produ\u00e7\u00e3o: 2016 Disciplina: Webjornalismo [&hellip;]<\/p>\n","protected":false},"author":3,"featured_media":0,"parent":36,"menu_order":0,"comment_status":"closed","ping_status":"closed","template":"","meta":{"_exactmetrics_skip_tracking":false,"_exactmetrics_sitenote_active":false,"_exactmetrics_sitenote_note":"","_exactmetrics_sitenote_category":0,"footnotes":"","_links_to":"","_links_to_target":""},"class_list":["post-54","page","type-page","status-publish","hentry"],"_links":{"self":[{"href":"https:\/\/www3.unicentro.br\/colmeia\/wp-json\/wp\/v2\/pages\/54","targetHints":{"allow":["GET"]}}],"collection":[{"href":"https:\/\/www3.unicentro.br\/colmeia\/wp-json\/wp\/v2\/pages"}],"about":[{"href":"https:\/\/www3.unicentro.br\/colmeia\/wp-json\/wp\/v2\/types\/page"}],"author":[{"embeddable":true,"href":"https:\/\/www3.unicentro.br\/colmeia\/wp-json\/wp\/v2\/users\/3"}],"replies":[{"embeddable":true,"href":"https:\/\/www3.unicentro.br\/colmeia\/wp-json\/wp\/v2\/comments?post=54"}],"version-history":[{"count":0,"href":"https:\/\/www3.unicentro.br\/colmeia\/wp-json\/wp\/v2\/pages\/54\/revisions"}],"up":[{"embeddable":true,"href":"https:\/\/www3.unicentro.br\/colmeia\/wp-json\/wp\/v2\/pages\/36"}],"wp:attachment":[{"href":"https:\/\/www3.unicentro.br\/colmeia\/wp-json\/wp\/v2\/media?parent=54"}],"curies":[{"name":"wp","href":"https:\/\/api.w.org\/{rel}","templated":true}]}}