{"id":50,"date":"2022-08-24T11:11:46","date_gmt":"2022-08-24T14:11:46","guid":{"rendered":"https:\/\/www3.unicentro.br\/colmeia\/?page_id=50"},"modified":"2024-06-03T09:50:11","modified_gmt":"2024-06-03T12:50:11","slug":"producoes-radiofonicas","status":"publish","type":"page","link":"https:\/\/www3.unicentro.br\/colmeia\/audio-tv\/producoes-radiofonicas\/","title":{"rendered":"Produ\u00e7\u00f5es Radiof\u00f4nicas"},"content":{"rendered":"<h3>Radionovela<\/h3>\n<p><span style=\"text-decoration: underline\"><strong><a href=\"https:\/\/drive.google.com\/file\/d\/11UkVVSnkqJKEsNVCGgeM5YxwasE2MRQu\/view?usp=drive_link\">A casa do Pernalonga<\/a><\/strong><\/span><\/p>\n<p>Por:<\/p>\n<p>Ano de Produ\u00e7\u00e3o:<\/p>\n<p>&nbsp;<\/p>\n<p><a href=\"https:\/\/drive.google.com\/file\/d\/1ZnfCMnzKyLqJKXbBkRrsFaHtLBmElT4N\/view?usp=drive_link\"><span style=\"text-decoration: underline\"><strong>Entre duas irm\u00e3s<\/strong><\/span><\/a><\/p>\n<p>Por:<\/p>\n<p>Ano de Produ\u00e7\u00e3o:<\/p>\n<p>&nbsp;<\/p>\n<p>&nbsp;<\/p>\n<h3>Radiodocument\u00e1rio<\/h3>\n<p><span style=\"text-decoration: underline\"><strong><a href=\"https:\/\/soundcloud.com\/millena-ricardo\/radiodocumentario-oficial-violencia-obstetrica?utm_source=clipboard&amp;utm_medium=text&amp;utm_campaign=social_sharing\">R\u00e1diodocument\u00e1rio Viol\u00eancia Obst\u00e9trica<\/a><\/strong><\/span><\/p>\n<p>Ano de produ\u00e7\u00e3o: 2019<\/p>\n<p>&nbsp;<\/p>\n<p><strong><span style=\"text-decoration: underline\"><a href=\"https:\/\/drive.google.com\/file\/d\/1HYBR4j4FhNNcbkS5vRJMJQRbke5mZrdi\/view?usp=sharing\">Denuncie, mulher!<\/a><\/span><\/strong><\/p>\n<p>Ano de produ\u00e7\u00e3o: 2019<\/p>\n<p>&nbsp;<\/p>\n<h3>Mesa Redonda<\/h3>\n<p><span style=\"text-decoration: underline\"><strong><a href=\"https:\/\/drive.google.com\/drive\/u\/4\/folders\/1Nhs4wGbFRKGtDPYXmjV52aYPpxVbuDcj\">Flash Informativo<\/a><\/strong><\/span><\/p>\n<p>Ano de produ\u00e7\u00e3o: 2019<\/p>\n<p>&nbsp;<\/p>\n","protected":false},"excerpt":{"rendered":"<p>Radionovela A casa do Pernalonga Por: Ano de Produ\u00e7\u00e3o: &nbsp; Entre duas irm\u00e3s Por: Ano de Produ\u00e7\u00e3o: &nbsp; &nbsp; Radiodocument\u00e1rio R\u00e1diodocument\u00e1rio Viol\u00eancia Obst\u00e9trica Ano de produ\u00e7\u00e3o: 2019 &nbsp; Denuncie, mulher! Ano de produ\u00e7\u00e3o: 2019 &nbsp; Mesa Redonda Flash Informativo Ano de produ\u00e7\u00e3o: 2019 &nbsp;<\/p>\n","protected":false},"author":3,"featured_media":0,"parent":36,"menu_order":0,"comment_status":"closed","ping_status":"closed","template":"","meta":{"_exactmetrics_skip_tracking":false,"_exactmetrics_sitenote_active":false,"_exactmetrics_sitenote_note":"","_exactmetrics_sitenote_category":0,"footnotes":"","_links_to":"","_links_to_target":""},"class_list":["post-50","page","type-page","status-publish","hentry"],"_links":{"self":[{"href":"https:\/\/www3.unicentro.br\/colmeia\/wp-json\/wp\/v2\/pages\/50","targetHints":{"allow":["GET"]}}],"collection":[{"href":"https:\/\/www3.unicentro.br\/colmeia\/wp-json\/wp\/v2\/pages"}],"about":[{"href":"https:\/\/www3.unicentro.br\/colmeia\/wp-json\/wp\/v2\/types\/page"}],"author":[{"embeddable":true,"href":"https:\/\/www3.unicentro.br\/colmeia\/wp-json\/wp\/v2\/users\/3"}],"replies":[{"embeddable":true,"href":"https:\/\/www3.unicentro.br\/colmeia\/wp-json\/wp\/v2\/comments?post=50"}],"version-history":[{"count":2,"href":"https:\/\/www3.unicentro.br\/colmeia\/wp-json\/wp\/v2\/pages\/50\/revisions"}],"predecessor-version":[{"id":1570,"href":"https:\/\/www3.unicentro.br\/colmeia\/wp-json\/wp\/v2\/pages\/50\/revisions\/1570"}],"up":[{"embeddable":true,"href":"https:\/\/www3.unicentro.br\/colmeia\/wp-json\/wp\/v2\/pages\/36"}],"wp:attachment":[{"href":"https:\/\/www3.unicentro.br\/colmeia\/wp-json\/wp\/v2\/media?parent=50"}],"curies":[{"name":"wp","href":"https:\/\/api.w.org\/{rel}","templated":true}]}}