{"id":48,"date":"2022-08-24T11:11:30","date_gmt":"2022-08-24T14:11:30","guid":{"rendered":"https:\/\/www3.unicentro.br\/colmeia\/?page_id=48"},"modified":"2024-06-03T09:48:42","modified_gmt":"2024-06-03T12:48:42","slug":"jingles-spot","status":"publish","type":"page","link":"https:\/\/www3.unicentro.br\/colmeia\/audio-tv\/jingles-spot\/","title":{"rendered":"Jingles \/ Spot"},"content":{"rendered":"<p><a href=\"https:\/\/drive.google.com\/file\/d\/1ycEsqLmVWLWgfPBM1BGWc76Ce3RSjaJF\/view?usp=drive_link\"><span style=\"text-decoration: underline\"><strong>Jingle Koala<\/strong><\/span><\/a><\/p>\n<p>Por:<\/p>\n<p>Ano de produ\u00e7\u00e3o:<\/p>\n<p>Orienta\u00e7\u00e3o:<\/p>\n<p>&nbsp;<\/p>\n<p><a href=\"https:\/\/drive.google.com\/file\/d\/1GFn5kw4ReeVdXXQzAbT5HLIaBi1fP2yh\/view?usp=drive_link\"><span style=\"text-decoration: underline\"><strong>Capacete<\/strong><\/span><\/a><\/p>\n<p>Por:<\/p>\n<p>Ano de produ\u00e7\u00e3o:<\/p>\n<p>Orienta\u00e7\u00e3o:<\/p>\n<p>&nbsp;<\/p>\n<p>&nbsp;<\/p>\n<p>Por:<\/p>\n<p>Ano de produ\u00e7\u00e3o:<\/p>\n<p>Orienta\u00e7\u00e3o:<\/p>\n<p>&nbsp;<\/p>\n","protected":false},"excerpt":{"rendered":"<p>Jingle Koala Por: Ano de produ\u00e7\u00e3o: Orienta\u00e7\u00e3o: &nbsp; Capacete Por: Ano de produ\u00e7\u00e3o: Orienta\u00e7\u00e3o: &nbsp; &nbsp; Por: Ano de produ\u00e7\u00e3o: Orienta\u00e7\u00e3o: &nbsp;<\/p>\n","protected":false},"author":3,"featured_media":0,"parent":36,"menu_order":0,"comment_status":"closed","ping_status":"closed","template":"","meta":{"_exactmetrics_skip_tracking":false,"_exactmetrics_sitenote_active":false,"_exactmetrics_sitenote_note":"","_exactmetrics_sitenote_category":0,"footnotes":"","_links_to":"","_links_to_target":""},"class_list":["post-48","page","type-page","status-publish","hentry"],"_links":{"self":[{"href":"https:\/\/www3.unicentro.br\/colmeia\/wp-json\/wp\/v2\/pages\/48","targetHints":{"allow":["GET"]}}],"collection":[{"href":"https:\/\/www3.unicentro.br\/colmeia\/wp-json\/wp\/v2\/pages"}],"about":[{"href":"https:\/\/www3.unicentro.br\/colmeia\/wp-json\/wp\/v2\/types\/page"}],"author":[{"embeddable":true,"href":"https:\/\/www3.unicentro.br\/colmeia\/wp-json\/wp\/v2\/users\/3"}],"replies":[{"embeddable":true,"href":"https:\/\/www3.unicentro.br\/colmeia\/wp-json\/wp\/v2\/comments?post=48"}],"version-history":[{"count":2,"href":"https:\/\/www3.unicentro.br\/colmeia\/wp-json\/wp\/v2\/pages\/48\/revisions"}],"predecessor-version":[{"id":1568,"href":"https:\/\/www3.unicentro.br\/colmeia\/wp-json\/wp\/v2\/pages\/48\/revisions\/1568"}],"up":[{"embeddable":true,"href":"https:\/\/www3.unicentro.br\/colmeia\/wp-json\/wp\/v2\/pages\/36"}],"wp:attachment":[{"href":"https:\/\/www3.unicentro.br\/colmeia\/wp-json\/wp\/v2\/media?parent=48"}],"curies":[{"name":"wp","href":"https:\/\/api.w.org\/{rel}","templated":true}]}}