{"id":42,"date":"2022-08-24T11:10:38","date_gmt":"2022-08-24T14:10:38","guid":{"rendered":"https:\/\/www3.unicentro.br\/colmeia\/?page_id=42"},"modified":"2024-06-03T09:22:06","modified_gmt":"2024-06-03T12:22:06","slug":"filmes-de-ficcao","status":"publish","type":"page","link":"https:\/\/www3.unicentro.br\/colmeia\/audio-tv\/filmes-de-ficcao\/","title":{"rendered":"Filmes de Fic\u00e7\u00e3o"},"content":{"rendered":"<h4><span style=\"text-decoration: underline\"><strong><a href=\"https:\/\/drive.google.com\/file\/d\/16WG4X39un2o-ZWU5LPZgR6cPufdj6nbm\/view?usp=sharing\">Exist\u00eancia &#8211; Vencedor da Expocom Nacional (roteiro de filme de n\u00e3o-fic\u00e7\u00e3o)<\/a><\/strong><\/span><\/h4>\n<p>Por: Chelsea Britto<\/p>\n<p>Ano de produ\u00e7\u00e3o: 2022<\/p>\n<p>Orientador: Prof. Dr. Eduardo Yuji Yamamoto<\/p>\n<h4><\/h4>\n<h4><\/h4>\n<h4><span style=\"text-decoration: underline\"><strong><a href=\"https:\/\/drive.google.com\/file\/d\/1BdWraR_IfxY9g7c8_M4kufd5YunHxPmD\/view?usp=sharing\">Nic\u00e1cia, filme ficcional<br \/>\n<\/a><\/strong><\/span><\/h4>\n","protected":false},"excerpt":{"rendered":"<p>Exist\u00eancia &#8211; Vencedor da Expocom Nacional (roteiro de filme de n\u00e3o-fic\u00e7\u00e3o) Por: Chelsea Britto Ano de produ\u00e7\u00e3o: 2022 Orientador: Prof. Dr. Eduardo Yuji Yamamoto Nic\u00e1cia, filme ficcional<\/p>\n","protected":false},"author":3,"featured_media":0,"parent":36,"menu_order":0,"comment_status":"closed","ping_status":"closed","template":"","meta":{"_exactmetrics_skip_tracking":false,"_exactmetrics_sitenote_active":false,"_exactmetrics_sitenote_note":"","_exactmetrics_sitenote_category":0,"footnotes":"","_links_to":"","_links_to_target":""},"class_list":["post-42","page","type-page","status-publish","hentry"],"_links":{"self":[{"href":"https:\/\/www3.unicentro.br\/colmeia\/wp-json\/wp\/v2\/pages\/42","targetHints":{"allow":["GET"]}}],"collection":[{"href":"https:\/\/www3.unicentro.br\/colmeia\/wp-json\/wp\/v2\/pages"}],"about":[{"href":"https:\/\/www3.unicentro.br\/colmeia\/wp-json\/wp\/v2\/types\/page"}],"author":[{"embeddable":true,"href":"https:\/\/www3.unicentro.br\/colmeia\/wp-json\/wp\/v2\/users\/3"}],"replies":[{"embeddable":true,"href":"https:\/\/www3.unicentro.br\/colmeia\/wp-json\/wp\/v2\/comments?post=42"}],"version-history":[{"count":1,"href":"https:\/\/www3.unicentro.br\/colmeia\/wp-json\/wp\/v2\/pages\/42\/revisions"}],"predecessor-version":[{"id":1561,"href":"https:\/\/www3.unicentro.br\/colmeia\/wp-json\/wp\/v2\/pages\/42\/revisions\/1561"}],"up":[{"embeddable":true,"href":"https:\/\/www3.unicentro.br\/colmeia\/wp-json\/wp\/v2\/pages\/36"}],"wp:attachment":[{"href":"https:\/\/www3.unicentro.br\/colmeia\/wp-json\/wp\/v2\/media?parent=42"}],"curies":[{"name":"wp","href":"https:\/\/api.w.org\/{rel}","templated":true}]}}