{"id":40,"date":"2022-08-24T11:10:20","date_gmt":"2022-08-24T14:10:20","guid":{"rendered":"https:\/\/www3.unicentro.br\/colmeia\/?page_id=40"},"modified":"2023-03-16T11:37:05","modified_gmt":"2023-03-16T14:37:05","slug":"documentarios","status":"publish","type":"page","link":"https:\/\/www3.unicentro.br\/colmeia\/audio-tv\/documentarios\/","title":{"rendered":"Document\u00e1rios"},"content":{"rendered":"<div class=\"wpb-content-wrapper\"><p><span style=\"font-family: georgia, palatino, serif;font-size: 12pt\">[vc_row][vc_column][vc_column_text]<\/span><\/p>\n<h3><span style=\"text-decoration: underline;font-family: georgia, palatino, serif;font-size: 12pt\"><a href=\"https:\/\/www.youtube.com\/watch?v=VCJYdGQDrdc\"><strong>Trasmutar<\/strong><\/a><\/span><\/h3>\n<p><span style=\"font-family: georgia, palatino, serif;font-size: 12pt\">Filme produzido por Aline Koslinski<\/span><\/p>\n<p><span style=\"font-family: georgia, palatino, serif;font-size: 12pt\">Ano de produ\u00e7\u00e3o: 2015<\/span><\/p>\n<p>&nbsp;<\/p>\n<h4><span style=\"text-decoration: underline;font-size: 12pt;font-family: georgia, palatino, serif\"><strong><a href=\"https:\/\/www.youtube.com\/watch?v=CFt4_iQtYQ4\">Caranguejo\u00a0 &#8211; Vencedor do Expocom Sul 2010<\/a><\/strong><\/span><\/h4>\n<p><span style=\"font-family: georgia, palatino, serif;font-size: 12pt\">Document\u00e1rio produzido por Gabriela Jacuboski, Jos\u00e9 Adolfo Vaz, Renata Caleffi e Suellen Vieira<\/span><\/p>\n<p><span style=\"font-family: georgia, palatino, serif;font-size: 12pt\">Ano de produ\u00e7\u00e3o: 2009<\/span><\/p>\n<p><span style=\"font-family: georgia, palatino, serif;font-size: 12pt\">Disciplina: Projeto Experimental em Jornalismo.<\/span><\/p>\n<p><span style=\"font-family: georgia, palatino, serif;font-size: 12pt\">Orienta\u00e7\u00e3o: Prof. Ariane Carla Pereira<\/span><\/p>\n<p>&nbsp;<\/p>\n<h4><span style=\"text-decoration: underline;font-size: 12pt;font-family: georgia, palatino, serif\"><strong><a href=\"https:\/\/www.youtube.com\/watch?v=B03KwxrGXYs\">Vermelho cor da terra<\/a><\/strong><\/span><\/h4>\n<p><span style=\"font-family: georgia, palatino, serif;font-size: 12pt\">Document\u00e1rio produzido por Gabriela Jacuboski, Jos\u00e9 Adolfo Vaz, Renata Caleffi e Suellen Vieira.<\/span><\/p>\n<p><span style=\"font-family: georgia, palatino, serif;font-size: 12pt\">Ano de produ\u00e7\u00e3o:\u00a0 2008<\/span><\/p>\n<p><span style=\"font-family: georgia, palatino, serif;font-size: 12pt\">Disciplina: Telejornalismo<\/span><\/p>\n<p><span style=\"font-family: georgia, palatino, serif;font-size: 12pt\">Orienta\u00e7\u00e3o: Prof. Ariane Carla Pereira<\/span><\/p>\n<p>&nbsp;<\/p>\n<p><span style=\"text-decoration: underline;font-family: georgia, palatino, serif;font-size: 12pt\"><strong><a href=\"https:\/\/drive.google.com\/file\/d\/18539l8nZutRLBzrlTjUGuw0a9HyqWj_C\/view?usp=share_link\">Rostos negros: em busca de representatividade<\/a><\/strong><\/span><\/p>\n<p><span style=\"font-family: georgia, palatino, serif;font-size: 12pt\">Document\u00e1rio produzido por B\u00e1rbara Lopes<\/span><\/p>\n<p><span style=\"font-family: georgia, palatino, serif;font-size: 12pt\">Ano de produ\u00e7\u00e3o: 2022<\/span><\/p>\n<p><span style=\"font-family: georgia, palatino, serif;font-size: 12pt\">Disciplina: T\u00f3picos Especializados em Telejornalismo<\/span><\/p>\n<p><span style=\"font-family: georgia, palatino, serif;font-size: 12pt\">Orienta\u00e7\u00e3o: Prof. Lucas Pullin<\/span><\/p>\n<p>&nbsp;<\/p>\n<p><span style=\"text-decoration: underline;font-size: 12pt;font-family: georgia, palatino, serif\"><strong><a href=\"https:\/\/drive.google.com\/file\/d\/1-ZGXXvBVSrNAJ8meeGeIZX7I9aWMjvsq\/view?usp=share_link\">Vidas Cai\u00e7ara &#8211; Da ra\u00edz aos frutos <\/a><\/strong><\/span><\/p>\n<p><span style=\"font-family: georgia, palatino, serif;font-size: 12pt\">Document\u00e1rio produzido por Anelize Pina Marques<\/span><\/p>\n<p><span style=\"font-family: georgia, palatino, serif;font-size: 12pt\">Ano de produ\u00e7\u00e3o: 2022<\/span><\/p>\n<p><span style=\"font-family: georgia, palatino, serif;font-size: 12pt\">Disciplina: T\u00f3picos Avan\u00e7ados em Telejornalismo<\/span><\/p>\n<p><span style=\"font-family: georgia, palatino, serif;font-size: 12pt\">Orienta\u00e7\u00e3o: Lucas Pullin<\/span><\/p>\n<p>&nbsp;<\/p>\n<h4><span style=\"text-decoration: underline;font-size: 12pt;font-family: georgia, palatino, serif\"><strong><a href=\"https:\/\/www.youtube.com\/watch?v=mDdzyzuWFVQ\">Cantigas &#8211; Sons do cora\u00e7\u00e3o<\/a><\/strong><\/span><\/h4>\n<p><span style=\"font-family: georgia, palatino, serif;font-size: 12pt\">Document\u00e1rio produzido por Aline Koslinski.<\/span><\/p>\n<p><span style=\"font-family: georgia, palatino, serif;font-size: 12pt\">Ano de produ\u00e7\u00e3o:\u00a0 2022<\/span><\/p>\n<p><span style=\"font-family: georgia, palatino, serif;font-size: 12pt\">Disciplina: T\u00f3picos Especializados em Telejornalismo<\/span><\/p>\n<p><span style=\"font-family: georgia, palatino, serif;font-size: 12pt\">Orienta\u00e7\u00e3o: Prof. Lucas Pullin<\/span><\/p>\n<p>&nbsp;<\/p>\n<h4><span style=\"text-decoration: underline;font-family: georgia, palatino, serif;font-size: 12pt\"><strong><a href=\"https:\/\/www.youtube.com\/watch?v=T-rhdfp_O7U\">Entre l\u00e1grimas e sorrisos<\/a><\/strong><\/span><\/h4>\n<p><span style=\"font-family: georgia, palatino, serif;font-size: 12pt\">Document\u00e1rio produzido por Millena Ricardo.<\/span><\/p>\n<p><span style=\"font-family: georgia, palatino, serif;font-size: 12pt\">Ano de produ\u00e7\u00e3o:\u00a0 2022<\/span><\/p>\n<p><span style=\"font-family: georgia, palatino, serif;font-size: 12pt\">Disciplina: T\u00f3picos Especializados em Telejornalismo<\/span><\/p>\n<p><span style=\"font-family: georgia, palatino, serif;font-size: 12pt\">Orienta\u00e7\u00e3o: Prof. Lucas Pullin[\/vc_column_text][\/vc_column][\/vc_row]<\/span><\/p>\n<\/div>","protected":false},"excerpt":{"rendered":"<p>[vc_row][vc_column][vc_column_text] Trasmutar Filme produzido por Aline Koslinski Ano de produ\u00e7\u00e3o: 2015 &nbsp; Caranguejo\u00a0 &#8211; Vencedor do Expocom Sul 2010 Document\u00e1rio produzido por Gabriela Jacuboski, Jos\u00e9 Adolfo Vaz, Renata Caleffi e Suellen Vieira Ano de produ\u00e7\u00e3o: 2009 Disciplina: Projeto Experimental em Jornalismo. Orienta\u00e7\u00e3o: Prof. Ariane Carla Pereira &nbsp; Vermelho cor da terra Document\u00e1rio produzido por Gabriela [&hellip;]<\/p>\n","protected":false},"author":3,"featured_media":0,"parent":36,"menu_order":0,"comment_status":"closed","ping_status":"closed","template":"","meta":{"_exactmetrics_skip_tracking":false,"_exactmetrics_sitenote_active":false,"_exactmetrics_sitenote_note":"","_exactmetrics_sitenote_category":0,"footnotes":"","_links_to":"","_links_to_target":""},"class_list":["post-40","page","type-page","status-publish","hentry"],"_links":{"self":[{"href":"https:\/\/www3.unicentro.br\/colmeia\/wp-json\/wp\/v2\/pages\/40","targetHints":{"allow":["GET"]}}],"collection":[{"href":"https:\/\/www3.unicentro.br\/colmeia\/wp-json\/wp\/v2\/pages"}],"about":[{"href":"https:\/\/www3.unicentro.br\/colmeia\/wp-json\/wp\/v2\/types\/page"}],"author":[{"embeddable":true,"href":"https:\/\/www3.unicentro.br\/colmeia\/wp-json\/wp\/v2\/users\/3"}],"replies":[{"embeddable":true,"href":"https:\/\/www3.unicentro.br\/colmeia\/wp-json\/wp\/v2\/comments?post=40"}],"version-history":[{"count":0,"href":"https:\/\/www3.unicentro.br\/colmeia\/wp-json\/wp\/v2\/pages\/40\/revisions"}],"up":[{"embeddable":true,"href":"https:\/\/www3.unicentro.br\/colmeia\/wp-json\/wp\/v2\/pages\/36"}],"wp:attachment":[{"href":"https:\/\/www3.unicentro.br\/colmeia\/wp-json\/wp\/v2\/media?parent=40"}],"curies":[{"name":"wp","href":"https:\/\/api.w.org\/{rel}","templated":true}]}}