{"id":30,"date":"2022-08-24T10:40:40","date_gmt":"2022-08-24T13:40:40","guid":{"rendered":"https:\/\/www3.unicentro.br\/colmeia\/?page_id=30"},"modified":"2022-11-17T09:43:06","modified_gmt":"2022-11-17T12:43:06","slug":"operarios","status":"publish","type":"page","link":"https:\/\/www3.unicentro.br\/colmeia\/colmeia\/operarios\/","title":{"rendered":"Oper\u00e1rios"},"content":{"rendered":"<h3><strong>Mas quem opera essa Colmeia?\u00a0<\/strong><\/h3>\n<p><span style=\"font-weight: 400\">Os oper\u00e1rios s\u00e3o os acad\u00eamicos do 4\u00b0 ano do curso de Jornalismo da Unicentro, atuando dentro da disciplina de Webjornalismo.\u00a0<\/span><\/p>\n<p><span style=\"font-weight: 400\">O objetivo \u00e9, ao mesmo tempo que aplicamos os conhecimentos adquiridos na disciplina, armazenamos e guardamos os trabalhos feitos por todos os acad\u00eamicos que passaram pela Unicentro e pelo Departamento de Comunica\u00e7\u00e3o.\u00a0<\/span><\/p>\n<p><span style=\"font-weight: 400\">A iniciativa come\u00e7ou em 2022, mas a ideia \u00e9 que permane\u00e7a para sempre como um reposit\u00f3rio das atividades dos cursos. <\/span><\/p>\n","protected":false},"excerpt":{"rendered":"<p>Mas quem opera essa Colmeia?\u00a0 Os oper\u00e1rios s\u00e3o os acad\u00eamicos do 4\u00b0 ano do curso de Jornalismo da Unicentro, atuando dentro da disciplina de Webjornalismo.\u00a0 O objetivo \u00e9, ao mesmo tempo que aplicamos os conhecimentos adquiridos na disciplina, armazenamos e guardamos os trabalhos feitos por todos os acad\u00eamicos que passaram pela Unicentro e pelo Departamento [&hellip;]<\/p>\n","protected":false},"author":3,"featured_media":0,"parent":22,"menu_order":0,"comment_status":"closed","ping_status":"closed","template":"","meta":{"_exactmetrics_skip_tracking":false,"_exactmetrics_sitenote_active":false,"_exactmetrics_sitenote_note":"","_exactmetrics_sitenote_category":0,"footnotes":"","_links_to":"","_links_to_target":""},"class_list":["post-30","page","type-page","status-publish","hentry"],"_links":{"self":[{"href":"https:\/\/www3.unicentro.br\/colmeia\/wp-json\/wp\/v2\/pages\/30","targetHints":{"allow":["GET"]}}],"collection":[{"href":"https:\/\/www3.unicentro.br\/colmeia\/wp-json\/wp\/v2\/pages"}],"about":[{"href":"https:\/\/www3.unicentro.br\/colmeia\/wp-json\/wp\/v2\/types\/page"}],"author":[{"embeddable":true,"href":"https:\/\/www3.unicentro.br\/colmeia\/wp-json\/wp\/v2\/users\/3"}],"replies":[{"embeddable":true,"href":"https:\/\/www3.unicentro.br\/colmeia\/wp-json\/wp\/v2\/comments?post=30"}],"version-history":[{"count":0,"href":"https:\/\/www3.unicentro.br\/colmeia\/wp-json\/wp\/v2\/pages\/30\/revisions"}],"up":[{"embeddable":true,"href":"https:\/\/www3.unicentro.br\/colmeia\/wp-json\/wp\/v2\/pages\/22"}],"wp:attachment":[{"href":"https:\/\/www3.unicentro.br\/colmeia\/wp-json\/wp\/v2\/media?parent=30"}],"curies":[{"name":"wp","href":"https:\/\/api.w.org\/{rel}","templated":true}]}}