{"id":26,"date":"2022-08-24T10:40:06","date_gmt":"2022-08-24T13:40:06","guid":{"rendered":"https:\/\/www3.unicentro.br\/colmeia\/?page_id=26"},"modified":"2023-02-24T09:38:15","modified_gmt":"2023-02-24T12:38:15","slug":"unicentro","status":"publish","type":"page","link":"https:\/\/www3.unicentro.br\/colmeia\/colmeia\/unicentro\/","title":{"rendered":"Conhe\u00e7a a Unicentro"},"content":{"rendered":"<div class=\"wpb-content-wrapper\"><div id=\"body\">\n<div class=\"container\">\n<div class=\"content-pad-3x\">\n<div class=\"row\">\n<div id=\"content\" class=\"col-md-12\" role=\"main\">\n<article class=\"single-page-content\">\n<div class=\"u_row\">\n<div class=\"vc_row wpb_row vc_row-fluid\">\n<div class=\"wpb_column vc_column_container vc_col-sm-9\">\n<div class=\"vc_column-inner\">\n<div class=\"wpb_wrapper\">\n<div class=\"wpb_text_column wpb_content_element \">\n<div class=\"wpb_wrapper\">\n<p>A Unicentro \u00e9 uma das mais jovens Universidades do Estado do Paran\u00e1. Ela surgiu no ano de 1990 da fus\u00e3o de duas Faculdades: a Faculdade de Filosofia, Ci\u00eancias e Letras de Guarapuava \u2013 Fafig e a Faculdade de Educa\u00e7\u00e3o, Ci\u00eancias e Letras de Irati \u2013 Fecli.<\/p>\n<p>A partir do ano de 1997, ap\u00f3s conclu\u00eddo seu processo de reconhecimento a institui\u00e7\u00e3o iniciou seu processo de expans\u00e3o, implantando novos cursos em diversas \u00e1reas do conhecimento, contanto, atualmente, com 40 cursos de gradua\u00e7\u00e3o, diversos cursos de p\u00f3s-gradua\u00e7\u00e3o em n\u00edvel de especializa\u00e7\u00e3o lato sensu e 17 programas stricto sensu, sendo 17 mestrados e 8 doutorados.<\/p>\n<p>Instalada na regi\u00e3o central do Estado, a Unicentro conta com mais de cinquenta munic\u00edpios em sua regi\u00e3o da abrang\u00eancia, compreendendo uma popula\u00e7\u00e3o de mais de 1 milh\u00e3o de habitantes, para os quais oferece, al\u00e9m das oportunidades de forma\u00e7\u00e3o superior com cursos de gradua\u00e7\u00e3o e de p\u00f3s-gradua\u00e7\u00e3o, uma variada gama de servi\u00e7os que propiciam maior desenvolvimento regional. Al\u00e9m disso, com a expans\u00e3o de ofertas pela modalidade de Educa\u00e7\u00e3o a Dist\u00e2ncia, a universidade atinge quase que a\u00a0<a href=\"https:\/\/www3.unicentro.br\/sobre-a-unicentro\/area-de-abrangencia\/\">totalidade das regi\u00f5es do Paran\u00e1<\/a>\u00a0com seus\u00a0polos.<\/p>\n<p>O processo de consolida\u00e7\u00e3o da Unicentro est\u00e1 em pleno desenvolvimento, o que se evidencia tanto pelo reconhecimento da comunidade que a procura, como pelo reconhecimento dos \u00f3rg\u00e3os oficiais encarregados da gest\u00e3o das pol\u00edticas de Ensino Superior no Pa\u00eds.<\/p>\n<\/div>\n<\/div>\n<\/div>\n<\/div>\n<\/div>\n<\/div>\n<\/div>\n<\/article>\n<\/div>\n<\/div>\n<\/div>\n<\/div>\n<\/div>\n<section id=\"bottom-sidebar\">\n<div class=\"container\">\n<div class=\"row normal-sidebar\"><\/div>\n<\/div>\n<\/section>\n<footer class=\"dark-div main-color-2-bg\">\n<section id=\"bottom\">\n<div class=\"section-inner\">\n<div class=\"container\">\n<div class=\"row normal-sidebar\">\n<div id=\"text-9\" class=\"widget-odd widget-first widget-1  col-md-3  widget widget_text\">\n<div class=\" widget-inner\">\n<div class=\"textwidget\">\n<div id=\"un-icon-box-1\" class=\"media un-icon-box  \" data-delay=\"0\">\n<div class=\"pull-left\">\n<div class=\"un-icon\"><\/div>\n<\/div>\n<\/div>\n<\/div>\n<\/div>\n<\/div>\n<\/div>\n<\/div>\n<\/div>\n<\/section>\n<\/footer>\n<\/div>","protected":false},"excerpt":{"rendered":"<p>A Unicentro \u00e9 uma das mais jovens Universidades do Estado do Paran\u00e1. Ela surgiu no ano de 1990 da fus\u00e3o de duas Faculdades: a Faculdade de Filosofia, Ci\u00eancias e Letras de Guarapuava \u2013 Fafig e a Faculdade de Educa\u00e7\u00e3o, Ci\u00eancias e Letras de Irati \u2013 Fecli. A partir do ano de 1997, ap\u00f3s conclu\u00eddo seu [&hellip;]<\/p>\n","protected":false},"author":3,"featured_media":0,"parent":22,"menu_order":0,"comment_status":"closed","ping_status":"closed","template":"","meta":{"_exactmetrics_skip_tracking":false,"_exactmetrics_sitenote_active":false,"_exactmetrics_sitenote_note":"","_exactmetrics_sitenote_category":0,"footnotes":"","_links_to":"","_links_to_target":""},"class_list":["post-26","page","type-page","status-publish","hentry"],"_links":{"self":[{"href":"https:\/\/www3.unicentro.br\/colmeia\/wp-json\/wp\/v2\/pages\/26","targetHints":{"allow":["GET"]}}],"collection":[{"href":"https:\/\/www3.unicentro.br\/colmeia\/wp-json\/wp\/v2\/pages"}],"about":[{"href":"https:\/\/www3.unicentro.br\/colmeia\/wp-json\/wp\/v2\/types\/page"}],"author":[{"embeddable":true,"href":"https:\/\/www3.unicentro.br\/colmeia\/wp-json\/wp\/v2\/users\/3"}],"replies":[{"embeddable":true,"href":"https:\/\/www3.unicentro.br\/colmeia\/wp-json\/wp\/v2\/comments?post=26"}],"version-history":[{"count":0,"href":"https:\/\/www3.unicentro.br\/colmeia\/wp-json\/wp\/v2\/pages\/26\/revisions"}],"up":[{"embeddable":true,"href":"https:\/\/www3.unicentro.br\/colmeia\/wp-json\/wp\/v2\/pages\/22"}],"wp:attachment":[{"href":"https:\/\/www3.unicentro.br\/colmeia\/wp-json\/wp\/v2\/media?parent=26"}],"curies":[{"name":"wp","href":"https:\/\/api.w.org\/{rel}","templated":true}]}}