{"id":24,"date":"2022-08-24T10:39:30","date_gmt":"2022-08-24T13:39:30","guid":{"rendered":"https:\/\/www3.unicentro.br\/colmeia\/?page_id=24"},"modified":"2022-11-17T09:26:10","modified_gmt":"2022-11-17T12:26:10","slug":"conheca-a-colmeia","status":"publish","type":"page","link":"https:\/\/www3.unicentro.br\/colmeia\/colmeia\/conheca-a-colmeia\/","title":{"rendered":"Conhe\u00e7a a Colmeia"},"content":{"rendered":"<h2><strong>O que \u00e9 a Colmeia?<\/strong><\/h2>\n<p><span style=\"font-weight: 400\">Um site que re\u00fane conte\u00fados produzidos por acad\u00eamicos e acad\u00eamicas de Comunica\u00e7\u00e3o Social (Jornalismo e Publicidade e Propaganda) da Unicentro.\u00a0<\/span><\/p>\n<p><span style=\"font-weight: 400\">S\u00e3o produ\u00e7\u00f5es recuperadas dos 20 anos de exist\u00eancia dos cursos. Por isso mesmo, o nome do site \u00e9 colmeia, j\u00e1 que \u00e9 um armazenamento incr\u00edvel de conte\u00fados diversificados.\u00a0<\/span><\/p>\n<p>&nbsp;<\/p>\n","protected":false},"excerpt":{"rendered":"<p>O que \u00e9 a Colmeia? Um site que re\u00fane conte\u00fados produzidos por acad\u00eamicos e acad\u00eamicas de Comunica\u00e7\u00e3o Social (Jornalismo e Publicidade e Propaganda) da Unicentro.\u00a0 S\u00e3o produ\u00e7\u00f5es recuperadas dos 20 anos de exist\u00eancia dos cursos. Por isso mesmo, o nome do site \u00e9 colmeia, j\u00e1 que \u00e9 um armazenamento incr\u00edvel de conte\u00fados diversificados.\u00a0 &nbsp;<\/p>\n","protected":false},"author":3,"featured_media":0,"parent":22,"menu_order":0,"comment_status":"closed","ping_status":"closed","template":"","meta":{"_exactmetrics_skip_tracking":false,"_exactmetrics_sitenote_active":false,"_exactmetrics_sitenote_note":"","_exactmetrics_sitenote_category":0,"footnotes":"","_links_to":"","_links_to_target":""},"class_list":["post-24","page","type-page","status-publish","hentry"],"_links":{"self":[{"href":"https:\/\/www3.unicentro.br\/colmeia\/wp-json\/wp\/v2\/pages\/24","targetHints":{"allow":["GET"]}}],"collection":[{"href":"https:\/\/www3.unicentro.br\/colmeia\/wp-json\/wp\/v2\/pages"}],"about":[{"href":"https:\/\/www3.unicentro.br\/colmeia\/wp-json\/wp\/v2\/types\/page"}],"author":[{"embeddable":true,"href":"https:\/\/www3.unicentro.br\/colmeia\/wp-json\/wp\/v2\/users\/3"}],"replies":[{"embeddable":true,"href":"https:\/\/www3.unicentro.br\/colmeia\/wp-json\/wp\/v2\/comments?post=24"}],"version-history":[{"count":0,"href":"https:\/\/www3.unicentro.br\/colmeia\/wp-json\/wp\/v2\/pages\/24\/revisions"}],"up":[{"embeddable":true,"href":"https:\/\/www3.unicentro.br\/colmeia\/wp-json\/wp\/v2\/pages\/22"}],"wp:attachment":[{"href":"https:\/\/www3.unicentro.br\/colmeia\/wp-json\/wp\/v2\/media?parent=24"}],"curies":[{"name":"wp","href":"https:\/\/api.w.org\/{rel}","templated":true}]}}