{"id":20,"date":"2022-08-24T10:37:58","date_gmt":"2022-08-24T13:37:58","guid":{"rendered":"https:\/\/www3.unicentro.br\/colmeia\/?page_id=20"},"modified":"2022-09-29T10:29:43","modified_gmt":"2022-09-29T13:29:43","slug":"inicial","status":"publish","type":"page","link":"https:\/\/www3.unicentro.br\/colmeia\/","title":{"rendered":"Inicial"},"content":{"rendered":"<div class=\"wpb-content-wrapper\"><p>[vc_row][vc_column]<script>if(typeof(ultimate_layouts_ajax_url)==\"undefined\"){var ultimate_layouts_ajax_url=[]};ultimate_layouts_ajax_url[\"ul88048\"]=\"https:\/\/www3.unicentro.br\/colmeia\/wp-admin\/admin-ajax.php\";if(typeof(ultimate_layouts_query_params)==\"undefined\"){var ultimate_layouts_query_params=[]};ultimate_layouts_query_params[\"ul88048\"]={\"post_types\":\"post\",\"i_attachment\":\"\",\"taxonomies\":\"category\",\"multi_post_types\":\"\",\"multi_taxonomies\":\"\",\"query_types\":\"0\",\"i_taxonomies\":\"\",\"e_taxonomies\":\"\",\"i_ids\":\"\",\"cq_operator\":\"0\",\"e_ids\":\"\",\"query_author\":\"\",\"query_offset\":\"\",\"query_include_children\":\"1\",\"today_post\":\"0\",\"datetime_meta\":\"\",\"woo_query\":\"0\",\"post_count\":\"5\",\"posts_per_page\":10,\"d_i_filter\":\"4\"};if(typeof(ultimate_layouts_filter)==\"undefined\"){var ultimate_layouts_filter=[]};ultimate_layouts_filter[\"ul88048\"]=\"\";if(typeof(ultimate_layouts_order)==\"undefined\"){var ultimate_layouts_order=[]};ultimate_layouts_order[\"ul88048\"]=\"DESC\";if(typeof(ultimate_layouts_orderby)==\"undefined\"){var ultimate_layouts_orderby=[]};ultimate_layouts_orderby[\"ul88048\"]=\"date\";if(typeof(ultimate_layouts_sub_opt_query)==\"undefined\"){var ultimate_layouts_sub_opt_query=[]};ultimate_layouts_sub_opt_query[\"ul88048\"]={\"meta_key_query\":\"\",\"paged\":1,\"first_query\":\"on\",\"total_pages\":1,\"items_last_page\":0};if(typeof(ultimate_layouts_options)==\"undefined\"){var ultimate_layouts_options=[]};ultimate_layouts_options[\"ul88048\"]={\"layout_style\":\"3\",\"button_gallery_name\":\"Gallery\",\"grid_style\":\"0\",\"list_style\":\"0\",\"carousel_t_style\":\"0\",\"carousel_f_style\":\"0\",\"creative_style\":\"0\",\"timeline_style\":\"0\",\"block_content_style\":\"23\",\"sync_slider_style\":\"0\",\"grid_masonry\":\"0\",\"show_arrows\":\"1\",\"arrows_outside\":\"0\",\"show_dots\":\"1\",\"infinite\":\"1\",\"autoplay\":\"1\",\"autoplayspeed\":5000,\"scrollperpage\":\"1\",\"speed\":500,\"centermode\":\"0\",\"sync_slider_height_d\":\"\",\"sync_slider_height_t\":\"\",\"sync_slider_height_m\":\"\",\"sync_slider_width_d\":\"\",\"sync_slider_width_t\":\"\",\"sync_slider_width_m\":\"\",\"show_elements\":\"0\",\"av_content\":\"0\",\"cc_mobile\":\"0\",\"cc_portrait_tablet\":\"0\",\"cc_landscape_tablet\":\"0\",\"cc_small_desktop\":\"0\",\"cc_medium_desktop\":\"0\",\"cc_large_desktop\":\"0\",\"cc_extra_large_desktop\":\"0\",\"image_size\":\"large\",\"image_size_s\":\"thumb_263x263\",\"s_image\":\"1\",\"s_image_link\":\"1\",\"s_image_link_target\":\"0\",\"s_icon_lightbox_video\":\"0\",\"video_url_meta\":\"0\",\"video_url_meta_key\":\"\",\"s_icon_lightbox_image\":\"0\",\"s_icon_link\":\"0\",\"s_icon_link_target\":\"0\",\"s_image_hover_effect\":\"2\",\"s_overlay_hover_effect\":\"ultimate-layouts-hover-css-fade\",\"s_overlay_settings\":\"0\",\"s_overlay_color\":\"rgba(117,23,23,0.5)\",\"s_image_post_format\":\"0\",\"s_image_post_format_pos\":\"ul-bottom-right\",\"s_image_avatar\":\"0\",\"s_title\":\"1\",\"s_title_limit\":\"0\",\"s_title_link\":\"1\",\"s_title_link_target\":\"0\",\"s_excerpt\":\"0\",\"s_excerpt_rbtn\":\"0\",\"s_excerpt_f\":\"get_the_excerpt\",\"s_excerpt_sc\":\"1\",\"s_excerpt_sh\":\"1\",\"s_excerpt_length\":0,\"s_categories\":\"0\",\"s_s_categories\":\"0\",\"s_s_categories_parent\":\"0\",\"ex_items_taxonomies\":\"\",\"s_c_categories\":\"0\",\"s_ct_categories\":\"\",\"s_cb_categories\":\"\",\"s_categories_target\":\"0\",\"s_metas_o\":\"0\",\"s_metas_o_author\":\"1\",\"s_metas_o_author_avatar\":\"0\",\"s_metas_o_time\":\"1\",\"time_format\":\"F j, Y\",\"s_metas_o_comment\":\"1\",\"s_metas_o_like\":\"0\",\"s_metas_o_share\":\"0\",\"custom_meta_o\":\"\",\"s_metas_t\":\"0\",\"s_metas_t_author\":\"0\",\"s_metas_t_author_avatar\":\"0\",\"s_metas_t_time\":\"0\",\"time_format_t\":\"F j, Y\",\"s_metas_t_comment\":\"0\",\"s_metas_t_like\":\"1\",\"s_metas_t_share\":\"1\",\"custom_meta_t\":\"\",\"s_metas_t_readmore\":\"1\",\"s_metas_t_readmore_link_target\":\"0\",\"share_text\":\"\",\"read_more_text\":\"\",\"before_author_text\":\"\",\"pagination\":\"0\",\"loadmore_text\":\"\",\"prev_text\":\"\",\"next_text\":\"\",\"animate\":\"default\",\"lazyload\":\"0\",\"lazyload_p\":\"\",\"geodirectory_rating\":\"0\",\"quick_view\":\"1\",\"quick_view_mode\":\"0\",\"extra_class\":\"\",\"rnd_id\":\"ul88048\",\"s_title_small\":\"1\",\"s_title_limit_small\":\"0\",\"s_title_link_small\":\"1\",\"s_title_link_target_small\":\"0\",\"s_categories_small\":\"0\",\"s_s_categories_small\":\"0\",\"s_s_categories_parent_small\":\"0\",\"ex_items_taxonomies_small\":\"\",\"s_c_categories_small\":\"0\",\"s_ct_categories_small\":\"\",\"s_cb_categories_small\":\"\",\"s_categories_target_small\":\"0\",\"s_metas_o_small\":\"0\",\"s_metas_o_author_small\":\"1\",\"s_metas_o_author_avatar_small\":\"0\",\"s_metas_o_time_small\":\"1\",\"time_format_small\":\"F j, Y\",\"s_metas_o_comment_small\":\"1\",\"s_metas_o_like_small\":\"0\",\"s_metas_o_share_small\":\"0\",\"custom_meta_o_small\":\"\",\"woo_show_price\":\"0\",\"woo_show_rating\":\"0\",\"woo_show_cart\":\"0\",\"qv_s_title\":\"1\",\"qv_s_categories\":\"1\",\"qv_s_s_categories\":\"0\",\"qv_s_s_categories_parent\":\"0\",\"qv_ex_items_taxonomies\":\"\",\"qv_s_c_categories\":\"0\",\"qv_s_ct_categories\":\"\",\"qv_s_cb_categories\":\"\",\"qv_s_categories_target\":\"0\",\"qv_s_metas_o\":\"1\",\"qv_s_metas_o_author\":\"1\",\"qv_s_metas_o_author_avatar\":\"0\",\"qv_s_metas_o_time\":\"1\",\"qv_time_format\":\"F j, Y\",\"qv_s_metas_o_comment\":\"1\",\"qv_s_metas_o_like\":\"1\",\"qv_custom_meta_o\":\"\",\"qv_show_content\":\"1\",\"qv_content_stripsc\":\"0\",\"qv_show_share\":\"1\",\"qv_woo_show_rating\":\"1\",\"qv_s_featured_image\":\"1\",\"goo_ads_client\":\"\",\"goo_ads_id\":\"\",\"goo_ads_offset\":\"1\",\"css_class\":\"\"};<\/script><div id=\"ul88048\" class=\"ultimate-layouts-container ul-filter-block-content ultimate-layouts-wrapper-control  \"><div class=\"\r\n\t\t\t\t\t\t\t\t\t\t\t\tultimate-layouts-listing-wrap\t\r\n\t\t\t\t\t\t\t\t\t\t\t\tultimate-layouts-block-content-basic\t\t\t\t\t\t\t\t\t\t\t\r\n\t\t\t\t\t\t\t\t\t\t\t\tultimate-layouts-block-content-24\r\n\t\t\t\t\t\t\t\t\t\t\t\t ultimate-layouts-effect-2\r\n\t\t\t\t\t\t\t\t\t\t\t\tultimate-layouts-effect-icon\r\n\t\t\t\t\t\t\t\t\t\t\t\"><div class=\"ul-block-content-item active-elm\" data-item=\"\" data-paged=\"1\"><div class=\"ul-block-content-item-layout\">        <div class=\"ul-bc-column ul-cb-style-large\">\r\n            <div class=\"ul-bc-wrapper-listing\">\r\n                <!--post item--> \r\n                <article class=\"ultimate-layouts-item hentry\">\r\n                    <!--entry content-->\r\n                    <div class=\"ultimate-layouts-entry-wrapper entry-content\">    \r\n                        <!--picture-->\r\n                                                    <div class=\"ultimate-layouts-picture\">               \r\n                                <div class=\"ultimate-layouts-picture-wrap ultimate-layouts-get-pic\">\r\n                                    <a  data-post-id=\"1540\" href=\"https:\/\/www3.unicentro.br\/colmeia\/2024\/06\/02\/maos-que-curam-a-fe-que-se-conecta-a-natureza\/\" title=\"M\u00e3os que curam: a f\u00e9 que se conecta a natureza\"   class=\"ultimate-layouts-picture-link\"><img decoding=\"async\" class=\"ultimate-layouts-img  \" src=\"https:\/\/www3.unicentro.br\/colmeia\/wp-content\/uploads\/sites\/139\/2024\/06\/Captura-de-Tela-2024-06-02-a\u0300s-20.17.42.jpg\" srcset=\"https:\/\/www3.unicentro.br\/colmeia\/wp-content\/uploads\/sites\/139\/2024\/06\/Captura-de-Tela-2024-06-02-a\u0300s-20.17.42.jpg 1098w, https:\/\/www3.unicentro.br\/colmeia\/wp-content\/uploads\/sites\/139\/2024\/06\/Captura-de-Tela-2024-06-02-a\u0300s-20.17.42-768x540.jpg 768w, https:\/\/www3.unicentro.br\/colmeia\/wp-content\/uploads\/sites\/139\/2024\/06\/Captura-de-Tela-2024-06-02-a\u0300s-20.17.42-255x179.jpg 255w\" sizes=\"(max-width: 1098px) 100vw, 1098px\" alt=\"Captura de Tela 2024-06-02 a\u0300s 20.17.42\"\/><\/a>                \r\n                                    <div class=\"ultimate-layouts-absolute-gradient\"><\/div>\r\n                                    <div class=\"ultimate-layouts-absolute-content\">\r\n                                    \t                                        <h3 class=\"ultimate-layouts-title white-style entry-title  \"><a  data-post-id=\"1540\" href=\"https:\/\/www3.unicentro.br\/colmeia\/2024\/06\/02\/maos-que-curam-a-fe-que-se-conecta-a-natureza\/\" title=\"M\u00e3os que curam: a f\u00e9 que se conecta a natureza\"   class=\"ultimate-layouts-title-link\">M\u00e3os que curam: a f\u00e9 que se conecta a natureza<\/a><\/h3>                                          \r\n                                                           \r\n                                    <\/div>                \r\n                                    <div class=\"ultimate-layouts-overlay  ultimate-layouts-hover-css-fade\"><div style=\"background-color:rgba(117,23,23,0.5) !important;\"><\/div><\/div>                                    <div class=\"ultimate-layouts-control-pop \"><\/div>                 \r\n                                <\/div>                                \r\n                            <\/div>\r\n                         \r\n                        <!--picture-->\r\n                    <\/div><!--entry content-->            \r\n                <\/article><!--post item-->        \r\n   \r\n            <\/div>     \r\n        <\/div>\r\n\t\t<div class=\"ul-bc-column ul-cb-style-listing\">\r\n\t\t\t<div class=\"ul-bc-wrapper-listing\">\r\n\t\t\t\t<!--post item--> \r\n\t\t\t<article class=\"ultimate-layouts-item hentry\">\r\n\t\t\t\t<!--entry content-->\r\n\t\t\t\t<div class=\"ultimate-layouts-entry-wrapper entry-content\">\r\n\t\t\t\t\t<!--picture-->\r\n\t\t\t\t\t                        <div class=\"ultimate-layouts-picture\">               \r\n                            <div class=\"ultimate-layouts-picture-wrap ultimate-layouts-get-pic\">\r\n                                <a  data-post-id=\"1536\" href=\"https:\/\/www3.unicentro.br\/colmeia\/2024\/06\/02\/pegadas-nos-ervais-a-luta-pelo-sustento-nas-terras-do-parana\/\" title=\"Pegadas nos Ervais: a luta pelo sustento nas Terras do Paran\u00e1\"   class=\"ultimate-layouts-picture-link\"><img decoding=\"async\" class=\"ultimate-layouts-img  \" src=\"https:\/\/www3.unicentro.br\/colmeia\/wp-content\/uploads\/sites\/139\/2024\/06\/Captura-de-Tela-2024-06-02-a\u0300s-20.14.28-263x263.jpg\" srcset=\"https:\/\/www3.unicentro.br\/colmeia\/wp-content\/uploads\/sites\/139\/2024\/06\/Captura-de-Tela-2024-06-02-a\u0300s-20.14.28-263x263.jpg 263w, https:\/\/www3.unicentro.br\/colmeia\/wp-content\/uploads\/sites\/139\/2024\/06\/Captura-de-Tela-2024-06-02-a\u0300s-20.14.28-50x50.jpg 50w, https:\/\/www3.unicentro.br\/colmeia\/wp-content\/uploads\/sites\/139\/2024\/06\/Captura-de-Tela-2024-06-02-a\u0300s-20.14.28-80x80.jpg 80w, https:\/\/www3.unicentro.br\/colmeia\/wp-content\/uploads\/sites\/139\/2024\/06\/Captura-de-Tela-2024-06-02-a\u0300s-20.14.28-100x100.jpg 100w, https:\/\/www3.unicentro.br\/colmeia\/wp-content\/uploads\/sites\/139\/2024\/06\/Captura-de-Tela-2024-06-02-a\u0300s-20.14.28-526x526.jpg 526w\" sizes=\"(max-width: 263px) 100vw, 263px\" alt=\"Captura de Tela 2024-06-02 a\u0300s 20.14.28\"\/><\/a>                \r\n                                <div class=\"ultimate-layouts-absolute-gradient\"><\/div>\r\n                                <div class=\"ultimate-layouts-absolute-content\">\r\n                                \t                                    <h3 class=\"ultimate-layouts-title white-style font-size-14 entry-title  \"><a  data-post-id=\"1536\" href=\"https:\/\/www3.unicentro.br\/colmeia\/2024\/06\/02\/pegadas-nos-ervais-a-luta-pelo-sustento-nas-terras-do-parana\/\" title=\"Pegadas nos Ervais: a luta pelo sustento nas Terras do Paran\u00e1\"   class=\"ultimate-layouts-title-link\">Pegadas nos Ervais: a luta pelo sustento nas Terras do Paran\u00e1<\/a><\/h3>                                     \r\n                                                        \r\n                                <\/div>                \r\n                                <div class=\"ultimate-layouts-overlay  ultimate-layouts-hover-css-fade\"><div style=\"background-color:rgba(117,23,23,0.5) !important;\"><\/div><\/div>                                <div class=\"ultimate-layouts-control-pop \"><\/div>                 \r\n                            <\/div>                             \r\n                        <\/div>\r\n                     \r\n                    <!--picture-->\r\n\t\t\t\t<\/div><!--entry content-->            \r\n\t\t\t<\/article><!--post item-->\r\n\t\t\t\t<!--post item--> \r\n\t\t\t<article class=\"ultimate-layouts-item hentry\">\r\n\t\t\t\t<!--entry content-->\r\n\t\t\t\t<div class=\"ultimate-layouts-entry-wrapper entry-content\">\r\n\t\t\t\t\t<!--picture-->\r\n\t\t\t\t\t                        <div class=\"ultimate-layouts-picture\">               \r\n                            <div class=\"ultimate-layouts-picture-wrap ultimate-layouts-get-pic\">\r\n                                <a  data-post-id=\"1546\" href=\"https:\/\/www3.unicentro.br\/colmeia\/2024\/06\/01\/obstaculos-invisiveis-refletem-a-falta-de-mobilidade-urbana-em-guarapuava\/\" title=\"Obst\u00e1culos invis\u00edveis refletem a falta de mobilidade urbana em Guarapuava\"   class=\"ultimate-layouts-picture-link\"><img decoding=\"async\" class=\"ultimate-layouts-img  \" src=\"https:\/\/www3.unicentro.br\/colmeia\/wp-content\/uploads\/sites\/139\/2024\/06\/Captura-de-Tela-2024-06-02-a\u0300s-20.28.06-263x263.jpg\" srcset=\"https:\/\/www3.unicentro.br\/colmeia\/wp-content\/uploads\/sites\/139\/2024\/06\/Captura-de-Tela-2024-06-02-a\u0300s-20.28.06-263x263.jpg 263w, https:\/\/www3.unicentro.br\/colmeia\/wp-content\/uploads\/sites\/139\/2024\/06\/Captura-de-Tela-2024-06-02-a\u0300s-20.28.06-50x50.jpg 50w, https:\/\/www3.unicentro.br\/colmeia\/wp-content\/uploads\/sites\/139\/2024\/06\/Captura-de-Tela-2024-06-02-a\u0300s-20.28.06-80x80.jpg 80w, https:\/\/www3.unicentro.br\/colmeia\/wp-content\/uploads\/sites\/139\/2024\/06\/Captura-de-Tela-2024-06-02-a\u0300s-20.28.06-100x100.jpg 100w, https:\/\/www3.unicentro.br\/colmeia\/wp-content\/uploads\/sites\/139\/2024\/06\/Captura-de-Tela-2024-06-02-a\u0300s-20.28.06-526x526.jpg 526w\" sizes=\"(max-width: 263px) 100vw, 263px\" alt=\"Captura de Tela 2024-06-02 a\u0300s 20.28.06\"\/><\/a>                \r\n                                <div class=\"ultimate-layouts-absolute-gradient\"><\/div>\r\n                                <div class=\"ultimate-layouts-absolute-content\">\r\n                                \t                                    <h3 class=\"ultimate-layouts-title white-style font-size-14 entry-title  \"><a  data-post-id=\"1546\" href=\"https:\/\/www3.unicentro.br\/colmeia\/2024\/06\/01\/obstaculos-invisiveis-refletem-a-falta-de-mobilidade-urbana-em-guarapuava\/\" title=\"Obst\u00e1culos invis\u00edveis refletem a falta de mobilidade urbana em Guarapuava\"   class=\"ultimate-layouts-title-link\">Obst\u00e1culos invis\u00edveis refletem a falta de mobilidade urbana em Guarapuava<\/a><\/h3>                                     \r\n                                                        \r\n                                <\/div>                \r\n                                <div class=\"ultimate-layouts-overlay  ultimate-layouts-hover-css-fade\"><div style=\"background-color:rgba(117,23,23,0.5) !important;\"><\/div><\/div>                                <div class=\"ultimate-layouts-control-pop \"><\/div>                 \r\n                            <\/div>                             \r\n                        <\/div>\r\n                     \r\n                    <!--picture-->\r\n\t\t\t\t<\/div><!--entry content-->            \r\n\t\t\t<\/article><!--post item-->\r\n\t\t\t\t<!--post item--> \r\n\t\t\t<article class=\"ultimate-layouts-item hentry\">\r\n\t\t\t\t<!--entry content-->\r\n\t\t\t\t<div class=\"ultimate-layouts-entry-wrapper entry-content\">\r\n\t\t\t\t\t<!--picture-->\r\n\t\t\t\t\t                        <div class=\"ultimate-layouts-picture\">               \r\n                            <div class=\"ultimate-layouts-picture-wrap ultimate-layouts-get-pic\">\r\n                                <a  data-post-id=\"1543\" href=\"https:\/\/www3.unicentro.br\/colmeia\/2024\/06\/01\/artistas-independentes-a-vida-no-liquidificador-de-guarapuava\/\" title=\"Artistas independentes: a vida no \u2018Liquidificador\u2019 de Guarapuava\"   class=\"ultimate-layouts-picture-link\"><img decoding=\"async\" class=\"ultimate-layouts-img  \" src=\"https:\/\/www3.unicentro.br\/colmeia\/wp-content\/uploads\/sites\/139\/2024\/06\/Captura-de-Tela-2024-06-02-a\u0300s-20.24.07-263x263.jpg\" srcset=\"https:\/\/www3.unicentro.br\/colmeia\/wp-content\/uploads\/sites\/139\/2024\/06\/Captura-de-Tela-2024-06-02-a\u0300s-20.24.07-263x263.jpg 263w, https:\/\/www3.unicentro.br\/colmeia\/wp-content\/uploads\/sites\/139\/2024\/06\/Captura-de-Tela-2024-06-02-a\u0300s-20.24.07-50x50.jpg 50w, https:\/\/www3.unicentro.br\/colmeia\/wp-content\/uploads\/sites\/139\/2024\/06\/Captura-de-Tela-2024-06-02-a\u0300s-20.24.07-80x80.jpg 80w, https:\/\/www3.unicentro.br\/colmeia\/wp-content\/uploads\/sites\/139\/2024\/06\/Captura-de-Tela-2024-06-02-a\u0300s-20.24.07-100x100.jpg 100w, https:\/\/www3.unicentro.br\/colmeia\/wp-content\/uploads\/sites\/139\/2024\/06\/Captura-de-Tela-2024-06-02-a\u0300s-20.24.07-526x526.jpg 526w, https:\/\/www3.unicentro.br\/colmeia\/wp-content\/uploads\/sites\/139\/2024\/06\/Captura-de-Tela-2024-06-02-a\u0300s-20.24.07-800x796.jpg 800w\" sizes=\"(max-width: 263px) 100vw, 263px\" alt=\"Captura de Tela 2024-06-02 a\u0300s 20.24.07\"\/><\/a>                \r\n                                <div class=\"ultimate-layouts-absolute-gradient\"><\/div>\r\n                                <div class=\"ultimate-layouts-absolute-content\">\r\n                                \t                                    <h3 class=\"ultimate-layouts-title white-style font-size-14 entry-title  \"><a  data-post-id=\"1543\" href=\"https:\/\/www3.unicentro.br\/colmeia\/2024\/06\/01\/artistas-independentes-a-vida-no-liquidificador-de-guarapuava\/\" title=\"Artistas independentes: a vida no \u2018Liquidificador\u2019 de Guarapuava\"   class=\"ultimate-layouts-title-link\">Artistas independentes: a vida no \u2018Liquidificador\u2019 de Guarapuava<\/a><\/h3>                                     \r\n                                                        \r\n                                <\/div>                \r\n                                <div class=\"ultimate-layouts-overlay  ultimate-layouts-hover-css-fade\"><div style=\"background-color:rgba(117,23,23,0.5) !important;\"><\/div><\/div>                                <div class=\"ultimate-layouts-control-pop \"><\/div>                 \r\n                            <\/div>                             \r\n                        <\/div>\r\n                     \r\n                    <!--picture-->\r\n\t\t\t\t<\/div><!--entry content-->            \r\n\t\t\t<\/article><!--post item-->\r\n\t\t\t\t<!--post item--> \r\n\t\t\t<article class=\"ultimate-layouts-item hentry\">\r\n\t\t\t\t<!--entry content-->\r\n\t\t\t\t<div class=\"ultimate-layouts-entry-wrapper entry-content\">\r\n\t\t\t\t\t<!--picture-->\r\n\t\t\t\t\t                        <div class=\"ultimate-layouts-picture\">               \r\n                            <div class=\"ultimate-layouts-picture-wrap ultimate-layouts-get-pic\">\r\n                                <a  data-post-id=\"1552\" href=\"https:\/\/www3.unicentro.br\/colmeia\/2024\/05\/02\/a-influencia-dos-animais-de-estimacao-na-saude-mental-dos-humanos\/\" title=\"A influ\u00eancia dos animais de estima\u00e7\u00e3o na sa\u00fade mental dos humanos\"   class=\"ultimate-layouts-picture-link\"><img decoding=\"async\" class=\"ultimate-layouts-img  \" src=\"https:\/\/www3.unicentro.br\/colmeia\/wp-content\/uploads\/sites\/139\/2024\/06\/Captura-de-Tela-2024-06-02-a\u0300s-20.35.26-263x263.jpg\" srcset=\"https:\/\/www3.unicentro.br\/colmeia\/wp-content\/uploads\/sites\/139\/2024\/06\/Captura-de-Tela-2024-06-02-a\u0300s-20.35.26-263x263.jpg 263w, https:\/\/www3.unicentro.br\/colmeia\/wp-content\/uploads\/sites\/139\/2024\/06\/Captura-de-Tela-2024-06-02-a\u0300s-20.35.26-50x50.jpg 50w, https:\/\/www3.unicentro.br\/colmeia\/wp-content\/uploads\/sites\/139\/2024\/06\/Captura-de-Tela-2024-06-02-a\u0300s-20.35.26-80x80.jpg 80w, https:\/\/www3.unicentro.br\/colmeia\/wp-content\/uploads\/sites\/139\/2024\/06\/Captura-de-Tela-2024-06-02-a\u0300s-20.35.26-100x100.jpg 100w, https:\/\/www3.unicentro.br\/colmeia\/wp-content\/uploads\/sites\/139\/2024\/06\/Captura-de-Tela-2024-06-02-a\u0300s-20.35.26-526x526.jpg 526w\" sizes=\"(max-width: 263px) 100vw, 263px\" alt=\"Captura de Tela 2024-06-02 a\u0300s 20.35.26\"\/><\/a>                \r\n                                <div class=\"ultimate-layouts-absolute-gradient\"><\/div>\r\n                                <div class=\"ultimate-layouts-absolute-content\">\r\n                                \t                                    <h3 class=\"ultimate-layouts-title white-style font-size-14 entry-title  \"><a  data-post-id=\"1552\" href=\"https:\/\/www3.unicentro.br\/colmeia\/2024\/05\/02\/a-influencia-dos-animais-de-estimacao-na-saude-mental-dos-humanos\/\" title=\"A influ\u00eancia dos animais de estima\u00e7\u00e3o na sa\u00fade mental dos humanos\"   class=\"ultimate-layouts-title-link\">A influ\u00eancia dos animais de estima\u00e7\u00e3o na sa\u00fade mental dos humanos<\/a><\/h3>                                     \r\n                                                        \r\n                                <\/div>                \r\n                                <div class=\"ultimate-layouts-overlay  ultimate-layouts-hover-css-fade\"><div style=\"background-color:rgba(117,23,23,0.5) !important;\"><\/div><\/div>                                <div class=\"ultimate-layouts-control-pop \"><\/div>                 \r\n                            <\/div>                             \r\n                        <\/div>\r\n                     \r\n                    <!--picture-->\r\n\t\t\t\t<\/div><!--entry content-->            \r\n\t\t\t<\/article><!--post item-->\r\n\t\t\t\t<\/div>\r\n\t\t<\/div>\r\n\t<\/div><\/div><\/div>\r\n\t\t\t\t\t\t\t\t\t<div class=\"ul-cb-page-prev-next\">\r\n\t\t\t\t\t\t\t\t\t\t<span class=\"ul-cb-prev-btn ul-disabled-query\"><i class=\"fa fa-angle-left\" aria-hidden=\"true\"><\/i><\/span>\r\n\t\t\t\t\t\t\t\t\t\t<span class=\"ul-cb-next-btn\"><i class=\"fa fa-angle-right\" aria-hidden=\"true\"><\/i><\/span>\r\n\t\t\t\t\t\t\t\t\t<\/div>\r\n\t\t\t\t\t\t\t\t\t<\/div>[\/vc_column][\/vc_row]<\/p>\n<\/div>","protected":false},"excerpt":{"rendered":"<p>[vc_row][vc_column][\/vc_column][\/vc_row]<\/p>\n","protected":false},"author":3,"featured_media":0,"parent":0,"menu_order":0,"comment_status":"closed","ping_status":"closed","template":"page-templates\/front-page.php","meta":{"_exactmetrics_skip_tracking":false,"_exactmetrics_sitenote_active":false,"_exactmetrics_sitenote_note":"","_exactmetrics_sitenote_category":0,"footnotes":"","_links_to":"","_links_to_target":""},"class_list":["post-20","page","type-page","status-publish","hentry"],"_links":{"self":[{"href":"https:\/\/www3.unicentro.br\/colmeia\/wp-json\/wp\/v2\/pages\/20","targetHints":{"allow":["GET"]}}],"collection":[{"href":"https:\/\/www3.unicentro.br\/colmeia\/wp-json\/wp\/v2\/pages"}],"about":[{"href":"https:\/\/www3.unicentro.br\/colmeia\/wp-json\/wp\/v2\/types\/page"}],"author":[{"embeddable":true,"href":"https:\/\/www3.unicentro.br\/colmeia\/wp-json\/wp\/v2\/users\/3"}],"replies":[{"embeddable":true,"href":"https:\/\/www3.unicentro.br\/colmeia\/wp-json\/wp\/v2\/comments?post=20"}],"version-history":[{"count":0,"href":"https:\/\/www3.unicentro.br\/colmeia\/wp-json\/wp\/v2\/pages\/20\/revisions"}],"wp:attachment":[{"href":"https:\/\/www3.unicentro.br\/colmeia\/wp-json\/wp\/v2\/media?parent=20"}],"curies":[{"name":"wp","href":"https:\/\/api.w.org\/{rel}","templated":true}]}}