{"id":87,"date":"2024-09-27T13:52:06","date_gmt":"2024-09-27T16:52:06","guid":{"rendered":"https:\/\/www3.unicentro.br\/cipa\/?page_id=87"},"modified":"2024-09-27T14:09:25","modified_gmt":"2024-09-27T17:09:25","slug":"sipat","status":"publish","type":"page","link":"https:\/\/www3.unicentro.br\/cipa\/sipat\/","title":{"rendered":"Sipat \u2013 Semana Interna de Preven\u00e7\u00e3o de Acidentes e Ass\u00e9dio no Trabalho"},"content":{"rendered":"<div class=\"wpb-content-wrapper\"><p>[vc_row][vc_column][vc_tta_accordion style=&#8221;flat&#8221; shape=&#8221;square&#8221; color=&#8221;chino&#8221; spacing=&#8221;1&#8243; active_section=&#8221;30&#8243; no_fill=&#8221;true&#8221; collapsible_all=&#8221;true&#8221;][vc_tta_section title=&#8221;Programa\u00e7\u00e3o&#8221; tab_id=&#8221;1494433964958-30c9f0c7-43b1&#8243;][vc_column_text css=&#8221;&#8221;]<\/p>\n<ul>\n<li><a href=\"https:\/\/www3.unicentro.br\/noticias\/wp-content\/uploads\/sites\/3\/2024\/08\/Ago_PROGRAMA_O_SIPAT_final_Divulga_o_66b3b8533f2ef-1.pdf\">CRONOGRAMA\/PROGRAMA\u00c7\u00c3O<\/a><\/li>\n<\/ul>\n<p>[\/vc_column_text][\/vc_tta_section][vc_tta_section title=&#8221;Not\u00edcias&#8221; tab_id=&#8221;1727456028044-3fe93c7b-0e93&#8243;][vc_column_text css=&#8221;&#8221;]<\/p>\n<ul>\n<li><a href=\"https:\/\/www3.unicentro.br\/noticias\/2024\/08\/21\/unicentro-realiza-a-semana-interna-de-prevencao-de-acidentes-e-assedio-no-trabalho\/\">Unicentro realiza 1\u00aa Semana Interna de Preven\u00e7\u00e3o de Acidentes e Ass\u00e9dio no Trabalho<\/a><\/li>\n<li><a href=\"https:\/\/www3.unicentro.br\/noticias\/2024\/08\/26\/saude-mental-e-tema-da-abertura-da-1a-semana-interna-de-prevencao-de-acidentes-e-assedio-no-trabalho-da-unicentro\/\">Sa\u00fade mental \u00e9 tema da abertura da 1\u00aa Semana Interna de Preven\u00e7\u00e3o de Acidentes e Ass\u00e9dio no Trabalho da Unicentro<\/a><\/li>\n<\/ul>\n<p>[\/vc_column_text][\/vc_tta_section][vc_tta_section title=&#8221;V\u00eddeo&#8221; tab_id=&#8221;1727456179017-ae4f6ba4-c527&#8243;][vc_video link=&#8221;https:\/\/www.youtube.com\/watch?v=E0kP-QsRyqE&#8221; css=&#8221;&#8221;][\/vc_tta_section][vc_tta_section title=&#8221;Fotos&#8221; tab_id=&#8221;1727456238946-18679ca3-a1ad&#8221;][vc_column_text css=&#8221;&#8221;]<\/p>\n<ul>\n<li><a href=\"https:\/\/drive.google.com\/drive\/folders\/1m4KOZPxuzDWq9bBV2kwo6tHQySljyB9_?usp=drive_link\">Dia 26\/08 &#8211; C\u00e2mpus de Irati<\/a><\/li>\n<li><a href=\"https:\/\/drive.google.com\/drive\/folders\/1NRq1VEosiu9S92t1jznbQ-oRygyek8s4?usp=drive_link\">Dia 27\/08 &#8211; C\u00e2mpus de Irati<\/a><\/li>\n<li><a href=\"https:\/\/drive.google.com\/drive\/folders\/1KtebOH1JsF9kj2NyXX1GA7pQt-FJx0fN?usp=drive_link\">Dia 27\/08 &#8211; C\u00e2mpus Santa Cruz<\/a><\/li>\n<li><a href=\"https:\/\/drive.google.com\/drive\/folders\/1aWqaNgphGFDHE30MGF5Yc0ef0hH8LA8h?usp=drive_link\">Dia 28\/08 &#8211; C\u00e2mpus Santa Cruz<\/a><\/li>\n<li><a href=\"https:\/\/drive.google.com\/drive\/folders\/10IyBbek5Mc8Swh_4gWCKpHsR1MxQ1iOE?usp=drive_link\">Dia 29\/08 &#8211; C\u00e2mpus de Irati<\/a><\/li>\n<li><a href=\"https:\/\/drive.google.com\/drive\/folders\/1yE4BTGPthO8QEl8V0bCMEhsQ3FXQoecc?usp=drive_link\">Dia 29\/08 &#8211; C\u00e2mpus Santa Cruz<\/a><\/li>\n<li><a href=\"https:\/\/drive.google.com\/drive\/folders\/1olGNsXV3625si-ci8Heak7MlGz-54DiX?usp=drive_link\">Dia 30\/08 &#8211; C\u00e2mpus de Irati<\/a><\/li>\n<li><a href=\"https:\/\/drive.google.com\/drive\/folders\/17ZJuaGKsidM1I4tQ2tojniFRgAEF6U4f?usp=drive_link\">Dia 30\/08 &#8211; C\u00e2mpus Santa Cruz<\/a><\/li>\n<\/ul>\n<p>[\/vc_column_text][\/vc_tta_section][\/vc_tta_accordion][\/vc_column][\/vc_row]<\/p>\n<\/div>","protected":false},"excerpt":{"rendered":"<p>[vc_row][vc_column][vc_tta_accordion style=&#8221;flat&#8221; shape=&#8221;square&#8221; color=&#8221;chino&#8221; spacing=&#8221;1&#8243; active_section=&#8221;30&#8243; no_fill=&#8221;true&#8221; collapsible_all=&#8221;true&#8221;][vc_tta_section title=&#8221;Programa\u00e7\u00e3o&#8221; tab_id=&#8221;1494433964958-30c9f0c7-43b1&#8243;][vc_column_text css=&#8221;&#8221;] CRONOGRAMA\/PROGRAMA\u00c7\u00c3O [\/vc_column_text][\/vc_tta_section][vc_tta_section title=&#8221;Not\u00edcias&#8221; tab_id=&#8221;1727456028044-3fe93c7b-0e93&#8243;][vc_column_text css=&#8221;&#8221;] Unicentro realiza 1\u00aa Semana Interna de Preven\u00e7\u00e3o de Acidentes e Ass\u00e9dio no Trabalho Sa\u00fade mental \u00e9 tema da abertura da 1\u00aa Semana Interna de Preven\u00e7\u00e3o de Acidentes e Ass\u00e9dio no Trabalho da Unicentro [\/vc_column_text][\/vc_tta_section][vc_tta_section title=&#8221;V\u00eddeo&#8221; tab_id=&#8221;1727456179017-ae4f6ba4-c527&#8243;][vc_video link=&#8221;https:\/\/www.youtube.com\/watch?v=E0kP-QsRyqE&#8221; css=&#8221;&#8221;][\/vc_tta_section][vc_tta_section title=&#8221;Fotos&#8221; [&hellip;]<\/p>\n","protected":false},"author":6,"featured_media":0,"parent":0,"menu_order":0,"comment_status":"closed","ping_status":"closed","template":"","meta":{"_exactmetrics_skip_tracking":false,"_exactmetrics_sitenote_active":false,"_exactmetrics_sitenote_note":"","_exactmetrics_sitenote_category":0,"footnotes":"","_links_to":"","_links_to_target":""},"class_list":["post-87","page","type-page","status-publish","hentry"],"_links":{"self":[{"href":"https:\/\/www3.unicentro.br\/cipa\/wp-json\/wp\/v2\/pages\/87","targetHints":{"allow":["GET"]}}],"collection":[{"href":"https:\/\/www3.unicentro.br\/cipa\/wp-json\/wp\/v2\/pages"}],"about":[{"href":"https:\/\/www3.unicentro.br\/cipa\/wp-json\/wp\/v2\/types\/page"}],"author":[{"embeddable":true,"href":"https:\/\/www3.unicentro.br\/cipa\/wp-json\/wp\/v2\/users\/6"}],"replies":[{"embeddable":true,"href":"https:\/\/www3.unicentro.br\/cipa\/wp-json\/wp\/v2\/comments?post=87"}],"version-history":[{"count":2,"href":"https:\/\/www3.unicentro.br\/cipa\/wp-json\/wp\/v2\/pages\/87\/revisions"}],"predecessor-version":[{"id":93,"href":"https:\/\/www3.unicentro.br\/cipa\/wp-json\/wp\/v2\/pages\/87\/revisions\/93"}],"wp:attachment":[{"href":"https:\/\/www3.unicentro.br\/cipa\/wp-json\/wp\/v2\/media?parent=87"}],"curies":[{"name":"wp","href":"https:\/\/api.w.org\/{rel}","templated":true}]}}