{"id":144,"date":"2023-04-11T23:22:14","date_gmt":"2023-04-12T02:22:14","guid":{"rendered":"https:\/\/www3.unicentro.br\/chat\/?page_id=144"},"modified":"2023-06-13T18:15:17","modified_gmt":"2023-06-13T21:15:17","slug":"sttela","status":"publish","type":"page","link":"https:\/\/www3.unicentro.br\/chat\/sttela\/","title":{"rendered":"Sttela Maris Nerone Lacerda"},"content":{"rendered":"<div class=\"wp-block-image\"><img loading=\"lazy\" decoding=\"async\" class=\"alignnone size-medium wp-image-145 aligncenter\" src=\"https:\/\/www3.unicentro.br\/chat\/wp-content\/uploads\/sites\/93\/2023\/04\/Sttela-189x300.jpg\" alt=\"\" width=\"189\" height=\"300\" srcset=\"https:\/\/www3.unicentro.br\/chat\/wp-content\/uploads\/sites\/93\/2023\/04\/Sttela-189x300.jpg 189w, https:\/\/www3.unicentro.br\/chat\/wp-content\/uploads\/sites\/93\/2023\/04\/Sttela-255x404.jpg 255w, https:\/\/www3.unicentro.br\/chat\/wp-content\/uploads\/sites\/93\/2023\/04\/Sttela.jpg 592w\" sizes=\"auto, (max-width: 189px) 100vw, 189px\" \/><\/div>\n<p style=\"text-align: center\"><span style=\"font-size: 14pt\"><strong>Sttela Maris Nerone Lacerda<\/strong><\/span><br \/>\n<span style=\"font-size: 12pt\">Doutoranda (PPGDC-UNICENTRO)<\/span><\/p>\n<p style=\"text-align: center\">Contato: <a href=\"mailto:sttelanerone@gmail.com\">sttelanerone@gmail.com<\/a><\/p>\n<p class=\"western\" lang=\"en-US\" style=\"text-align: center\" align=\"justify\">Doutoranda no Programa de P\u00f3s-Gradua\u00e7\u00e3o Interdisciplinar em Desenvolvimento Comunit\u00e1rio (PPGDC), da Universidade Estadual do Centro-Oeste &#8211; UNICENTRO\/PR, com pesquisa ligada \u00e0 no\u00e7\u00e3o de Bem-Viver junto a comunidades tradicionais do litoral do Paran\u00e1. Professora do Departamento de Direito da UNICENTRO. Mestra em Direito pela Universidade Federal do Paran\u00e1. Especialista em Direito Processual pelas Faculdades Positivo e em Direito Sist\u00eamico pela Hellinger Schulle e Faculdade Innovare.<\/p>\n<p lang=\"en-US\" align=\"justify\">\n<p lang=\"en-US\" align=\"justify\"><strong>Perfil ligado aos Objetivos do Desenvolvimento Sustent\u00e1vel &#8211; ODS-ONU<\/strong><br \/>\nEm 2015, os estados membros da Organiza\u00e7\u00e3o das Na\u00e7\u00f5es Unidas concordaram em estabelecer 17 Objetivos do Desenvolvimento Sustent\u00e1vel para dar fim \u00e0 pobreza, proteger o planeta e assegurar a prosperidade global. Meu trabalho contribui com os seguintes ODS:<\/p>\n<div class=\"wp-block-image\"><img loading=\"lazy\" decoding=\"async\" class=\"alignnone wp-image-368 size-thumb_80x80\" src=\"https:\/\/www3.unicentro.br\/chat\/wp-content\/uploads\/sites\/93\/2023\/06\/ods3-80x80.png\" alt=\"\" width=\"80\" height=\"80\" srcset=\"https:\/\/www3.unicentro.br\/chat\/wp-content\/uploads\/sites\/93\/2023\/06\/ods3-80x80.png 80w, https:\/\/www3.unicentro.br\/chat\/wp-content\/uploads\/sites\/93\/2023\/06\/ods3-300x300.png 300w, https:\/\/www3.unicentro.br\/chat\/wp-content\/uploads\/sites\/93\/2023\/06\/ods3-150x150.png 150w, https:\/\/www3.unicentro.br\/chat\/wp-content\/uploads\/sites\/93\/2023\/06\/ods3-50x50.png 50w, https:\/\/www3.unicentro.br\/chat\/wp-content\/uploads\/sites\/93\/2023\/06\/ods3-263x263.png 263w, https:\/\/www3.unicentro.br\/chat\/wp-content\/uploads\/sites\/93\/2023\/06\/ods3-100x100.png 100w, https:\/\/www3.unicentro.br\/chat\/wp-content\/uploads\/sites\/93\/2023\/06\/ods3-255x255.png 255w, https:\/\/www3.unicentro.br\/chat\/wp-content\/uploads\/sites\/93\/2023\/06\/ods3.png 466w\" sizes=\"auto, (max-width: 80px) 100vw, 80px\" \/><img loading=\"lazy\" decoding=\"async\" class=\"alignnone wp-image-384 size-thumb_80x80\" src=\"https:\/\/www3.unicentro.br\/chat\/wp-content\/uploads\/sites\/93\/2023\/06\/ods10-80x80.png\" alt=\"\" width=\"80\" height=\"80\" srcset=\"https:\/\/www3.unicentro.br\/chat\/wp-content\/uploads\/sites\/93\/2023\/06\/ods10-80x80.png 80w, https:\/\/www3.unicentro.br\/chat\/wp-content\/uploads\/sites\/93\/2023\/06\/ods10-300x300.png 300w, https:\/\/www3.unicentro.br\/chat\/wp-content\/uploads\/sites\/93\/2023\/06\/ods10-150x150.png 150w, https:\/\/www3.unicentro.br\/chat\/wp-content\/uploads\/sites\/93\/2023\/06\/ods10-50x50.png 50w, https:\/\/www3.unicentro.br\/chat\/wp-content\/uploads\/sites\/93\/2023\/06\/ods10-263x263.png 263w, https:\/\/www3.unicentro.br\/chat\/wp-content\/uploads\/sites\/93\/2023\/06\/ods10-100x100.png 100w, https:\/\/www3.unicentro.br\/chat\/wp-content\/uploads\/sites\/93\/2023\/06\/ods10-255x255.png 255w, https:\/\/www3.unicentro.br\/chat\/wp-content\/uploads\/sites\/93\/2023\/06\/ods10.png 466w\" sizes=\"auto, (max-width: 80px) 100vw, 80px\" \/><img loading=\"lazy\" decoding=\"async\" class=\"alignnone wp-image-369 size-thumb_80x80\" src=\"https:\/\/www3.unicentro.br\/chat\/wp-content\/uploads\/sites\/93\/2023\/06\/ods11-80x80.png\" alt=\"\" width=\"80\" height=\"80\" srcset=\"https:\/\/www3.unicentro.br\/chat\/wp-content\/uploads\/sites\/93\/2023\/06\/ods11-80x80.png 80w, https:\/\/www3.unicentro.br\/chat\/wp-content\/uploads\/sites\/93\/2023\/06\/ods11-300x300.png 300w, https:\/\/www3.unicentro.br\/chat\/wp-content\/uploads\/sites\/93\/2023\/06\/ods11-150x150.png 150w, https:\/\/www3.unicentro.br\/chat\/wp-content\/uploads\/sites\/93\/2023\/06\/ods11-50x50.png 50w, https:\/\/www3.unicentro.br\/chat\/wp-content\/uploads\/sites\/93\/2023\/06\/ods11-263x263.png 263w, https:\/\/www3.unicentro.br\/chat\/wp-content\/uploads\/sites\/93\/2023\/06\/ods11-100x100.png 100w, https:\/\/www3.unicentro.br\/chat\/wp-content\/uploads\/sites\/93\/2023\/06\/ods11-255x255.png 255w, https:\/\/www3.unicentro.br\/chat\/wp-content\/uploads\/sites\/93\/2023\/06\/ods11.png 466w\" sizes=\"auto, (max-width: 80px) 100vw, 80px\" \/><img loading=\"lazy\" decoding=\"async\" class=\"alignnone wp-image-371 size-thumb_80x80\" src=\"https:\/\/www3.unicentro.br\/chat\/wp-content\/uploads\/sites\/93\/2023\/06\/ods13-80x80.png\" alt=\"\" width=\"80\" height=\"80\" srcset=\"https:\/\/www3.unicentro.br\/chat\/wp-content\/uploads\/sites\/93\/2023\/06\/ods13-80x80.png 80w, https:\/\/www3.unicentro.br\/chat\/wp-content\/uploads\/sites\/93\/2023\/06\/ods13-300x300.png 300w, https:\/\/www3.unicentro.br\/chat\/wp-content\/uploads\/sites\/93\/2023\/06\/ods13-150x150.png 150w, https:\/\/www3.unicentro.br\/chat\/wp-content\/uploads\/sites\/93\/2023\/06\/ods13-50x50.png 50w, https:\/\/www3.unicentro.br\/chat\/wp-content\/uploads\/sites\/93\/2023\/06\/ods13-263x263.png 263w, https:\/\/www3.unicentro.br\/chat\/wp-content\/uploads\/sites\/93\/2023\/06\/ods13-100x100.png 100w, https:\/\/www3.unicentro.br\/chat\/wp-content\/uploads\/sites\/93\/2023\/06\/ods13-255x255.png 255w, https:\/\/www3.unicentro.br\/chat\/wp-content\/uploads\/sites\/93\/2023\/06\/ods13.png 466w\" sizes=\"auto, (max-width: 80px) 100vw, 80px\" \/><img loading=\"lazy\" decoding=\"async\" class=\"alignnone wp-image-374 size-thumb_80x80\" src=\"https:\/\/www3.unicentro.br\/chat\/wp-content\/uploads\/sites\/93\/2023\/06\/ods14-80x80.png\" alt=\"\" width=\"80\" height=\"80\" srcset=\"https:\/\/www3.unicentro.br\/chat\/wp-content\/uploads\/sites\/93\/2023\/06\/ods14-80x80.png 80w, https:\/\/www3.unicentro.br\/chat\/wp-content\/uploads\/sites\/93\/2023\/06\/ods14-300x300.png 300w, https:\/\/www3.unicentro.br\/chat\/wp-content\/uploads\/sites\/93\/2023\/06\/ods14-150x150.png 150w, https:\/\/www3.unicentro.br\/chat\/wp-content\/uploads\/sites\/93\/2023\/06\/ods14-50x50.png 50w, https:\/\/www3.unicentro.br\/chat\/wp-content\/uploads\/sites\/93\/2023\/06\/ods14-263x263.png 263w, https:\/\/www3.unicentro.br\/chat\/wp-content\/uploads\/sites\/93\/2023\/06\/ods14-100x100.png 100w, https:\/\/www3.unicentro.br\/chat\/wp-content\/uploads\/sites\/93\/2023\/06\/ods14-255x255.png 255w, https:\/\/www3.unicentro.br\/chat\/wp-content\/uploads\/sites\/93\/2023\/06\/ods14.png 466w\" sizes=\"auto, (max-width: 80px) 100vw, 80px\" \/><img loading=\"lazy\" decoding=\"async\" class=\"alignnone wp-image-375 size-thumb_80x80\" src=\"https:\/\/www3.unicentro.br\/chat\/wp-content\/uploads\/sites\/93\/2023\/06\/ods15-80x80.png\" alt=\"\" width=\"80\" height=\"80\" srcset=\"https:\/\/www3.unicentro.br\/chat\/wp-content\/uploads\/sites\/93\/2023\/06\/ods15-80x80.png 80w, https:\/\/www3.unicentro.br\/chat\/wp-content\/uploads\/sites\/93\/2023\/06\/ods15-300x300.png 300w, https:\/\/www3.unicentro.br\/chat\/wp-content\/uploads\/sites\/93\/2023\/06\/ods15-150x150.png 150w, https:\/\/www3.unicentro.br\/chat\/wp-content\/uploads\/sites\/93\/2023\/06\/ods15-50x50.png 50w, https:\/\/www3.unicentro.br\/chat\/wp-content\/uploads\/sites\/93\/2023\/06\/ods15-263x263.png 263w, https:\/\/www3.unicentro.br\/chat\/wp-content\/uploads\/sites\/93\/2023\/06\/ods15-100x100.png 100w, https:\/\/www3.unicentro.br\/chat\/wp-content\/uploads\/sites\/93\/2023\/06\/ods15-255x255.png 255w, https:\/\/www3.unicentro.br\/chat\/wp-content\/uploads\/sites\/93\/2023\/06\/ods15.png 466w\" sizes=\"auto, (max-width: 80px) 100vw, 80px\" \/><\/div>\n","protected":false},"excerpt":{"rendered":"<p>Sttela Maris Nerone Lacerda Doutoranda (PPGDC-UNICENTRO) Contato: sttelanerone@gmail.com Doutoranda no Programa de P\u00f3s-Gradua\u00e7\u00e3o Interdisciplinar em Desenvolvimento Comunit\u00e1rio (PPGDC), da Universidade Estadual do Centro-Oeste &#8211; UNICENTRO\/PR, com pesquisa ligada \u00e0 no\u00e7\u00e3o de Bem-Viver junto a comunidades tradicionais do litoral do Paran\u00e1. Professora do Departamento de Direito da UNICENTRO. Mestra em Direito pela Universidade Federal do Paran\u00e1. [&hellip;]<\/p>\n","protected":false},"author":275,"featured_media":0,"parent":0,"menu_order":0,"comment_status":"closed","ping_status":"closed","template":"","meta":{"_exactmetrics_skip_tracking":false,"_exactmetrics_sitenote_active":false,"_exactmetrics_sitenote_note":"","_exactmetrics_sitenote_category":0,"footnotes":"","_links_to":"","_links_to_target":""},"class_list":["post-144","page","type-page","status-publish","hentry"],"_links":{"self":[{"href":"https:\/\/www3.unicentro.br\/chat\/wp-json\/wp\/v2\/pages\/144","targetHints":{"allow":["GET"]}}],"collection":[{"href":"https:\/\/www3.unicentro.br\/chat\/wp-json\/wp\/v2\/pages"}],"about":[{"href":"https:\/\/www3.unicentro.br\/chat\/wp-json\/wp\/v2\/types\/page"}],"author":[{"embeddable":true,"href":"https:\/\/www3.unicentro.br\/chat\/wp-json\/wp\/v2\/users\/275"}],"replies":[{"embeddable":true,"href":"https:\/\/www3.unicentro.br\/chat\/wp-json\/wp\/v2\/comments?post=144"}],"version-history":[{"count":0,"href":"https:\/\/www3.unicentro.br\/chat\/wp-json\/wp\/v2\/pages\/144\/revisions"}],"wp:attachment":[{"href":"https:\/\/www3.unicentro.br\/chat\/wp-json\/wp\/v2\/media?parent=144"}],"curies":[{"name":"wp","href":"https:\/\/api.w.org\/{rel}","templated":true}]}}