{"id":48,"date":"2023-09-28T12:10:39","date_gmt":"2023-09-28T15:10:39","guid":{"rendered":"https:\/\/www3.unicentro.br\/cenut\/?page_id=48"},"modified":"2023-09-28T12:15:47","modified_gmt":"2023-09-28T15:15:47","slug":"historico","status":"publish","type":"page","link":"https:\/\/www3.unicentro.br\/cenut\/historico\/","title":{"rendered":"Hist\u00f3rico"},"content":{"rendered":"<p>A Cl\u00ednica Escola de Nutri\u00e7\u00e3o (Cenut) foi criada a partir da Resolu\u00e7\u00e3o n\u00ba67\/COU\/Unicentro, de 27 de janeiro de 2013. No entanto, seu funcionamento iniciou em 2001 como Ambulat\u00f3rio de Nutri\u00e7\u00e3o, o qual atende, desde ent\u00e3o, a popula\u00e7\u00e3o de Guarapuava e regi\u00e3o, por meio de atendimentos individuais com agendamento pr\u00e9vio e supervis\u00e3o direta de docentes do Departamento de Nutri\u00e7\u00e3o (Denut).<\/p>\n<p>Os atendimentos nutricionais realizados pelos acad\u00eamicos do curso de Nutri\u00e7\u00e3o da Universidade Estadual do Centro Oeste (Unicentro) iniciaram em 2001 com aproximadamente 15 atendimentos semanais. Atualmente a Cl\u00ednica Escola de Nutri\u00e7\u00e3o funciona no c<em>ampus <\/em>Cedeteg e s\u00e3o realizados aproximadamente 80 atendimentos semanais. Informa\u00e7\u00f5es dos anos anteriores mostram um crescente n\u00famero pela procura de consulta nutricional,\u00a0 em que no ano de 2012 foram realizados aproximadamente 1463 atendimentos e em 2022 aproximadamente 1681 atendimentos.<\/p>\n<div class=\"wp-block-image\"><img loading=\"lazy\" decoding=\"async\" class=\"aligncenter  wp-image-50\" src=\"https:\/\/www3.unicentro.br\/cenut\/wp-content\/uploads\/sites\/161\/2023\/09\/cli\u0301nica.jpg\" alt=\"Cenut\" width=\"739\" height=\"561\" srcset=\"https:\/\/www3.unicentro.br\/cenut\/wp-content\/uploads\/sites\/161\/2023\/09\/cli\u0301nica.jpg 790w, https:\/\/www3.unicentro.br\/cenut\/wp-content\/uploads\/sites\/161\/2023\/09\/cli\u0301nica-300x228.jpg 300w, https:\/\/www3.unicentro.br\/cenut\/wp-content\/uploads\/sites\/161\/2023\/09\/cli\u0301nica-768x583.jpg 768w, https:\/\/www3.unicentro.br\/cenut\/wp-content\/uploads\/sites\/161\/2023\/09\/cli\u0301nica-255x194.jpg 255w\" sizes=\"auto, (max-width: 739px) 100vw, 739px\" \/><\/div>\n","protected":false},"excerpt":{"rendered":"<p>A Cl\u00ednica Escola de Nutri\u00e7\u00e3o (Cenut) foi criada a partir da Resolu\u00e7\u00e3o n\u00ba67\/COU\/Unicentro, de 27 de janeiro de 2013. No entanto, seu funcionamento iniciou em 2001 como Ambulat\u00f3rio de Nutri\u00e7\u00e3o, o qual atende, desde ent\u00e3o, a popula\u00e7\u00e3o de Guarapuava e regi\u00e3o, por meio de atendimentos individuais com agendamento pr\u00e9vio e supervis\u00e3o direta de docentes do [&hellip;]<\/p>\n","protected":false},"author":3,"featured_media":0,"parent":0,"menu_order":0,"comment_status":"closed","ping_status":"closed","template":"","meta":{"_exactmetrics_skip_tracking":false,"_exactmetrics_sitenote_active":false,"_exactmetrics_sitenote_note":"","_exactmetrics_sitenote_category":0,"footnotes":"","_links_to":"","_links_to_target":""},"class_list":["post-48","page","type-page","status-publish","hentry"],"_links":{"self":[{"href":"https:\/\/www3.unicentro.br\/cenut\/wp-json\/wp\/v2\/pages\/48","targetHints":{"allow":["GET"]}}],"collection":[{"href":"https:\/\/www3.unicentro.br\/cenut\/wp-json\/wp\/v2\/pages"}],"about":[{"href":"https:\/\/www3.unicentro.br\/cenut\/wp-json\/wp\/v2\/types\/page"}],"author":[{"embeddable":true,"href":"https:\/\/www3.unicentro.br\/cenut\/wp-json\/wp\/v2\/users\/3"}],"replies":[{"embeddable":true,"href":"https:\/\/www3.unicentro.br\/cenut\/wp-json\/wp\/v2\/comments?post=48"}],"version-history":[{"count":2,"href":"https:\/\/www3.unicentro.br\/cenut\/wp-json\/wp\/v2\/pages\/48\/revisions"}],"predecessor-version":[{"id":52,"href":"https:\/\/www3.unicentro.br\/cenut\/wp-json\/wp\/v2\/pages\/48\/revisions\/52"}],"wp:attachment":[{"href":"https:\/\/www3.unicentro.br\/cenut\/wp-json\/wp\/v2\/media?parent=48"}],"curies":[{"name":"wp","href":"https:\/\/api.w.org\/{rel}","templated":true}]}}