{"id":46,"date":"2023-09-28T12:05:29","date_gmt":"2023-09-28T15:05:29","guid":{"rendered":"https:\/\/www3.unicentro.br\/cenut\/?page_id=46"},"modified":"2025-09-16T16:08:01","modified_gmt":"2025-09-16T19:08:01","slug":"atendimento","status":"publish","type":"page","link":"https:\/\/www3.unicentro.br\/cenut\/atendimento\/","title":{"rendered":"Atendimento"},"content":{"rendered":"<div class=\"wpb-content-wrapper\"><p>[vc_row][vc_column][vc_column_text css=&#8221;&#8221;]<strong>Cl\u00ednica Escola de Nutri\u00e7\u00e3o da Unicentro<\/strong><\/p>\n<p>Nossa Cl\u00ednica Escola conta com o atendimento de acad\u00eamicos e docentes do curso de Nutri\u00e7\u00e3o da Unicentro. Dentre as principais atividades desenvolvidas destaca-se a presta\u00e7\u00e3o de servi\u00e7os \u00e0 comunidade de Guarapuava e regi\u00e3o, com atendimentos nutricionais individualizados.<\/p>\n<p>&nbsp;<\/p>\n<p><strong>Hor\u00e1rio de Atendimento:<\/strong> Ter\u00e7a a sexta-feira, nos turnos da manh\u00e3 (08 \u00e0s 12h) e da tarde (14 \u00e0s 18h).<\/p>\n<p>&nbsp;<\/p>\n<p><strong>Procedimentos de atendimento<\/strong>:<\/p>\n<ul>\n<li>Primeira consulta: O primeiro atendimento tem a dura\u00e7\u00e3o de 1 hora, onde nossos acad\u00eamicos far\u00e3o o atendimento nutricional que engloba avalia\u00e7\u00e3o alimentar, antropom\u00e9trica e da composi\u00e7\u00e3o corporal.<\/li>\n<li>Orienta\u00e7\u00e3o e Plano Alimentar: Na semana seguinte \u00e0 primeira consulta, realizamos uma orienta\u00e7\u00e3o personalizada de aproximadamente 30 minutos, onde voc\u00ea receber\u00e1 um plano alimentar individualizado para alcan\u00e7ar seus objetivos de forma saud\u00e1vel.<\/li>\n<li>Acompanhamento: Ap\u00f3s a orienta\u00e7\u00e3o inicial, agendaremos atendimentos mensais ou conforme a necessidade do paciente, garantindo acompanhamento cont\u00ednuo e ajustes no plano alimentar conforme sua evolu\u00e7\u00e3o.<\/li>\n<\/ul>\n<p>&nbsp;<\/p>\n<p><strong>Contribui\u00e7\u00e3o<\/strong>: Para continuar prestando nossos servi\u00e7os, solicitamos uma pequena taxa administrativa (<a href=\"https:\/\/sgu.unicentro.br\/pcatooficiais\/imprimir\/FA1CBB74\" target=\"_blank\" rel=\"noopener\"><strong>RESOLU\u00c7\u00c3O N\u00ba 11-CAD\/UNICENTRO, DE 8 DE ABRIL DE 2024<\/strong><\/a>), conforme relacionado abaixo:<\/p>\n<ul>\n<li>Primeira consulta: R$ 50,00 (inclui primeira consulta, orienta\u00e7\u00e3o e 1 acompanhamento);<\/li>\n<li>Consulta de acompanhamento: R$ 25,00;<\/li>\n<li>Bioimped\u00e2ncia: R$25,00;<\/li>\n<li>Acad\u00eamico UNICENTRO: R$ 25,00 pagamento semestral.<\/li>\n<\/ul>\n<p><strong>O pagamento ser\u00e1 realizado via pix.<\/strong><\/p>\n<p><strong>Isen\u00e7\u00e3o:<\/strong> ser\u00e1 isento o paciente que apresentar encaminhamento m\u00e9dico das cl\u00ednicas escolas da UNICENTRO e Projetos e Programas da Unicentro. Casos espec\u00edficos ser\u00e3o analisados individualmente.<\/p>\n<p>&nbsp;<\/p>\n<p><strong>S\u00e3o atendidos\u00a0indiv\u00edduos\u00a0de todas as fases da vida:<\/strong><\/p>\n<ul>\n<li>Crian\u00e7as<\/li>\n<li>Adolescentes<\/li>\n<li>Adultos<\/li>\n<li>Atletas<\/li>\n<li>Idosos<\/li>\n<li>Gestantes<\/li>\n<li>Lactantes<\/li>\n<\/ul>\n<p>Caso tenha alguma d\u00favida ou queira agendar sua consulta, entre em contato conosco.<\/p>\n<p><strong>Contato<\/strong>: 42 3629-8133[\/vc_column_text][\/vc_column][\/vc_row]<\/p>\n<\/div>","protected":false},"excerpt":{"rendered":"<p>[vc_row][vc_column][vc_column_text css=&#8221;&#8221;]Cl\u00ednica Escola de Nutri\u00e7\u00e3o da Unicentro Nossa Cl\u00ednica Escola conta com o atendimento de acad\u00eamicos e docentes do curso de Nutri\u00e7\u00e3o da Unicentro. Dentre as principais atividades desenvolvidas destaca-se a presta\u00e7\u00e3o de servi\u00e7os \u00e0 comunidade de Guarapuava e regi\u00e3o, com atendimentos nutricionais individualizados. &nbsp; Hor\u00e1rio de Atendimento: Ter\u00e7a a sexta-feira, nos turnos da manh\u00e3 [&hellip;]<\/p>\n","protected":false},"author":3,"featured_media":0,"parent":0,"menu_order":0,"comment_status":"closed","ping_status":"closed","template":"","meta":{"_exactmetrics_skip_tracking":false,"_exactmetrics_sitenote_active":false,"_exactmetrics_sitenote_note":"","_exactmetrics_sitenote_category":0,"footnotes":"","_links_to":"","_links_to_target":""},"class_list":["post-46","page","type-page","status-publish","hentry"],"_links":{"self":[{"href":"https:\/\/www3.unicentro.br\/cenut\/wp-json\/wp\/v2\/pages\/46","targetHints":{"allow":["GET"]}}],"collection":[{"href":"https:\/\/www3.unicentro.br\/cenut\/wp-json\/wp\/v2\/pages"}],"about":[{"href":"https:\/\/www3.unicentro.br\/cenut\/wp-json\/wp\/v2\/types\/page"}],"author":[{"embeddable":true,"href":"https:\/\/www3.unicentro.br\/cenut\/wp-json\/wp\/v2\/users\/3"}],"replies":[{"embeddable":true,"href":"https:\/\/www3.unicentro.br\/cenut\/wp-json\/wp\/v2\/comments?post=46"}],"version-history":[{"count":2,"href":"https:\/\/www3.unicentro.br\/cenut\/wp-json\/wp\/v2\/pages\/46\/revisions"}],"predecessor-version":[{"id":158,"href":"https:\/\/www3.unicentro.br\/cenut\/wp-json\/wp\/v2\/pages\/46\/revisions\/158"}],"wp:attachment":[{"href":"https:\/\/www3.unicentro.br\/cenut\/wp-json\/wp\/v2\/media?parent=46"}],"curies":[{"name":"wp","href":"https:\/\/api.w.org\/{rel}","templated":true}]}}