{"id":18,"date":"2021-09-27T09:50:51","date_gmt":"2021-09-27T12:50:51","guid":{"rendered":"https:\/\/www3.unicentro.br\/centrodeescrita\/?page_id=18"},"modified":"2021-09-27T09:51:56","modified_gmt":"2021-09-27T12:51:56","slug":"sobre","status":"publish","type":"page","link":"https:\/\/www3.unicentro.br\/centrodeescritaacademica\/sobre\/","title":{"rendered":"Sobre"},"content":{"rendered":"<p>Centros de Escrita, ou <em>Writing Centers<\/em>, s\u00e3o compostos de pessoas que se disp\u00f5em a auxiliar outras pessoas na elabora\u00e7\u00e3o de diversos tipos de trabalhos (em geral escritos), frequentemente de natureza acad\u00eamica, j\u00e1 que a maioria desses Centros faz parte de Institui\u00e7\u00f5es de Ensino Superior.<\/p>\n<p><em>Writing Centers<\/em> tradicionalmente oferecem servi\u00e7os de assessoria, isto \u00e9, di\u00e1logos entre assessores(as) e autores(as) que t\u00eam por objetivo auxiliar estes no processo de conceitualiza\u00e7\u00e3o e escrita de seus trabalhos<\/p>\n<p>O Centro de Escrita acad\u00eamica da Unicentro tamb\u00e9m tem por objetivo atuar como um aliado na divulga\u00e7\u00e3o da produ\u00e7\u00e3o acad\u00eamica e cient\u00edfica desta institui\u00e7\u00e3o. Isso se d\u00e1 atrav\u00e9s dos servi\u00e7os gratuitos de revis\u00e3o e tradu\u00e7\u00e3o de artigos cient\u00edficos.<\/p>\n","protected":false},"excerpt":{"rendered":"<p>Centros de Escrita, ou Writing Centers, s\u00e3o compostos de pessoas que se disp\u00f5em a auxiliar outras pessoas na elabora\u00e7\u00e3o de diversos tipos de trabalhos (em geral escritos), frequentemente de natureza acad\u00eamica, j\u00e1 que a maioria desses Centros faz parte de Institui\u00e7\u00f5es de Ensino Superior. Writing Centers tradicionalmente oferecem servi\u00e7os de assessoria, isto \u00e9, di\u00e1logos entre [&hellip;]<\/p>\n","protected":false},"author":3,"featured_media":0,"parent":0,"menu_order":0,"comment_status":"closed","ping_status":"closed","template":"","meta":{"_exactmetrics_skip_tracking":false,"_exactmetrics_sitenote_active":false,"_exactmetrics_sitenote_note":"","_exactmetrics_sitenote_category":0,"footnotes":"","_links_to":"","_links_to_target":""},"class_list":["post-18","page","type-page","status-publish","hentry"],"_links":{"self":[{"href":"https:\/\/www3.unicentro.br\/centrodeescritaacademica\/wp-json\/wp\/v2\/pages\/18","targetHints":{"allow":["GET"]}}],"collection":[{"href":"https:\/\/www3.unicentro.br\/centrodeescritaacademica\/wp-json\/wp\/v2\/pages"}],"about":[{"href":"https:\/\/www3.unicentro.br\/centrodeescritaacademica\/wp-json\/wp\/v2\/types\/page"}],"author":[{"embeddable":true,"href":"https:\/\/www3.unicentro.br\/centrodeescritaacademica\/wp-json\/wp\/v2\/users\/3"}],"replies":[{"embeddable":true,"href":"https:\/\/www3.unicentro.br\/centrodeescritaacademica\/wp-json\/wp\/v2\/comments?post=18"}],"version-history":[{"count":0,"href":"https:\/\/www3.unicentro.br\/centrodeescritaacademica\/wp-json\/wp\/v2\/pages\/18\/revisions"}],"wp:attachment":[{"href":"https:\/\/www3.unicentro.br\/centrodeescritaacademica\/wp-json\/wp\/v2\/media?parent=18"}],"curies":[{"name":"wp","href":"https:\/\/api.w.org\/{rel}","templated":true}]}}