{"id":153,"date":"2023-06-07T16:46:30","date_gmt":"2023-06-07T19:46:30","guid":{"rendered":"https:\/\/www3.unicentro.br\/centrodeescritaacademica\/?page_id=153"},"modified":"2024-04-16T19:39:58","modified_gmt":"2024-04-16T22:39:58","slug":"equipe","status":"publish","type":"page","link":"https:\/\/www3.unicentro.br\/centrodeescritaacademica\/sobre\/equipe\/","title":{"rendered":"Equipe"},"content":{"rendered":"<div class=\"wpb-content-wrapper\"><p>[vc_row][vc_column][vc_column_text]<\/p>\n<p style=\"text-align: justify\">A equipe do Certa \u00e9 composta por uma coordenadora e por bolsistas e volunt\u00e1rios. A coordenadora \u00e9 respons\u00e1vel pela sele\u00e7\u00e3o e gest\u00e3o dos demais membros, al\u00e9m de auxiliar tamb\u00e9m em todas as iniciativas e produ\u00e7\u00f5es. Os outros membros s\u00e3o respons\u00e1veis, principalmente, pela tradu\u00e7\u00e3o e revis\u00e3o de artigos cient\u00edficos.<\/p>\n<p style=\"text-align: left\"><span style=\"color: #0000ff;font-size: 14pt\" data-darkreader-inline-color=\"\"><strong>Coordenadora<\/strong><\/span><\/p>\n<p style=\"text-align: left\"><img loading=\"lazy\" decoding=\"async\" class=\"wp-image-162 alignleft\" src=\"https:\/\/www3.unicentro.br\/centrodeescritaacademica\/wp-content\/uploads\/sites\/133\/2023\/06\/Equipe-certa.jpg\" alt=\"\" width=\"160\" height=\"160\" srcset=\"https:\/\/www3.unicentro.br\/centrodeescritaacademica\/wp-content\/uploads\/sites\/133\/2023\/06\/Equipe-certa.jpg 1080w, https:\/\/www3.unicentro.br\/centrodeescritaacademica\/wp-content\/uploads\/sites\/133\/2023\/06\/Equipe-certa-768x768.jpg 768w, https:\/\/www3.unicentro.br\/centrodeescritaacademica\/wp-content\/uploads\/sites\/133\/2023\/06\/Equipe-certa-50x50.jpg 50w, https:\/\/www3.unicentro.br\/centrodeescritaacademica\/wp-content\/uploads\/sites\/133\/2023\/06\/Equipe-certa-80x80.jpg 80w, https:\/\/www3.unicentro.br\/centrodeescritaacademica\/wp-content\/uploads\/sites\/133\/2023\/06\/Equipe-certa-263x263.jpg 263w, https:\/\/www3.unicentro.br\/centrodeescritaacademica\/wp-content\/uploads\/sites\/133\/2023\/06\/Equipe-certa-100x100.jpg 100w, https:\/\/www3.unicentro.br\/centrodeescritaacademica\/wp-content\/uploads\/sites\/133\/2023\/06\/Equipe-certa-526x526.jpg 526w, https:\/\/www3.unicentro.br\/centrodeescritaacademica\/wp-content\/uploads\/sites\/133\/2023\/06\/Equipe-certa-255x255.jpg 255w\" sizes=\"auto, (max-width: 160px) 100vw, 160px\" \/><\/p>\n<p style=\"text-align: left\"><span style=\"font-size: 14pt\"><strong>Ana Raquel F.F. Campos<\/strong><\/span><br \/>\nDoutora e mestre em Letras (UFPR). Licenciada em Letras portugu\u00eas\/ingl\u00eas (Unicentro). \u00c9 professora adjunta do dpto de Letras da Unicentro e coordenadora do CERTA.<\/p>\n<p>&nbsp;<\/p>\n<p>&nbsp;<\/p>\n<p>&nbsp;<\/p>\n<div style=\"text-align: left\"><\/div>\n<div><\/div>\n<p>&nbsp;<\/p>\n<p>&nbsp;<\/p>\n<p style=\"text-align: left\"><span style=\"font-size: 14pt;color: #0000ff\" data-darkreader-inline-color=\"\"><strong>Bolsistas e Volunt\u00e1rios<\/strong><\/span><\/p>\n<div class=\"wp-block-image\" style=\"text-align: left\"><img loading=\"lazy\" decoding=\"async\" class=\"wp-image-164 alignleft\" src=\"https:\/\/www3.unicentro.br\/centrodeescritaacademica\/wp-content\/uploads\/sites\/133\/2023\/06\/Equipe-certa-1.jpg\" alt=\"\" width=\"160\" height=\"160\" srcset=\"https:\/\/www3.unicentro.br\/centrodeescritaacademica\/wp-content\/uploads\/sites\/133\/2023\/06\/Equipe-certa-1.jpg 1080w, https:\/\/www3.unicentro.br\/centrodeescritaacademica\/wp-content\/uploads\/sites\/133\/2023\/06\/Equipe-certa-1-768x768.jpg 768w, https:\/\/www3.unicentro.br\/centrodeescritaacademica\/wp-content\/uploads\/sites\/133\/2023\/06\/Equipe-certa-1-50x50.jpg 50w, https:\/\/www3.unicentro.br\/centrodeescritaacademica\/wp-content\/uploads\/sites\/133\/2023\/06\/Equipe-certa-1-80x80.jpg 80w, https:\/\/www3.unicentro.br\/centrodeescritaacademica\/wp-content\/uploads\/sites\/133\/2023\/06\/Equipe-certa-1-263x263.jpg 263w, https:\/\/www3.unicentro.br\/centrodeescritaacademica\/wp-content\/uploads\/sites\/133\/2023\/06\/Equipe-certa-1-100x100.jpg 100w, https:\/\/www3.unicentro.br\/centrodeescritaacademica\/wp-content\/uploads\/sites\/133\/2023\/06\/Equipe-certa-1-526x526.jpg 526w, https:\/\/www3.unicentro.br\/centrodeescritaacademica\/wp-content\/uploads\/sites\/133\/2023\/06\/Equipe-certa-1-255x255.jpg 255w\" sizes=\"auto, (max-width: 160px) 100vw, 160px\" \/><\/div>\n<div style=\"text-align: left\"><strong><span style=\"font-size: 14pt\">Jo\u00e3o Tiago Gaspar Cozechen<\/span><\/strong><\/div>\n<div style=\"text-align: left\">Licenciado em Letras Ingl\u00eas e Literaturas de L\u00edngua Inglesa (Unicentro). Mestrando do PPGL (Unicentro). Bolsista graduado do CERTA, membro fundador do programa. Sempre teve interesse em tradu\u00e7\u00e3o e revis\u00e3o. Adora literatura e cinema.<\/div>\n<p>&nbsp;<\/p>\n<p>&nbsp;<\/p>\n<p>&nbsp;<\/p>\n<div style=\"text-align: left\"><\/div>\n<div><\/div>\n<p>&nbsp;<\/p>\n<div style=\"text-align: left\">\n<div class=\"wp-block-image\"><img loading=\"lazy\" decoding=\"async\" class=\"alignleft wp-image-166\" src=\"https:\/\/www3.unicentro.br\/centrodeescritaacademica\/wp-content\/uploads\/sites\/133\/2023\/06\/Equipe-certa-4.jpg\" alt=\"\" width=\"160\" height=\"160\" srcset=\"https:\/\/www3.unicentro.br\/centrodeescritaacademica\/wp-content\/uploads\/sites\/133\/2023\/06\/Equipe-certa-4.jpg 1080w, https:\/\/www3.unicentro.br\/centrodeescritaacademica\/wp-content\/uploads\/sites\/133\/2023\/06\/Equipe-certa-4-768x768.jpg 768w, https:\/\/www3.unicentro.br\/centrodeescritaacademica\/wp-content\/uploads\/sites\/133\/2023\/06\/Equipe-certa-4-50x50.jpg 50w, https:\/\/www3.unicentro.br\/centrodeescritaacademica\/wp-content\/uploads\/sites\/133\/2023\/06\/Equipe-certa-4-80x80.jpg 80w, https:\/\/www3.unicentro.br\/centrodeescritaacademica\/wp-content\/uploads\/sites\/133\/2023\/06\/Equipe-certa-4-263x263.jpg 263w, https:\/\/www3.unicentro.br\/centrodeescritaacademica\/wp-content\/uploads\/sites\/133\/2023\/06\/Equipe-certa-4-100x100.jpg 100w, https:\/\/www3.unicentro.br\/centrodeescritaacademica\/wp-content\/uploads\/sites\/133\/2023\/06\/Equipe-certa-4-526x526.jpg 526w, https:\/\/www3.unicentro.br\/centrodeescritaacademica\/wp-content\/uploads\/sites\/133\/2023\/06\/Equipe-certa-4-255x255.jpg 255w\" sizes=\"auto, (max-width: 160px) 100vw, 160px\" \/><strong><span style=\"font-size: 14pt\">Marcos Angel Eing<\/span><\/strong><\/div>\n<div class=\"wp-block-image\">Graduando em Letras Ingl\u00eas pela Unicentro e membro fundador do CERTA. Al\u00e9m de tradu\u00e7\u00e3o e revis\u00e3o acad\u00eamica, trabalha com design gr\u00e1fico e game dev. Aficionado por gatos e podcasts.<\/div>\n<\/div>\n<p>&nbsp;<\/p>\n<p>&nbsp;<\/p>\n<p>&nbsp;<\/p>\n<div style=\"text-align: left\"><\/div>\n<div><\/div>\n<p>&nbsp;<\/p>\n<div style=\"text-align: left\">\n<div class=\"wp-block-image\"><img loading=\"lazy\" decoding=\"async\" class=\"wp-image-171 alignleft\" src=\"https:\/\/www3.unicentro.br\/centrodeescritaacademica\/wp-content\/uploads\/sites\/133\/2023\/06\/Equipe-certa-6.jpg\" alt=\"\" width=\"160\" height=\"160\" srcset=\"https:\/\/www3.unicentro.br\/centrodeescritaacademica\/wp-content\/uploads\/sites\/133\/2023\/06\/Equipe-certa-6.jpg 1080w, https:\/\/www3.unicentro.br\/centrodeescritaacademica\/wp-content\/uploads\/sites\/133\/2023\/06\/Equipe-certa-6-768x768.jpg 768w, https:\/\/www3.unicentro.br\/centrodeescritaacademica\/wp-content\/uploads\/sites\/133\/2023\/06\/Equipe-certa-6-50x50.jpg 50w, https:\/\/www3.unicentro.br\/centrodeescritaacademica\/wp-content\/uploads\/sites\/133\/2023\/06\/Equipe-certa-6-80x80.jpg 80w, https:\/\/www3.unicentro.br\/centrodeescritaacademica\/wp-content\/uploads\/sites\/133\/2023\/06\/Equipe-certa-6-263x263.jpg 263w, https:\/\/www3.unicentro.br\/centrodeescritaacademica\/wp-content\/uploads\/sites\/133\/2023\/06\/Equipe-certa-6-100x100.jpg 100w, https:\/\/www3.unicentro.br\/centrodeescritaacademica\/wp-content\/uploads\/sites\/133\/2023\/06\/Equipe-certa-6-526x526.jpg 526w, https:\/\/www3.unicentro.br\/centrodeescritaacademica\/wp-content\/uploads\/sites\/133\/2023\/06\/Equipe-certa-6-255x255.jpg 255w\" sizes=\"auto, (max-width: 160px) 100vw, 160px\" \/><\/div>\n<\/div>\n<div style=\"text-align: left\"><strong><span style=\"font-size: 14pt\">Leonardo Schimiloski<\/span><\/strong><\/div>\n<div>Estudante de Letras da Unicentro e membro do CERTA, procura seguir carreira de tradu\u00e7\u00e3o acad\u00eamica.<\/div>\n<p>&nbsp;<\/p>\n<p>&nbsp;<\/p>\n<p>&nbsp;<\/p>\n<div style=\"text-align: left\"><\/div>\n<div><\/div>\n<p>&nbsp;<\/p>\n<div style=\"text-align: left\">\n<div><img loading=\"lazy\" decoding=\"async\" class=\"wp-image-165 alignleft\" src=\"https:\/\/www3.unicentro.br\/centrodeescritaacademica\/wp-content\/uploads\/sites\/133\/2023\/06\/Equipe-certa-3.jpg\" alt=\"\" width=\"160\" height=\"160\" srcset=\"https:\/\/www3.unicentro.br\/centrodeescritaacademica\/wp-content\/uploads\/sites\/133\/2023\/06\/Equipe-certa-3.jpg 1080w, https:\/\/www3.unicentro.br\/centrodeescritaacademica\/wp-content\/uploads\/sites\/133\/2023\/06\/Equipe-certa-3-768x768.jpg 768w, https:\/\/www3.unicentro.br\/centrodeescritaacademica\/wp-content\/uploads\/sites\/133\/2023\/06\/Equipe-certa-3-50x50.jpg 50w, https:\/\/www3.unicentro.br\/centrodeescritaacademica\/wp-content\/uploads\/sites\/133\/2023\/06\/Equipe-certa-3-80x80.jpg 80w, https:\/\/www3.unicentro.br\/centrodeescritaacademica\/wp-content\/uploads\/sites\/133\/2023\/06\/Equipe-certa-3-263x263.jpg 263w, https:\/\/www3.unicentro.br\/centrodeescritaacademica\/wp-content\/uploads\/sites\/133\/2023\/06\/Equipe-certa-3-100x100.jpg 100w, https:\/\/www3.unicentro.br\/centrodeescritaacademica\/wp-content\/uploads\/sites\/133\/2023\/06\/Equipe-certa-3-526x526.jpg 526w, https:\/\/www3.unicentro.br\/centrodeescritaacademica\/wp-content\/uploads\/sites\/133\/2023\/06\/Equipe-certa-3-255x255.jpg 255w\" sizes=\"auto, (max-width: 160px) 100vw, 160px\" \/><\/div>\n<\/div>\n<div style=\"text-align: left\"><\/div>\n<div>\n<div style=\"text-align: left\"><strong><span style=\"font-size: 14pt\">Elaine Lustosa<\/span><\/strong><\/div>\n<div style=\"text-align: left\">Graduada em Letras Ingl\u00eas pela Unicentro; mestranda no PPGL e atualmente trabalha como professora em uma escola de idiomas. Participa do CERTA desde o in\u00edcio de 2023 como volunt\u00e1ria, alimentando seu interesse pela tradu\u00e7\u00e3o e produ\u00e7\u00f5es acad\u00eamicas.<\/div>\n<\/div>\n<p>&nbsp;<\/p>\n<p>&nbsp;<\/p>\n<p>&nbsp;<\/p>\n<div style=\"text-align: left\"><\/div>\n<div><\/div>\n<p>&nbsp;<\/p>\n<p><img loading=\"lazy\" decoding=\"async\" class=\"alignleft wp-image-224\" src=\"https:\/\/www3.unicentro.br\/centrodeescritaacademica\/wp-content\/uploads\/sites\/133\/2023\/08\/ethan-1.jpg\" alt=\"\" width=\"160\" height=\"172\" srcset=\"https:\/\/www3.unicentro.br\/centrodeescritaacademica\/wp-content\/uploads\/sites\/133\/2023\/08\/ethan-1.jpg 1080w, https:\/\/www3.unicentro.br\/centrodeescritaacademica\/wp-content\/uploads\/sites\/133\/2023\/08\/ethan-1-768x827.jpg 768w, https:\/\/www3.unicentro.br\/centrodeescritaacademica\/wp-content\/uploads\/sites\/133\/2023\/08\/ethan-1-255x275.jpg 255w\" sizes=\"auto, (max-width: 160px) 100vw, 160px\" \/><\/p>\n<div>\n<div class=\"wp-block-image\"><strong><span style=\"font-size: 14pt\">Ethan A. de Senna<\/span><\/strong><\/div>\n<p>Graduando de Letras Ingl\u00eas pela Unicentro e escritor de hist\u00f3rias com conte\u00fados ca\u00f3ticos com grande interesse na \u00e1rea de tradu\u00e7\u00e3o e revis\u00e3o.<\/p>\n<p>&nbsp;<\/p>\n<p>&nbsp;<\/p>\n<\/div>\n<p>&nbsp;<\/p>\n<p>&nbsp;<\/p>\n<p>&nbsp;<\/p>\n<div style=\"text-align: left\"><\/div>\n<div><\/div>\n<p>&nbsp;<\/p>\n<p><img loading=\"lazy\" decoding=\"async\" class=\"alignleft wp-image-221\" src=\"https:\/\/www3.unicentro.br\/centrodeescritaacademica\/wp-content\/uploads\/sites\/133\/2023\/08\/wyniker.jpg\" alt=\"\" width=\"160\" height=\"159\" srcset=\"https:\/\/www3.unicentro.br\/centrodeescritaacademica\/wp-content\/uploads\/sites\/133\/2023\/08\/wyniker.jpg 1207w, https:\/\/www3.unicentro.br\/centrodeescritaacademica\/wp-content\/uploads\/sites\/133\/2023\/08\/wyniker-768x764.jpg 768w, https:\/\/www3.unicentro.br\/centrodeescritaacademica\/wp-content\/uploads\/sites\/133\/2023\/08\/wyniker-50x50.jpg 50w, https:\/\/www3.unicentro.br\/centrodeescritaacademica\/wp-content\/uploads\/sites\/133\/2023\/08\/wyniker-80x80.jpg 80w, https:\/\/www3.unicentro.br\/centrodeescritaacademica\/wp-content\/uploads\/sites\/133\/2023\/08\/wyniker-263x263.jpg 263w, https:\/\/www3.unicentro.br\/centrodeescritaacademica\/wp-content\/uploads\/sites\/133\/2023\/08\/wyniker-100x100.jpg 100w, https:\/\/www3.unicentro.br\/centrodeescritaacademica\/wp-content\/uploads\/sites\/133\/2023\/08\/wyniker-526x526.jpg 526w, https:\/\/www3.unicentro.br\/centrodeescritaacademica\/wp-content\/uploads\/sites\/133\/2023\/08\/wyniker-255x254.jpg 255w\" sizes=\"auto, (max-width: 160px) 100vw, 160px\" \/><\/p>\n<div>\n<p><strong><span style=\"font-size: 14pt\">Wynike Domingues Kraus de Deus<\/span><\/strong><\/p>\n<p>Acad\u00eamico de Letras Ingl\u00eas na Unicentro, membro do CERTA e fascinado por pesquisa cient\u00edfica.<\/p>\n<p>&nbsp;<\/p>\n<\/div>\n<p>&nbsp;<\/p>\n<p>&nbsp;<\/p>\n<p>&nbsp;<\/p>\n<p>&nbsp;<\/p>\n<p>&nbsp;<\/p>\n<p>&nbsp;<\/p>\n<p><img loading=\"lazy\" decoding=\"async\" class=\"alignleft wp-image-221\" src=\"https:\/\/www3.unicentro.br\/centrodeescritaacademica\/wp-content\/uploads\/sites\/133\/2024\/04\/Mirian.jpeg\" alt=\"\" width=\"160\" height=\"159\" \/><\/p>\n<div>\n<p><strong><span style=\"font-size: 14pt\">Mirian Camile<\/span><\/strong><\/p>\n<p>Graduanda em Pedagogia pela Unicentro, membro do CERTA, professora de ingl\u00eas e aficcionada por literatura e cinema.<\/p>\n<p>&nbsp;<\/p>\n<\/div>\n<p>&nbsp;<\/p>\n<p>&nbsp;<\/p>\n<p>&nbsp;<\/p>\n<p>&nbsp;<\/p>\n<p>&nbsp;<\/p>\n<p>&nbsp;<\/p>\n<p><img loading=\"lazy\" decoding=\"async\" class=\"alignleft wp-image-221\" src=\"https:\/\/www3.unicentro.br\/centrodeescritaacademica\/wp-content\/uploads\/sites\/133\/2024\/04\/Kayla.jpeg\" alt=\"\" width=\"160\" height=\"159\" \/><\/p>\n<div>\n<p><strong><span style=\"font-size: 14pt\">Kayla Lima<\/span><\/strong><\/p>\n<p>Atualmente graduanda em Jornalismo (Unicentro). Sempre teve interesse por conhecer novas l\u00ednguas e culturas, j\u00e1 trabalhou como professora de ingl\u00eas e dentro do CERTA, descobriu um novo interesse na tradu\u00e7\u00e3o e revis\u00e3o.<\/p>\n<p>&nbsp;<\/p>\n<\/div>\n<p>&nbsp;<\/p>\n<p>&nbsp;<\/p>\n<p>&nbsp;<\/p>\n<p>&nbsp;<\/p>\n<p>&nbsp;<\/p>\n<p>&nbsp;<\/p>\n<p><img loading=\"lazy\" decoding=\"async\" class=\"alignleft wp-image-221\" src=\"https:\/\/www3.unicentro.br\/centrodeescritaacademica\/wp-content\/uploads\/sites\/133\/2024\/04\/Ana-G.jpeg\" alt=\"\" width=\"160\" height=\"159\" \/><\/p>\n<div>\n<p><strong><span style=\"font-size: 14pt\">Ana G. Neves<\/span><\/strong><\/p>\n<p>Graduanda em Letras Ingl\u00eas pela Unicentro. Apaixonada por mangas, animes e pela cultura asi\u00e1tica. Almeja trabalhar com tradu\u00e7\u00e3o audiovisual.<\/p>\n<\/div>\n<p>&nbsp;<\/p>\n<p>&nbsp;<\/p>\n<p>&nbsp;<\/p>\n<p>&nbsp;<\/p>\n<p>&nbsp;<\/p>\n<p>&nbsp;<\/p>\n<p>&nbsp;<\/p>\n<p><img loading=\"lazy\" decoding=\"async\" class=\"alignleft wp-image-221\" src=\"https:\/\/www3.unicentro.br\/centrodeescritaacademica\/wp-content\/uploads\/sites\/133\/2024\/04\/Matheus.jpeg\" alt=\"\" width=\"160\" height=\"159\" \/><\/p>\n<div>\n<p><strong><span style=\"font-size: 14pt\">Matheus Brandani<\/span><\/strong><\/p>\n<p>Acad\u00eamico da Unicentro, membro do CERTA.<\/p>\n<p>&nbsp;<\/p>\n<\/div>\n<div>\n<p>&nbsp;<\/p>\n<p>&nbsp;<\/p>\n<\/div>\n<div>\n<p>&nbsp;<\/p>\n<p>[\/vc_column_text][\/vc_column][\/vc_row]<\/p>\n<\/div>\n<\/div>","protected":false},"excerpt":{"rendered":"<p>[vc_row][vc_column][vc_column_text] A equipe do Certa \u00e9 composta por uma coordenadora e por bolsistas e volunt\u00e1rios. A coordenadora \u00e9 respons\u00e1vel pela sele\u00e7\u00e3o e gest\u00e3o dos demais membros, al\u00e9m de auxiliar tamb\u00e9m em todas as iniciativas e produ\u00e7\u00f5es. Os outros membros s\u00e3o respons\u00e1veis, principalmente, pela tradu\u00e7\u00e3o e revis\u00e3o de artigos cient\u00edficos. Coordenadora Ana Raquel F.F. Campos Doutora [&hellip;]<\/p>\n","protected":false},"author":454,"featured_media":0,"parent":18,"menu_order":0,"comment_status":"closed","ping_status":"closed","template":"","meta":{"_exactmetrics_skip_tracking":false,"_exactmetrics_sitenote_active":false,"_exactmetrics_sitenote_note":"","_exactmetrics_sitenote_category":0,"footnotes":"","_links_to":"","_links_to_target":""},"class_list":["post-153","page","type-page","status-publish","hentry"],"_links":{"self":[{"href":"https:\/\/www3.unicentro.br\/centrodeescritaacademica\/wp-json\/wp\/v2\/pages\/153","targetHints":{"allow":["GET"]}}],"collection":[{"href":"https:\/\/www3.unicentro.br\/centrodeescritaacademica\/wp-json\/wp\/v2\/pages"}],"about":[{"href":"https:\/\/www3.unicentro.br\/centrodeescritaacademica\/wp-json\/wp\/v2\/types\/page"}],"author":[{"embeddable":true,"href":"https:\/\/www3.unicentro.br\/centrodeescritaacademica\/wp-json\/wp\/v2\/users\/454"}],"replies":[{"embeddable":true,"href":"https:\/\/www3.unicentro.br\/centrodeescritaacademica\/wp-json\/wp\/v2\/comments?post=153"}],"version-history":[{"count":2,"href":"https:\/\/www3.unicentro.br\/centrodeescritaacademica\/wp-json\/wp\/v2\/pages\/153\/revisions"}],"predecessor-version":[{"id":367,"href":"https:\/\/www3.unicentro.br\/centrodeescritaacademica\/wp-json\/wp\/v2\/pages\/153\/revisions\/367"}],"up":[{"embeddable":true,"href":"https:\/\/www3.unicentro.br\/centrodeescritaacademica\/wp-json\/wp\/v2\/pages\/18"}],"wp:attachment":[{"href":"https:\/\/www3.unicentro.br\/centrodeescritaacademica\/wp-json\/wp\/v2\/media?parent=153"}],"curies":[{"name":"wp","href":"https:\/\/api.w.org\/{rel}","templated":true}]}}