{"id":915,"date":"2026-02-21T16:09:20","date_gmt":"2026-02-21T19:09:20","guid":{"rendered":"https:\/\/www3.unicentro.br\/cedoci\/?page_id=915"},"modified":"2026-03-10T11:26:21","modified_gmt":"2026-03-10T14:26:21","slug":"reproducao-de-documentos","status":"publish","type":"page","link":"https:\/\/www3.unicentro.br\/cedoci\/reproducao-de-documentos\/","title":{"rendered":"Reprodu\u00e7\u00e3o de Documentos"},"content":{"rendered":"<div class=\"wpb-content-wrapper\"><p>[vc_row][vc_column][vc_column_text css_animation=&#8221;fadeIn&#8221; css=&#8221;&#8221;]<\/p>\n<p data-start=\"0\" data-end=\"325\">O pesquisador que desejar reproduzir documentos pertencentes ao acervo do CEDOC\/I dever\u00e1 formalizar sua solicita\u00e7\u00e3o junto \u00e0 equipe t\u00e9cnica, por e-mail ou presencialmente. A reprodu\u00e7\u00e3o observar\u00e1 as diretrizes nacionais aplic\u00e1veis e os limites relativos aos direitos autorais previstos na <span class=\"hover:entity-accent entity-underline inline cursor-pointer align-baseline\"><span class=\"whitespace-normal\">Lei n\u00ba 9.610<\/span><\/span>.<\/p>\n<p data-start=\"327\" data-end=\"724\">Ap\u00f3s o recebimento da solicita\u00e7\u00e3o, o pedido ser\u00e1 inserido na fila de digitaliza\u00e7\u00e3o. Conclu\u00eddo o procedimento, ser\u00e1 encaminhado ao solicitante um link para acesso \u00e0 pasta em nuvem (Google Drive), que permanecer\u00e1 dispon\u00edvel pelo prazo de 30 dias a contar da data de envio. Recomenda-se o download dos arquivos dentro desse per\u00edodo, pois o conte\u00fado ser\u00e1 removido ap\u00f3s o t\u00e9rmino do prazo estabelecido.<\/p>\n<p data-start=\"726\" data-end=\"1188\">Ao formalizar o pedido, o pesquisador compromete-se a atribuir os devidos cr\u00e9ditos ao Centro de Documenta\u00e7\u00e3o e Mem\u00f3ria da Unicentro de Irati (CEDOC\/I) em qualquer forma de utiliza\u00e7\u00e3o do material, bem como declara estar ciente das implica\u00e7\u00f5es legais relativas \u00e0 divulga\u00e7\u00e3o das informa\u00e7\u00f5es. Declara, ainda, a plena e irrestrita isen\u00e7\u00e3o de responsabilidade da Universidade Estadual do Centro-Oeste e do CEDOC\/I quanto ao uso posterior dos documentos reproduzidos.<\/p>\n<p data-start=\"1190\" data-end=\"1245\" data-is-last-node=\"\" data-is-only-node=\"\">Todas as solicita\u00e7\u00f5es ser\u00e3o analisadas individualmente. O termo de responsabilidade dever\u00e1 ser encaminhado devidamente assinado no momento da solicita\u00e7\u00e3o, acompanhado da listagem detalhada da documenta\u00e7\u00e3o pretendida.<\/p>\n<p data-start=\"1190\" data-end=\"1245\" data-is-last-node=\"\" data-is-only-node=\"\">E-mail: <a href=\"mailto:cedoc_irati@unicentro.br\">cedoc_irati@unicentro.br<\/a><\/p>\n<p data-start=\"1190\" data-end=\"1245\" data-is-last-node=\"\" data-is-only-node=\"\"><strong><a href=\"https:\/\/drive.google.com\/file\/d\/1RjkRMpWZhqo7R-fzaR34jzaFUBImBLSA\/view?usp=sharing\">Termo de Responsabilidade<\/a><\/strong><\/p>\n<p data-start=\"1190\" data-end=\"1245\" data-is-last-node=\"\" data-is-only-node=\"\"><strong><a href=\"https:\/\/www3.unicentro.br\/cedoci\/wp-content\/uploads\/sites\/56\/2026\/03\/Listagem-da-documentacao-solicitada.docx\">Listagem da documenta\u00e7\u00e3o solicitada<\/a><\/strong><\/p>\n<p>[\/vc_column_text][\/vc_column][\/vc_row]<\/p>\n<\/div>","protected":false},"excerpt":{"rendered":"<p>[vc_row][vc_column][vc_column_text css_animation=&#8221;fadeIn&#8221; css=&#8221;&#8221;] O pesquisador que desejar reproduzir documentos pertencentes ao acervo do CEDOC\/I dever\u00e1 formalizar sua solicita\u00e7\u00e3o junto \u00e0 equipe t\u00e9cnica, por e-mail ou presencialmente. A reprodu\u00e7\u00e3o observar\u00e1 as diretrizes nacionais aplic\u00e1veis e os limites relativos aos direitos autorais previstos na Lei n\u00ba 9.610. Ap\u00f3s o recebimento da solicita\u00e7\u00e3o, o pedido ser\u00e1 inserido na [&hellip;]<\/p>\n","protected":false},"author":750,"featured_media":0,"parent":0,"menu_order":0,"comment_status":"closed","ping_status":"closed","template":"","meta":{"_exactmetrics_skip_tracking":false,"_exactmetrics_sitenote_active":false,"_exactmetrics_sitenote_note":"","_exactmetrics_sitenote_category":0,"footnotes":"","_links_to":"","_links_to_target":""},"class_list":["post-915","page","type-page","status-publish","hentry"],"_links":{"self":[{"href":"https:\/\/www3.unicentro.br\/cedoci\/wp-json\/wp\/v2\/pages\/915","targetHints":{"allow":["GET"]}}],"collection":[{"href":"https:\/\/www3.unicentro.br\/cedoci\/wp-json\/wp\/v2\/pages"}],"about":[{"href":"https:\/\/www3.unicentro.br\/cedoci\/wp-json\/wp\/v2\/types\/page"}],"author":[{"embeddable":true,"href":"https:\/\/www3.unicentro.br\/cedoci\/wp-json\/wp\/v2\/users\/750"}],"replies":[{"embeddable":true,"href":"https:\/\/www3.unicentro.br\/cedoci\/wp-json\/wp\/v2\/comments?post=915"}],"version-history":[{"count":3,"href":"https:\/\/www3.unicentro.br\/cedoci\/wp-json\/wp\/v2\/pages\/915\/revisions"}],"predecessor-version":[{"id":992,"href":"https:\/\/www3.unicentro.br\/cedoci\/wp-json\/wp\/v2\/pages\/915\/revisions\/992"}],"wp:attachment":[{"href":"https:\/\/www3.unicentro.br\/cedoci\/wp-json\/wp\/v2\/media?parent=915"}],"curies":[{"name":"wp","href":"https:\/\/api.w.org\/{rel}","templated":true}]}}