{"id":910,"date":"2026-02-21T15:28:41","date_gmt":"2026-02-21T18:28:41","guid":{"rendered":"https:\/\/www3.unicentro.br\/cedoci\/?page_id=910"},"modified":"2026-02-27T11:49:59","modified_gmt":"2026-02-27T14:49:59","slug":"servicos","status":"publish","type":"page","link":"https:\/\/www3.unicentro.br\/cedoci\/servicos\/","title":{"rendered":"Atendimento Presencial"},"content":{"rendered":"<div class=\"wpb-content-wrapper\"><p>[vc_row][vc_column][vc_column_text css_animation=&#8221;fadeIn&#8221; css=&#8221;&#8221;]<\/p>\n<p data-start=\"0\" data-end=\"248\">O atendimento ao p\u00fablico ocorre na Sala de Pesquisa do CEDOC\/I, espa\u00e7o destinado \u00e0 consulta presencial do acervo. Nesse ambiente, o pesquisador pode requerer os documentos de seu interesse e proceder \u00e0 sua an\u00e1lise conforme as normas institucionais.<\/p>\n<p data-start=\"250\" data-end=\"496\">A equipe t\u00e9cnica presta assessoramento quanto \u00e0 organiza\u00e7\u00e3o do acervo e aos instrumentos dispon\u00edveis para pesquisa al\u00e9m de orientar sobre os procedimentos adequados para acesso e manuseio da documenta\u00e7\u00e3o.<\/p>\n<p data-start=\"250\" data-end=\"496\">Por meio da Sala de Pesquisas s\u00e3o encaminhados ainda os pedidos de <strong>reprodu\u00e7\u00e3o de documentos de nosso acervo<\/strong>\u00a0\u00e0 unidade respons\u00e1vel, respeitando os\u00a0<strong>limites impostos pela legisla\u00e7\u00e3o de direitos autorais<\/strong>\u00a0(<a href=\"http:\/\/www.planalto.gov.br\/ccivil_03\/leis\/l9610.htm\" target=\"_blank\" rel=\"noreferrer noopener\" data-type=\"URL\" data-id=\"http:\/\/www.planalto.gov.br\/ccivil_03\/leis\/l9610.htm\">Lei n\u00ba 9.610<\/a>, de 19 de fevereiro de 1998).<\/p>\n<p data-start=\"250\" data-end=\"496\">D\u00favidas e solicita\u00e7\u00f5es de agendamento devem ser encaminhadas exclusivamente pelo e-mail <strong data-start=\"88\" data-end=\"116\"><a class=\"decorated-link cursor-pointer\" rel=\"noopener\" data-start=\"90\" data-end=\"114\" data-is-only-node=\"\">cedoc_irati@unicentro.br<\/a><\/strong><\/p>\n<p>[\/vc_column_text][\/vc_column][\/vc_row]<\/p>\n<\/div>","protected":false},"excerpt":{"rendered":"<p>[vc_row][vc_column][vc_column_text css_animation=&#8221;fadeIn&#8221; css=&#8221;&#8221;] O atendimento ao p\u00fablico ocorre na Sala de Pesquisa do CEDOC\/I, espa\u00e7o destinado \u00e0 consulta presencial do acervo. Nesse ambiente, o pesquisador pode requerer os documentos de seu interesse e proceder \u00e0 sua an\u00e1lise conforme as normas institucionais. A equipe t\u00e9cnica presta assessoramento quanto \u00e0 organiza\u00e7\u00e3o do acervo e aos instrumentos dispon\u00edveis [&hellip;]<\/p>\n","protected":false},"author":750,"featured_media":0,"parent":0,"menu_order":0,"comment_status":"closed","ping_status":"closed","template":"","meta":{"_exactmetrics_skip_tracking":false,"_exactmetrics_sitenote_active":false,"_exactmetrics_sitenote_note":"","_exactmetrics_sitenote_category":0,"footnotes":"","_links_to":"","_links_to_target":""},"class_list":["post-910","page","type-page","status-publish","hentry"],"_links":{"self":[{"href":"https:\/\/www3.unicentro.br\/cedoci\/wp-json\/wp\/v2\/pages\/910","targetHints":{"allow":["GET"]}}],"collection":[{"href":"https:\/\/www3.unicentro.br\/cedoci\/wp-json\/wp\/v2\/pages"}],"about":[{"href":"https:\/\/www3.unicentro.br\/cedoci\/wp-json\/wp\/v2\/types\/page"}],"author":[{"embeddable":true,"href":"https:\/\/www3.unicentro.br\/cedoci\/wp-json\/wp\/v2\/users\/750"}],"replies":[{"embeddable":true,"href":"https:\/\/www3.unicentro.br\/cedoci\/wp-json\/wp\/v2\/comments?post=910"}],"version-history":[{"count":2,"href":"https:\/\/www3.unicentro.br\/cedoci\/wp-json\/wp\/v2\/pages\/910\/revisions"}],"predecessor-version":[{"id":963,"href":"https:\/\/www3.unicentro.br\/cedoci\/wp-json\/wp\/v2\/pages\/910\/revisions\/963"}],"wp:attachment":[{"href":"https:\/\/www3.unicentro.br\/cedoci\/wp-json\/wp\/v2\/media?parent=910"}],"curies":[{"name":"wp","href":"https:\/\/api.w.org\/{rel}","templated":true}]}}