{"id":888,"date":"2026-02-21T15:14:57","date_gmt":"2026-02-21T18:14:57","guid":{"rendered":"https:\/\/www3.unicentro.br\/cedoci\/?page_id=888"},"modified":"2026-03-16T13:59:40","modified_gmt":"2026-03-16T16:59:40","slug":"projetos-de-extensao","status":"publish","type":"page","link":"https:\/\/www3.unicentro.br\/cedoci\/projetos-de-extensao\/","title":{"rendered":"Projetos de Extens\u00e3o"},"content":{"rendered":"<div class=\"wpb-content-wrapper\"><p>[vc_row][vc_column css_animation=&#8221;fadeIn&#8221;][vc_column_text css=&#8221;&#8221;]<span style=\"font-family: 'Special Elite', serif;font-size: 14pt\">Em andamento<\/span><\/p>\n<p><a href=\"https:\/\/www3.unicentro.br\/cedoci\/o-cedoc-i-como-espaco-de-formacao-discente\/\"><strong>O CEDOC\/I Como Espa\u00e7o de Forma\u00e7\u00e3o Discente<\/strong><\/a><br \/>\n<strong><a href=\"https:\/\/www3.unicentro.br\/cedoci\/documentacao-e-memoria-da-associacao-assis-e-do-nucleo-regional-monge-joao-maria\/\">Documenta\u00e7\u00e3o e mem\u00f3ria da Associa\u00e7\u00e3o Assis e do N\u00facleo Regional Monge Jo\u00e3o Maria<\/a><\/strong><\/p>\n<p>&nbsp;<\/p>\n<p><span style=\"font-family: 'Special Elite', serif;font-size: 14pt\">Conclu\u00eddos<\/span><\/p>\n<p><a href=\"https:\/\/www3.unicentro.br\/cedoci\/promemoriairati\/\"><strong>Pr\u00f3 Mem\u00f3ria Irati<\/strong><\/a><br \/>\n<strong><a href=\"https:\/\/www3.unicentro.br\/cedoci\/repositorio-digital-brasil-ucrania-press-o-jornal-pracia-e-a-imigracao-ucraniana-no-brasil\/\">Reposit\u00f3rio Digital Brasil\/Ucr\u00e2nia PRESS \u2013 O jornal PR\u00c1CIA e a imigra\u00e7\u00e3o ucraniana no Brasil<\/a><\/strong>[\/vc_column_text][\/vc_column][\/vc_row]<\/p>\n<\/div>","protected":false},"excerpt":{"rendered":"<p>[vc_row][vc_column css_animation=&#8221;fadeIn&#8221;][vc_column_text css=&#8221;&#8221;]Em andamento O CEDOC\/I Como Espa\u00e7o de Forma\u00e7\u00e3o Discente Documenta\u00e7\u00e3o e mem\u00f3ria da Associa\u00e7\u00e3o Assis e do N\u00facleo Regional Monge Jo\u00e3o Maria &nbsp; Conclu\u00eddos Pr\u00f3 Mem\u00f3ria Irati Reposit\u00f3rio Digital Brasil\/Ucr\u00e2nia PRESS \u2013 O jornal PR\u00c1CIA e a imigra\u00e7\u00e3o ucraniana no Brasil[\/vc_column_text][\/vc_column][\/vc_row]<\/p>\n","protected":false},"author":750,"featured_media":0,"parent":0,"menu_order":0,"comment_status":"closed","ping_status":"closed","template":"","meta":{"_exactmetrics_skip_tracking":false,"_exactmetrics_sitenote_active":false,"_exactmetrics_sitenote_note":"","_exactmetrics_sitenote_category":0,"footnotes":"","_links_to":"","_links_to_target":""},"class_list":["post-888","page","type-page","status-publish","hentry"],"_links":{"self":[{"href":"https:\/\/www3.unicentro.br\/cedoci\/wp-json\/wp\/v2\/pages\/888","targetHints":{"allow":["GET"]}}],"collection":[{"href":"https:\/\/www3.unicentro.br\/cedoci\/wp-json\/wp\/v2\/pages"}],"about":[{"href":"https:\/\/www3.unicentro.br\/cedoci\/wp-json\/wp\/v2\/types\/page"}],"author":[{"embeddable":true,"href":"https:\/\/www3.unicentro.br\/cedoci\/wp-json\/wp\/v2\/users\/750"}],"replies":[{"embeddable":true,"href":"https:\/\/www3.unicentro.br\/cedoci\/wp-json\/wp\/v2\/comments?post=888"}],"version-history":[{"count":3,"href":"https:\/\/www3.unicentro.br\/cedoci\/wp-json\/wp\/v2\/pages\/888\/revisions"}],"predecessor-version":[{"id":1017,"href":"https:\/\/www3.unicentro.br\/cedoci\/wp-json\/wp\/v2\/pages\/888\/revisions\/1017"}],"wp:attachment":[{"href":"https:\/\/www3.unicentro.br\/cedoci\/wp-json\/wp\/v2\/media?parent=888"}],"curies":[{"name":"wp","href":"https:\/\/api.w.org\/{rel}","templated":true}]}}