{"id":885,"date":"2026-02-21T15:06:59","date_gmt":"2026-02-21T18:06:59","guid":{"rendered":"https:\/\/www3.unicentro.br\/cedoci\/?page_id=885"},"modified":"2026-02-27T12:10:01","modified_gmt":"2026-02-27T15:10:01","slug":"repositorio-digital-brasil-ucrania-press-o-jornal-pracia-e-a-imigracao-ucraniana-no-brasil","status":"publish","type":"page","link":"https:\/\/www3.unicentro.br\/cedoci\/repositorio-digital-brasil-ucrania-press-o-jornal-pracia-e-a-imigracao-ucraniana-no-brasil\/","title":{"rendered":"Reposit\u00f3rio Digital Brasil\/Ucr\u00e2nia PRESS \u2013 O jornal PR\u00c1CIA e a imigra\u00e7\u00e3o ucraniana no Brasil"},"content":{"rendered":"<div class=\"wpb-content-wrapper\"><p>[vc_row][vc_column css_animation=&#8221;fadeInLeft&#8221; width=&#8221;1\/5&#8243;][vc_single_image image=&#8221;886&#8243; img_size=&#8221;&#8221;][\/vc_column][vc_column css_animation=&#8221;fadeInRight&#8221; width=&#8221;4\/5&#8243;][vc_column_text css=&#8221;&#8221;]A Typographia Pr\u00e1cia, criada em 1912 pela Ordem S\u00e3o Bas\u00edlio Magno de Prudent\u00f3polis, foi respons\u00e1vel pela publica\u00e7\u00e3o do jornal Pr\u00e1cia, pelo Boletim Mission\u00e1rio Ucra\u00edno no Brasil e pelo almanaque religioso Pr\u00e1cia. Al\u00e9m disto, por meio de uma rede de compartilhamento de peri\u00f3dicos de l\u00edngua ucraniana, os padres basilianos foram respons\u00e1veis pela forma\u00e7\u00e3o de um acervo de jornais nesta l\u00edngua de diversos pa\u00edses, impressos por entidades cat\u00f3licas ortodoxas, associa\u00e7\u00f5es \u00e9tnicas ucranianas, grupos pol\u00edticos defensores da independ\u00eancia da Ucr\u00e2nia, associa\u00e7\u00f5es rurais e de professores, sediados nos Estados Unidos, Canad\u00e1, Argentina, Reino Unido, Alemanha e Ucr\u00e2nia, totalizando 14 t\u00edtulos num acervo de 18 metros lineares, do per\u00edodo de 1917 a 1984. Este conjunto faz parte do acervo do CEDOC\/I da Unicentro. Este projeto tem por objetivo formar um reposit\u00f3rio digital bil\u00edngue (ucraniano\/portugu\u00eas), intitulado Brasil\/Ucr\u00e2nia Press, com o intuito de dar amplo acesso no Brasil e no exterior a material selecionado e traduzido relacionado \u00e0 imigra\u00e7\u00e3o ucraniana no Brasil, presente no peri\u00f3dico Pr\u00e1cia, entre 1912 e 1922 (Fase 1); 1923-1945 (Fase 2).<\/p>\n<p>&nbsp;<\/p>\n<p>PARCERIAS:<\/p>\n<ul>\n<li style=\"list-style-type: none\">\n<ul>\n<li>FASBAM \u2013 Faculdade S\u00e3o Bas\u00edlio Magno, Curitiba-PR<\/li>\n<li>UFPR \u2013 Laborat\u00f3rio de Digitaliza\u00e7\u00e3o<\/li>\n<li>Prefeitura de Prudent\u00f3polis-PR<\/li>\n<\/ul>\n<\/li>\n<\/ul>\n<p>[\/vc_column_text][\/vc_column][\/vc_row][vc_row][vc_column][vc_separator style=&#8221;shadow&#8221;][\/vc_column][\/vc_row]<\/p>\n<\/div>","protected":false},"excerpt":{"rendered":"<p>[vc_row][vc_column css_animation=&#8221;fadeInLeft&#8221; width=&#8221;1\/5&#8243;][vc_single_image image=&#8221;886&#8243; img_size=&#8221;&#8221;][\/vc_column][vc_column css_animation=&#8221;fadeInRight&#8221; width=&#8221;4\/5&#8243;][vc_column_text css=&#8221;&#8221;]A Typographia Pr\u00e1cia, criada em 1912 pela Ordem S\u00e3o Bas\u00edlio Magno de Prudent\u00f3polis, foi respons\u00e1vel pela publica\u00e7\u00e3o do jornal Pr\u00e1cia, pelo Boletim Mission\u00e1rio Ucra\u00edno no Brasil e pelo almanaque religioso Pr\u00e1cia. Al\u00e9m disto, por meio de uma rede de compartilhamento de peri\u00f3dicos de l\u00edngua ucraniana, os padres basilianos [&hellip;]<\/p>\n","protected":false},"author":750,"featured_media":0,"parent":0,"menu_order":0,"comment_status":"closed","ping_status":"closed","template":"","meta":{"_exactmetrics_skip_tracking":false,"_exactmetrics_sitenote_active":false,"_exactmetrics_sitenote_note":"","_exactmetrics_sitenote_category":0,"footnotes":"","_links_to":"","_links_to_target":""},"class_list":["post-885","page","type-page","status-publish","hentry"],"_links":{"self":[{"href":"https:\/\/www3.unicentro.br\/cedoci\/wp-json\/wp\/v2\/pages\/885","targetHints":{"allow":["GET"]}}],"collection":[{"href":"https:\/\/www3.unicentro.br\/cedoci\/wp-json\/wp\/v2\/pages"}],"about":[{"href":"https:\/\/www3.unicentro.br\/cedoci\/wp-json\/wp\/v2\/types\/page"}],"author":[{"embeddable":true,"href":"https:\/\/www3.unicentro.br\/cedoci\/wp-json\/wp\/v2\/users\/750"}],"replies":[{"embeddable":true,"href":"https:\/\/www3.unicentro.br\/cedoci\/wp-json\/wp\/v2\/comments?post=885"}],"version-history":[{"count":2,"href":"https:\/\/www3.unicentro.br\/cedoci\/wp-json\/wp\/v2\/pages\/885\/revisions"}],"predecessor-version":[{"id":972,"href":"https:\/\/www3.unicentro.br\/cedoci\/wp-json\/wp\/v2\/pages\/885\/revisions\/972"}],"wp:attachment":[{"href":"https:\/\/www3.unicentro.br\/cedoci\/wp-json\/wp\/v2\/media?parent=885"}],"curies":[{"name":"wp","href":"https:\/\/api.w.org\/{rel}","templated":true}]}}