{"id":878,"date":"2026-02-21T15:01:27","date_gmt":"2026-02-21T18:01:27","guid":{"rendered":"https:\/\/www3.unicentro.br\/cedoci\/?page_id=878"},"modified":"2026-02-27T11:52:56","modified_gmt":"2026-02-27T14:52:56","slug":"promemoriairati","status":"publish","type":"page","link":"https:\/\/www3.unicentro.br\/cedoci\/promemoriairati\/","title":{"rendered":"Pr\u00f3 Mem\u00f3ria Irati"},"content":{"rendered":"<div class=\"wpb-content-wrapper\"><p>[vc_row][vc_column width=&#8221;1\/5&#8243;][vc_single_image image=&#8221;708&#8243; img_size=&#8221;&#8221; css_animation=&#8221;fadeInLeft&#8221; css=&#8221;&#8221;][\/vc_column][vc_column width=&#8221;4\/5&#8243;][vc_column_text css_animation=&#8221;fadeInRight&#8221; css=&#8221;&#8221;]Trata-se de uma a\u00e7\u00e3o de extens\u00e3o voltada \u00e0 organiza\u00e7\u00e3o do Concurso Pr\u00f3-Mem\u00f3ria de Irati, cujo principal objetivo \u00e9 estimular a escrita sobre a hist\u00f3ria local entre estudantes do ensino m\u00e9dio de escolas p\u00fablicas. O projeto prev\u00ea a realiza\u00e7\u00e3o de oficinas sobre fontes hist\u00f3ricas da educa\u00e7\u00e3o em Irati, utilizando fotografias e outros documentos do acervo do CEDOC, nas escolas participantes. Al\u00e9m disso, promove um concurso de reda\u00e7\u00f5es centrado na hist\u00f3ria da educa\u00e7\u00e3o no munic\u00edpio e no protagonismo das mulheres nesse contexto.<\/p>\n<p><span style=\"color: #993300\"><strong><span style=\"font-family: 'Special Elite', serif;font-size: 12pt\">Per\u00edodo de Execu\u00e7\u00e3o: 22\/04\/2024 a 10\/12\/2024 (Finalizado)<\/span><\/strong><\/span><\/p>\n<p><strong><span style=\"font-family: 'Special Elite', serif;font-size: 12pt\">Parcerias:<\/span><\/strong><\/p>\n<p>ALACS \u2013 Academia de Letras, Artes e Ci\u00eancias do Centro-Sul do Paran\u00e1<br \/>\nNRE\/I \u2013 N\u00facleo Regional de Educa\u00e7\u00e3o de Irati.<\/p>\n<p><span style=\"font-family: 'Special Elite', serif;font-size: 12pt\">Coordenadores:\u00a0<\/span><\/p>\n<p>Prof. Dra. M\u00e9ri Frotscher<br \/>\nProf. Dr. Jo\u00e3o Carlos Corso<\/p>\n<p><span style=\"font-family: 'Special Elite', serif;font-size: 12pt\">Coordenador pedag\u00f3gico:<\/span><\/p>\n<p>Prof. Dr. Rhuan Targino Zaleski Trindade<\/p>\n<p><span style=\"font-family: 'Special Elite', serif;font-size: 12pt\"><strong>Organiza\u00e7\u00e3o:<\/strong><\/span><\/p>\n<p>Me. J\u00falio C\u00e9sar Franco<br \/>\nAna Paula Ansolin<\/p>\n<p><span style=\"font-family: 'Special Elite', serif;font-size: 12pt\"><strong>Extensionistas:<\/strong><\/span><\/p>\n<p>Angelo Gabriel dos Santos<br \/>\nCarolina Pilaski da Silva<br \/>\nD\u00e9bora Juliane Jonak<br \/>\nMilene da Silva Pereira<br \/>\nD\u00e9bora Tainara Haliski Ribas<br \/>\nMathias Gustavo Machado Stasiak<br \/>\nMarcel C\u00e2ndido de Oliveira Fonseca<br \/>\nNilberto Galv\u00e3o J\u00fanior<\/p>\n<div class=\"wp-block-image\"><\/div>\n<div><\/div>\n<div><\/div>\n<div><strong><a href=\"https:\/\/www3.unicentro.br\/cedoci\/editais\/\">Editais<\/a><\/strong><\/div>\n<div><\/div>\n<div><\/div>\n<div><strong><span style=\"font-family: 'Special Elite', serif;font-size: 12pt\">Resultados do Projeto:\u00a0<\/span><\/strong><\/div>\n<div><\/div>\n<div>\n<div class=\"wp-block-image\"><a href=\"https:\/\/drive.google.com\/file\/d\/1d36ot9WFGI3zQOZ-k2Zv_IU7iFHbh3f2\/view\"><img loading=\"lazy\" decoding=\"async\" class=\"wpa-warning wpa-image-missing-alt alignnone size-medium wp-image-708\" src=\"https:\/\/www3.unicentro.br\/cedoci\/wp-content\/uploads\/sites\/56\/2025\/12\/Catalogos-46-212x300.jpg\" alt=\"\" width=\"212\" height=\"300\" data-warning=\"Texto alternativo ausente\" srcset=\"https:\/\/www3.unicentro.br\/cedoci\/wp-content\/uploads\/sites\/56\/2025\/12\/Catalogos-46-212x300.jpg 212w, https:\/\/www3.unicentro.br\/cedoci\/wp-content\/uploads\/sites\/56\/2025\/12\/Catalogos-46-724x1024.jpg 724w, https:\/\/www3.unicentro.br\/cedoci\/wp-content\/uploads\/sites\/56\/2025\/12\/Catalogos-46-768x1087.jpg 768w, https:\/\/www3.unicentro.br\/cedoci\/wp-content\/uploads\/sites\/56\/2025\/12\/Catalogos-46-255x361.jpg 255w, https:\/\/www3.unicentro.br\/cedoci\/wp-content\/uploads\/sites\/56\/2025\/12\/Catalogos-46.jpg 848w\" sizes=\"auto, (max-width: 212px) 100vw, 212px\" \/><\/a><\/div>\n<\/div>\n<div><\/div>\n<p>[\/vc_column_text][\/vc_column][\/vc_row][vc_row][vc_column][vc_separator style=&#8221;shadow&#8221;][\/vc_column][\/vc_row]<\/p>\n<\/div>","protected":false},"excerpt":{"rendered":"<p>[vc_row][vc_column width=&#8221;1\/5&#8243;][vc_single_image image=&#8221;708&#8243; img_size=&#8221;&#8221; css_animation=&#8221;fadeInLeft&#8221; css=&#8221;&#8221;][\/vc_column][vc_column width=&#8221;4\/5&#8243;][vc_column_text css_animation=&#8221;fadeInRight&#8221; css=&#8221;&#8221;]Trata-se de uma a\u00e7\u00e3o de extens\u00e3o voltada \u00e0 organiza\u00e7\u00e3o do Concurso Pr\u00f3-Mem\u00f3ria de Irati, cujo principal objetivo \u00e9 estimular a escrita sobre a hist\u00f3ria local entre estudantes do ensino m\u00e9dio de escolas p\u00fablicas. O projeto prev\u00ea a realiza\u00e7\u00e3o de oficinas sobre fontes hist\u00f3ricas da educa\u00e7\u00e3o em Irati, [&hellip;]<\/p>\n","protected":false},"author":750,"featured_media":0,"parent":0,"menu_order":0,"comment_status":"closed","ping_status":"closed","template":"","meta":{"_exactmetrics_skip_tracking":false,"_exactmetrics_sitenote_active":false,"_exactmetrics_sitenote_note":"","_exactmetrics_sitenote_category":0,"footnotes":"","_links_to":"","_links_to_target":""},"class_list":["post-878","page","type-page","status-publish","hentry"],"_links":{"self":[{"href":"https:\/\/www3.unicentro.br\/cedoci\/wp-json\/wp\/v2\/pages\/878","targetHints":{"allow":["GET"]}}],"collection":[{"href":"https:\/\/www3.unicentro.br\/cedoci\/wp-json\/wp\/v2\/pages"}],"about":[{"href":"https:\/\/www3.unicentro.br\/cedoci\/wp-json\/wp\/v2\/types\/page"}],"author":[{"embeddable":true,"href":"https:\/\/www3.unicentro.br\/cedoci\/wp-json\/wp\/v2\/users\/750"}],"replies":[{"embeddable":true,"href":"https:\/\/www3.unicentro.br\/cedoci\/wp-json\/wp\/v2\/comments?post=878"}],"version-history":[{"count":2,"href":"https:\/\/www3.unicentro.br\/cedoci\/wp-json\/wp\/v2\/pages\/878\/revisions"}],"predecessor-version":[{"id":970,"href":"https:\/\/www3.unicentro.br\/cedoci\/wp-json\/wp\/v2\/pages\/878\/revisions\/970"}],"wp:attachment":[{"href":"https:\/\/www3.unicentro.br\/cedoci\/wp-json\/wp\/v2\/media?parent=878"}],"curies":[{"name":"wp","href":"https:\/\/api.w.org\/{rel}","templated":true}]}}