{"id":869,"date":"2026-02-21T14:41:09","date_gmt":"2026-02-21T17:41:09","guid":{"rendered":"https:\/\/www3.unicentro.br\/cedoci\/?page_id=869"},"modified":"2026-02-27T11:52:18","modified_gmt":"2026-02-27T14:52:18","slug":"o-cedoc-i-como-espaco-de-formacao-discente","status":"publish","type":"page","link":"https:\/\/www3.unicentro.br\/cedoci\/o-cedoc-i-como-espaco-de-formacao-discente\/","title":{"rendered":"O CEDOC\/I Como Espa\u00e7o de Forma\u00e7\u00e3o Discente"},"content":{"rendered":"<div class=\"wpb-content-wrapper\"><p>[vc_row][vc_column width=&#8221;1\/5&#8243;][vc_single_image image=&#8221;874&#8243; img_size=&#8221;&#8221; onclick=&#8221;img_link_large&#8221; css_animation=&#8221;fadeInLeft&#8221; css=&#8221;&#8221;][\/vc_column][vc_column css_animation=&#8221;fadeInRight&#8221; width=&#8221;4\/5&#8243;][vc_column_text css=&#8221;&#8221;]Este projeto visa oportunizar aos discentes do curso de Hist\u00f3ria e de \u00e1reas afins da UNICENTRO, treinamento em pr\u00e1ticas arquiv\u00edsticas e gest\u00e3o de documentos hist\u00f3ricos no CEDOC\/Irati. As atividades compreendem desde a higieniza\u00e7\u00e3o de documentos de valor hist\u00f3rico, a sua organiza\u00e7\u00e3o e descri\u00e7\u00e3o arquiv\u00edstica, at\u00e9 digitaliza\u00e7\u00e3o e disponibiliza\u00e7\u00e3o para consulta. O projeto tamb\u00e9m visa oferecer oficinas de an\u00e1lises de fontes hist\u00f3rias para a equipe do CEDOC e discentes do curso de Hist\u00f3ria e \u00e1reas afins, visando a difus\u00e3o cultural e cient\u00edfica do acervo e a forma\u00e7\u00e3o para o ensino e a pesquisa em Hist\u00f3ria. Tais atividades t\u00eam como inten\u00e7\u00e3o fortalecer o CEDOC\/Irati enquanto um espa\u00e7o de forma\u00e7\u00e3o discente e de capacita\u00e7\u00e3o em a\u00e7\u00f5es ligadas \u00e0 preserva\u00e7\u00e3o e gest\u00e3o documental.<\/p>\n<p><span style=\"font-family: 'Special Elite', serif;font-size: 12pt\"><strong>Per\u00edodo de Execu\u00e7\u00e3o: 01\/07\/2025 a 30\/06\/2027<\/strong><\/span><\/p>\n<p><span style=\"font-family: 'Special Elite', serif;font-size: 12pt\"><strong>Coordenadores:\u00a0<\/strong><\/span><\/p>\n<p><span style=\"font-size: 12pt\">Prof. Dr. Jo\u00e3o Carlos Corso<\/span><br \/>\n<span style=\"font-size: 12pt\">Me. J\u00falio C\u00e9sar Franco<\/span><\/p>\n<p><span style=\"font-family: 'Special Elite', serif;font-size: 12pt\"><strong>Apoio Administrativo<\/strong><\/span><\/p>\n<p><span style=\"font-size: 12pt\">Ana Paula Ansolin<\/span><\/p>\n<p><span style=\"font-family: 'Special Elite', serif;font-size: 12pt\"><strong>Extensionistas Volunt\u00e1rios<\/strong><\/span><\/p>\n<p><span style=\"font-size: 12pt\">Eliza Ulhiach Soares<\/span><br \/>\n<span style=\"font-family: georgia, palatino, serif;font-size: 12pt\">Orientador: Prof. Dr. H\u00e9lio Sochodolak<\/span><\/p>\n<p><span style=\"font-size: 12pt\">Isaac Martins de Oliveira<\/span><br \/>\n<span style=\"font-family: georgia, palatino, serif;font-size: 12pt\">Orientador: Prof. Dr. Jo\u00e3o Carlos Corso<\/span><\/p>\n<p><span style=\"font-size: 12pt\">Ana Caroline Rodrigues dos Santos<\/span><br \/>\n<span style=\"font-family: georgia, palatino, serif;font-size: 12pt\">Orientador: Me. J\u00falio C\u00e9sar Franco<\/span><\/p>\n<p><span style=\"font-family: 'Special Elite', serif;font-size: 12pt\"><strong>Extensionistas Bolsistas<\/strong><\/span><\/p>\n<p><span style=\"font-size: 12pt\">Huendrel da Costa Mazepa<\/span><br \/>\n<span style=\"font-family: georgia, palatino, serif;font-size: 12pt\">Orientadora: Prof. Dra. M\u00e9ri Frotscher<\/span><\/p>\n<p>&nbsp;<\/p>\n<p><span style=\"font-size: 12pt\"><strong><a href=\"https:\/\/www3.unicentro.br\/cedoci\/editais\/\">Editais<\/a><\/strong><\/span>[\/vc_column_text][\/vc_column][\/vc_row][vc_row][vc_column][vc_separator style=&#8221;shadow&#8221; css=&#8221;&#8221;][\/vc_column][\/vc_row]<\/p>\n<\/div>","protected":false},"excerpt":{"rendered":"<p>[vc_row][vc_column width=&#8221;1\/5&#8243;][vc_single_image image=&#8221;874&#8243; img_size=&#8221;&#8221; onclick=&#8221;img_link_large&#8221; css_animation=&#8221;fadeInLeft&#8221; css=&#8221;&#8221;][\/vc_column][vc_column css_animation=&#8221;fadeInRight&#8221; width=&#8221;4\/5&#8243;][vc_column_text css=&#8221;&#8221;]Este projeto visa oportunizar aos discentes do curso de Hist\u00f3ria e de \u00e1reas afins da UNICENTRO, treinamento em pr\u00e1ticas arquiv\u00edsticas e gest\u00e3o de documentos hist\u00f3ricos no CEDOC\/Irati. As atividades compreendem desde a higieniza\u00e7\u00e3o de documentos de valor hist\u00f3rico, a sua organiza\u00e7\u00e3o e descri\u00e7\u00e3o arquiv\u00edstica, at\u00e9 digitaliza\u00e7\u00e3o [&hellip;]<\/p>\n","protected":false},"author":750,"featured_media":0,"parent":0,"menu_order":0,"comment_status":"closed","ping_status":"closed","template":"","meta":{"_exactmetrics_skip_tracking":false,"_exactmetrics_sitenote_active":false,"_exactmetrics_sitenote_note":"","_exactmetrics_sitenote_category":0,"footnotes":"","_links_to":"","_links_to_target":""},"class_list":["post-869","page","type-page","status-publish","hentry"],"_links":{"self":[{"href":"https:\/\/www3.unicentro.br\/cedoci\/wp-json\/wp\/v2\/pages\/869","targetHints":{"allow":["GET"]}}],"collection":[{"href":"https:\/\/www3.unicentro.br\/cedoci\/wp-json\/wp\/v2\/pages"}],"about":[{"href":"https:\/\/www3.unicentro.br\/cedoci\/wp-json\/wp\/v2\/types\/page"}],"author":[{"embeddable":true,"href":"https:\/\/www3.unicentro.br\/cedoci\/wp-json\/wp\/v2\/users\/750"}],"replies":[{"embeddable":true,"href":"https:\/\/www3.unicentro.br\/cedoci\/wp-json\/wp\/v2\/comments?post=869"}],"version-history":[{"count":1,"href":"https:\/\/www3.unicentro.br\/cedoci\/wp-json\/wp\/v2\/pages\/869\/revisions"}],"predecessor-version":[{"id":969,"href":"https:\/\/www3.unicentro.br\/cedoci\/wp-json\/wp\/v2\/pages\/869\/revisions\/969"}],"wp:attachment":[{"href":"https:\/\/www3.unicentro.br\/cedoci\/wp-json\/wp\/v2\/media?parent=869"}],"curies":[{"name":"wp","href":"https:\/\/api.w.org\/{rel}","templated":true}]}}