{"id":829,"date":"2026-02-20T16:47:27","date_gmt":"2026-02-20T19:47:27","guid":{"rendered":"https:\/\/www3.unicentro.br\/cedoci\/?page_id=829"},"modified":"2026-02-21T16:34:10","modified_gmt":"2026-02-21T19:34:10","slug":"regulamento","status":"publish","type":"page","link":"https:\/\/www3.unicentro.br\/cedoci\/regulamento\/","title":{"rendered":"Regulamento"},"content":{"rendered":"<div class=\"wpb-content-wrapper\"><p>[vc_row][vc_column][vc_column_text css=&#8221;&#8221;]<strong><a href=\"https:\/\/www3.unicentro.br\/cedoci\/wp-content\/uploads\/sites\/56\/2022\/06\/Regulamento_2021_629911f135737.pdf\">RESOLU\u00c7\u00c3O N\u00ba 01-CADCAM\/I\/UNICENTRO, DE 8 DE JUNHO DE 2021.<\/a><\/strong><br \/>\n<em><span style=\"font-size: 10pt\">Aprova o Regulamento do Centro de Documenta\u00e7\u00e3o e Mem\u00f3ria, do Campus Universit\u00e1rio de Irati, da Universidade Estadual do Centro-Oeste, UNICENTRO.<\/span><\/em><\/p>\n<p><strong><a href=\"https:\/\/drive.google.com\/file\/d\/1s5ose_ypDRdsdyA_WX01efvfg6F9Z4ok\/view?usp=sharing\">RESOLU\u00c7\u00c3O N\u00ba 1-CADCAM\/I\/UNICENTRO, DE 4 DE SETEMBRO DE 2024.<\/a><\/strong><br \/>\n<em><span style=\"font-size: 10pt\">Inclui item no Regulamento do Centro de Documenta\u00e7\u00e3o e Mem\u00f3ria, do Campus Universit\u00e1rio de Irati.<\/span><\/em>[\/vc_column_text][\/vc_column][\/vc_row]<\/p>\n<\/div>","protected":false},"excerpt":{"rendered":"<p>[vc_row][vc_column][vc_column_text css=&#8221;&#8221;]RESOLU\u00c7\u00c3O N\u00ba 01-CADCAM\/I\/UNICENTRO, DE 8 DE JUNHO DE 2021. Aprova o Regulamento do Centro de Documenta\u00e7\u00e3o e Mem\u00f3ria, do Campus Universit\u00e1rio de Irati, da Universidade Estadual do Centro-Oeste, UNICENTRO. RESOLU\u00c7\u00c3O N\u00ba 1-CADCAM\/I\/UNICENTRO, DE 4 DE SETEMBRO DE 2024. Inclui item no Regulamento do Centro de Documenta\u00e7\u00e3o e Mem\u00f3ria, do Campus Universit\u00e1rio de Irati.[\/vc_column_text][\/vc_column][\/vc_row]<\/p>\n","protected":false},"author":750,"featured_media":0,"parent":0,"menu_order":0,"comment_status":"closed","ping_status":"closed","template":"","meta":{"_exactmetrics_skip_tracking":false,"_exactmetrics_sitenote_active":false,"_exactmetrics_sitenote_note":"","_exactmetrics_sitenote_category":0,"footnotes":"","_links_to":"","_links_to_target":""},"class_list":["post-829","page","type-page","status-publish","hentry"],"_links":{"self":[{"href":"https:\/\/www3.unicentro.br\/cedoci\/wp-json\/wp\/v2\/pages\/829","targetHints":{"allow":["GET"]}}],"collection":[{"href":"https:\/\/www3.unicentro.br\/cedoci\/wp-json\/wp\/v2\/pages"}],"about":[{"href":"https:\/\/www3.unicentro.br\/cedoci\/wp-json\/wp\/v2\/types\/page"}],"author":[{"embeddable":true,"href":"https:\/\/www3.unicentro.br\/cedoci\/wp-json\/wp\/v2\/users\/750"}],"replies":[{"embeddable":true,"href":"https:\/\/www3.unicentro.br\/cedoci\/wp-json\/wp\/v2\/comments?post=829"}],"version-history":[{"count":1,"href":"https:\/\/www3.unicentro.br\/cedoci\/wp-json\/wp\/v2\/pages\/829\/revisions"}],"predecessor-version":[{"id":832,"href":"https:\/\/www3.unicentro.br\/cedoci\/wp-json\/wp\/v2\/pages\/829\/revisions\/832"}],"wp:attachment":[{"href":"https:\/\/www3.unicentro.br\/cedoci\/wp-json\/wp\/v2\/media?parent=829"}],"curies":[{"name":"wp","href":"https:\/\/api.w.org\/{rel}","templated":true}]}}