{"id":788,"date":"2026-02-20T16:34:22","date_gmt":"2026-02-20T19:34:22","guid":{"rendered":"https:\/\/www3.unicentro.br\/cedoci\/?page_id=788"},"modified":"2026-03-12T11:51:07","modified_gmt":"2026-03-12T14:51:07","slug":"equipe","status":"publish","type":"page","link":"https:\/\/www3.unicentro.br\/cedoci\/equipe\/","title":{"rendered":"Equipe"},"content":{"rendered":"<div class=\"wpb-content-wrapper\"><p>[vc_row][vc_column][vc_column_text css=&#8221;&#8221;]<span style=\"font-family: 'Special Elite', serif;font-size: 18pt\">Equipe &#8211; 2026<\/span>[\/vc_column_text][\/vc_column][\/vc_row][vc_row][vc_column width=&#8221;1\/5&#8243;][vc_single_image image=&#8221;824&#8243; img_size=&#8221;&#8221; onclick=&#8221;custom_link&#8221; css_animation=&#8221;fadeInLeft&#8221; css=&#8221;&#8221; link=&#8221;http:\/\/lattes.cnpq.br\/5828883886519599&#8243;][\/vc_column][vc_column width=&#8221;1\/5&#8243;][vc_column_text css_animation=&#8221;fadeInLeftBig&#8221; css=&#8221;&#8221;]<\/p>\n<p style=\"text-align: left\">Professor Associado do Departamento de Hist\u00f3ria da Universidade Estadual do Centro-Oeste. Diretor do CEDOC\/I no bi\u00eanio 2024-2026.<\/p>\n<p>[\/vc_column_text][\/vc_column][\/vc_row][vc_row][vc_column width=&#8221;1\/5&#8243;][vc_single_image image=&#8221;821&#8243; img_size=&#8221;&#8221; onclick=&#8221;custom_link&#8221; img_link_target=&#8221;_blank&#8221; css_animation=&#8221;fadeInLeft&#8221; css=&#8221;&#8221; link=&#8221;http:\/\/lattes.cnpq.br\/5483481845557654&#8243;][\/vc_column][vc_column width=&#8221;1\/5&#8243;][vc_column_text css_animation=&#8221;fadeInLeftBig&#8221; css=&#8221;&#8221;]<\/p>\n<p style=\"text-align: left\">Assessor T\u00e9cnico da Dire\u00e7\u00e3o de Campus designado para o Centro de Documenta\u00e7\u00e3o e Mem\u00f3ria da Unicentro de Irati. Historiador e arquivista respons\u00e1vel pelo desenvolvimento e preserva\u00e7\u00e3o do acervo.<\/p>\n<p>[\/vc_column_text][\/vc_column][\/vc_row][vc_row][vc_column width=&#8221;1\/5&#8243;][vc_single_image image=&#8221;1001&#8243; img_size=&#8221;&#8221; onclick=&#8221;custom_link&#8221; img_link_target=&#8221;_blank&#8221; css_animation=&#8221;fadeInLeft&#8221; css=&#8221;&#8221; link=&#8221;http:\/\/lattes.cnpq.br\/0089924844682024&#8243;][\/vc_column][vc_column width=&#8221;1\/5&#8243;][vc_column_text css_animation=&#8221;fadeInLeftBig&#8221; css=&#8221;&#8221;]<\/p>\n<p style=\"text-align: left\">Agente Universit\u00e1ria respons\u00e1vel pela administra\u00e7\u00e3o do Centro de Documenta\u00e7\u00e3o e Mem\u00f3ria e pelo arquivo permanente da Unicentro de Irati.<\/p>\n<p>[\/vc_column_text][\/vc_column][\/vc_row][vc_row][vc_column width=&#8221;1\/5&#8243;][vc_single_image image=&#8221;826&#8243; img_size=&#8221;&#8221; onclick=&#8221;custom_link&#8221; img_link_target=&#8221;_blank&#8221; css_animation=&#8221;fadeInLeft&#8221; css=&#8221;&#8221; link=&#8221;http:\/\/lattes.cnpq.br\/7044316805835475&#8243;][\/vc_column][vc_column width=&#8221;1\/5&#8243;][vc_column_text css_animation=&#8221;fadeInLeftBig&#8221; css=&#8221;&#8221;]Discente do curso de gradua\u00e7\u00e3o em Hist\u00f3ria.[\/vc_column_text][\/vc_column][\/vc_row][vc_row][vc_column width=&#8221;1\/5&#8243;][vc_single_image image=&#8221;820&#8243; img_size=&#8221;&#8221; onclick=&#8221;custom_link&#8221; img_link_target=&#8221;_blank&#8221; css_animation=&#8221;fadeInLeft&#8221; css=&#8221;&#8221; link=&#8221;http:\/\/lattes.cnpq.br\/3039236568703531&#8243;][\/vc_column][vc_column width=&#8221;1\/5&#8243;][vc_column_text css_animation=&#8221;fadeInLeftBig&#8221; css=&#8221;&#8221;]Discente do curso de gradua\u00e7\u00e3o em Hist\u00f3ria.[\/vc_column_text][\/vc_column][\/vc_row][vc_row][vc_column width=&#8221;1\/5&#8243;][vc_single_image image=&#8221;984&#8243; img_size=&#8221;&#8221; css_animation=&#8221;fadeInLeft&#8221; css=&#8221;&#8221;][\/vc_column][vc_column width=&#8221;1\/5&#8243;][vc_column_text css_animation=&#8221;fadeInLeftBig&#8221; css=&#8221;&#8221;]Discente do curso de gradua\u00e7\u00e3o em Hist\u00f3ria. Bolsista do projeto de extens\u00e3o &#8220;O CEDOC\/I como espa\u00e7o de forma\u00e7\u00e3o discente&#8221;.[\/vc_column_text][\/vc_column][\/vc_row][vc_row][vc_column width=&#8221;1\/5&#8243;][vc_single_image image=&#8221;1002&#8243; img_size=&#8221;&#8221; css_animation=&#8221;fadeInLeft&#8221; css=&#8221;&#8221;][\/vc_column][vc_column width=&#8221;1\/5&#8243;][vc_column_text css_animation=&#8221;fadeInLeftBig&#8221; css=&#8221;&#8221;]Discente do curso de gradua\u00e7\u00e3o em Hist\u00f3ria. Bolsista do projeto de extens\u00e3o &#8220;O CEDOC\/I como espa\u00e7o de forma\u00e7\u00e3o discente&#8221;.[\/vc_column_text][\/vc_column][\/vc_row][vc_row][vc_column width=&#8221;1\/5&#8243;][vc_single_image image=&#8221;827&#8243; img_size=&#8221;&#8221; onclick=&#8221;custom_link&#8221; css_animation=&#8221;fadeInLeft&#8221; css=&#8221;&#8221; link=&#8221;http:\/\/lattes.cnpq.br\/1925053074948744&#8243;][\/vc_column][vc_column width=&#8221;1\/5&#8243;][vc_column_text css_animation=&#8221;fadeInLeftBig&#8221; css=&#8221;&#8221;]Discente do curso de gradua\u00e7\u00e3o em Hist\u00f3ria. Bolsista do projeto &#8220;NAPI &#8211; Conectando Mem\u00f3ria e Inova\u00e7\u00e3o&#8221;[\/vc_column_text][\/vc_column][\/vc_row]<\/p>\n<\/div>","protected":false},"excerpt":{"rendered":"<p>[vc_row][vc_column][vc_column_text css=&#8221;&#8221;]Equipe &#8211; 2026[\/vc_column_text][\/vc_column][\/vc_row][vc_row][vc_column width=&#8221;1\/5&#8243;][vc_single_image image=&#8221;824&#8243; img_size=&#8221;&#8221; onclick=&#8221;custom_link&#8221; css_animation=&#8221;fadeInLeft&#8221; css=&#8221;&#8221; link=&#8221;http:\/\/lattes.cnpq.br\/5828883886519599&#8243;][\/vc_column][vc_column width=&#8221;1\/5&#8243;][vc_column_text css_animation=&#8221;fadeInLeftBig&#8221; css=&#8221;&#8221;] Professor Associado do Departamento de Hist\u00f3ria da Universidade Estadual do Centro-Oeste. Diretor do CEDOC\/I no bi\u00eanio 2024-2026. [\/vc_column_text][\/vc_column][\/vc_row][vc_row][vc_column width=&#8221;1\/5&#8243;][vc_single_image image=&#8221;821&#8243; img_size=&#8221;&#8221; onclick=&#8221;custom_link&#8221; img_link_target=&#8221;_blank&#8221; css_animation=&#8221;fadeInLeft&#8221; css=&#8221;&#8221; link=&#8221;http:\/\/lattes.cnpq.br\/5483481845557654&#8243;][\/vc_column][vc_column width=&#8221;1\/5&#8243;][vc_column_text css_animation=&#8221;fadeInLeftBig&#8221; css=&#8221;&#8221;] Assessor T\u00e9cnico da Dire\u00e7\u00e3o de Campus designado para o Centro de Documenta\u00e7\u00e3o [&hellip;]<\/p>\n","protected":false},"author":750,"featured_media":0,"parent":0,"menu_order":0,"comment_status":"closed","ping_status":"closed","template":"","meta":{"_exactmetrics_skip_tracking":false,"_exactmetrics_sitenote_active":false,"_exactmetrics_sitenote_note":"","_exactmetrics_sitenote_category":0,"footnotes":"","_links_to":"","_links_to_target":""},"class_list":["post-788","page","type-page","status-publish","hentry"],"_links":{"self":[{"href":"https:\/\/www3.unicentro.br\/cedoci\/wp-json\/wp\/v2\/pages\/788","targetHints":{"allow":["GET"]}}],"collection":[{"href":"https:\/\/www3.unicentro.br\/cedoci\/wp-json\/wp\/v2\/pages"}],"about":[{"href":"https:\/\/www3.unicentro.br\/cedoci\/wp-json\/wp\/v2\/types\/page"}],"author":[{"embeddable":true,"href":"https:\/\/www3.unicentro.br\/cedoci\/wp-json\/wp\/v2\/users\/750"}],"replies":[{"embeddable":true,"href":"https:\/\/www3.unicentro.br\/cedoci\/wp-json\/wp\/v2\/comments?post=788"}],"version-history":[{"count":3,"href":"https:\/\/www3.unicentro.br\/cedoci\/wp-json\/wp\/v2\/pages\/788\/revisions"}],"predecessor-version":[{"id":1003,"href":"https:\/\/www3.unicentro.br\/cedoci\/wp-json\/wp\/v2\/pages\/788\/revisions\/1003"}],"wp:attachment":[{"href":"https:\/\/www3.unicentro.br\/cedoci\/wp-json\/wp\/v2\/media?parent=788"}],"curies":[{"name":"wp","href":"https:\/\/api.w.org\/{rel}","templated":true}]}}