{"id":782,"date":"2026-02-20T14:51:31","date_gmt":"2026-02-20T17:51:31","guid":{"rendered":"https:\/\/www3.unicentro.br\/cedoci\/?page_id=782"},"modified":"2026-02-27T11:49:02","modified_gmt":"2026-02-27T14:49:02","slug":"conselho-do-cedoc-i","status":"publish","type":"page","link":"https:\/\/www3.unicentro.br\/cedoci\/conselho-do-cedoc-i\/","title":{"rendered":"Conselho do CEDOC\/I"},"content":{"rendered":"<div class=\"wpb-content-wrapper\"><p>[vc_row][vc_column][vc_column_text css_animation=&#8221;fadeIn&#8221; css=&#8221;&#8221;]<span style=\"font-family: Special Elite, serif\"><span style=\"font-size: x-large\">Finalidade<\/span><\/span><\/p>\n<p data-start=\"0\" data-end=\"433\">A <strong data-start=\"2\" data-end=\"13\">Se\u00e7\u00e3o I<\/strong>, referente ao Regulamento aprovado pela <strong data-start=\"54\" data-end=\"115\">RESOLU\u00c7\u00c3O N\u00ba 01-CADCAM\/I\/UNICENTRO, DE 8 DE JUNHO DE 2021<\/strong>, disp\u00f5e sobre a organiza\u00e7\u00e3o e a composi\u00e7\u00e3o do Conselho do CEDOC\/I. Nessa se\u00e7\u00e3o, estabelece-se que o Conselho possui natureza consultiva e deliberativa, exercendo papel central na orienta\u00e7\u00e3o, acompanhamento e delibera\u00e7\u00e3o acerca das atividades desenvolvidas pelo Centro de Documenta\u00e7\u00e3o e Mem\u00f3ria de Irati (CEDOC\/I).<\/p>\n<p data-start=\"435\" data-end=\"1077\">A presid\u00eancia do Conselho \u00e9 exercida pela Dire\u00e7\u00e3o do CEDOC\/I, assegurando a articula\u00e7\u00e3o direta com a gest\u00e3o do Centro. Sua composi\u00e7\u00e3o contempla diferentes segmentos institucionais e sociais, incluindo um(a) representante da Dire\u00e7\u00e3o do Campus de Irati; um(a) representante docente do SEHLA\/I, indicado(a) pelo CONSET; um(a) representante docente do PPGH, indicado(a) por seu colegiado; um(a) representante do pr\u00f3prio CEDOC\/I; um(a) representante discente indicado(a) pelos(as) estagi\u00e1rios(as) em atividade no Centro; um(a) representante da comunidade externa, convidado(a) pelo Conselho; e um(a) arquivista, convidado(a) pelo conselho.<\/p>\n<p data-start=\"1079\" data-end=\"1345\" data-is-last-node=\"\" data-is-only-node=\"\">Ao reunir representantes da gest\u00e3o universit\u00e1ria, do corpo docente, discente, t\u00e9cnico e da comunidade externa, o Conselho reafirma o compromisso com uma gest\u00e3o participativa, democr\u00e1tica e alinhada aos princ\u00edpios institucionais estabelecidos pela referida Resolu\u00e7\u00e3o.<\/p>\n<p>[\/vc_column_text][\/vc_column][\/vc_row][vc_row][vc_column][vc_separator style=&#8221;shadow&#8221; border_width=&#8221;3&#8243; css=&#8221;&#8221;][\/vc_column][\/vc_row][vc_row][vc_column][vc_column_text css_animation=&#8221;fadeInLeft&#8221; css=&#8221;&#8221;]<\/p>\n<p data-start=\"1079\" data-end=\"1345\" data-is-last-node=\"\" data-is-only-node=\"\"><span style=\"font-family: Special Elite, serif\"><span style=\"font-size: x-large\">Membros do Conselho\u00a0 &#8211; 2024-2026<\/span><\/span><\/p>\n<table width=\"643\" cellspacing=\"0\" cellpadding=\"4\">\n<tbody>\n<tr valign=\"top\">\n<td width=\"317\">\n<p align=\"right\"><i>Dire\u00e7\u00e3o do C\u00e2mpus Irati<\/i><\/p>\n<\/td>\n<td width=\"310\"><a href=\"http:\/\/lattes.cnpq.br\/8770932409623222\"><i>Juliana de Conto<\/i><\/a><\/td>\n<\/tr>\n<tr valign=\"top\">\n<td width=\"317\">\n<p align=\"right\"><i>Programa de P\u00f3s-Gradua\u00e7\u00e3o Stricto Sensu<\/i><\/p>\n<\/td>\n<td width=\"310\"><a href=\"http:\/\/lattes.cnpq.br\/2397406478051464\"><i>H\u00e9lio Sochodolak<\/i><\/a><\/td>\n<\/tr>\n<tr valign=\"top\">\n<td width=\"317\">\n<p align=\"right\"><i>Sehla\/I<\/i><\/p>\n<\/td>\n<td width=\"310\"><a href=\"http:\/\/lattes.cnpq.br\/2855415041274093\"><i>Edson Santos Silva<\/i><\/a><\/td>\n<\/tr>\n<tr valign=\"top\">\n<td width=\"317\">\n<p align=\"right\"><i>Centro de Documenta\u00e7\u00e3o e Mem\u00f3ria \u2013 Cedoc\/I<\/i><\/p>\n<\/td>\n<td width=\"310\"><a href=\"http:\/\/lattes.cnpq.br\/5483481845557654\"><i>J\u00falio C\u00e9sar Franco<\/i><\/a><\/td>\n<\/tr>\n<tr valign=\"top\">\n<td width=\"317\">\n<p align=\"right\"><i>Acad\u00eamico \/ Gradua\u00e7\u00e3o<\/i><\/p>\n<\/td>\n<td width=\"310\"><a href=\"http:\/\/lattes.cnpq.br\/3039236568703531\"><i>Eliza Ulhiach Soares<\/i><\/a><\/td>\n<\/tr>\n<tr valign=\"top\">\n<td style=\"text-align: right\" width=\"317\"><i>Arquivista externa<\/i><\/td>\n<td width=\"310\"><a href=\"http:\/\/lattes.cnpq.br\/9441128589348019\"><i>M\u00e1rcia Eliza Dor\u00e9<\/i><\/a><\/td>\n<\/tr>\n<tr valign=\"top\">\n<td width=\"317\">\n<p align=\"right\"><i>Comunidade externa<\/i><\/p>\n<\/td>\n<td width=\"310\"><a href=\"http:\/\/lattes.cnpq.br\/7078422298838989\"><i>Edislaine Terezinha Fernandes Vitoriano<\/i><\/a><\/td>\n<\/tr>\n<\/tbody>\n<\/table>\n<p>[\/vc_column_text][\/vc_column][\/vc_row]<\/p>\n<\/div>","protected":false},"excerpt":{"rendered":"<p>[vc_row][vc_column][vc_column_text css_animation=&#8221;fadeIn&#8221; css=&#8221;&#8221;]Finalidade A Se\u00e7\u00e3o I, referente ao Regulamento aprovado pela RESOLU\u00c7\u00c3O N\u00ba 01-CADCAM\/I\/UNICENTRO, DE 8 DE JUNHO DE 2021, disp\u00f5e sobre a organiza\u00e7\u00e3o e a composi\u00e7\u00e3o do Conselho do CEDOC\/I. Nessa se\u00e7\u00e3o, estabelece-se que o Conselho possui natureza consultiva e deliberativa, exercendo papel central na orienta\u00e7\u00e3o, acompanhamento e delibera\u00e7\u00e3o acerca das atividades desenvolvidas pelo [&hellip;]<\/p>\n","protected":false},"author":750,"featured_media":0,"parent":0,"menu_order":0,"comment_status":"closed","ping_status":"closed","template":"","meta":{"_exactmetrics_skip_tracking":false,"_exactmetrics_sitenote_active":false,"_exactmetrics_sitenote_note":"","_exactmetrics_sitenote_category":0,"footnotes":"","_links_to":"","_links_to_target":""},"class_list":["post-782","page","type-page","status-publish","hentry"],"_links":{"self":[{"href":"https:\/\/www3.unicentro.br\/cedoci\/wp-json\/wp\/v2\/pages\/782","targetHints":{"allow":["GET"]}}],"collection":[{"href":"https:\/\/www3.unicentro.br\/cedoci\/wp-json\/wp\/v2\/pages"}],"about":[{"href":"https:\/\/www3.unicentro.br\/cedoci\/wp-json\/wp\/v2\/types\/page"}],"author":[{"embeddable":true,"href":"https:\/\/www3.unicentro.br\/cedoci\/wp-json\/wp\/v2\/users\/750"}],"replies":[{"embeddable":true,"href":"https:\/\/www3.unicentro.br\/cedoci\/wp-json\/wp\/v2\/comments?post=782"}],"version-history":[{"count":2,"href":"https:\/\/www3.unicentro.br\/cedoci\/wp-json\/wp\/v2\/pages\/782\/revisions"}],"predecessor-version":[{"id":961,"href":"https:\/\/www3.unicentro.br\/cedoci\/wp-json\/wp\/v2\/pages\/782\/revisions\/961"}],"wp:attachment":[{"href":"https:\/\/www3.unicentro.br\/cedoci\/wp-json\/wp\/v2\/media?parent=782"}],"curies":[{"name":"wp","href":"https:\/\/api.w.org\/{rel}","templated":true}]}}