{"id":472,"date":"2024-06-27T14:56:37","date_gmt":"2024-06-27T17:56:37","guid":{"rendered":"https:\/\/www3.unicentro.br\/cedoci\/?page_id=472"},"modified":"2026-03-26T14:11:13","modified_gmt":"2026-03-26T17:11:13","slug":"editais","status":"publish","type":"page","link":"https:\/\/www3.unicentro.br\/cedoci\/editais\/","title":{"rendered":"Editais"},"content":{"rendered":"<div class=\"wpb-content-wrapper\"><p>[vc_row][vc_column css_animation=&#8221;fadeIn&#8221;][vc_column_text css_animation=&#8221;fadeIn&#8221; css=&#8221;&#8221;]<\/p>\n<article class=\"ultimate-layouts-item hentry ul-ready-animation\">\n<div class=\"ultimate-layouts-entry-wrapper entry-content\">\n<div class=\"ultimate-layouts-content entry\">\n<ul>\n<li><a href=\"https:\/\/sites.uel.br\/nead\/wp-content\/uploads\/2026\/03\/Edital_003-2026_Edital_de_Resultado_e_Conv._para_Matricula_-_RESTEC.docx_-_para_25-03_29_assinado-1.pdf\"><span style=\"font-size: 14pt\"><strong>EDITAL RESTEC \u2013 GD N\u00ba 03\/2026 &#8211; Edital de Resultado e Convoca\u00e7\u00e3o para Matr\u00edcula<\/strong><\/span><\/a><\/li>\n<li><span style=\"font-size: 14pt\"><strong><a href=\"https:\/\/www3.unicentro.br\/cedoci\/wp-content\/uploads\/sites\/56\/2026\/02\/EDITAL-N-01-2026.pdf\">EDITAL N\u00ba 01\/2026 \u2013 CEDOC\/I \u2013 Sele\u00e7\u00e3o de Discentes Volunt\u00e1rios para Projeto de Extens\u00e3o<\/a><\/strong><\/span><\/li>\n<li><span style=\"font-size: 12pt\"><a href=\"https:\/\/sites.uel.br\/nead\/wp-content\/uploads\/2026\/03\/Edital-002-2026-Homologacao_das_inscricoes_para_a_prova_-_RESTEC.docx.pdf\">EDITAL RESTECGD N\u00ba 02\/2026 &#8211; Edital de Homologa\u00e7\u00e3o das inscri\u00e7\u00f5es para a prova<\/a><\/span><span style=\"font-size: 14pt\"><br \/>\n<\/span><\/li>\n<li><span style=\"font-size: 12pt\"><a href=\"https:\/\/sites.uel.br\/nead\/wp-content\/uploads\/2026\/02\/EDITAL_SELECAO_ALUNOS_FINAL.pdf\">EDITAL RESTECGD N\u00ba 001\/2026 &#8211; Resid\u00eancia T\u00e9cnica em Gest\u00e3o Documental, Educa\u00e7\u00e3o Patrimonial e Hist\u00f3ria P\u00fablica<\/a><\/span><\/li>\n<li><a href=\"https:\/\/www.fauepg.org.br\/wp-content\/uploads\/\/sites\/133\/2025\/06\/EDITAL-FAUEPG-No-120-2025-HOMOLOGACAO-DAS-INSCRICOES-E-DATA-E-HORARIO-DAS-ENTREVISTAS-DA-SELECAO-DE-BOLSISTAS..pdf\">EDITAL FAUEPG N\u00ba 120\/2025 &#8211; HOMOLOGA\u00c7\u00c3O DAS INSCRI\u00c7\u00d5ES E HOR\u00c1RIO DAS ENTREVISTAS PARA SELE\u00c7\u00c3O DE BOLSISTAS GRADUANDOS PARA PROJETO NAPI &#8211; CONECTANDO MEM\u00d3RIAS E INOVA\u00c7\u00c3O<\/a><\/li>\n<li><span style=\"font-size: 12pt\"><a href=\"https:\/\/www.fauepg.org.br\/wp-content\/uploads\/\/sites\/133\/2025\/06\/EDITAL-FAUEPG-No-111-2025-SELECAO-DE-BOLSISTAS-NAPI-116-2024-MEMORIAS-E-INOVACAO.pdf\">EDITAL FAUEPG N\u00ba 111\/2025 &#8211; SELE\u00c7\u00c3O DE BOLSISTAS GRADUANDOS PARA PROJETO NAPI &#8211; CONECTANDO MEM\u00d3RIAS E INOVA\u00c7\u00c3O <\/a><\/span><\/li>\n<li><a href=\"https:\/\/www3.unicentro.br\/cedoci\/wp-content\/uploads\/sites\/56\/2024\/11\/Ed_03_RETIFICA_O_RESULTADO_FINAL_673b4b0c3c749.pdf\">Edital N.\u00ba 03\/CEDOC\/I\/ 2024 &#8211; RETIFICA\u00c7\u00c3O RESULTADO FINAL<\/a><\/li>\n<li><a href=\"https:\/\/www3.unicentro.br\/cedoci\/wp-content\/uploads\/sites\/56\/2024\/11\/Ed_02_EDITAL_RESULTADO_FINAL_Refiticado_673b4b07c8cf6.pdf\">Edital N.\u00ba 02\/CEDOC\/I\/ 2024 &#8211; RESULTADO FINAL &#8211; CONCURSO DE REDA\u00c7\u00c3O PR\u00d3-MEM\u00d3RIA IRATI<\/a><\/li>\n<li><a class=\"ultimate-layouts-title-link\" href=\"https:\/\/www3.unicentro.br\/sehlai\/wp-content\/uploads\/sites\/66\/2024\/05\/202405_CONCURSO-DE-REDACAO-PRO-MEMORIA-IRATI.pdf\" data-post-id=\"581\">EDITAL N\u00ba01\/2024 \u2013 CEDOC\/I \u2013 CONCURSO DE REDA\u00c7\u00c3O PR\u00d3-MEM\u00d3RIA IRATI \u2013 PROTAGONISMOS DAS MULHRES NA HIST\u00d3RIA DA EDUCA\u00c7\u00c3O EM IRATI<\/a><\/li>\n<\/ul>\n<\/div>\n<\/div>\n<\/article>\n<p>[\/vc_column_text][\/vc_column][\/vc_row]<\/p>\n<\/div>","protected":false},"excerpt":{"rendered":"<p>[vc_row][vc_column css_animation=&#8221;fadeIn&#8221;][vc_column_text css_animation=&#8221;fadeIn&#8221; css=&#8221;&#8221;] EDITAL RESTEC \u2013 GD N\u00ba 03\/2026 &#8211; Edital de Resultado e Convoca\u00e7\u00e3o para Matr\u00edcula EDITAL N\u00ba 01\/2026 \u2013 CEDOC\/I \u2013 Sele\u00e7\u00e3o de Discentes Volunt\u00e1rios para Projeto de Extens\u00e3o EDITAL RESTECGD N\u00ba 02\/2026 &#8211; Edital de Homologa\u00e7\u00e3o das inscri\u00e7\u00f5es para a prova EDITAL RESTECGD N\u00ba 001\/2026 &#8211; Resid\u00eancia T\u00e9cnica em Gest\u00e3o Documental, [&hellip;]<\/p>\n","protected":false},"author":3,"featured_media":0,"parent":0,"menu_order":0,"comment_status":"closed","ping_status":"closed","template":"","meta":{"_exactmetrics_skip_tracking":false,"_exactmetrics_sitenote_active":false,"_exactmetrics_sitenote_note":"","_exactmetrics_sitenote_category":0,"footnotes":"","_links_to":"","_links_to_target":""},"class_list":["post-472","page","type-page","status-publish","hentry"],"_links":{"self":[{"href":"https:\/\/www3.unicentro.br\/cedoci\/wp-json\/wp\/v2\/pages\/472","targetHints":{"allow":["GET"]}}],"collection":[{"href":"https:\/\/www3.unicentro.br\/cedoci\/wp-json\/wp\/v2\/pages"}],"about":[{"href":"https:\/\/www3.unicentro.br\/cedoci\/wp-json\/wp\/v2\/types\/page"}],"author":[{"embeddable":true,"href":"https:\/\/www3.unicentro.br\/cedoci\/wp-json\/wp\/v2\/users\/3"}],"replies":[{"embeddable":true,"href":"https:\/\/www3.unicentro.br\/cedoci\/wp-json\/wp\/v2\/comments?post=472"}],"version-history":[{"count":4,"href":"https:\/\/www3.unicentro.br\/cedoci\/wp-json\/wp\/v2\/pages\/472\/revisions"}],"predecessor-version":[{"id":1044,"href":"https:\/\/www3.unicentro.br\/cedoci\/wp-json\/wp\/v2\/pages\/472\/revisions\/1044"}],"wp:attachment":[{"href":"https:\/\/www3.unicentro.br\/cedoci\/wp-json\/wp\/v2\/media?parent=472"}],"curies":[{"name":"wp","href":"https:\/\/api.w.org\/{rel}","templated":true}]}}