{"id":45,"date":"2018-10-24T11:01:48","date_gmt":"2018-10-24T13:01:48","guid":{"rendered":"https:\/\/www3.unicentro.br\/cedoci\/?page_id=45"},"modified":"2025-12-03T15:25:48","modified_gmt":"2025-12-03T18:25:48","slug":"projetos-e-convenios","status":"publish","type":"page","link":"https:\/\/www3.unicentro.br\/cedoci\/projetos-e-convenios\/","title":{"rendered":"Projetos e Conv\u00eanios"},"content":{"rendered":"<div class=\"wpb-content-wrapper\"><p>[vc_row][vc_column][vc_column_text css=&#8221;&#8221;]<\/p>\n<ul>\n<li><strong><span style=\"color: #000000\"><span style=\"font-family: Special Elite, serif\"><span style=\"font-size: x-large\">PROJETOS DE EXTENS\u00c3O (2024-2025)<\/span><\/span><\/span><\/strong>\n<ul>\n<li style=\"list-style-type: none\">\n<ul>\n<li><strong>O CEDOC\/I Como Espa\u00e7o de Forma\u00e7\u00e3o Discente (2024- em andamento)<\/strong><\/li>\n<li>Este projeto visa oportunizar aos discentes do curso de Hist\u00f3ria e de \u00e1reas afins da UNICENTRO, treinamento em pr\u00e1ticas arquiv\u00edsticas e gest\u00e3o de documentos hist\u00f3ricos no CEDOC\/Irati. As atividades compreendem desde a higieniza\u00e7\u00e3o de documentos de valor hist\u00f3rico, a sua organiza\u00e7\u00e3o e descri\u00e7\u00e3o arquiv\u00edstica, at\u00e9 digitaliza\u00e7\u00e3o e disponibiliza\u00e7\u00e3o para consulta. O projeto tamb\u00e9m visa oferecer oficinas de an\u00e1lises de fontes hist\u00f3rias para a equipe do CEDOC e discentes do curso de Hist\u00f3ria e \u00e1reas afins, visando a difus\u00e3o cultural e cient\u00edfica do acervo e a forma\u00e7\u00e3o para o ensino e a pesquisa em Hist\u00f3ria. Tais atividades t\u00eam como inten\u00e7\u00e3o fortalecer o CEDOC\/Irati enquanto um espa\u00e7o de forma\u00e7\u00e3o discente e de capacita\u00e7\u00e3o em a\u00e7\u00f5es ligadas \u00e0 preserva\u00e7\u00e3o e gest\u00e3o<br \/>\ndocumental.<\/li>\n<\/ul>\n<\/li>\n<\/ul>\n<\/li>\n<\/ul>\n<p>&nbsp;<\/p>\n<ul>\n<li style=\"list-style-type: none\">\n<ul>\n<li style=\"list-style-type: none\">\n<ul>\n<li><strong>Pr\u00f3 Mem\u00f3ria Irati (2024 \u2013 Conclu\u00eddo)<\/strong><\/li>\n<li>Trata-se de uma a\u00e7\u00e3o de extens\u00e3o voltada \u00e0 organiza\u00e7\u00e3o do Concurso Pr\u00f3-Mem\u00f3ria de Irati, cujo principal objetivo \u00e9 estimular a escrita sobre a hist\u00f3ria local entre estudantes do ensino m\u00e9dio de escolas p\u00fablicas. O projeto prev\u00ea a realiza\u00e7\u00e3o de oficinas sobre fontes hist\u00f3ricas da educa\u00e7\u00e3o em Irati, utilizando fotografias e outros documentos do acervo do CEDOC, nas escolas participantes. Al\u00e9m disso, promove um concurso de reda\u00e7\u00f5es centrado na hist\u00f3ria da educa\u00e7\u00e3o no munic\u00edpio e no protagonismo das mulheres nesse contexto.<\/li>\n<li>PARCERIAS:\n<ul>\n<li>ALACS \u2013 Academia de Letras, Artes e Ci\u00eancias do Centro-Sul do Paran\u00e1<\/li>\n<li>NRE\/I \u2013 N\u00facleo Regional de Educa\u00e7\u00e3o de Irati.<\/li>\n<\/ul>\n<\/li>\n<\/ul>\n<\/li>\n<\/ul>\n<\/li>\n<\/ul>\n<ul>\n<li>\n<div class=\"wp-block-image\">\n<div class=\"wp-block-image\"><a href=\"https:\/\/drive.google.com\/file\/d\/1d36ot9WFGI3zQOZ-k2Zv_IU7iFHbh3f2\/view?usp=sharing\"><img loading=\"lazy\" decoding=\"async\" class=\"wpa-warning wpa-image-missing-alt aligncenter wp-image-708 size-medium\" src=\"https:\/\/www3.unicentro.br\/cedoci\/wp-content\/uploads\/sites\/56\/2025\/12\/Catalogos-46-212x300.jpg\" alt=\"\" width=\"212\" height=\"300\" data-warning=\"Texto alternativo ausente\" srcset=\"https:\/\/www3.unicentro.br\/cedoci\/wp-content\/uploads\/sites\/56\/2025\/12\/Catalogos-46-212x300.jpg 212w, https:\/\/www3.unicentro.br\/cedoci\/wp-content\/uploads\/sites\/56\/2025\/12\/Catalogos-46-724x1024.jpg 724w, https:\/\/www3.unicentro.br\/cedoci\/wp-content\/uploads\/sites\/56\/2025\/12\/Catalogos-46-768x1087.jpg 768w, https:\/\/www3.unicentro.br\/cedoci\/wp-content\/uploads\/sites\/56\/2025\/12\/Catalogos-46-255x361.jpg 255w, https:\/\/www3.unicentro.br\/cedoci\/wp-content\/uploads\/sites\/56\/2025\/12\/Catalogos-46.jpg 848w\" sizes=\"auto, (max-width: 212px) 100vw, 212px\" \/><\/a><\/div>\n<\/div>\n<p><span style=\"color: #000000\"><span style=\"font-family: Special Elite, serif\"><span style=\"font-size: x-large\"><b>PROJETOS DE EXTENS\u00c3O (2022-2024)<\/b><\/span><\/span><\/span><\/p>\n<ul>\n<li style=\"list-style-type: none\">\n<ul>\n<li><strong>Reposit\u00f3rio Digital Brasil\/Ucr\u00e2nia PRESS &#8211; \u2013 O jornal PR\u00c1CIA e a imigra\u00e7\u00e3o ucraniana no Brasil<\/strong><\/li>\n<li>A Typographia Pr\u00e1cia, criada em 1912 pela Ordem S\u00e3o Bas\u00edlio Magno de Prudent\u00f3polis, foi respons\u00e1vel pela publica\u00e7\u00e3o do jornal Pr\u00e1cia, pelo Boletim Mission\u00e1rio Ucra\u00edno no Brasil e pelo almanaque religioso Pr\u00e1cia. Al\u00e9m disto, por meio de uma rede de compartilhamento de peri\u00f3dicos de l\u00edngua ucraniana, os padres basilianos foram respons\u00e1veis pela forma\u00e7\u00e3o de um acervo de jornais nesta l\u00edngua de diversos pa\u00edses, impressos por entidades cat\u00f3licas ortodoxas, associa\u00e7\u00f5es \u00e9tnicas ucranianas, grupos pol\u00edticos defensores da independ\u00eancia da Ucr\u00e2nia, associa\u00e7\u00f5es rurais e de professores, sediados nos Estados Unidos, Canad\u00e1, Argentina, Reino Unido, Alemanha e Ucr\u00e2nia, totalizando 14 t\u00edtulos num acervo de 18 metros lineares, do per\u00edodo de 1917 a 1984. Este conjunto faz parte do acervo do CEDOC\/I da Unicentro. Este projeto tem por objetivo formar um reposit\u00f3rio digital bil\u00edngue (ucraniano\/portugu\u00eas), intitulado Brasil\/Ucr\u00e2nia Press, com o intuito de dar amplo acesso no Brasil e no exterior a material selecionado e traduzido relacionado \u00e0 imigra\u00e7\u00e3o ucraniana no Brasil, presente no peri\u00f3dico Pr\u00e1cia, entre 1912 e 1922 (Fase 1); 1923-1945 (Fase 2).<\/li>\n<li>PARCERIAS:\n<ul>\n<li>FASBAM &#8211; Faculdade S\u00e3o Bas\u00edlio Magno, Curitiba-PR<\/li>\n<li>UFPR &#8211; Laborat\u00f3rio de Digitaliza\u00e7\u00e3o<\/li>\n<li>Prefeitura de Prudent\u00f3polis-PR<\/li>\n<\/ul>\n<\/li>\n<\/ul>\n<\/li>\n<\/ul>\n<\/li>\n<\/ul>\n<p><!--more--> <!--more--><\/p>\n<p style=\"text-align: center\"><strong>________________________________________________<\/strong><\/p>\n<ul>\n<li><span style=\"color: #000000\"><span style=\"font-family: Special Elite, serif\"><span style=\"font-size: x-large\"><b>EVENTOS DE EXTENS\u00c3O (2024-2025)<\/b><\/span><\/span><\/span>\n<ul>\n<li style=\"list-style-type: none\">\n<ul>\n<li><strong> Oficinas de Hist\u00f3ria 2024 <\/strong><\/li>\n<li>Este projeto tem como objetivo oferecer um curso e oficinas de an\u00e1lise de fontes hist\u00f3ricas para a equipe do CEDOC\/I, bem como para discentes dos cursos de gradua\u00e7\u00e3o e p\u00f3s-gradua\u00e7\u00e3o em Hist\u00f3ria e \u00e1reas afins. A iniciativa buscou: a) difundir os acervos sob sua guarda; b) contribuir para a forma\u00e7\u00e3o acad\u00eamica dos estudantes; c) qualificar a pr\u00e1tica da pesquisa hist\u00f3rica a partir de diferentes tipologias documentais. Para isso, foram ministrados um curso de leitura paleogr\u00e1fica, com carga hor\u00e1ria de 12 horas-aula, e quatro oficinas, com 4 horas-aula cada, abordando o uso de fotografias, imprensa, fontes criminais e fontes orais no ensino e na pesquisa em Hist\u00f3ria, al\u00e9m das respectivas metodologias de an\u00e1lise.<\/li>\n<\/ul>\n<\/li>\n<\/ul>\n<\/li>\n<\/ul>\n<p>&nbsp;<\/p>\n<ul>\n<li style=\"list-style-type: none\">\n<ul>\n<li style=\"list-style-type: none\">\n<ul>\n<li><strong> Educa\u00e7\u00e3o, hist\u00f3ria e patrim\u00f4nio: A escola paranaense do s\u00e9culo XX sob perspectiva. (2024-2025) <\/strong><\/li>\n<li>Palestra: \u201cNo caminho dos trilhos ao som do apito do trem: escolas profissionais ferrovi\u00e1rias na Rede de Via\u00e7\u00e3o Paran\u00e1 Santa Catarina (1933-1973)\u201d, com a Prof\u00aa Dr\u00aa V\u00e2nia Mara Pereira Machado \u2013 Coordenadora do Museu da Escola Paranaense. Exposi\u00e7\u00e3o: No caminho dos trilhos ao som do apito do trem: escolas profissionais ferrovi\u00e1rias na Rede de Via\u00e7\u00e3o Paran\u00e1 Santa Catarina (1933-1973)\u201d.<\/li>\n<li>PARCERIAS:\n<ul>\n<li>Biblioteca da Unicentro Irati<\/li>\n<li>Programa de P\u00f3s-Gradua\u00e7\u00e3o em Hist\u00f3ria \u2013 PPGH\/Unicentro\/Irati<\/li>\n<li>Programa de P\u00f3s-Gradua\u00e7\u00e3o em Educa\u00e7\u00e3o \u2013 PPGE\/Unicentro\/Irati<\/li>\n<li>Centro Acad\u00eamico de Hist\u00f3ria Carlos Marighella<\/li>\n<li>Museu da Escola Paranaense &#8211; MEP<\/li>\n<li>SEED \u2013 Secretaria Estadual de Educa\u00e7\u00e3o do Paran\u00e1<\/li>\n<\/ul>\n<\/li>\n<\/ul>\n<\/li>\n<\/ul>\n<\/li>\n<\/ul>\n<p style=\"text-align: center\"><strong>________________________________________________<\/strong><\/p>\n<ul>\n<li><span style=\"color: #000000\"><span style=\"font-family: Special Elite, serif\"><span style=\"font-size: x-large\"><b>CONV\u00caNIOS<\/b><\/span><\/span><\/span>\n<ul>\n<li>Prefeitura de Irati &#8211; Secret\u00e1ria Municipal de Cultura &#8211; Termo de Conv\u00eanio n.\u00ba 027\/2025\n<ul>\n<li>Cust\u00f3dia e difus\u00e3o do Arquivo do Poder Executivo (1907-2004)<\/li>\n<\/ul>\n<\/li>\n<li>Tribunal de Justi\u00e7a do Paran\u00e1 &#8211; Museu da Justi\u00e7a do Paran\u00e1 &#8211; Termo de Conv\u00eanio n\u00ba 048\/2021<\/li>\n<li>Financiadora de Estudos e Projetos &#8211; FINEP &#8211; CHAMADA P\u00daBLICA MCTI\/FINEP\/FNDCT\/IDENTIDADE BRASIL &#8211; INFRAESTRUTURA E PESQUISA DE ACERVOS 2024 &#8211; Termo de Conv\u00eanio n.\u00ba 2998\/2024\n<ul>\n<li>DIREITO \u00c0 MEM\u00d3RIA E PRESERVA\u00c7\u00c3O: DIGITALIZA\u00c7\u00c3O E POPULARIZA\u00c7\u00c3O DO ACERVO DOCUMENTAL DO CEDOC\/I &#8211; UNICENTRO<\/li>\n<\/ul>\n<\/li>\n<\/ul>\n<\/li>\n<\/ul>\n<p>[\/vc_column_text][\/vc_column][\/vc_row]<\/p>\n<\/div>","protected":false},"excerpt":{"rendered":"<p>[vc_row][vc_column][vc_column_text css=&#8221;&#8221;] PROJETOS DE EXTENS\u00c3O (2024-2025) O CEDOC\/I Como Espa\u00e7o de Forma\u00e7\u00e3o Discente (2024- em andamento) Este projeto visa oportunizar aos discentes do curso de Hist\u00f3ria e de \u00e1reas afins da UNICENTRO, treinamento em pr\u00e1ticas arquiv\u00edsticas e gest\u00e3o de documentos hist\u00f3ricos no CEDOC\/Irati. As atividades compreendem desde a higieniza\u00e7\u00e3o de documentos de valor hist\u00f3rico, a [&hellip;]<\/p>\n","protected":false},"author":3,"featured_media":0,"parent":0,"menu_order":0,"comment_status":"closed","ping_status":"closed","template":"","meta":{"_exactmetrics_skip_tracking":false,"_exactmetrics_sitenote_active":false,"_exactmetrics_sitenote_note":"","_exactmetrics_sitenote_category":0,"footnotes":"","_links_to":"","_links_to_target":""},"class_list":["post-45","page","type-page","status-publish","hentry"],"_links":{"self":[{"href":"https:\/\/www3.unicentro.br\/cedoci\/wp-json\/wp\/v2\/pages\/45","targetHints":{"allow":["GET"]}}],"collection":[{"href":"https:\/\/www3.unicentro.br\/cedoci\/wp-json\/wp\/v2\/pages"}],"about":[{"href":"https:\/\/www3.unicentro.br\/cedoci\/wp-json\/wp\/v2\/types\/page"}],"author":[{"embeddable":true,"href":"https:\/\/www3.unicentro.br\/cedoci\/wp-json\/wp\/v2\/users\/3"}],"replies":[{"embeddable":true,"href":"https:\/\/www3.unicentro.br\/cedoci\/wp-json\/wp\/v2\/comments?post=45"}],"version-history":[{"count":2,"href":"https:\/\/www3.unicentro.br\/cedoci\/wp-json\/wp\/v2\/pages\/45\/revisions"}],"predecessor-version":[{"id":709,"href":"https:\/\/www3.unicentro.br\/cedoci\/wp-json\/wp\/v2\/pages\/45\/revisions\/709"}],"wp:attachment":[{"href":"https:\/\/www3.unicentro.br\/cedoci\/wp-json\/wp\/v2\/media?parent=45"}],"curies":[{"name":"wp","href":"https:\/\/api.w.org\/{rel}","templated":true}]}}