{"id":279,"date":"2022-07-28T14:07:47","date_gmt":"2022-07-28T17:07:47","guid":{"rendered":"https:\/\/www3.unicentro.br\/cedoci\/?page_id=279"},"modified":"2026-02-27T12:17:14","modified_gmt":"2026-02-27T15:17:14","slug":"e-book","status":"publish","type":"page","link":"https:\/\/www3.unicentro.br\/cedoci\/e-book\/","title":{"rendered":"Cole\u00e7\u00e3o Fontes para a Hist\u00f3ria"},"content":{"rendered":"<div class=\"wpb-content-wrapper\"><p>[vc_row gap=&#8221;5&#8243; u_row_style=&#8221;0&#8243; u_row_paralax=&#8221;0&#8243; u_row_scheme=&#8221;0&#8243;][vc_column width=&#8221;1\/3&#8243; css=&#8221;.vc_custom_1772205418247{background-color: #E8E8E800 !important;}&#8221;][vc_single_image image=&#8221;649&#8243; img_size=&#8221;300x424px&#8221; alignment=&#8221;center&#8221; onclick=&#8221;custom_link&#8221; img_link_target=&#8221;_blank&#8221; css_animation=&#8221;fadeInLeft&#8221; css=&#8221;&#8221; link=&#8221;https:\/\/drive.google.com\/file\/d\/1QRthwZugZblzlIi0AukawHwCw_iYT-ua\/view&#8221;][\/vc_column][vc_column width=&#8221;1\/3&#8243; css=&#8221;.vc_custom_1772205425015{background-color: #E8E8E800 !important;}&#8221;][vc_single_image image=&#8221;974&#8243; img_size=&#8221;300x424px&#8221; alignment=&#8221;center&#8221; onclick=&#8221;custom_link&#8221; img_link_target=&#8221;_blank&#8221; css_animation=&#8221;fadeInLeft&#8221; css=&#8221;&#8221; link=&#8221;https:\/\/drive.google.com\/file\/d\/1VEzPUK8URRArTL1w5Rn7GNhSY87k4lTU\/view&#8221;][\/vc_column][vc_column width=&#8221;1\/3&#8243; css=&#8221;.vc_custom_1772205431580{background-color: #E8E8E800 !important;}&#8221;][vc_single_image image=&#8221;468&#8243; img_size=&#8221;full&#8221; alignment=&#8221;center&#8221; onclick=&#8221;custom_link&#8221; img_link_target=&#8221;_blank&#8221; css_animation=&#8221;fadeInLeft&#8221; css=&#8221;&#8221; link=&#8221;https:\/\/drive.google.com\/file\/d\/1v-qeBtk3KFGpjobwnq7itQgrDb1-x04h\/view&#8221;][\/vc_column][\/vc_row][vc_section][\/vc_section]<\/p>\n<\/div>","protected":false},"excerpt":{"rendered":"<p>[vc_row gap=&#8221;5&#8243; u_row_style=&#8221;0&#8243; u_row_paralax=&#8221;0&#8243; u_row_scheme=&#8221;0&#8243;][vc_column width=&#8221;1\/3&#8243; css=&#8221;.vc_custom_1772205418247{background-color: #E8E8E800 !important;}&#8221;][vc_single_image image=&#8221;649&#8243; img_size=&#8221;300x424px&#8221; alignment=&#8221;center&#8221; onclick=&#8221;custom_link&#8221; img_link_target=&#8221;_blank&#8221; css_animation=&#8221;fadeInLeft&#8221; css=&#8221;&#8221; link=&#8221;https:\/\/drive.google.com\/file\/d\/1QRthwZugZblzlIi0AukawHwCw_iYT-ua\/view&#8221;][\/vc_column][vc_column width=&#8221;1\/3&#8243; css=&#8221;.vc_custom_1772205425015{background-color: #E8E8E800 !important;}&#8221;][vc_single_image image=&#8221;974&#8243; img_size=&#8221;300x424px&#8221; alignment=&#8221;center&#8221; onclick=&#8221;custom_link&#8221; img_link_target=&#8221;_blank&#8221; css_animation=&#8221;fadeInLeft&#8221; css=&#8221;&#8221; link=&#8221;https:\/\/drive.google.com\/file\/d\/1VEzPUK8URRArTL1w5Rn7GNhSY87k4lTU\/view&#8221;][\/vc_column][vc_column width=&#8221;1\/3&#8243; css=&#8221;.vc_custom_1772205431580{background-color: #E8E8E800 !important;}&#8221;][vc_single_image image=&#8221;468&#8243; img_size=&#8221;full&#8221; alignment=&#8221;center&#8221; onclick=&#8221;custom_link&#8221; img_link_target=&#8221;_blank&#8221; css_animation=&#8221;fadeInLeft&#8221; css=&#8221;&#8221; link=&#8221;https:\/\/drive.google.com\/file\/d\/1v-qeBtk3KFGpjobwnq7itQgrDb1-x04h\/view&#8221;][\/vc_column][\/vc_row][vc_section][\/vc_section]<\/p>\n","protected":false},"author":6,"featured_media":0,"parent":0,"menu_order":0,"comment_status":"closed","ping_status":"closed","template":"","meta":{"_exactmetrics_skip_tracking":false,"_exactmetrics_sitenote_active":false,"_exactmetrics_sitenote_note":"","_exactmetrics_sitenote_category":0,"footnotes":"","_links_to":"","_links_to_target":""},"class_list":["post-279","page","type-page","status-publish","hentry"],"_links":{"self":[{"href":"https:\/\/www3.unicentro.br\/cedoci\/wp-json\/wp\/v2\/pages\/279","targetHints":{"allow":["GET"]}}],"collection":[{"href":"https:\/\/www3.unicentro.br\/cedoci\/wp-json\/wp\/v2\/pages"}],"about":[{"href":"https:\/\/www3.unicentro.br\/cedoci\/wp-json\/wp\/v2\/types\/page"}],"author":[{"embeddable":true,"href":"https:\/\/www3.unicentro.br\/cedoci\/wp-json\/wp\/v2\/users\/6"}],"replies":[{"embeddable":true,"href":"https:\/\/www3.unicentro.br\/cedoci\/wp-json\/wp\/v2\/comments?post=279"}],"version-history":[{"count":3,"href":"https:\/\/www3.unicentro.br\/cedoci\/wp-json\/wp\/v2\/pages\/279\/revisions"}],"predecessor-version":[{"id":547,"href":"https:\/\/www3.unicentro.br\/cedoci\/wp-json\/wp\/v2\/pages\/279\/revisions\/547"}],"wp:attachment":[{"href":"https:\/\/www3.unicentro.br\/cedoci\/wp-json\/wp\/v2\/media?parent=279"}],"curies":[{"name":"wp","href":"https:\/\/api.w.org\/{rel}","templated":true}]}}