{"id":1193,"date":"2026-05-07T11:56:01","date_gmt":"2026-05-07T14:56:01","guid":{"rendered":"https:\/\/www3.unicentro.br\/cedoci\/?page_id=1193"},"modified":"2026-05-07T11:56:01","modified_gmt":"2026-05-07T14:56:01","slug":"restecgd-cedoc-i","status":"publish","type":"page","link":"https:\/\/www3.unicentro.br\/cedoci\/restecgd-cedoc-i\/","title":{"rendered":"Resid\u00eancia T\u00e9cnica em Gest\u00e3o de Documentos, Educa\u00e7\u00e3o Patrimonial e Hist\u00f3ria Publica &#8211; SETI-UEL"},"content":{"rendered":"<div class=\"wpb-content-wrapper\"><p>[vc_row][vc_column][vc_column_text css_animation=&#8221;fadeIn&#8221; css=&#8221;&#8221;]<\/p>\n<p data-start=\"128\" data-end=\"363\">O Programa de Resid\u00eancia T\u00e9cnica em Gest\u00e3o Documental, Educa\u00e7\u00e3o Patrimonial e Hist\u00f3ria P\u00fablica tem como objetivo promover a forma\u00e7\u00e3o qualificada de profissionais por meio da articula\u00e7\u00e3o entre pr\u00e1tica institucional e forma\u00e7\u00e3o acad\u00eamica.<\/p>\n<p data-start=\"365\" data-end=\"741\">A resid\u00eancia t\u00e9cnica constitui o eixo central do programa, inserindo o\/a residente em institui\u00e7\u00f5es que atuam com acervos, mem\u00f3ria e patrim\u00f4nio, possibilitando a viv\u00eancia direta em atividades de organiza\u00e7\u00e3o, preserva\u00e7\u00e3o e difus\u00e3o documental. De forma integrada, o programa oferece um curso de especializa\u00e7\u00e3o que fornece suporte te\u00f3rico e metodol\u00f3gico \u00e0s pr\u00e1ticas desenvolvidas.<\/p>\n<p data-start=\"743\" data-end=\"974\">O objetivo \u00e9 formar profissionais capazes de atuar na gest\u00e3o de documentos, na media\u00e7\u00e3o entre patrim\u00f4nio e sociedade e no fortalecimento de pol\u00edticas de mem\u00f3ria, aliando conhecimento t\u00e9cnico, reflex\u00e3o cr\u00edtica e experi\u00eancia pr\u00e1tica.<\/p>\n<p data-start=\"743\" data-end=\"974\"><strong>Coordenador Geral: <\/strong>Jos\u00e9 Miguel Arias Neto (UEL)<\/p>\n<p data-start=\"743\" data-end=\"974\"><strong>Residentes t\u00e9cnicos no CEDOC\/I:<\/strong><\/p>\n<p data-start=\"743\" data-end=\"974\">Stephanie Let\u00edcia Zorek Brandalize<\/p>\n<p data-start=\"743\" data-end=\"974\">Angelo Gabriel dos Santos<\/p>\n<p data-start=\"743\" data-end=\"974\"><strong>Supervisores\/orientadores\u00a0<\/strong><\/p>\n<p data-start=\"743\" data-end=\"974\">Jo\u00e3o Carlos Corso<\/p>\n<p data-start=\"743\" data-end=\"974\">J\u00falio Cesar Franco<\/p>\n<p data-start=\"743\" data-end=\"974\">Per\u00edodo de vig\u00eancia: 10\/04\/2026 a 10\/04\/2028<\/p>\n<div class=\"wp-block-image\"><img loading=\"lazy\" decoding=\"async\" class=\"wpa-warning wpa-image-missing-alt size-medium wp-image-1194 aligncenter\" src=\"https:\/\/www3.unicentro.br\/cedoci\/wp-content\/uploads\/sites\/56\/2026\/05\/1-1-300x40.png\" alt=\"\" width=\"300\" height=\"40\" data-warning=\"Texto alternativo ausente\" srcset=\"https:\/\/www3.unicentro.br\/cedoci\/wp-content\/uploads\/sites\/56\/2026\/05\/1-1-300x40.png 300w, https:\/\/www3.unicentro.br\/cedoci\/wp-content\/uploads\/sites\/56\/2026\/05\/1-1-1024x136.png 1024w, https:\/\/www3.unicentro.br\/cedoci\/wp-content\/uploads\/sites\/56\/2026\/05\/1-1-768x102.png 768w, https:\/\/www3.unicentro.br\/cedoci\/wp-content\/uploads\/sites\/56\/2026\/05\/1-1-255x34.png 255w, https:\/\/www3.unicentro.br\/cedoci\/wp-content\/uploads\/sites\/56\/2026\/05\/1-1.png 1364w\" sizes=\"auto, (max-width: 300px) 100vw, 300px\" \/><\/div>\n<p>[\/vc_column_text][\/vc_column][\/vc_row]<\/p>\n<\/div>","protected":false},"excerpt":{"rendered":"<p>[vc_row][vc_column][vc_column_text css_animation=&#8221;fadeIn&#8221; css=&#8221;&#8221;] O Programa de Resid\u00eancia T\u00e9cnica em Gest\u00e3o Documental, Educa\u00e7\u00e3o Patrimonial e Hist\u00f3ria P\u00fablica tem como objetivo promover a forma\u00e7\u00e3o qualificada de profissionais por meio da articula\u00e7\u00e3o entre pr\u00e1tica institucional e forma\u00e7\u00e3o acad\u00eamica. A resid\u00eancia t\u00e9cnica constitui o eixo central do programa, inserindo o\/a residente em institui\u00e7\u00f5es que atuam com acervos, mem\u00f3ria e [&hellip;]<\/p>\n","protected":false},"author":750,"featured_media":0,"parent":0,"menu_order":0,"comment_status":"closed","ping_status":"closed","template":"","meta":{"_exactmetrics_skip_tracking":false,"_exactmetrics_sitenote_active":false,"_exactmetrics_sitenote_note":"","_exactmetrics_sitenote_category":0,"footnotes":"","_links_to":"","_links_to_target":""},"class_list":["post-1193","page","type-page","status-publish","hentry"],"_links":{"self":[{"href":"https:\/\/www3.unicentro.br\/cedoci\/wp-json\/wp\/v2\/pages\/1193","targetHints":{"allow":["GET"]}}],"collection":[{"href":"https:\/\/www3.unicentro.br\/cedoci\/wp-json\/wp\/v2\/pages"}],"about":[{"href":"https:\/\/www3.unicentro.br\/cedoci\/wp-json\/wp\/v2\/types\/page"}],"author":[{"embeddable":true,"href":"https:\/\/www3.unicentro.br\/cedoci\/wp-json\/wp\/v2\/users\/750"}],"replies":[{"embeddable":true,"href":"https:\/\/www3.unicentro.br\/cedoci\/wp-json\/wp\/v2\/comments?post=1193"}],"version-history":[{"count":1,"href":"https:\/\/www3.unicentro.br\/cedoci\/wp-json\/wp\/v2\/pages\/1193\/revisions"}],"predecessor-version":[{"id":1195,"href":"https:\/\/www3.unicentro.br\/cedoci\/wp-json\/wp\/v2\/pages\/1193\/revisions\/1195"}],"wp:attachment":[{"href":"https:\/\/www3.unicentro.br\/cedoci\/wp-json\/wp\/v2\/media?parent=1193"}],"curies":[{"name":"wp","href":"https:\/\/api.w.org\/{rel}","templated":true}]}}