{"id":1019,"date":"2026-03-16T14:10:09","date_gmt":"2026-03-16T17:10:09","guid":{"rendered":"https:\/\/www3.unicentro.br\/cedoci\/?page_id=1019"},"modified":"2026-03-16T14:13:32","modified_gmt":"2026-03-16T17:13:32","slug":"direito-a-memoria-e-preservacao-digitalizacao-e-popularizacao-do-acervo-documental-do-cedoc-i-unicentro","status":"publish","type":"page","link":"https:\/\/www3.unicentro.br\/cedoci\/direito-a-memoria-e-preservacao-digitalizacao-e-popularizacao-do-acervo-documental-do-cedoc-i-unicentro\/","title":{"rendered":"DIREITO \u00c0 MEM\u00d3RIA E PRESERVA\u00c7\u00c3O: DIGITALIZA\u00c7\u00c3O E POPULARIZA\u00c7\u00c3O DO ACERVO DOCUMENTAL DO CEDOC\/I &#8211; UNICENTRO"},"content":{"rendered":"<div class=\"wpb-content-wrapper\"><p>[vc_row][vc_column][vc_column_text css_animation=&#8221;fadeInRight&#8221; css=&#8221;&#8221;]<\/p>\n<p style=\"text-align: center\">DIREITO \u00c0 MEM\u00d3RIA E PRESERVA\u00c7\u00c3O: DIGITALIZA\u00c7\u00c3O E POPULARIZA\u00c7\u00c3O DO ACERVO DOCUMENTAL DO CEDOC\/I &#8211; UNICENTRO &#8211;<br \/>\n<span style=\"color: #808080;font-size: 10pt\">CHAMADA P\u00daBLICA MCTI\/FINEP\/FNDCT\/IDENTIDADE BRASIL \u2013 INFRAESTRUTURA E PESQUISA DE ACERVOS 2024<\/span><\/p>\n<p>Objetivo Geral<\/p>\n<p>Implementar mobili\u00e1rio e equipamentos avan\u00e7ados para o tratamento de imagem, visando \u00e0 digitaliza\u00e7\u00e3o, preserva\u00e7\u00e3o e populariza\u00e7\u00e3o do acervo hist\u00f3rico e cultural do CEDOC\/I. O prop\u00f3sito \u00e9 divulgar e democratizar o acesso \u00e0 mem\u00f3ria e \u00e0 hist\u00f3ria da regi\u00e3o.<\/p>\n<p>Objetivos Espec\u00edficos<\/p>\n<p>1- Digitaliza\u00e7\u00e3o do Acervo:<br \/>\nDigitalizar de forma detalhada e com alta qualidade o acervo documental do CEDOC\/I.<br \/>\nCriar um banco de dados integrado ao site CEDOC\/I, com um reposit\u00f3rio digital onde as informa\u00e7\u00f5es sejam pesquis\u00e1veis por meio de metadados inseridos.<\/p>\n<p>2- Capacita\u00e7\u00e3o:<br \/>\nCapacitar a equipe executora com as mais avan\u00e7adas e adequadas t\u00e9cnicas arquiv\u00edsticas para a preserva\u00e7\u00e3o de acervos documentais.<br \/>\nAprimorar as t\u00e9cnicas de restaura\u00e7\u00e3o e conserva\u00e7\u00e3o preventiva de documentos.<\/p>\n<p>3- Preserva\u00e7\u00e3o e Conserva\u00e7\u00e3o:<br \/>\nAvaliar o estado de conserva\u00e7\u00e3o, organiza\u00e7\u00e3o e acondicionamento do acervo documental.<br \/>\nImplementar padr\u00f5es arquiv\u00edsticos para a conserva\u00e7\u00e3o e preserva\u00e7\u00e3o tanto dos documentos f\u00edsicos quanto dos digitais.<\/p>\n<p>4- Divulga\u00e7\u00e3o e Acesso:<br \/>\nDisponibilizar os dados e imagens digitalizadas em plataformas digitais, promovendo a dissemina\u00e7\u00e3o do conhecimento e o acesso global ao acervo.<br \/>\nDesenvolver materiais de divulga\u00e7\u00e3o de acesso livre e gratuito, ampliando a visibilidade e a import\u00e2ncia hist\u00f3rica e cultural do acervo.<\/p>\n<p>5- Objetivos de Desenvolvimento Sustent\u00e1vel (ODSs): Contribuir para a educa\u00e7\u00e3o de qualidade fornecendo o acesso democratizado do acervo, permitindo a pesquisa e ensino gratuito e de qualidade;<br \/>\nContribuir para redu\u00e7\u00e3o das desigualdades e igualdade de g\u00eanero, atrav\u00e9s das pesquisas que poder\u00e3o ser proporcionadas pelo projeto.<\/p>\n<p><strong>Investimento:<\/strong> R$ 1.335.156,45<br \/>\n<strong>Prazo:<\/strong> 36 meses<\/p>\n<p><strong>Coordenador:<\/strong><\/p>\n<p>Prof. Dr. Jo\u00e3o Carlos Corso<\/p>\n<p><strong>Equipe:<\/strong><\/p>\n<p>Prof. Dr. H\u00e9lio Sochodolak<br \/>\nProf. Dr. Danilo Ferreira da Fonseca<br \/>\nProf. Dr. Os\u00e9ias de Oliveira<br \/>\nProfa. Dra. M\u00e9ri Frotscher<br \/>\nJ\u00falio C\u00e9sar Franco<br \/>\nAna Paula Ansolin[\/vc_column_text][\/vc_column][\/vc_row]<\/p>\n<\/div>","protected":false},"excerpt":{"rendered":"<p>[vc_row][vc_column][vc_column_text css_animation=&#8221;fadeInRight&#8221; css=&#8221;&#8221;] DIREITO \u00c0 MEM\u00d3RIA E PRESERVA\u00c7\u00c3O: DIGITALIZA\u00c7\u00c3O E POPULARIZA\u00c7\u00c3O DO ACERVO DOCUMENTAL DO CEDOC\/I &#8211; UNICENTRO &#8211; CHAMADA P\u00daBLICA MCTI\/FINEP\/FNDCT\/IDENTIDADE BRASIL \u2013 INFRAESTRUTURA E PESQUISA DE ACERVOS 2024 Objetivo Geral Implementar mobili\u00e1rio e equipamentos avan\u00e7ados para o tratamento de imagem, visando \u00e0 digitaliza\u00e7\u00e3o, preserva\u00e7\u00e3o e populariza\u00e7\u00e3o do acervo hist\u00f3rico e cultural do CEDOC\/I. [&hellip;]<\/p>\n","protected":false},"author":750,"featured_media":0,"parent":0,"menu_order":0,"comment_status":"closed","ping_status":"closed","template":"","meta":{"_exactmetrics_skip_tracking":false,"_exactmetrics_sitenote_active":false,"_exactmetrics_sitenote_note":"","_exactmetrics_sitenote_category":0,"footnotes":"","_links_to":"","_links_to_target":""},"class_list":["post-1019","page","type-page","status-publish","hentry"],"_links":{"self":[{"href":"https:\/\/www3.unicentro.br\/cedoci\/wp-json\/wp\/v2\/pages\/1019","targetHints":{"allow":["GET"]}}],"collection":[{"href":"https:\/\/www3.unicentro.br\/cedoci\/wp-json\/wp\/v2\/pages"}],"about":[{"href":"https:\/\/www3.unicentro.br\/cedoci\/wp-json\/wp\/v2\/types\/page"}],"author":[{"embeddable":true,"href":"https:\/\/www3.unicentro.br\/cedoci\/wp-json\/wp\/v2\/users\/750"}],"replies":[{"embeddable":true,"href":"https:\/\/www3.unicentro.br\/cedoci\/wp-json\/wp\/v2\/comments?post=1019"}],"version-history":[{"count":3,"href":"https:\/\/www3.unicentro.br\/cedoci\/wp-json\/wp\/v2\/pages\/1019\/revisions"}],"predecessor-version":[{"id":1028,"href":"https:\/\/www3.unicentro.br\/cedoci\/wp-json\/wp\/v2\/pages\/1019\/revisions\/1028"}],"wp:attachment":[{"href":"https:\/\/www3.unicentro.br\/cedoci\/wp-json\/wp\/v2\/media?parent=1019"}],"curies":[{"name":"wp","href":"https:\/\/api.w.org\/{rel}","templated":true}]}}