{"id":1018,"date":"2026-03-16T14:11:11","date_gmt":"2026-03-16T17:11:11","guid":{"rendered":"https:\/\/www3.unicentro.br\/cedoci\/?page_id=1018"},"modified":"2026-05-07T11:57:44","modified_gmt":"2026-05-07T14:57:44","slug":"projetos-interinstitucionais","status":"publish","type":"page","link":"https:\/\/www3.unicentro.br\/cedoci\/projetos-interinstitucionais\/","title":{"rendered":"Projetos Interinstitucionais"},"content":{"rendered":"<div class=\"wpb-content-wrapper\"><p>[vc_row][vc_column][vc_column_text css_animation=&#8221;fadeIn&#8221; css=&#8221;&#8221;]<a href=\"https:\/\/www3.unicentro.br\/cedoci\/direito-a-memoria-e-preservacao-digitalizacao-e-popularizacao-do-acervo-documental-do-cedoc-i-unicentro\/\">DIREITO \u00c0 MEM\u00d3RIA E PRESERVA\u00c7\u00c3O: DIGITALIZA\u00c7\u00c3O E POPULARIZA\u00c7\u00c3O DO ACERVO DOCUMENTAL DO CEDOC\/I \u2013 UNICENTRO<\/a><br \/>\n<span style=\"color: #808080;font-size: 8pt\">CHAMADA P\u00daBLICA MCTI\/FINEP\/FNDCT\/IDENTIDADE BRASIL \u2013 INFRAESTRUTURA E PESQUISA DE ACERVOS 2024<\/span><\/p>\n<p><a href=\"https:\/\/www3.unicentro.br\/cedoci\/restecgd-cedoc-i\/\">Resid\u00eancia T\u00e9cnica em Gest\u00e3o de Documentos, Educa\u00e7\u00e3o Patrimonial e Hist\u00f3ria Publica \u2013 SETI-UEL<\/a><br \/>\n<span style=\"color: #808080;font-size: 8pt\">EDITAL RESTECGD N\u00ba 001\/2026\u00a0<\/span>[\/vc_column_text][\/vc_column][\/vc_row]<\/p>\n<\/div>","protected":false},"excerpt":{"rendered":"<p>[vc_row][vc_column][vc_column_text css_animation=&#8221;fadeIn&#8221; css=&#8221;&#8221;]DIREITO \u00c0 MEM\u00d3RIA E PRESERVA\u00c7\u00c3O: DIGITALIZA\u00c7\u00c3O E POPULARIZA\u00c7\u00c3O DO ACERVO DOCUMENTAL DO CEDOC\/I \u2013 UNICENTRO CHAMADA P\u00daBLICA MCTI\/FINEP\/FNDCT\/IDENTIDADE BRASIL \u2013 INFRAESTRUTURA E PESQUISA DE ACERVOS 2024 Resid\u00eancia T\u00e9cnica em Gest\u00e3o de Documentos, Educa\u00e7\u00e3o Patrimonial e Hist\u00f3ria Publica \u2013 SETI-UEL EDITAL RESTECGD N\u00ba 001\/2026\u00a0[\/vc_column_text][\/vc_column][\/vc_row]<\/p>\n","protected":false},"author":750,"featured_media":0,"parent":0,"menu_order":0,"comment_status":"closed","ping_status":"closed","template":"","meta":{"_exactmetrics_skip_tracking":false,"_exactmetrics_sitenote_active":false,"_exactmetrics_sitenote_note":"","_exactmetrics_sitenote_category":0,"footnotes":"","_links_to":"","_links_to_target":""},"class_list":["post-1018","page","type-page","status-publish","hentry"],"_links":{"self":[{"href":"https:\/\/www3.unicentro.br\/cedoci\/wp-json\/wp\/v2\/pages\/1018","targetHints":{"allow":["GET"]}}],"collection":[{"href":"https:\/\/www3.unicentro.br\/cedoci\/wp-json\/wp\/v2\/pages"}],"about":[{"href":"https:\/\/www3.unicentro.br\/cedoci\/wp-json\/wp\/v2\/types\/page"}],"author":[{"embeddable":true,"href":"https:\/\/www3.unicentro.br\/cedoci\/wp-json\/wp\/v2\/users\/750"}],"replies":[{"embeddable":true,"href":"https:\/\/www3.unicentro.br\/cedoci\/wp-json\/wp\/v2\/comments?post=1018"}],"version-history":[{"count":3,"href":"https:\/\/www3.unicentro.br\/cedoci\/wp-json\/wp\/v2\/pages\/1018\/revisions"}],"predecessor-version":[{"id":1199,"href":"https:\/\/www3.unicentro.br\/cedoci\/wp-json\/wp\/v2\/pages\/1018\/revisions\/1199"}],"wp:attachment":[{"href":"https:\/\/www3.unicentro.br\/cedoci\/wp-json\/wp\/v2\/media?parent=1018"}],"curies":[{"name":"wp","href":"https:\/\/api.w.org\/{rel}","templated":true}]}}