{"id":1006,"date":"2026-03-16T13:42:57","date_gmt":"2026-03-16T16:42:57","guid":{"rendered":"https:\/\/www3.unicentro.br\/cedoci\/?page_id=1006"},"modified":"2026-03-16T13:42:57","modified_gmt":"2026-03-16T16:42:57","slug":"documentacao-e-memoria-da-associacao-assis-e-do-nucleo-regional-monge-joao-maria","status":"publish","type":"page","link":"https:\/\/www3.unicentro.br\/cedoci\/documentacao-e-memoria-da-associacao-assis-e-do-nucleo-regional-monge-joao-maria\/","title":{"rendered":"Documenta\u00e7\u00e3o e mem\u00f3ria da Associa\u00e7\u00e3o Assis e do N\u00facleo Regional Monge Jo\u00e3o Maria"},"content":{"rendered":"<div class=\"wpb-content-wrapper\"><p>[vc_row][vc_column width=&#8221;1\/5&#8243;][vc_single_image image=&#8221;1010&#8243; img_size=&#8221;&#8221; alignment=&#8221;center&#8221; css_animation=&#8221;fadeInLeft&#8221; css=&#8221;&#8221;][\/vc_column][vc_column width=&#8221;4\/5&#8243;][vc_column_text css_animation=&#8221;fadeInRight&#8221; css=&#8221;&#8221;]<\/p>\n<p align=\"justify\">O projeto <strong>\u201cDocumenta\u00e7\u00e3o e Mem\u00f3ria da Associa\u00e7\u00e3o Assis e do N\u00facleo Regional Monge Jo\u00e3o Maria\u201d<\/strong> tem como objetivo acompanhar, interagir e apoiar as atividades do Grupo de Agricultores Ecol\u00f3gicos Renascimento (GAERE), bem como as a\u00e7\u00f5es administrativas da Associa\u00e7\u00e3o S\u00e3o Francisco de Assis e do N\u00facleo Regional Monge Jo\u00e3o Maria. Esses coletivos integram a Rede Ecovida de Agroecologia, iniciativa voltada \u00e0 promo\u00e7\u00e3o de pr\u00e1ticas agroecol\u00f3gicas e \u00e0 certifica\u00e7\u00e3o participativa de alimentos org\u00e2nicos na regi\u00e3o Sul do Brasil.<\/p>\n<p align=\"justify\">Atualmente, a Rede Ecovida \u00e9 composta por 34 n\u00facleos regionais, abrangendo mais de 352 munic\u00edpios e congregando cerca de 436 grupos de fam\u00edlias agricultoras, o que representa aproximadamente 2.848 fam\u00edlias. Em sua \u00e1rea de atua\u00e7\u00e3o, realizam-se mais de 120 feiras ecol\u00f3gicas, al\u00e9m de outras formas de comercializa\u00e7\u00e3o solid\u00e1ria.<\/p>\n<p align=\"justify\">A Associa\u00e7\u00e3o S\u00e3o Francisco de Assis foi fundada em 1997 por um grupo de agricultores formado por tr\u00eas fam\u00edlias provenientes da regi\u00e3o de Arroio Grande, no interior de Irati (PR). O grupo surgiu com o prop\u00f3sito de promover a transi\u00e7\u00e3o da agricultura convencional, baseada na fumicultura, para pr\u00e1ticas agroecol\u00f3gicas, buscando novas formas de comercializa\u00e7\u00e3o e a amplia\u00e7\u00e3o da renda familiar. Essas fam\u00edlias s\u00e3o descendentes de caboclos e caboclas que habitam a regi\u00e3o desde o final do s\u00e9culo XIX, quando se organizavam na forma de faxinais.<\/p>\n<p align=\"justify\">Alguns anos ap\u00f3s a cria\u00e7\u00e3o da Associa\u00e7\u00e3o, foi fundado, em 2001, o Grupo de Agricultores Ecol\u00f3gicos Renascimento (GAERE), pioneiro no processo de certifica\u00e7\u00e3o org\u00e2nica no \u00e2mbito da Rede Ecovida, com o objetivo de agregar valor \u00e0 produ\u00e7\u00e3o das fam\u00edlias camponesas. J\u00e1 o N\u00facleo Regional Monge Jo\u00e3o Maria foi criado em 7 de abril de 2004, na Par\u00f3quia S\u00e3o Miguel, em Irati (PR), filiando-se \u00e0 Rede Ecovida no mesmo ano, durante plen\u00e1ria regional.<\/p>\n<p align=\"justify\">Nesse contexto, o Centro de Documenta\u00e7\u00e3o e Mem\u00f3ria (CEDOC) surge como parceiro estrat\u00e9gico, contribuindo para a organiza\u00e7\u00e3o, higieniza\u00e7\u00e3o e cataloga\u00e7\u00e3o da documenta\u00e7\u00e3o produzida por esses coletivos. A parceria busca aprimorar a efici\u00eancia administrativa das entidades, bem como orientar a produ\u00e7\u00e3o, guarda e preserva\u00e7\u00e3o sistem\u00e1tica de seus registros. Dessa forma, pretende-se fortalecer a mem\u00f3ria institucional e social desses grupos, valorizando suas trajet\u00f3rias, pr\u00e1ticas agroecol\u00f3gicas e modos de vida sustent\u00e1veis.<\/p>\n<p><strong>Per\u00edodo de Execu\u00e7\u00e3o: 01\/01\/2026 a 31\/12\/2027<\/strong><\/p>\n<p><span style=\"font-family: 'Special Elite', serif;font-size: 12pt\"><strong>Coordenador:\u00a0<\/strong><\/span><\/p>\n<p><span style=\"font-size: 12pt\">Prof. Dr. H\u00e9lio Sochodolak<\/span><\/p>\n<p><span style=\"font-family: 'Special Elite', serif;font-size: 12pt\"><strong>Assessoria T\u00e9cnica<\/strong><\/span><\/p>\n<p><span style=\"font-size: 12pt\">Me. J\u00falio C\u00e9sar Franco<\/span><\/p>\n<p><span style=\"font-family: 'Special Elite', serif;font-size: 12pt\"><strong>Extensionistas<\/strong><\/span><\/p>\n<p><span style=\"font-size: 12pt;font-family: georgia, palatino, serif\">Eliza Ulhiach Soares<\/span><br \/>\n<span style=\"font-family: georgia, palatino, serif;font-size: 12pt\">Mateus dos Santos<\/span><br \/>\n<span style=\"font-family: georgia, palatino, serif;font-size: 12pt\"><strong>Orientador:<\/strong> Prof. Dr. H\u00e9lio Sochodolak<\/span><\/p>\n<p>[\/vc_column_text][\/vc_column][\/vc_row]<\/p>\n<\/div>","protected":false},"excerpt":{"rendered":"<p>[vc_row][vc_column width=&#8221;1\/5&#8243;][vc_single_image image=&#8221;1010&#8243; img_size=&#8221;&#8221; alignment=&#8221;center&#8221; css_animation=&#8221;fadeInLeft&#8221; css=&#8221;&#8221;][\/vc_column][vc_column width=&#8221;4\/5&#8243;][vc_column_text css_animation=&#8221;fadeInRight&#8221; css=&#8221;&#8221;] O projeto \u201cDocumenta\u00e7\u00e3o e Mem\u00f3ria da Associa\u00e7\u00e3o Assis e do N\u00facleo Regional Monge Jo\u00e3o Maria\u201d tem como objetivo acompanhar, interagir e apoiar as atividades do Grupo de Agricultores Ecol\u00f3gicos Renascimento (GAERE), bem como as a\u00e7\u00f5es administrativas da Associa\u00e7\u00e3o S\u00e3o Francisco de Assis e do N\u00facleo [&hellip;]<\/p>\n","protected":false},"author":750,"featured_media":0,"parent":0,"menu_order":0,"comment_status":"closed","ping_status":"closed","template":"","meta":{"_exactmetrics_skip_tracking":false,"_exactmetrics_sitenote_active":false,"_exactmetrics_sitenote_note":"","_exactmetrics_sitenote_category":0,"footnotes":"","_links_to":"","_links_to_target":""},"class_list":["post-1006","page","type-page","status-publish","hentry"],"_links":{"self":[{"href":"https:\/\/www3.unicentro.br\/cedoci\/wp-json\/wp\/v2\/pages\/1006","targetHints":{"allow":["GET"]}}],"collection":[{"href":"https:\/\/www3.unicentro.br\/cedoci\/wp-json\/wp\/v2\/pages"}],"about":[{"href":"https:\/\/www3.unicentro.br\/cedoci\/wp-json\/wp\/v2\/types\/page"}],"author":[{"embeddable":true,"href":"https:\/\/www3.unicentro.br\/cedoci\/wp-json\/wp\/v2\/users\/750"}],"replies":[{"embeddable":true,"href":"https:\/\/www3.unicentro.br\/cedoci\/wp-json\/wp\/v2\/comments?post=1006"}],"version-history":[{"count":4,"href":"https:\/\/www3.unicentro.br\/cedoci\/wp-json\/wp\/v2\/pages\/1006\/revisions"}],"predecessor-version":[{"id":1013,"href":"https:\/\/www3.unicentro.br\/cedoci\/wp-json\/wp\/v2\/pages\/1006\/revisions\/1013"}],"wp:attachment":[{"href":"https:\/\/www3.unicentro.br\/cedoci\/wp-json\/wp\/v2\/media?parent=1006"}],"curies":[{"name":"wp","href":"https:\/\/api.w.org\/{rel}","templated":true}]}}