{"id":79,"date":"2025-07-03T09:28:57","date_gmt":"2025-07-03T12:28:57","guid":{"rendered":"https:\/\/www3.unicentro.br\/cedocg\/?page_id=79"},"modified":"2026-04-09T20:30:47","modified_gmt":"2026-04-09T23:30:47","slug":"coordenacao","status":"publish","type":"page","link":"https:\/\/www3.unicentro.br\/cedocg\/coordenacao\/","title":{"rendered":"Coordena\u00e7\u00e3o"},"content":{"rendered":"<p><strong>Coordenador<\/strong><br \/>\nProf. Dr. Jo Klanovicz &#8211; jo@unicentro.br &#8211; <a href=\"http:\/\/lattes.cnpq.br\/9365139719374700\">Curr\u00edculo Lattes<\/a><\/p>\n<p><strong>Secretaria do CEDOC-UNICENTRO-G<\/strong><br \/>\nLuciana Gomes<\/p>\n<p><strong>Estagi\u00e1rio da Reserva T\u00e9cnica<\/strong><br \/>\nRuan L. C. Martins (graduando em Hist\u00f3ria &#8211; Unicentro, campus Santa Cruz)<\/p>\n<p><strong>Bolsistas do Projeto\u00a0<em>Invent\u00e1rio da Biblioteca Nivaldo Kr\u00fcger<\/em><\/strong><br \/>\nEduardo H. de Oliveira (graduando em Hist\u00f3ria &#8211; Unicentro, campus Santa Cruz)<br \/>\nEleonora Bernardo (graduanda em Hist\u00f3ria &#8211; Unicentro, campus Santa Cruz)<\/p>\n<p><strong>Residente T\u00e9cnica em Gest\u00e3o Documental e Hist\u00f3ria P\u00fablica<br \/>\n<\/strong>Pamela Pieticzak Miler (Historiadora)<strong><br \/>\n<\/strong><\/p>\n","protected":false},"excerpt":{"rendered":"<p>Coordenador Prof. Dr. Jo Klanovicz &#8211; jo@unicentro.br &#8211; Curr\u00edculo Lattes Secretaria do CEDOC-UNICENTRO-G Luciana Gomes Estagi\u00e1rio da Reserva T\u00e9cnica Ruan L. C. Martins (graduando em Hist\u00f3ria &#8211; Unicentro, campus Santa Cruz) Bolsistas do Projeto\u00a0Invent\u00e1rio da Biblioteca Nivaldo Kr\u00fcger Eduardo H. de Oliveira (graduando em Hist\u00f3ria &#8211; Unicentro, campus Santa Cruz) Eleonora Bernardo (graduanda em Hist\u00f3ria [&hellip;]<\/p>\n","protected":false},"author":275,"featured_media":0,"parent":0,"menu_order":0,"comment_status":"closed","ping_status":"closed","template":"","meta":{"_exactmetrics_skip_tracking":false,"_exactmetrics_sitenote_active":false,"_exactmetrics_sitenote_note":"","_exactmetrics_sitenote_category":0,"footnotes":"","_links_to":"","_links_to_target":""},"class_list":["post-79","page","type-page","status-publish","hentry"],"_links":{"self":[{"href":"https:\/\/www3.unicentro.br\/cedocg\/wp-json\/wp\/v2\/pages\/79","targetHints":{"allow":["GET"]}}],"collection":[{"href":"https:\/\/www3.unicentro.br\/cedocg\/wp-json\/wp\/v2\/pages"}],"about":[{"href":"https:\/\/www3.unicentro.br\/cedocg\/wp-json\/wp\/v2\/types\/page"}],"author":[{"embeddable":true,"href":"https:\/\/www3.unicentro.br\/cedocg\/wp-json\/wp\/v2\/users\/275"}],"replies":[{"embeddable":true,"href":"https:\/\/www3.unicentro.br\/cedocg\/wp-json\/wp\/v2\/comments?post=79"}],"version-history":[{"count":3,"href":"https:\/\/www3.unicentro.br\/cedocg\/wp-json\/wp\/v2\/pages\/79\/revisions"}],"predecessor-version":[{"id":138,"href":"https:\/\/www3.unicentro.br\/cedocg\/wp-json\/wp\/v2\/pages\/79\/revisions\/138"}],"wp:attachment":[{"href":"https:\/\/www3.unicentro.br\/cedocg\/wp-json\/wp\/v2\/media?parent=79"}],"curies":[{"name":"wp","href":"https:\/\/api.w.org\/{rel}","templated":true}]}}