{"id":53,"date":"2025-06-25T13:13:31","date_gmt":"2025-06-25T16:13:31","guid":{"rendered":"https:\/\/www3.unicentro.br\/cedocg\/?page_id=53"},"modified":"2025-06-26T09:28:40","modified_gmt":"2025-06-26T12:28:40","slug":"atendimento","status":"publish","type":"page","link":"https:\/\/www3.unicentro.br\/cedocg\/atendimento\/","title":{"rendered":"Agendamentos"},"content":{"rendered":"<p>Para\u00a0<strong>pesquisadores e pesquisadoras<\/strong>, \u00e9 necess\u00e1rio agendar consulta ao acervo documental com pelo menos 48 horas de anteced\u00eancia atrav\u00e9s do link: <a href=\"https:\/\/forms.gle\/9E2uamp31DFGi9aA8\">https:\/\/forms.gle\/9E2uamp31DFGi9aA8<\/a><\/p>\n<p>Para visitas ao CEDOC-G, gentileza enviar email para <a href=\"mailto:cedocunicentro@gmail.com\">cedocunicentro@gmail.com<\/a>.<\/p>\n<p>O hor\u00e1rio de atendimento a pesquisadores\/as e visitas \u00e9 de segunda a sexta feira, das 9h \u00e0s 11h30 e das 14h \u00e0s 17h.<\/p>\n","protected":false},"excerpt":{"rendered":"<p>Para\u00a0pesquisadores e pesquisadoras, \u00e9 necess\u00e1rio agendar consulta ao acervo documental com pelo menos 48 horas de anteced\u00eancia atrav\u00e9s do link: https:\/\/forms.gle\/9E2uamp31DFGi9aA8 Para visitas ao CEDOC-G, gentileza enviar email para cedocunicentro@gmail.com. O hor\u00e1rio de atendimento a pesquisadores\/as e visitas \u00e9 de segunda a sexta feira, das 9h \u00e0s 11h30 e das 14h \u00e0s 17h.<\/p>\n","protected":false},"author":3,"featured_media":0,"parent":0,"menu_order":0,"comment_status":"closed","ping_status":"closed","template":"","meta":{"_exactmetrics_skip_tracking":false,"_exactmetrics_sitenote_active":false,"_exactmetrics_sitenote_note":"","_exactmetrics_sitenote_category":0,"footnotes":"","_links_to":"","_links_to_target":""},"class_list":["post-53","page","type-page","status-publish","hentry"],"_links":{"self":[{"href":"https:\/\/www3.unicentro.br\/cedocg\/wp-json\/wp\/v2\/pages\/53","targetHints":{"allow":["GET"]}}],"collection":[{"href":"https:\/\/www3.unicentro.br\/cedocg\/wp-json\/wp\/v2\/pages"}],"about":[{"href":"https:\/\/www3.unicentro.br\/cedocg\/wp-json\/wp\/v2\/types\/page"}],"author":[{"embeddable":true,"href":"https:\/\/www3.unicentro.br\/cedocg\/wp-json\/wp\/v2\/users\/3"}],"replies":[{"embeddable":true,"href":"https:\/\/www3.unicentro.br\/cedocg\/wp-json\/wp\/v2\/comments?post=53"}],"version-history":[{"count":2,"href":"https:\/\/www3.unicentro.br\/cedocg\/wp-json\/wp\/v2\/pages\/53\/revisions"}],"predecessor-version":[{"id":74,"href":"https:\/\/www3.unicentro.br\/cedocg\/wp-json\/wp\/v2\/pages\/53\/revisions\/74"}],"wp:attachment":[{"href":"https:\/\/www3.unicentro.br\/cedocg\/wp-json\/wp\/v2\/media?parent=53"}],"curies":[{"name":"wp","href":"https:\/\/api.w.org\/{rel}","templated":true}]}}