{"id":39,"date":"2025-06-18T10:34:37","date_gmt":"2025-06-18T13:34:37","guid":{"rendered":"https:\/\/www3.unicentro.br\/cedocg\/?page_id=39"},"modified":"2025-08-11T20:41:42","modified_gmt":"2025-08-11T23:41:42","slug":"inicial","status":"publish","type":"page","link":"https:\/\/www3.unicentro.br\/cedocg\/","title":{"rendered":"Inicial"},"content":{"rendered":"<div class=\"wpb-content-wrapper\"><p>[vc_row][vc_column]\n\t\t\t\t<p class=\"rs-p-wp-fix\"><\/p>\n\t\t\t\t<sr7-module data-alias=\"slider-1\" data-id=\"1\" id=\"SR7_1_1\" class=\"rs-ov-hidden\" data-version=\"6.7.51\">\n\t\t\t\t\t<sr7-adjuster><\/sr7-adjuster>\n\t\t\t\t\t<sr7-content>\n\t\t\t\t\t\t<sr7-slide id=\"SR7_1_1-1\" data-key=\"1\">\n\t\t\t\t\t\t\t<sr7-bg id=\"SR7_1_1-1-1\" class=\"sr7-layer\"><noscript><img decoding=\"async\" src=\"https:\/\/www3.unicentro.br\/cedocg\/wp-content\/uploads\/sites\/189\/2025\/06\/img-exemplo.jpg\" alt=\"\" title=\"img-exemplo\"><\/noscript><\/sr7-bg>\n\t\t\t\t\t\t<\/sr7-slide>\n\t\t\t\t\t\t<sr7-slide id=\"SR7_1_1-3\" data-key=\"3\">\n\t\t\t\t\t\t\t<sr7-bg id=\"SR7_1_1-3-1\" class=\"sr7-layer\"><noscript><img decoding=\"async\" src=\"https:\/\/www3.unicentro.br\/cedocg\/wp-content\/uploads\/sites\/189\/2017\/06\/img-exemplo2.jpg\" alt=\"\" title=\"img-exemplo2\"><\/noscript><\/sr7-bg>\n\t\t\t\t\t\t<\/sr7-slide>\n\t\t\t\t\t\t<sr7-slide id=\"SR7_1_1-2\" data-key=\"2\">\n\t\t\t\t\t\t\t<sr7-txt id=\"SR7_1_1-2-0\" class=\"sr7-layer\">Centro de Documenta\u00e7\u00e3o e Mem\u00f3ria<\/sr7-txt>\n\t\t\t\t\t\t\t<sr7-txt id=\"SR7_1_1-2-1\" class=\"sr7-layer\">C\u00e2mpus Santa Cruz<\/sr7-txt>\n\t\t\t\t\t\t<\/sr7-slide>\n\t\t\t\t\t<\/sr7-content>\n\t\t\t\t\t<image_lists style=\"display:none\">\n\t\t\t\t\t\t<img data-src=\"\/\/www3.unicentro.br\/cedocg\/wp-content\/uploads\/sites\/189\/2025\/06\/img-exemplo.jpg\" data-libid=\"64\" data-lib=\"medialibrary\" title=\"img-exemplo\" width=\"0\" height=\"0\" data-dbsrc=\"Ly93d3czLnVuaWNlbnRyby5ici9jZWRvY2cvd3AtY29udGVudC91cGxvYWRzL3NpdGVzLzE4OS8yMDI1LzA2L2ltZy1leGVtcGxvLmpwZw==\"\/>\n\t\t\t\t\t\t<img data-src=\"\/\/www3.unicentro.br\/cedocg\/wp-content\/uploads\/sites\/189\/2017\/06\/img-exemplo2.jpg\" data-libid=\"67\" data-lib=\"medialibrary\" title=\"img-exemplo2\" width=\"0\" height=\"0\" data-dbsrc=\"Ly93d3czLnVuaWNlbnRyby5ici9jZWRvY2cvd3AtY29udGVudC91cGxvYWRzL3NpdGVzLzE4OS8yMDE3LzA2L2ltZy1leGVtcGxvMi5qcGc=\"\/>\n\t\t\t\t\t<\/image_lists>\n\t\t\t\t<\/sr7-module>\n\t\t\t\t<script>\n\t\t\t\t\twindow.SR7 ??={};SR7.PMH ??={}; SR7.PMH[\"SR7_1_1\"] = {cn:100,state:false,fn: function() { if (window._tpt!==undefined && window._tpt.prepareModuleHeight !== undefined) {  _tpt.prepareModuleHeight({id:\"SR7_1_1\",el:[400,400,768,960,720],type:'standard',shdw:'0',gh:[400,400,,,],gw:[1600,1600,,,],vpt:['-100px'],size:{fullWidth:true, fullHeight:false},mh:'0',onh:0,onw:0,bg:{color:'{\"orig\":\"transparent\",\"type\":\"solid\",\"string\":\"transparent\"}'}});   SR7.PMH[\"SR7_1_1\"].state=true;} else if(SR7.PMH[\"SR7_1_1\"].cn-->0)\tsetTimeout( SR7.PMH[\"SR7_1_1\"].fn,19);}};SR7.PMH[\"SR7_1_1\" ].fn();\n\t\t\t\t<\/script>\n[\/vc_column][\/vc_row][vc_row u_row_style=&#8221;0&#8243; u_row_paralax=&#8221;0&#8243; u_row_scheme=&#8221;0&#8243; css=&#8221;.vc_custom_1750869783578{margin-top: 30px !important;margin-bottom: 40px !important;}&#8221;][vc_column][vc_column_text css=&#8221;.vc_custom_1750868345153{margin-bottom: 5px !important;}&#8221;]<\/p>\n<h2>Informativo<\/h2>\n<p>[\/vc_column_text][vc_separator css=&#8221;&#8221;]<aside class=\"ul-custom-css-inline\">\t\t\t\t\t\t\t\t\t\t\r\n\t\t\t\t\t\t\t\t\t\t<link rel=\"stylesheet\" id=\"ul-google-fonts-css\" href=\"https:\/\/fonts.googleapis.com\/css?family=Poppins%7CPoppins%7CPoppins%7CPoppins\" type=\"text\/css\" media=\"all\" \/><style type=\"text\/css\">#ul34535.ultimate-layouts-container h3.ultimate-layouts-title, \r\n\t\t\t\t\t\t\t\t\t#ul34535.ultimate-layouts-container h3.ultimate-layouts-title a{font-family:\"Poppins\" !important;font-size:14px !important;}.ul_quickview_p_ul34535.ul-quick-view-style h3.ultimate-layouts-title,\r\n\t\t\t\t\t\t\t\t\t\t.ul_quickview_p_ul34535.ul-quick-view-style h3.ultimate-layouts-title a{font-family:\"Poppins\" !important;}#ul34535.ultimate-layouts-container .ul-cb-style-listing h3.ultimate-layouts-title, \r\n\t\t\t\t\t\t\t\t\t\t#ul34535.ultimate-layouts-container .ul-cb-style-listing h3.ultimate-layouts-title a{\r\n\t\t\t\t\t\t\t\t\t\t\tfont-size:calc(14px * 0.78) !important;\r\n\t\t\t\t\t\t\t\t\t\t\tfont-size:-webkit-calc(14px * 0.78) !important;\r\n\t\t\t\t\t\t\t\t\t\t\tfont-size:-moz-calc(14px * 0.78) !important;\r\n\t\t\t\t\t\t\t\t\t\t\tfont-size:-ms-calc(14px * 0.78) !important;\r\n\t\t\t\t\t\t\t\t\t\t\tfont-size:-o-calc(14px * 0.78) !important;\r\n\t\t\t\t\t\t\t\t\t\t}#ul34535.ultimate-layouts-container .ultimate-layouts-excerpt,#ul34535.ultimate-layouts-container .ultimate-layouts-excerpt p,\r\n\t\t\t\t\t\t\t\t\t.ul_quickview_p_ul34535.ul-quick-view-style .ul-quick-view-content .ul-quick-view-body .ul-single-post-content,\r\n\t\t\t\t\t\t\t\t\t.ul_quickview_p_ul34535.ul-quick-view-style .ul-quick-view-content .ul-quick-view-body .ul-single-post-content p{font-family:\"Poppins\" !important;font-size:13px !important;}#ul34535.ultimate-layouts-container .ultimate-layouts-metas>.ultimate-layouts-metas-wrap>*, \r\n\t\t\t\t\t\t\t\t\t#ul34535.ultimate-layouts-container .ultimate-layouts-metas-st2>.ultimate-layouts-metas-wrap>*,\r\n\t\t\t\t\t\t\t\t\t#ul34535.ultimate-layouts-container .ultimate-layouts-metas a, \r\n\t\t\t\t\t\t\t\t\t#ul34535.ultimate-layouts-container .ultimate-layouts-metas-st2 a,\r\n\t\t\t\t\t\t\t\t\t#ul34535.ultimate-layouts-container .ultimate-layouts-categories>a,\r\n\t\t\t\t\t\t\t\t\t#ul34535.ultimate-layouts-container .ultimate-layouts-metas>.ultimate-layouts-metas-wrap>* .ldc-ul_cont span, \r\n\t\t\t\t\t\t\t\t\t#ul34535.ultimate-layouts-container .ultimate-layouts-metas-st2>.ultimate-layouts-metas-wrap>* .ldc-ul_cont span,\r\n\t\t\t\t\t\t\t\t\t.ul_quickview_p_ul34535.ul-quick-view-style .ultimate-layouts-metas>.ultimate-layouts-metas-wrap>*,\r\n\t\t\t\t\t\t\t\t\t.ul_quickview_p_ul34535.ul-quick-view-style .ultimate-layouts-metas a,\r\n\t\t\t\t\t\t\t\t\t.ul_quickview_p_ul34535.ul-quick-view-style .ultimate-layouts-categories>a,\r\n\t\t\t\t\t\t\t\t\t.ul_quickview_p_ul34535.ul-quick-view-style .ultimate-layouts-metas>.ultimate-layouts-metas-wrap>* .ldc-ul_cont span,\r\n\t\t\t\t\t\t\t\t\t.ul_quickview_p_ul34535.ul-quick-view-style .ultimate-layouts-metas-st2>.ultimate-layouts-metas-wrap>* .ldc-ul_cont span{font-family:\"Poppins\" !important;font-size:13px !important;}#ul34535.ultimate-layouts-container .ultimate-layouts-metas-st2>.ultimate-layouts-metas-wrap>* i.fa,\r\n\t\t\t\t\t\t\t\t\t\t#ul34535.ultimate-layouts-container .ultimate-layouts-metas>.ultimate-layouts-metas-wrap>* .ldc-ul_cont span:before, \r\n\t\t\t\t\t\t\t\t\t\t#ul34535.ultimate-layouts-container .ultimate-layouts-metas-st2>.ultimate-layouts-metas-wrap>* .ldc-ul_cont span:before,\r\n\t\t\t\t\t\t\t\t\t\t.ul_quickview_p_ul34535.ul-quick-view-style .ultimate-layouts-metas-st2>.ultimate-layouts-metas-wrap>* i.fa,\r\n\t\t\t\t\t\t\t\t\t\t.ul_quickview_p_ul34535.ul-quick-view-style .ultimate-layouts-metas>.ultimate-layouts-metas-wrap>* .ldc-ul_cont span:before,\r\n\t\t\t\t\t\t\t\t\t\t.ul_quickview_p_ul34535.ul-quick-view-style .ultimate-layouts-metas-st2>.ultimate-layouts-metas-wrap>* .ldc-ul_cont span:before{\r\n\t\t\t\t\t\t\t\t\t\t\tfont-size:13px !important;\r\n\t\t\t\t\t\t\t\t\t\t}#ul34535.ultimate-layouts-container .ul-pagination-wrap .ul-loadmore-style,\r\n\t\t\t\t\t\t\t\t\t\t#ul34535.ultimate-layouts-container .ul-pagination-wrap .ul-page-numbers .paginationjs .paginationjs-pages ul li>a {font-family:\"Poppins\" !important;}<\/style><style type=\"text\/css\">#ul34535.ultimate-layouts-container .ultimate-layouts-listing-wrap{margin-left:-5px !important;margin-right:-5px !important;}#ul34535.ultimate-layouts-container .ultimate-layouts-listing-wrap .ultimate-layouts-item{padding-left:5px !important;padding-right:5px !important;}<\/style>\r\n\t\t\t\t\t\t\t\t\t\t<h6>h6<\/h6>\r\n\t\t\t\t\t\t\t\t\t<\/aside><script>if(typeof(ultimate_layouts_ajax_url)==\"undefined\"){var ultimate_layouts_ajax_url=[]};ultimate_layouts_ajax_url[\"ul34535\"]=\"https:\/\/www3.unicentro.br\/cedocg\/wp-admin\/admin-ajax.php\";if(typeof(ultimate_layouts_query_params)==\"undefined\"){var ultimate_layouts_query_params=[]};ultimate_layouts_query_params[\"ul34535\"]={\"post_types\":\"post\",\"i_attachment\":\"\",\"taxonomies\":\"category\",\"multi_post_types\":\"\",\"multi_taxonomies\":\"\",\"query_types\":\"0\",\"i_taxonomies\":\"10\",\"e_taxonomies\":\"\",\"i_ids\":\"\",\"cq_operator\":\"0\",\"e_ids\":\"\",\"query_author\":\"\",\"query_offset\":\"\",\"query_include_children\":\"1\",\"today_post\":\"0\",\"datetime_meta\":\"\",\"woo_query\":\"0\",\"post_count\":\"3\",\"posts_per_page\":10,\"d_i_filter\":\"\"};if(typeof(ultimate_layouts_filter)==\"undefined\"){var ultimate_layouts_filter=[]};ultimate_layouts_filter[\"ul34535\"]=\"\";if(typeof(ultimate_layouts_order)==\"undefined\"){var ultimate_layouts_order=[]};ultimate_layouts_order[\"ul34535\"]=\"DESC\";if(typeof(ultimate_layouts_orderby)==\"undefined\"){var ultimate_layouts_orderby=[]};ultimate_layouts_orderby[\"ul34535\"]=\"date\";if(typeof(ultimate_layouts_sub_opt_query)==\"undefined\"){var ultimate_layouts_sub_opt_query=[]};ultimate_layouts_sub_opt_query[\"ul34535\"]={\"meta_key_query\":\"\",\"paged\":1,\"first_query\":\"on\",\"total_pages\":1,\"items_last_page\":0};if(typeof(ultimate_layouts_options)==\"undefined\"){var ultimate_layouts_options=[]};ultimate_layouts_options[\"ul34535\"]={\"layout_style\":\"0\",\"button_gallery_name\":\"Gallery\",\"grid_style\":\"1\",\"list_style\":\"0\",\"carousel_t_style\":\"0\",\"carousel_f_style\":\"0\",\"creative_style\":\"0\",\"timeline_style\":\"0\",\"block_content_style\":\"0\",\"sync_slider_style\":\"0\",\"grid_masonry\":\"0\",\"show_arrows\":\"1\",\"arrows_outside\":\"0\",\"show_dots\":\"1\",\"infinite\":\"1\",\"autoplay\":\"1\",\"autoplayspeed\":5000,\"scrollperpage\":\"1\",\"speed\":500,\"centermode\":\"0\",\"sync_slider_height_d\":\"\",\"sync_slider_height_t\":\"\",\"sync_slider_height_m\":\"\",\"sync_slider_width_d\":\"\",\"sync_slider_width_t\":\"\",\"sync_slider_width_m\":\"\",\"show_elements\":\"0\",\"av_content\":\"0\",\"cc_mobile\":\"1\",\"cc_portrait_tablet\":\"1\",\"cc_landscape_tablet\":\"2\",\"cc_small_desktop\":\"3\",\"cc_medium_desktop\":\"3\",\"cc_large_desktop\":\"3\",\"cc_extra_large_desktop\":\"3\",\"image_size\":\"thumb_818x516\",\"image_size_s\":\"thumbnail\",\"s_image\":\"1\",\"s_image_link\":\"1\",\"s_image_link_target\":\"0\",\"s_icon_lightbox_video\":\"0\",\"video_url_meta\":\"0\",\"video_url_meta_key\":\"\",\"s_icon_lightbox_image\":\"1\",\"s_icon_link\":\"1\",\"s_icon_link_target\":\"0\",\"s_image_hover_effect\":\"2\",\"s_overlay_hover_effect\":\"ultimate-layouts-hover-css-fade\",\"s_overlay_settings\":\"0\",\"s_overlay_color\":\"#FFEA3C33\",\"s_image_post_format\":\"0\",\"s_image_post_format_pos\":\"ul-bottom-right\",\"s_image_avatar\":\"0\",\"s_title\":\"1\",\"s_title_limit\":\"0\",\"s_title_link\":\"1\",\"s_title_link_target\":\"0\",\"s_excerpt\":\"1\",\"s_excerpt_rbtn\":\"0\",\"s_excerpt_f\":\"get_the_excerpt\",\"s_excerpt_sc\":\"1\",\"s_excerpt_sh\":\"1\",\"s_excerpt_length\":0,\"s_categories\":\"0\",\"s_s_categories\":\"0\",\"s_s_categories_parent\":\"0\",\"ex_items_taxonomies\":\"\",\"s_c_categories\":\"0\",\"s_ct_categories\":\"\",\"s_cb_categories\":\"\",\"s_categories_target\":\"0\",\"s_metas_o\":\"0\",\"s_metas_o_author\":\"1\",\"s_metas_o_author_avatar\":\"0\",\"s_metas_o_time\":\"1\",\"time_format\":\"F j, Y\",\"s_metas_o_comment\":\"1\",\"s_metas_o_like\":\"0\",\"s_metas_o_share\":\"0\",\"custom_meta_o\":\"\",\"s_metas_t\":\"0\",\"s_metas_t_author\":\"0\",\"s_metas_t_author_avatar\":\"0\",\"s_metas_t_time\":\"0\",\"time_format_t\":\"F j, Y\",\"s_metas_t_comment\":\"0\",\"s_metas_t_like\":\"1\",\"s_metas_t_share\":\"1\",\"custom_meta_t\":\"\",\"s_metas_t_readmore\":\"1\",\"s_metas_t_readmore_link_target\":\"0\",\"share_text\":\"Compartilhe\",\"read_more_text\":\"Leia mais\",\"before_author_text\":\"\",\"pagination\":\"1\",\"loadmore_text\":\"\",\"prev_text\":\"\",\"next_text\":\"\",\"animate\":\"14\",\"lazyload\":\"0\",\"lazyload_p\":\"\",\"geodirectory_rating\":\"0\",\"quick_view\":\"1\",\"quick_view_mode\":\"0\",\"extra_class\":\"equal-height-columns\",\"rnd_id\":\"ul34535\",\"s_title_small\":\"1\",\"s_title_limit_small\":\"0\",\"s_title_link_small\":\"1\",\"s_title_link_target_small\":\"0\",\"s_categories_small\":\"1\",\"s_s_categories_small\":\"0\",\"s_s_categories_parent_small\":\"0\",\"ex_items_taxonomies_small\":\"\",\"s_c_categories_small\":\"0\",\"s_ct_categories_small\":\"\",\"s_cb_categories_small\":\"\",\"s_categories_target_small\":\"0\",\"s_metas_o_small\":\"1\",\"s_metas_o_author_small\":\"1\",\"s_metas_o_author_avatar_small\":\"0\",\"s_metas_o_time_small\":\"1\",\"time_format_small\":\"F j, Y\",\"s_metas_o_comment_small\":\"1\",\"s_metas_o_like_small\":\"0\",\"s_metas_o_share_small\":\"0\",\"custom_meta_o_small\":\"\",\"woo_show_price\":\"0\",\"woo_show_rating\":\"0\",\"woo_show_cart\":\"0\",\"qv_s_title\":\"1\",\"qv_s_categories\":\"0\",\"qv_s_s_categories\":\"0\",\"qv_s_s_categories_parent\":\"0\",\"qv_ex_items_taxonomies\":\"\",\"qv_s_c_categories\":\"0\",\"qv_s_ct_categories\":\"\",\"qv_s_cb_categories\":\"\",\"qv_s_categories_target\":\"0\",\"qv_s_metas_o\":\"0\",\"qv_s_metas_o_author\":\"1\",\"qv_s_metas_o_author_avatar\":\"0\",\"qv_s_metas_o_time\":\"1\",\"qv_time_format\":\"F j, Y\",\"qv_s_metas_o_comment\":\"1\",\"qv_s_metas_o_like\":\"1\",\"qv_custom_meta_o\":\"\",\"qv_show_content\":\"1\",\"qv_content_stripsc\":\"0\",\"qv_show_share\":\"0\",\"qv_woo_show_rating\":\"0\",\"qv_s_featured_image\":\"1\",\"goo_ads_client\":\"\",\"goo_ads_id\":\"\",\"goo_ads_offset\":\"1\",\"css_class\":\"\"};<\/script><div id=\"ul34535\" class=\"ultimate-layouts-container ul-filter-gridlist-normal ultimate-layouts-wrapper-control  equal-height-columns \"><div class=\"\r\n\t\t\t\t\t\t\t\t\t\t\t\tultimate-layouts-listing-wrap\t\t\t\t\t\t\t\t\t\t\t\t\r\n\t\t\t\t\t\t\t\t\t\t\t\tultimate-layouts-listing-grid-2\r\n\t\t\t\t\t\t\t\t\t\t\t\t ultimate-layouts-effect-2\r\n\t\t\t\t\t\t\t\t\t\t\t\tultimate-layouts-effect-icon\t\t\t\t\t\t\t\t\t\t\t\t\r\n\t\t\t\t\t\t\t\t\t\t\t\t ultimate-layouts-col-1 ultimate-layouts-col-pt-1 ultimate-layouts-col-lt-2 ultimate-layouts-col-sm-3 ultimate-layouts-col-md-3 ultimate-layouts-col-lg-3 ultimate-layouts-col-el-3\r\n\t\t\t\t\t\t\t\t\t\t\t\"><!--post item--> \r\n<article class=\"ultimate-layouts-item hentry\">\r\n    <!--entry content-->\r\n    <div class=\"ultimate-layouts-entry-wrapper entry-content\">    \r\n        <!--picture-->\r\n                    <div class=\"ultimate-layouts-picture\">\r\n                <div class=\"ultimate-layouts-picture-wrap ultimate-layouts-get-pic\">                \t                    \r\n                    <a  data-post-id=\"140\" href=\"https:\/\/www3.unicentro.br\/cedocg\/atendimento-normalizado\/\" title=\"Atendimento normalizado\"   class=\"ultimate-layouts-picture-link\"><img decoding=\"async\" class=\"ultimate-layouts-img  \" src=\"https:\/\/www3.unicentro.br\/cedocg\/wp-content\/uploads\/sites\/189\/2026\/04\/1.jpg\" srcset=\"https:\/\/www3.unicentro.br\/cedocg\/wp-content\/uploads\/sites\/189\/2026\/04\/1.jpg 296w, https:\/\/www3.unicentro.br\/cedocg\/wp-content\/uploads\/sites\/189\/2026\/04\/1-255x146.jpg 255w\" sizes=\"(max-width: 296px) 100vw, 296px\" alt=\"1\"\/><\/a>                    <div class=\"ultimate-layouts-overlay  ultimate-layouts-hover-css-fade\"><div style=\"background-color:#FFEA3C33 !important;\"><\/div><\/div>                    <div class=\"ultimate-layouts-control-pop \"><span data-type=\"image\" \r\n\t\t\t\t\t\t\t\t\t\tdata-source=\"https:\/\/www3.unicentro.br\/cedocg\/wp-content\/uploads\/sites\/189\/2026\/04\/1.jpg\" \r\n\t\t\t\t\t\t\t\t\t\tdata-caption=\"Atendimento normalizado\" \r\n\t\t\t\t\t\t\t\t\t\tclass=\"ultimate-layouts-icon-lightbox ultimate-layouts-control-lightbox-oc\"\r\n\t\t\t\t\t\t\t\t\t  ><span><span><\/span><span><\/span><\/span><\/span><a data-open-post=\"ultimate-layouts-quick-view\" data-post-id=\"140\" href=\"javascript:;\" title=\"Atendimento normalizado\"  class=\"ultimate-layouts-icon-link\"><i class=\"fa fa-link\"><\/i><i class=\"fa fa-chain-broken\"><\/i><\/a><\/div>                    \r\n                <\/div>                \r\n                                            <\/div>\r\n            \r\n        <!--picture-->\r\n        <!--content-->\r\n        <div class=\"ultimate-layouts-content entry\">            \r\n                        \r\n            <h3 class=\"ultimate-layouts-title entry-title  \"><a  data-post-id=\"140\" href=\"https:\/\/www3.unicentro.br\/cedocg\/atendimento-normalizado\/\" title=\"Atendimento normalizado\"   class=\"ultimate-layouts-title-link\">Atendimento normalizado<\/a><\/h3>            \r\n               \r\n                     \r\n                         \r\n                    <\/div><!--content-->                \r\n    <\/div><!--entry content-->            \r\n<\/article><!--post item--><!--post item--> \r\n<article class=\"ultimate-layouts-item hentry\">\r\n    <!--entry content-->\r\n    <div class=\"ultimate-layouts-entry-wrapper entry-content\">    \r\n        <!--picture-->\r\n                    <div class=\"ultimate-layouts-picture\">\r\n                <div class=\"ultimate-layouts-picture-wrap ultimate-layouts-get-pic\">                \t                    \r\n                    <a  data-post-id=\"119\" href=\"https:\/\/www3.unicentro.br\/cedocg\/aviso-importante\/\" title=\"Aviso importante\"   class=\"ultimate-layouts-picture-link\"><img decoding=\"async\" class=\"ultimate-layouts-img  \" src=\"https:\/\/www3.unicentro.br\/cedocg\/wp-content\/uploads\/sites\/189\/2017\/06\/img-exemplo2-690x516.jpg\" srcset=\"https:\/\/www3.unicentro.br\/cedocg\/wp-content\/uploads\/sites\/189\/2017\/06\/img-exemplo2-690x516.jpg 690w, https:\/\/www3.unicentro.br\/cedocg\/wp-content\/uploads\/sites\/189\/2017\/06\/img-exemplo2-400x300.jpg 400w, https:\/\/www3.unicentro.br\/cedocg\/wp-content\/uploads\/sites\/189\/2017\/06\/img-exemplo2-255x191.jpg 255w\" sizes=\"(max-width: 690px) 100vw, 690px\" alt=\"img-exemplo2\"\/><\/a>                    <div class=\"ultimate-layouts-overlay  ultimate-layouts-hover-css-fade\"><div style=\"background-color:#FFEA3C33 !important;\"><\/div><\/div>                    <div class=\"ultimate-layouts-control-pop \"><span data-type=\"image\" \r\n\t\t\t\t\t\t\t\t\t\tdata-source=\"https:\/\/www3.unicentro.br\/cedocg\/wp-content\/uploads\/sites\/189\/2017\/06\/img-exemplo2.jpg\" \r\n\t\t\t\t\t\t\t\t\t\tdata-caption=\"Aviso importante\" \r\n\t\t\t\t\t\t\t\t\t\tclass=\"ultimate-layouts-icon-lightbox ultimate-layouts-control-lightbox-oc\"\r\n\t\t\t\t\t\t\t\t\t  ><span><span><\/span><span><\/span><\/span><\/span><a data-open-post=\"ultimate-layouts-quick-view\" data-post-id=\"119\" href=\"javascript:;\" title=\"Aviso importante\"  class=\"ultimate-layouts-icon-link\"><i class=\"fa fa-link\"><\/i><i class=\"fa fa-chain-broken\"><\/i><\/a><\/div>                    \r\n                <\/div>                \r\n                                            <\/div>\r\n            \r\n        <!--picture-->\r\n        <!--content-->\r\n        <div class=\"ultimate-layouts-content entry\">            \r\n                        \r\n            <h3 class=\"ultimate-layouts-title entry-title  \"><a  data-post-id=\"119\" href=\"https:\/\/www3.unicentro.br\/cedocg\/aviso-importante\/\" title=\"Aviso importante\"   class=\"ultimate-layouts-title-link\">Aviso importante<\/a><\/h3>            \r\n               \r\n                     \r\n            <div class=\"ultimate-layouts-excerpt \">[vc_row][vc_column][vc_column_text css=&#8221;&#8221;]O Centro de Documenta\u00e7\u00e3o e Mem\u00f3ria &#8216;Professora Dra. Terezinha Saldanha&#8217; informa que, em virtude de reforma de sua Reserva T\u00e9cnica, o atendimento externo ficar\u00e1 temporariamente paralisado a partir de 18 de agosto de 2025. Estamos recebendo e instalando estantes deslizantes, modernizando as formas de acesso ao acervo, fazendo higieniza\u00e7\u00e3o preventiva e curativa para reacomoda\u00e7\u00e3o. [&hellip;]<\/div>             \r\n                    <\/div><!--content-->                \r\n    <\/div><!--entry content-->            \r\n<\/article><!--post item--><!--post item--> \r\n<article class=\"ultimate-layouts-item hentry\">\r\n    <!--entry content-->\r\n    <div class=\"ultimate-layouts-entry-wrapper entry-content\">    \r\n        <!--picture-->\r\n                    <div class=\"ultimate-layouts-picture\">\r\n                <div class=\"ultimate-layouts-picture-wrap ultimate-layouts-get-pic\">                \t                    \r\n                    <a  data-post-id=\"63\" href=\"https:\/\/www3.unicentro.br\/cedocg\/teste-informativo-cedoc-g\/\" title=\"Aten\u00e7\u00e3o \u00e0s normas de atendimento e consulta ao acervo\"   class=\"ultimate-layouts-picture-link\"><img decoding=\"async\" class=\"ultimate-layouts-img  \" src=\"https:\/\/www3.unicentro.br\/cedocg\/wp-content\/uploads\/sites\/189\/2025\/06\/img-exemplo-818x516.jpg\" srcset=\"https:\/\/www3.unicentro.br\/cedocg\/wp-content\/uploads\/sites\/189\/2025\/06\/img-exemplo-818x516.jpg 818w, https:\/\/www3.unicentro.br\/cedocg\/wp-content\/uploads\/sites\/189\/2025\/06\/img-exemplo-139x89.jpg 139w, https:\/\/www3.unicentro.br\/cedocg\/wp-content\/uploads\/sites\/189\/2025\/06\/img-exemplo-409x258.jpg 409w\" sizes=\"(max-width: 818px) 100vw, 818px\" alt=\"img-exemplo\"\/><\/a>                    <div class=\"ultimate-layouts-overlay  ultimate-layouts-hover-css-fade\"><div style=\"background-color:#FFEA3C33 !important;\"><\/div><\/div>                    <div class=\"ultimate-layouts-control-pop \"><span data-type=\"image\" \r\n\t\t\t\t\t\t\t\t\t\tdata-source=\"https:\/\/www3.unicentro.br\/cedocg\/wp-content\/uploads\/sites\/189\/2025\/06\/img-exemplo.jpg\" \r\n\t\t\t\t\t\t\t\t\t\tdata-caption=\"Aten\u00e7\u00e3o \u00e0s normas de atendimento e consulta ao acervo\" \r\n\t\t\t\t\t\t\t\t\t\tclass=\"ultimate-layouts-icon-lightbox ultimate-layouts-control-lightbox-oc\"\r\n\t\t\t\t\t\t\t\t\t  ><span><span><\/span><span><\/span><\/span><\/span><a data-open-post=\"ultimate-layouts-quick-view\" data-post-id=\"63\" href=\"javascript:;\" title=\"Aten\u00e7\u00e3o \u00e0s normas de atendimento e consulta ao acervo\"  class=\"ultimate-layouts-icon-link\"><i class=\"fa fa-link\"><\/i><i class=\"fa fa-chain-broken\"><\/i><\/a><\/div>                    \r\n                <\/div>                \r\n                                            <\/div>\r\n            \r\n        <!--picture-->\r\n        <!--content-->\r\n        <div class=\"ultimate-layouts-content entry\">            \r\n                        \r\n            <h3 class=\"ultimate-layouts-title entry-title  \"><a  data-post-id=\"63\" href=\"https:\/\/www3.unicentro.br\/cedocg\/teste-informativo-cedoc-g\/\" title=\"Aten\u00e7\u00e3o \u00e0s normas de atendimento e consulta ao acervo\"   class=\"ultimate-layouts-title-link\">Aten\u00e7\u00e3o \u00e0s normas de atendimento e consulta ao acervo<\/a><\/h3>            \r\n               \r\n                     \r\n            <div class=\"ultimate-layouts-excerpt \">Informe 01-2025<\/div>             \r\n                    <\/div><!--content-->                \r\n    <\/div><!--entry content-->            \r\n<\/article><!--post item--><\/div><\/div>[\/vc_column][\/vc_row]<\/p>\n<\/div>","protected":false},"excerpt":{"rendered":"<p>[vc_row][vc_column][\/vc_column][\/vc_row][vc_row u_row_style=&#8221;0&#8243; u_row_paralax=&#8221;0&#8243; u_row_scheme=&#8221;0&#8243; css=&#8221;.vc_custom_1750869783578{margin-top: 30px !important;margin-bottom: 40px !important;}&#8221;][vc_column][vc_column_text css=&#8221;.vc_custom_1750868345153{margin-bottom: 5px !important;}&#8221;] Informativo [\/vc_column_text][vc_separator css=&#8221;&#8221;][\/vc_column][\/vc_row]<\/p>\n","protected":false},"author":3,"featured_media":0,"parent":0,"menu_order":0,"comment_status":"closed","ping_status":"closed","template":"page-templates\/front-page.php","meta":{"_exactmetrics_skip_tracking":false,"_exactmetrics_sitenote_active":false,"_exactmetrics_sitenote_note":"","_exactmetrics_sitenote_category":0,"footnotes":"","_links_to":"","_links_to_target":""},"class_list":["post-39","page","type-page","status-publish","hentry"],"_links":{"self":[{"href":"https:\/\/www3.unicentro.br\/cedocg\/wp-json\/wp\/v2\/pages\/39","targetHints":{"allow":["GET"]}}],"collection":[{"href":"https:\/\/www3.unicentro.br\/cedocg\/wp-json\/wp\/v2\/pages"}],"about":[{"href":"https:\/\/www3.unicentro.br\/cedocg\/wp-json\/wp\/v2\/types\/page"}],"author":[{"embeddable":true,"href":"https:\/\/www3.unicentro.br\/cedocg\/wp-json\/wp\/v2\/users\/3"}],"replies":[{"embeddable":true,"href":"https:\/\/www3.unicentro.br\/cedocg\/wp-json\/wp\/v2\/comments?post=39"}],"version-history":[{"count":2,"href":"https:\/\/www3.unicentro.br\/cedocg\/wp-json\/wp\/v2\/pages\/39\/revisions"}],"predecessor-version":[{"id":114,"href":"https:\/\/www3.unicentro.br\/cedocg\/wp-json\/wp\/v2\/pages\/39\/revisions\/114"}],"wp:attachment":[{"href":"https:\/\/www3.unicentro.br\/cedocg\/wp-json\/wp\/v2\/media?parent=39"}],"curies":[{"name":"wp","href":"https:\/\/api.w.org\/{rel}","templated":true}]}}