{"id":6486,"date":"2025-08-15T10:34:25","date_gmt":"2025-08-15T13:34:25","guid":{"rendered":"https:\/\/www3.unicentro.br\/cedeteg\/?page_id=6486"},"modified":"2025-08-15T10:34:25","modified_gmt":"2025-08-15T13:34:25","slug":"campanha-transito-seguro-e-sustentavel-no-campus-cedeteg","status":"publish","type":"page","link":"https:\/\/www3.unicentro.br\/cedeteg\/campanha-transito-seguro-e-sustentavel-no-campus-cedeteg\/","title":{"rendered":"Campanha Tr\u00e2nsito Seguro e Sustent\u00e1vel no C\u00e2mpus Cedeteg"},"content":{"rendered":"\n\t\t<style type=\"text\/css\">\n\t\t\t#gallery-1 {\n\t\t\t\tmargin: auto;\n\t\t\t}\n\t\t\t#gallery-1 .gallery-item {\n\t\t\t\tfloat: left;\n\t\t\t\tmargin-top: 10px;\n\t\t\t\ttext-align: center;\n\t\t\t\twidth: 33%;\n\t\t\t}\n\t\t\t#gallery-1 img {\n\t\t\t\tborder: 2px solid #cfcfcf;\n\t\t\t}\n\t\t\t#gallery-1 .gallery-caption {\n\t\t\t\tmargin-left: 0;\n\t\t\t}\n\t\t\t\/* see gallery_shortcode() in wp-includes\/media.php *\/\n\t\t<\/style>\n\t\t<div id='gallery-1' class='gallery galleryid-6486 gallery-columns-3 gallery-size-large'><dl class='gallery-item'>\n\t\t\t<dt class='gallery-icon portrait'>\n\t\t\t\t<a href='https:\/\/www3.unicentro.br\/cedeteg\/campanha-transito-seguro-e-sustentavel-no-campus-cedeteg\/transito_seguro_no_campus_cedeteg_post_3_689ba09abf2c0\/'><img loading=\"lazy\" decoding=\"async\" width=\"820\" height=\"1024\" src=\"https:\/\/www3.unicentro.br\/cedeteg\/wp-content\/uploads\/sites\/91\/2025\/08\/TRANSITO_SEGURO_NO_CAMPUS_CEDETEG_POST_3_689ba09abf2c0-820x1024.jpg\" class=\"attachment-large size-large\" alt=\"\" srcset=\"https:\/\/www3.unicentro.br\/cedeteg\/wp-content\/uploads\/sites\/91\/2025\/08\/TRANSITO_SEGURO_NO_CAMPUS_CEDETEG_POST_3_689ba09abf2c0-820x1024.jpg 820w, https:\/\/www3.unicentro.br\/cedeteg\/wp-content\/uploads\/sites\/91\/2025\/08\/TRANSITO_SEGURO_NO_CAMPUS_CEDETEG_POST_3_689ba09abf2c0-240x300.jpg 240w, https:\/\/www3.unicentro.br\/cedeteg\/wp-content\/uploads\/sites\/91\/2025\/08\/TRANSITO_SEGURO_NO_CAMPUS_CEDETEG_POST_3_689ba09abf2c0-768x960.jpg 768w, https:\/\/www3.unicentro.br\/cedeteg\/wp-content\/uploads\/sites\/91\/2025\/08\/TRANSITO_SEGURO_NO_CAMPUS_CEDETEG_POST_3_689ba09abf2c0-1229x1536.jpg 1229w, https:\/\/www3.unicentro.br\/cedeteg\/wp-content\/uploads\/sites\/91\/2025\/08\/TRANSITO_SEGURO_NO_CAMPUS_CEDETEG_POST_3_689ba09abf2c0-1639x2048.jpg 1639w, https:\/\/www3.unicentro.br\/cedeteg\/wp-content\/uploads\/sites\/91\/2025\/08\/TRANSITO_SEGURO_NO_CAMPUS_CEDETEG_POST_3_689ba09abf2c0-255x319.jpg 255w, https:\/\/www3.unicentro.br\/cedeteg\/wp-content\/uploads\/sites\/91\/2025\/08\/TRANSITO_SEGURO_NO_CAMPUS_CEDETEG_POST_3_689ba09abf2c0-scaled.jpg 960w\" sizes=\"auto, (max-width: 820px) 100vw, 820px\" \/><\/a>\n\t\t\t<\/dt><\/dl><dl class='gallery-item'>\n\t\t\t<dt class='gallery-icon portrait'>\n\t\t\t\t<a href='https:\/\/www3.unicentro.br\/cedeteg\/campanha-transito-seguro-e-sustentavel-no-campus-cedeteg\/transito_seguro_no_campus_cedeteg_post_1_689ba0917b283\/'><img loading=\"lazy\" decoding=\"async\" width=\"819\" height=\"1024\" src=\"https:\/\/www3.unicentro.br\/cedeteg\/wp-content\/uploads\/sites\/91\/2025\/08\/TRANSITO_SEGURO_NO_CAMPUS_CEDETEG_POST_1_689ba0917b283-819x1024.jpg\" class=\"attachment-large size-large\" alt=\"\" srcset=\"https:\/\/www3.unicentro.br\/cedeteg\/wp-content\/uploads\/sites\/91\/2025\/08\/TRANSITO_SEGURO_NO_CAMPUS_CEDETEG_POST_1_689ba0917b283-819x1024.jpg 819w, https:\/\/www3.unicentro.br\/cedeteg\/wp-content\/uploads\/sites\/91\/2025\/08\/TRANSITO_SEGURO_NO_CAMPUS_CEDETEG_POST_1_689ba0917b283-240x300.jpg 240w, https:\/\/www3.unicentro.br\/cedeteg\/wp-content\/uploads\/sites\/91\/2025\/08\/TRANSITO_SEGURO_NO_CAMPUS_CEDETEG_POST_1_689ba0917b283-768x960.jpg 768w, https:\/\/www3.unicentro.br\/cedeteg\/wp-content\/uploads\/sites\/91\/2025\/08\/TRANSITO_SEGURO_NO_CAMPUS_CEDETEG_POST_1_689ba0917b283-1229x1536.jpg 1229w, https:\/\/www3.unicentro.br\/cedeteg\/wp-content\/uploads\/sites\/91\/2025\/08\/TRANSITO_SEGURO_NO_CAMPUS_CEDETEG_POST_1_689ba0917b283-1638x2048.jpg 1638w, https:\/\/www3.unicentro.br\/cedeteg\/wp-content\/uploads\/sites\/91\/2025\/08\/TRANSITO_SEGURO_NO_CAMPUS_CEDETEG_POST_1_689ba0917b283-255x319.jpg 255w, https:\/\/www3.unicentro.br\/cedeteg\/wp-content\/uploads\/sites\/91\/2025\/08\/TRANSITO_SEGURO_NO_CAMPUS_CEDETEG_POST_1_689ba0917b283-scaled.jpg 960w\" sizes=\"auto, (max-width: 819px) 100vw, 819px\" \/><\/a>\n\t\t\t<\/dt><\/dl><dl class='gallery-item'>\n\t\t\t<dt class='gallery-icon portrait'>\n\t\t\t\t<a href='https:\/\/www3.unicentro.br\/cedeteg\/campanha-transito-seguro-e-sustentavel-no-campus-cedeteg\/transito_seguro_no_campus_cedeteg_post_2_689ba096231a1\/'><img loading=\"lazy\" decoding=\"async\" width=\"820\" height=\"1024\" src=\"https:\/\/www3.unicentro.br\/cedeteg\/wp-content\/uploads\/sites\/91\/2025\/08\/TRANSITO_SEGURO_NO_CAMPUS_CEDETEG_POST_2_689ba096231a1-820x1024.jpg\" class=\"attachment-large size-large\" alt=\"\" srcset=\"https:\/\/www3.unicentro.br\/cedeteg\/wp-content\/uploads\/sites\/91\/2025\/08\/TRANSITO_SEGURO_NO_CAMPUS_CEDETEG_POST_2_689ba096231a1-820x1024.jpg 820w, https:\/\/www3.unicentro.br\/cedeteg\/wp-content\/uploads\/sites\/91\/2025\/08\/TRANSITO_SEGURO_NO_CAMPUS_CEDETEG_POST_2_689ba096231a1-240x300.jpg 240w, https:\/\/www3.unicentro.br\/cedeteg\/wp-content\/uploads\/sites\/91\/2025\/08\/TRANSITO_SEGURO_NO_CAMPUS_CEDETEG_POST_2_689ba096231a1-768x960.jpg 768w, https:\/\/www3.unicentro.br\/cedeteg\/wp-content\/uploads\/sites\/91\/2025\/08\/TRANSITO_SEGURO_NO_CAMPUS_CEDETEG_POST_2_689ba096231a1-1229x1536.jpg 1229w, https:\/\/www3.unicentro.br\/cedeteg\/wp-content\/uploads\/sites\/91\/2025\/08\/TRANSITO_SEGURO_NO_CAMPUS_CEDETEG_POST_2_689ba096231a1-1639x2048.jpg 1639w, https:\/\/www3.unicentro.br\/cedeteg\/wp-content\/uploads\/sites\/91\/2025\/08\/TRANSITO_SEGURO_NO_CAMPUS_CEDETEG_POST_2_689ba096231a1-255x319.jpg 255w, https:\/\/www3.unicentro.br\/cedeteg\/wp-content\/uploads\/sites\/91\/2025\/08\/TRANSITO_SEGURO_NO_CAMPUS_CEDETEG_POST_2_689ba096231a1-scaled.jpg 960w\" sizes=\"auto, (max-width: 820px) 100vw, 820px\" \/><\/a>\n\t\t\t<\/dt><\/dl><br style=\"clear: both\" \/>\n\t\t<\/div>\n\n","protected":false},"excerpt":{"rendered":"","protected":false},"author":9,"featured_media":0,"parent":0,"menu_order":0,"comment_status":"closed","ping_status":"closed","template":"","meta":{"_exactmetrics_skip_tracking":false,"_exactmetrics_sitenote_active":false,"_exactmetrics_sitenote_note":"","_exactmetrics_sitenote_category":0,"footnotes":"","_links_to":"","_links_to_target":""},"class_list":["post-6486","page","type-page","status-publish","hentry"],"_links":{"self":[{"href":"https:\/\/www3.unicentro.br\/cedeteg\/wp-json\/wp\/v2\/pages\/6486","targetHints":{"allow":["GET"]}}],"collection":[{"href":"https:\/\/www3.unicentro.br\/cedeteg\/wp-json\/wp\/v2\/pages"}],"about":[{"href":"https:\/\/www3.unicentro.br\/cedeteg\/wp-json\/wp\/v2\/types\/page"}],"author":[{"embeddable":true,"href":"https:\/\/www3.unicentro.br\/cedeteg\/wp-json\/wp\/v2\/users\/9"}],"replies":[{"embeddable":true,"href":"https:\/\/www3.unicentro.br\/cedeteg\/wp-json\/wp\/v2\/comments?post=6486"}],"version-history":[{"count":1,"href":"https:\/\/www3.unicentro.br\/cedeteg\/wp-json\/wp\/v2\/pages\/6486\/revisions"}],"predecessor-version":[{"id":6491,"href":"https:\/\/www3.unicentro.br\/cedeteg\/wp-json\/wp\/v2\/pages\/6486\/revisions\/6491"}],"wp:attachment":[{"href":"https:\/\/www3.unicentro.br\/cedeteg\/wp-json\/wp\/v2\/media?parent=6486"}],"curies":[{"name":"wp","href":"https:\/\/api.w.org\/{rel}","templated":true}]}}