{"id":584,"date":"2020-12-16T08:13:09","date_gmt":"2020-12-16T11:13:09","guid":{"rendered":"https:\/\/www3.unicentro.br\/cedeteg\/?page_id=584"},"modified":"2025-03-25T11:20:09","modified_gmt":"2025-03-25T14:20:09","slug":"conselho-administrativo","status":"publish","type":"page","link":"https:\/\/www3.unicentro.br\/cedeteg\/sobre-o-campus\/conselho-administrativo\/","title":{"rendered":"Conselho Administrativo"},"content":{"rendered":"<h3>Composi\u00e7\u00e3o do Conselho Administrativo do C\u00e2mpus Cedeteg &#8211; CADCAM\/C<\/h3>\n<p>&nbsp;<\/p>\n<p><strong>Presidente:<\/strong><br \/>\nRicardo Yoshimitsu Miyahara (Diretor-Geral do C\u00e2mpus)<\/p>\n<p><strong>Membros natos:<\/strong><br \/>\nAline Marques Gen\u00fa (Vice-Diretora-Geral do C\u00e2mpus)<br \/>\nAdriana Knob (Diretora do Setor de Ci\u00eancias Agr\u00e1rias e Ambientais)<br \/>\nLuciene Regina Leineker (Diretora do Setor de Ci\u00eancias Exatas e de Tecnologia)<br \/>\nAngela Dubiela Julik (Diretora do Setor de Ci\u00eancias da Sa\u00fade)<\/p>\n<p><strong>Membros eleitos:<\/strong><br \/>\nMeire Christina Seki (Representante docente do Setor de Ci\u00eancias Agr\u00e1rias e Ambientais)<br \/>\nT\u00e2nia Toyomi Tominaga (Representante docente do Setor de Ci\u00eancias Exatas e de Tecnologia)<br \/>\nCarlos Ricardo Maneck Malfatti (Representante docente do Setor de Ci\u00eancias da Sa\u00fade)<br \/>\nAlceu Harmatiuk (Representante dos agentes universit\u00e1rios)<\/p>\n<p><strong>Membro indicado:<\/strong><br \/>\nCristiano Penteado de Souza (Representante discente)<\/p>\n<hr \/>\n<p><span style=\"font-weight: 400\">A primeira reuni\u00e3o do CADCAM\/C, em 2025, ser\u00e1 no dia 25 de mar\u00e7o, quando ser\u00e1 aprovado o Calend\u00e1rio das Reuni\u00f5es Ordin\u00e1rias para 2025.<\/span><\/p>\n","protected":false},"excerpt":{"rendered":"<p>Composi\u00e7\u00e3o do Conselho Administrativo do C\u00e2mpus Cedeteg &#8211; CADCAM\/C &nbsp; Presidente: Ricardo Yoshimitsu Miyahara (Diretor-Geral do C\u00e2mpus) Membros natos: Aline Marques Gen\u00fa (Vice-Diretora-Geral do C\u00e2mpus) Adriana Knob (Diretora do Setor de Ci\u00eancias Agr\u00e1rias e Ambientais) Luciene Regina Leineker (Diretora do Setor de Ci\u00eancias Exatas e de Tecnologia) Angela Dubiela Julik (Diretora do Setor de Ci\u00eancias [&hellip;]<\/p>\n","protected":false},"author":9,"featured_media":0,"parent":19,"menu_order":0,"comment_status":"closed","ping_status":"closed","template":"","meta":{"_exactmetrics_skip_tracking":false,"_exactmetrics_sitenote_active":false,"_exactmetrics_sitenote_note":"","_exactmetrics_sitenote_category":0,"footnotes":"","_links_to":"","_links_to_target":""},"class_list":["post-584","page","type-page","status-publish","hentry"],"_links":{"self":[{"href":"https:\/\/www3.unicentro.br\/cedeteg\/wp-json\/wp\/v2\/pages\/584","targetHints":{"allow":["GET"]}}],"collection":[{"href":"https:\/\/www3.unicentro.br\/cedeteg\/wp-json\/wp\/v2\/pages"}],"about":[{"href":"https:\/\/www3.unicentro.br\/cedeteg\/wp-json\/wp\/v2\/types\/page"}],"author":[{"embeddable":true,"href":"https:\/\/www3.unicentro.br\/cedeteg\/wp-json\/wp\/v2\/users\/9"}],"replies":[{"embeddable":true,"href":"https:\/\/www3.unicentro.br\/cedeteg\/wp-json\/wp\/v2\/comments?post=584"}],"version-history":[{"count":2,"href":"https:\/\/www3.unicentro.br\/cedeteg\/wp-json\/wp\/v2\/pages\/584\/revisions"}],"predecessor-version":[{"id":6120,"href":"https:\/\/www3.unicentro.br\/cedeteg\/wp-json\/wp\/v2\/pages\/584\/revisions\/6120"}],"up":[{"embeddable":true,"href":"https:\/\/www3.unicentro.br\/cedeteg\/wp-json\/wp\/v2\/pages\/19"}],"wp:attachment":[{"href":"https:\/\/www3.unicentro.br\/cedeteg\/wp-json\/wp\/v2\/media?parent=584"}],"curies":[{"name":"wp","href":"https:\/\/api.w.org\/{rel}","templated":true}]}}