{"id":54,"date":"2020-09-01T16:45:15","date_gmt":"2020-09-01T19:45:15","guid":{"rendered":"https:\/\/www3.unicentro.br\/cedeteg\/?page_id=54"},"modified":"2026-04-07T14:41:26","modified_gmt":"2026-04-07T17:41:26","slug":"ru","status":"publish","type":"page","link":"https:\/\/www3.unicentro.br\/cedeteg\/ru\/","title":{"rendered":"Servi\u00e7os de Restaurante e Lanchonete"},"content":{"rendered":"<div class=\"wpb-content-wrapper\"><p>[vc_row][vc_column width=&#8221;2\/3&#8243;][\/vc_column][vc_column width=&#8221;1\/3&#8243;][\/vc_column][\/vc_row][vc_row][vc_column][vc_separator color=&#8221;custom&#8221; css=&#8221;.vc_custom_1641566365513{background-color: #c91a00 !important;}&#8221;][vc_column_text css=&#8221;&#8221;]<\/p>\n<div class=\"wp-block-image\"><img loading=\"lazy\" decoding=\"async\" class=\"wpa-warning wpa-image-missing-alt alignnone wp-image-7025 size-full\" src=\"https:\/\/www3.unicentro.br\/cedeteg\/wp-content\/uploads\/sites\/91\/2026\/04\/cardapio_cedeteg_2026_abril_69d3f44686c5d.png\" alt=\"\" width=\"2000\" height=\"1414\" data-warning=\"Texto alternativo ausente\" srcset=\"https:\/\/www3.unicentro.br\/cedeteg\/wp-content\/uploads\/sites\/91\/2026\/04\/cardapio_cedeteg_2026_abril_69d3f44686c5d.png 2000w, https:\/\/www3.unicentro.br\/cedeteg\/wp-content\/uploads\/sites\/91\/2026\/04\/cardapio_cedeteg_2026_abril_69d3f44686c5d-768x543.png 768w, https:\/\/www3.unicentro.br\/cedeteg\/wp-content\/uploads\/sites\/91\/2026\/04\/cardapio_cedeteg_2026_abril_69d3f44686c5d-1536x1086.png 1536w, https:\/\/www3.unicentro.br\/cedeteg\/wp-content\/uploads\/sites\/91\/2026\/04\/cardapio_cedeteg_2026_abril_69d3f44686c5d-255x180.png 255w\" sizes=\"auto, (max-width: 2000px) 100vw, 2000px\" \/><\/div>\n<h3><\/h3>\n<h3><span style=\"color: #800000;font-size: 18pt\">Restaurante &#8211; Tipos de Refei\u00e7\u00f5es e Pre\u00e7os<br \/>\n<\/span><\/h3>\n<table style=\"width: 100%\">\n<tbody>\n<tr>\n<td style=\"width: 98.0427%\" colspan=\"4\"><b>\u00a0<\/b><\/td>\n<\/tr>\n<tr>\n<td style=\"width: 17.7936%\"><b>Tipo de refei\u00e7\u00e3o<\/b><\/td>\n<td style=\"width: 15.8363%\"><b>Tamanho<\/b><\/td>\n<td style=\"width: 52.847%\"><b>Descri\u00e7\u00e3o e composi\u00e7\u00e3o<\/b><\/td>\n<td style=\"width: 11.5658%\"><b>Pre\u00e7o\u00a0<\/b><\/td>\n<\/tr>\n<tr>\n<td style=\"width: 17.7936%\"><b>Prato feito (PF)\u00a0<\/b><\/td>\n<td style=\"width: 15.8363%\"><span style=\"font-weight: 400\">715 g<\/span><\/td>\n<td style=\"width: 52.847%\"><span style=\"font-weight: 400\">1 tipo de carne de boa qualidade\u00a0<\/span><\/p>\n<p><span style=\"font-weight: 400\">1 acompanhamento<\/span><\/p>\n<p><span style=\"font-weight: 400\">Arroz ou Arroz integral<\/span><\/p>\n<p><span style=\"font-weight: 400\">Feij\u00e3o<\/span><\/p>\n<p><span style=\"font-weight: 400\">1 salada cozida<\/span><\/p>\n<p><span style=\"font-weight: 400\">1 salada crua<\/span><\/p>\n<p><span style=\"font-weight: 400\">1 sobremesa ou 1 fruta da esta\u00e7\u00e3o<\/span><\/td>\n<td style=\"width: 11.5658%\"><b>R$ 5.40<\/b><\/td>\n<\/tr>\n<tr>\n<td style=\"width: 17.7936%\"><b>Buffet por quilo<\/b><\/td>\n<td style=\"width: 15.8363%\"><span style=\"font-weight: 400\">N\u00e3o se aplica<\/span><\/td>\n<td style=\"width: 52.847%\"><span style=\"font-weight: 400\">2 tipos de carne \/ vegetariana<\/span><\/p>\n<p><span style=\"font-weight: 400\">3 acompanhamentos<\/span><\/p>\n<p><span style=\"font-weight: 400\">Arroz e Arroz integral<\/span><\/p>\n<p><span style=\"font-weight: 400\">Feij\u00e3o<\/span><\/p>\n<p><span style=\"font-weight: 400\">2 saladas cozidas<\/span><\/p>\n<p><span style=\"font-weight: 400\">3 saladas cruas<\/span><\/p>\n<p><span style=\"font-weight: 400\">1 sobremesa ou 1 fruta da esta\u00e7\u00e3o \u2013 gratuitas<\/span><\/td>\n<td style=\"width: 11.5658%\"><b>R$ 22,95<\/b><\/td>\n<\/tr>\n<tr>\n<td style=\"width: 17.7936%\"><b>Buffet livre<\/b><\/td>\n<td style=\"width: 15.8363%\"><span style=\"font-weight: 400\">N\u00e3o se aplica<\/span><\/td>\n<td style=\"width: 52.847%\"><span style=\"font-weight: 400\">Consumo livre, a vontade, de todas as prepara\u00e7\u00f5es do buffet por quilo<\/span><\/p>\n<p><span style=\"font-weight: 400\">1 sobremesa ou 1 fruta da esta\u00e7\u00e3o \u2013 gratuitas<\/span><\/td>\n<td style=\"width: 11.5658%\"><b>R$ 12.15<\/b><\/td>\n<\/tr>\n<\/tbody>\n<\/table>\n<p>[\/vc_column_text][vc_separator color=&#8221;custom&#8221; css=&#8221;.vc_custom_1641566365513{background-color: #c91a00 !important;}&#8221;][vc_column_text css=&#8221;&#8221;]<\/p>\n<ul>\n<li><span style=\"font-size: 14pt\"><strong><span style=\"color: #800000\"><a style=\"color: #800000\" href=\"https:\/\/www3.unicentro.br\/cedeteg\/wp-content\/uploads\/sites\/91\/2022\/01\/Copia-de-Contrato-01-2021-CC-06-2019-Restaurante-Cedeteg-Kaing-Gang-assinado.pdf\" target=\"_blank\" rel=\"noopener\">Contrato 1\/2021 &#8211; Concess\u00e3o de uso de espa\u00e7o para Restaurante<\/a><\/span><\/strong><\/span><\/li>\n<\/ul>\n<p>&nbsp;<\/p>\n<ul>\n<li><span style=\"font-size: 14pt\"><strong><span style=\"color: #800000\"><a style=\"color: #800000\" href=\"https:\/\/www3.unicentro.br\/cedeteg\/wp-content\/uploads\/sites\/91\/2022\/01\/TA-01-Contrato-01-2021-RU-Cedeteg-Kaing-Gang-assinado.pdf\" target=\"_blank\" rel=\"noopener\">Primeiro Termo Aditivo do Contra<span style=\"color: #800000\">to 1\/2021 &#8211; Concess\u00e3o de uso de espa\u00e7o para Restaurante<\/span><\/a><\/span><\/strong><\/span><\/li>\n<\/ul>\n<p>&nbsp;<\/p>\n<ul>\n<li><span style=\"color: #800000;font-size: 14pt\"><a style=\"color: #800000\" href=\"https:\/\/www3.unicentro.br\/cedeteg\/wp-content\/uploads\/sites\/91\/2022\/09\/TA-02-Contrato-01-2021-RU-Cedeteg-Kaing-Gang-assinado.pdf\" target=\"_blank\" rel=\"noopener\"><strong>Segundo Termo Aditivo do Contrato 1\/2021 &#8211; Concess\u00e3o de uso de espa\u00e7o para Restaurante<\/strong><\/a><\/span><\/li>\n<\/ul>\n<p>&nbsp;<\/p>\n<ul>\n<li><span style=\"color: #800000;font-size: 14pt\"><strong><a style=\"color: #800000\" href=\"https:\/\/www3.unicentro.br\/cedeteg\/wp-content\/uploads\/sites\/91\/2026\/03\/TA-04-Contrato-01_2021-RU-Cedeteg-KAING-GANG.pdf\" target=\"_blank\" rel=\"noopener\">Quarto Termo Aditivo do Contrato 1\/2021 &#8211; Concess\u00e3o de uso de espa\u00e7o para Restaurante<\/a><\/strong><\/span><\/li>\n<\/ul>\n<p>&nbsp;<\/p>\n<ul>\n<li><span style=\"font-size: 14pt\"><strong><span style=\"color: #800000\"><a style=\"color: #800000\" href=\"https:\/\/www3.unicentro.br\/cedeteg\/wp-content\/uploads\/sites\/91\/2026\/03\/TA-05-Contrato-012021-RU-Cedeteg-KAING-GANG.pdf\" target=\"_blank\" rel=\"noopener\">Quinto Termo Aditivo do Contrato 1\/2021 &#8211; Concess\u00e3o de uso de espa\u00e7o para Restaurante<\/a><\/span><\/strong><\/span><\/li>\n<\/ul>\n<p>&nbsp;<\/p>\n<ul>\n<li><span style=\"font-size: 14pt\"><strong><span style=\"color: #800000\"><a style=\"color: #800000\" href=\"https:\/\/www3.unicentro.br\/cedeteg\/wp-content\/uploads\/sites\/91\/2026\/03\/TA-06-Contrato-01_2021-RU-Cedeteg-KAING-GANG.pdf\" target=\"_blank\" rel=\"noopener\">Sexto Termo Aditivo do Contrato 1\/2021 &#8211; Concess\u00e3o de uso de espa\u00e7o para Restaurante<\/a><\/span><\/strong><\/span><\/li>\n<\/ul>\n<p>&nbsp;<\/p>\n<ul>\n<li><span style=\"color: #800000;font-size: 14pt\"><a style=\"color: #800000\" href=\"https:\/\/www3.unicentro.br\/cedeteg\/wp-content\/uploads\/sites\/91\/2022\/09\/Contrato-05-2022-DP-03-2022-CR-03-2021-Lanchonete-Cedeteg-Restaurante-Kaing-Gang-Parcialmente-Assinado.pdf\" target=\"_blank\" rel=\"noopener\"><strong>Contrato 5\/2021 &#8211; Concess\u00e3o de uso de espa\u00e7o para Lanchonete<\/strong><\/a><\/span><\/li>\n<\/ul>\n<p>&nbsp;<\/p>\n<ul>\n<li><a href=\"https:\/\/www3.unicentro.br\/cedeteg\/wp-content\/uploads\/sites\/91\/2023\/12\/TA-01-Contrato-05-22-KAING-GANG-ASSINADO-1.pdf\" target=\"_blank\" rel=\"noopener\"><span style=\"font-size: 14pt\"><strong><span style=\"color: #800000\">Primeiro Termo Aditivo do Contra<span style=\"color: #800000\">to 5\/2023<\/span><\/span><\/strong><\/span><\/a><\/li>\n<\/ul>\n<p>[\/vc_column_text][\/vc_column][\/vc_row][vc_row][vc_column][\/vc_column][\/vc_row]<\/p>\n<\/div>","protected":false},"excerpt":{"rendered":"<p>[vc_row][vc_column width=&#8221;2\/3&#8243;][\/vc_column][vc_column width=&#8221;1\/3&#8243;][\/vc_column][\/vc_row][vc_row][vc_column][vc_separator color=&#8221;custom&#8221; css=&#8221;.vc_custom_1641566365513{background-color: #c91a00 !important;}&#8221;][vc_column_text css=&#8221;&#8221;] Restaurante &#8211; Tipos de Refei\u00e7\u00f5es e Pre\u00e7os \u00a0 Tipo de refei\u00e7\u00e3o Tamanho Descri\u00e7\u00e3o e composi\u00e7\u00e3o Pre\u00e7o\u00a0 Prato feito (PF)\u00a0 715 g 1 tipo de carne de boa qualidade\u00a0 1 acompanhamento Arroz ou Arroz integral Feij\u00e3o 1 salada cozida 1 salada crua 1 sobremesa ou 1 fruta da [&hellip;]<\/p>\n","protected":false},"author":3,"featured_media":0,"parent":0,"menu_order":0,"comment_status":"closed","ping_status":"closed","template":"","meta":{"_exactmetrics_skip_tracking":false,"_exactmetrics_sitenote_active":false,"_exactmetrics_sitenote_note":"","_exactmetrics_sitenote_category":0,"footnotes":"","_links_to":"","_links_to_target":""},"class_list":["post-54","page","type-page","status-publish","hentry"],"_links":{"self":[{"href":"https:\/\/www3.unicentro.br\/cedeteg\/wp-json\/wp\/v2\/pages\/54","targetHints":{"allow":["GET"]}}],"collection":[{"href":"https:\/\/www3.unicentro.br\/cedeteg\/wp-json\/wp\/v2\/pages"}],"about":[{"href":"https:\/\/www3.unicentro.br\/cedeteg\/wp-json\/wp\/v2\/types\/page"}],"author":[{"embeddable":true,"href":"https:\/\/www3.unicentro.br\/cedeteg\/wp-json\/wp\/v2\/users\/3"}],"replies":[{"embeddable":true,"href":"https:\/\/www3.unicentro.br\/cedeteg\/wp-json\/wp\/v2\/comments?post=54"}],"version-history":[{"count":4,"href":"https:\/\/www3.unicentro.br\/cedeteg\/wp-json\/wp\/v2\/pages\/54\/revisions"}],"predecessor-version":[{"id":7026,"href":"https:\/\/www3.unicentro.br\/cedeteg\/wp-json\/wp\/v2\/pages\/54\/revisions\/7026"}],"wp:attachment":[{"href":"https:\/\/www3.unicentro.br\/cedeteg\/wp-json\/wp\/v2\/media?parent=54"}],"curies":[{"name":"wp","href":"https:\/\/api.w.org\/{rel}","templated":true}]}}