{"id":5358,"date":"2024-06-19T11:02:12","date_gmt":"2024-06-19T14:02:12","guid":{"rendered":"https:\/\/www3.unicentro.br\/cedeteg\/?page_id=5358"},"modified":"2024-06-26T10:20:10","modified_gmt":"2024-06-26T13:20:10","slug":"historico","status":"publish","type":"page","link":"https:\/\/www3.unicentro.br\/cedeteg\/historico\/","title":{"rendered":"Hist\u00f3rico"},"content":{"rendered":"<p><strong>1988<\/strong><br \/>\n&#8211; Institui\u00e7\u00e3o da Funda\u00e7\u00e3o Educacional de Guarapuava (FEG), com sede e foro na cidade de Guarapuava, Estado do Paran\u00e1, entidade de direito p\u00fablico, tendo co-participa\u00e7\u00e3o da Funda\u00e7\u00e3o Faculdade Estadual de Filosofia, Ci\u00eancias e Letras de Guarapuava;<br \/>\n&#8211; Registro do Estatuto da Funda\u00e7\u00e3o Educacional de Guarapuava (FEG).<\/p>\n<p><strong>1997<\/strong><br \/>\n&#8211; Reconhecimento da Universidade Estadual do Centro-Oeste (Unicentro), com sede e c\u00e2mpus na cidade de Guarapuava e c\u00e2mpus na cidade de Irati, no Estado do Paran\u00e1;<br \/>\n&#8211; Os cursos de licenciatura em Geografia e Matem\u00e1tica, criados em 1970,\u00a0 e Qu\u00edmica (Licenciatura e Bacharelado), criado em 1995, funcionavam no C\u00e2mpus Santa Cruz;<br \/>\n&#8211; Cria\u00e7\u00e3o dos cursos de Ci\u00eancias Biol\u00f3gicas (Licenciatura), An\u00e1lise de Sistemas (Bacharelado) e Enfermagem (Bacharelado).<\/p>\n<p><strong>1998<\/strong><br \/>\n&#8211; Celebra\u00e7\u00e3o do Conv\u00eanio de Coopera\u00e7\u00e3o T\u00e9cnica, pelo qual a Prefeitura Municipal de Guarapuava cedeu, em parte, \u00e0 Unicentro, o im\u00f3vel do Cedeteg, para o desenvolvimento de projetos pedag\u00f3gicos e administrativos, com adequa\u00e7\u00e3o da obra f\u00edsica e equipamentos, podendo introduzir benfeitorias no im\u00f3vel, \u00fateis, necess\u00e1rias e volunt\u00e1rias, buscando as adequa\u00e7\u00f5es necess\u00e1rias para as atividades. O conv\u00eanio previa o uso exclusivo de seis edifica\u00e7\u00f5es do im\u00f3vel pela Unicentro e o uso comum de quatro edifica\u00e7\u00f5es pela Unicentro e a Prefeitura;<br \/>\n&#8211; Cria\u00e7\u00e3o dos cursos de Educa\u00e7\u00e3o F\u00edsica (Licenciatura e Bacharelado) e Engenharia de Alimentos (Bacharelado).<\/p>\n<p><strong>1999<\/strong><br \/>\n&#8211; Transfer\u00eancia de atividades administrativas e pedag\u00f3gicas de cursos de gradua\u00e7\u00e3o do C\u00e2mpus Santa Cruz para o Cedeteg;<br \/>\n&#8211; Os cursos de gradua\u00e7\u00e3o em Qu\u00edmica, Engenharia de Alimentos e Ci\u00eancias Biol\u00f3gicas foram os primeiros a se instalarem no Cedeteg, advindos do C\u00e2mpus Santa Cruz;<br \/>\n&#8211; Cria\u00e7\u00e3o dos cursos de bacharelado em Agronomia, Medicina Veterin\u00e1ria e Nutri\u00e7\u00e3o;<br \/>\n&#8211;\u00a0 Em 1999, os cursos de Agronomia e Medicina Veterin\u00e1ria iniciaram com gest\u00e3o pela FEG e, em 2003, passaram a ser geridos pela Unicentro.<\/p>\n<p><strong>2000<\/strong><br \/>\n&#8211; Assinatura do Conv\u00eanio de Coopera\u00e7\u00e3o T\u00e9cnica, Administrativa, Cient\u00edfica, Educacional, Social e Cultural, firmado entre a Unicentro e o Munic\u00edpio de Guarapuava, para a gest\u00e3o e a execu\u00e7\u00e3o das atividades relacionadas \u00e0 conserva\u00e7\u00e3o, pesquisa, coleta, interpreta\u00e7\u00e3o, apresenta\u00e7\u00e3o e explica\u00e7\u00e3o do acervo que comp\u00f5e o Museu de Ci\u00eancias Naturais de Guarapuava, localizado no Parque Municipal das Arauc\u00e1rias;<br \/>\n&#8211; Cria\u00e7\u00e3o do curso de bacharelado em Fisioterapia;<br \/>\n&#8211; Assinatura do Contrato de Comodato, firmado entre a Unicentro e o Munic\u00edpio de Guarapuava, para cess\u00e3o do im\u00f3vel onde est\u00e1 localizado o Museu de Ci\u00eancias Naturais de Guarapuava;<br \/>\n&#8211; In\u00edcio das atividades do Servi\u00e7o de Reabilita\u00e7\u00e3o F\u00edsica \u2013 Cl\u00ednica de \u00d3rtese e Pr\u00f3tese.<\/p>\n<p><strong>2001<\/strong><br \/>\n&#8211; Institui\u00e7\u00e3o e aprova\u00e7\u00e3o do Estatuto Social da Incubadora Tecnol\u00f3gica de Guarapuava (Integ), com sede no Cedeteg;<br \/>\n&#8211; Autoriza\u00e7\u00e3o para o Poder Executivo estadualizar a Escola Superior de Ci\u00eancias Agr\u00e1rias (Esca), com sede em Guarapuava, e integr\u00e1-la \u00e0 Unicentro;<br \/>\n&#8211; Cria\u00e7\u00e3o, devido \u00e0 reformula\u00e7\u00e3o, do curso de Geografia (Licenciatura).<\/p>\n<p><strong>2002<\/strong><br \/>\n&#8211; Publica\u00e7\u00e3o da Lei Municipal n\u00ba 1109\/2002, que autorizou o Poder Executivo Municipal a conceder, por doa\u00e7\u00e3o, os bens m\u00f3veis da FEG \u00e0 Unicentro ou outra institui\u00e7\u00e3o de Ensino P\u00fablico Gratuito;<br \/>\n&#8211; Cria\u00e7\u00e3o dos cursos de licenciatura em Educa\u00e7\u00e3o F\u00edsica e F\u00edsica;<br \/>\n&#8211; Transfer\u00eancia das atividades administrativas e pedag\u00f3gicas do curso de Geografia, do C\u00e2mpus Santa Cruz para o Cedeteg.<br \/>\n&#8211; Cria\u00e7\u00e3o da Cl\u00ednica Escola de Fisioterapia (Cefisio).<\/p>\n<p><strong>2003<\/strong><br \/>\n&#8211; Os cursos de Agronomia e Medicina Veterin\u00e1ria, que j\u00e1 funcionavam no Cedeteg, geridos pela FEG, s\u00e3o integrados \u00e0 estrutura da Unicentro e passam a ser coordenados pela universidade.<br \/>\n&#8211; Cria\u00e7\u00e3o dos cursos de bacharelado em Geografia e Farm\u00e1cia;<br \/>\n&#8211; Firmado o Termo de Conv\u00eanio de Coopera\u00e7\u00e3o T\u00e9cnica e Cient\u00edfica e o Termo Aditivo de Cess\u00e3o de Uso do Cedeteg, entre a Unicentro e o Munic\u00edpio de Guarapuava, tendo como interveniente anuente a Funda\u00e7\u00e3o Educacional de Guarapuava (FEG). A partir desses termos, a Unicentro assumiu a coordena\u00e7\u00e3o dos cursos de Agronomia e Medicina Veterin\u00e1ria, anteriormente mantidos pela Esca\/FEG, e todos os m\u00f3veis, utens\u00edlios, equipamentos e edifica\u00e7\u00f5es introduzidas pelo munic\u00edpio e pela FEG no Cedeteg foram transferidos para a Unicentro;<br \/>\n&#8211; Estadualiza\u00e7\u00e3o da Escola Superior de Ci\u00eancias Agr\u00e1rias (Esca), com sede em Guarapuava, e integra\u00e7\u00e3o da Esca \u00e0 estrutura da Unicentro;<br \/>\n&#8211; Protocolado projeto de Lei Federal, para que o Poder Executivo fosse autorizado a doar \u00e0 Unicentro o im\u00f3vel de propriedade da Uni\u00e3o, constitu\u00eddo por terreno e benfeitorias do Cedeteg, onde seria implantada a Escola Agrot\u00e9cnica Federal de Guarapuava, totalizando \u00e1rea de 1.420.622,02 metros quadrados.<\/p>\n<p><strong>2004<\/strong><br \/>\n&#8211; Cria\u00e7\u00e3o da Cl\u00ednica Escola Veterin\u00e1ria (Cevet).<\/p>\n<p><strong>2005<\/strong><br \/>\n&#8211; Institui\u00e7\u00e3o e regulamenta\u00e7\u00e3o da Ag\u00eancia de Inova\u00e7\u00e3o Tecnol\u00f3gica (Novatec), com funcionamento nas estruturas da Integ, no C\u00e2mpus Cedeteg.<br \/>\n&#8211; O curso de An\u00e1lise de Sistemas \u2013 Bacharelado passou a chamar Ci\u00eancia da Computa\u00e7\u00e3o.<\/p>\n<p><strong>2006<\/strong><br \/>\n&#8211; Cria\u00e7\u00e3o, devido \u00e0 reformula\u00e7\u00e3o, do curso de Matem\u00e1tica \u2013 Licenciatura;<br \/>\n&#8211; Cria\u00e7\u00e3o dos cursos de Educa\u00e7\u00e3o F\u00edsica \u2013 Bacharelado e Qu\u00edmica \u2013 Licenciatura;<br \/>\n&#8211; Cria\u00e7\u00e3o do Mestrado em Qu\u00edmica Aplicada;<br \/>\n&#8211; Autoriza\u00e7\u00e3o da cess\u00e3o de uso gratuito ao Estado do Paran\u00e1, do im\u00f3vel situado na Rua Sime\u00e3o Camargo Varela de S\u00e1, bairro Vila Carli, em Guarapuava (PR), para utiliza\u00e7\u00e3o pela Unicentro, exclu\u00edda a \u00e1rea de 968m\u00b2 utilizada pelo Minist\u00e9rio da Agricultura.<\/p>\n<p><strong>2007<\/strong><br \/>\n&#8211; Cria\u00e7\u00e3o do Mestrado em Agronomia.<\/p>\n<p><strong>2008<\/strong><br \/>\n&#8211; Instala\u00e7\u00e3o do C\u00e2mpus Cedeteg, da Unicentro, em 12 de fevereiro, no endere\u00e7o Rua Sime\u00e3o Varela de S\u00e1, n\u00ba 3, Vila Carli, Guarapuava (PR);<br \/>\n&#8211; Cria\u00e7\u00e3o do Mestrado em Biologia Evolutiva.<\/p>\n<p><strong>2009<\/strong><br \/>\n&#8211; Cria\u00e7\u00e3o do Mestrado em Geografia e do Doutorado em Qu\u00edmica Aplicada.<\/p>\n<p><strong>2011<\/strong><br \/>\n&#8211; Cria\u00e7\u00e3o do Mestrado em Bioenergia e do Mestrado em Ci\u00eancias Farmac\u00eauticas.<\/p>\n<p><strong>2012<\/strong><br \/>\n&#8211; Cria\u00e7\u00e3o da marca do C\u00e2mpus Cedeteg;<br \/>\n&#8211; Transfer\u00eancia das atividades administrativas e pedag\u00f3gicas dos cursos de Matem\u00e1tica e Ci\u00eancia da Computa\u00e7\u00e3o, do C\u00e2mpus Santa Cruz para o C\u00e2mpus Cedeteg.<\/p>\n<p><strong>2013<\/strong><br \/>\n&#8211; Cria\u00e7\u00e3o da Cl\u00ednica Escola de Nutri\u00e7\u00e3o (Cenut), que j\u00e1 funcionava como ambulat\u00f3rio.<\/p>\n<p><strong>2014<\/strong><br \/>\n&#8211; Cria\u00e7\u00e3o do Doutorado em Agronomia e do Mestrado em Ensino de Ci\u00eancias Naturais e Matem\u00e1tica;<br \/>\n&#8211; Publica\u00e7\u00e3o do Regulamento Geral do C\u00e2mpus Cedeteg, aprovado pela Resolu\u00e7\u00e3o n\u00ba 133-COU\/Unicentro, de 18 de dezembro de 2014.<\/p>\n<p><strong>2015<\/strong><br \/>\n&#8211; Cria\u00e7\u00e3o dos cursos de bacharelado em Ci\u00eancias Biol\u00f3gicas e Matem\u00e1tica Aplicada e Computacional;<br \/>\n&#8211; Cria\u00e7\u00e3o do Mestrado em Ci\u00eancias Veterin\u00e1rias;<br \/>\n&#8211; In\u00edcio das atividades da Cl\u00ednica e Academia Escola de Educa\u00e7\u00e3o F\u00edsica;<br \/>\n&#8211; Publica\u00e7\u00e3o do Plano Diretor do C\u00e2mpus Cedeteg, para o per\u00edodo de 2015 a 2025, aprovado pela Resolu\u00e7\u00e3o n\u00ba 22-COU\/Unicentro, de 31 de agosto de 2015.<br \/>\n&#8211; Assinatura do Termo de Cess\u00e3o de \u00c1rea da Esta\u00e7\u00e3o Experimental do Instituto Agron\u00f4mico do Paran\u00e1 (Iapar), atualmente Instituto de Desenvolvimento Rural do Paran\u00e1 (IDR), em Guarapuava, para a instala\u00e7\u00e3o da Fazenda Escola (Fazesc), do C\u00e2mpus Cedeteg da Unicentro;<br \/>\n&#8211; Assinatura do Protocolo de Inten\u00e7\u00f5es entre o Iapar (atualmente IDR), Unicentro, Prefeitura de Guarapuava, Cooperativa Mista de Guarapuava (Coamig), Sociedade Rural de Guarapuava, Associa\u00e7\u00e3o dos Engenheiros Agr\u00f4nomos de Guarapuava, Associa\u00e7\u00e3o dos Veterin\u00e1rios de Guarapuava, Cooperativa Agr\u00e1ria Agropecu\u00e1ria, Cooperalian\u00e7a e Funda\u00e7\u00e3o Agr\u00e1ria de Pesquisa Agropecu\u00e1ria (Fapa), para coopera\u00e7\u00e3o t\u00e9cnico-cient\u00edfica;<br \/>\n&#8211; Instala\u00e7\u00e3o da Fazenda Escola (Fazesc) na \u00e1rea cedida pelo Iapar, atualmente IDR;<br \/>\n&#8211; Aprova\u00e7\u00e3o do Curso de Especializa\u00e7\u00e3o em Programa de Aprimoramento em Medicina Veterin\u00e1ria;<br \/>\n&#8211; Aprova\u00e7\u00e3o do Curso de Especializa\u00e7\u00e3o em Resid\u00eancia Multiprofissional em Aten\u00e7\u00e3o Prim\u00e1ria, com \u00canfase em Sa\u00fade da Fam\u00edlia.<\/p>\n<p><strong>2016<\/strong><br \/>\n&#8211; Cria\u00e7\u00e3o do Mestrado em Propriedade Intelectual e Transfer\u00eancia de Tecnologia para Inova\u00e7\u00e3o, do Doutorado em Ci\u00eancias Farmac\u00eauticas e do Doutorado em Geografia;<br \/>\n&#8211; A Cevet passou a ser denominada como Cl\u00ednica Escola Veterin\u00e1ria Professor Marcos Vinicius Tranquilim, em homenagem p\u00f3stuma ao docente fundador da unidade;<br \/>\n&#8211; Aprova\u00e7\u00e3o do Programa de Resid\u00eancia M\u00e9dica em Cl\u00ednica M\u00e9dica, na modalidade de P\u00f3s-Gradua\u00e7\u00e3o Lato Sensu.<\/p>\n<p><strong>2018<\/strong><br \/>\n&#8211; Inaugura\u00e7\u00e3o da entrada principal do C\u00e2mpus Cedeteg, no endere\u00e7o Alameda \u00c9lio Antonio Dalla Vecchia, n\u00ba 838, Vila Carli, Guarapuava (PR).<\/p>\n<p><strong>2019<\/strong><br \/>\n&#8211; Cria\u00e7\u00e3o do curso de Medicina &#8211; Bacharelado e do Mestrado em Nanoci\u00eancias e Bioci\u00eancias;<br \/>\n&#8211; Aprova\u00e7\u00e3o do Curso de Especializa\u00e7\u00e3o em Urg\u00eancia e Emerg\u00eancia, na modalidade de resid\u00eancia em \u00e1rea profissional da sa\u00fade.<\/p>\n<p><strong>2021<\/strong><br \/>\n&#8211; In\u00edcio das atividades do Centro de Simula\u00e7\u00e3o Cl\u00ednica em Medicina;<br \/>\n&#8211; Implanta\u00e7\u00e3o da Unidade Escola de Enfermagem e da Sala de Vacinas;<br \/>\n&#8211; Instala\u00e7\u00e3o do Centro de Apoio \u00e0 Fauna Silvestre (Cafs);<br \/>\n&#8211; Cria\u00e7\u00e3o e in\u00edcio das atividades do Complexo Desportivo e Recreativo (CDR);<br \/>\n&#8211; Concess\u00e3o da licen\u00e7a pr\u00e9via ambiental do C\u00e2mpus Cedeteg.<\/p>\n<p><strong>2023<\/strong><br \/>\n&#8211; Implanta\u00e7\u00e3o e in\u00edcio das atividades do Ambulat\u00f3rio de Medicina;<br \/>\n&#8211; Transforma\u00e7\u00e3o do Centro de Apoio \u00e0 Fauna Silvestre (Cafs) em Centro de Triagem e Reabilita\u00e7\u00e3o de Animais Silvestres (Cetras);<br \/>\n&#8211; Credenciamento do C\u00e2mpus Cedeteg como \u00c1rea de Soltura de Animais Silvestres (Asas), junto ao Instituto \u00c1gua e Terra (IAT);<br \/>\n&#8211; Cria\u00e7\u00e3o do Doutorado em Biologia Evolutiva e do Doutorado em Bioenergia;<br \/>\n&#8211; Cria\u00e7\u00e3o do Curso Superior de Tecnologia em Big Data no Agroneg\u00f3cio;<br \/>\n&#8211; Cria\u00e7\u00e3o do Mestrado em Enfermagem em Aten\u00e7\u00e3o Prim\u00e1ria \u00e0 Sa\u00fade.<\/p>\n<p>&nbsp;<\/p>\n","protected":false},"excerpt":{"rendered":"<p>1988 &#8211; Institui\u00e7\u00e3o da Funda\u00e7\u00e3o Educacional de Guarapuava (FEG), com sede e foro na cidade de Guarapuava, Estado do Paran\u00e1, entidade de direito p\u00fablico, tendo co-participa\u00e7\u00e3o da Funda\u00e7\u00e3o Faculdade Estadual de Filosofia, Ci\u00eancias e Letras de Guarapuava; &#8211; Registro do Estatuto da Funda\u00e7\u00e3o Educacional de Guarapuava (FEG). 1997 &#8211; Reconhecimento da Universidade Estadual do Centro-Oeste [&hellip;]<\/p>\n","protected":false},"author":6,"featured_media":0,"parent":0,"menu_order":0,"comment_status":"closed","ping_status":"closed","template":"","meta":{"_exactmetrics_skip_tracking":false,"_exactmetrics_sitenote_active":false,"_exactmetrics_sitenote_note":"","_exactmetrics_sitenote_category":0,"footnotes":"","_links_to":"","_links_to_target":""},"class_list":["post-5358","page","type-page","status-publish","hentry"],"_links":{"self":[{"href":"https:\/\/www3.unicentro.br\/cedeteg\/wp-json\/wp\/v2\/pages\/5358","targetHints":{"allow":["GET"]}}],"collection":[{"href":"https:\/\/www3.unicentro.br\/cedeteg\/wp-json\/wp\/v2\/pages"}],"about":[{"href":"https:\/\/www3.unicentro.br\/cedeteg\/wp-json\/wp\/v2\/types\/page"}],"author":[{"embeddable":true,"href":"https:\/\/www3.unicentro.br\/cedeteg\/wp-json\/wp\/v2\/users\/6"}],"replies":[{"embeddable":true,"href":"https:\/\/www3.unicentro.br\/cedeteg\/wp-json\/wp\/v2\/comments?post=5358"}],"version-history":[{"count":2,"href":"https:\/\/www3.unicentro.br\/cedeteg\/wp-json\/wp\/v2\/pages\/5358\/revisions"}],"predecessor-version":[{"id":5392,"href":"https:\/\/www3.unicentro.br\/cedeteg\/wp-json\/wp\/v2\/pages\/5358\/revisions\/5392"}],"wp:attachment":[{"href":"https:\/\/www3.unicentro.br\/cedeteg\/wp-json\/wp\/v2\/media?parent=5358"}],"curies":[{"name":"wp","href":"https:\/\/api.w.org\/{rel}","templated":true}]}}