{"id":51,"date":"2020-09-01T16:43:46","date_gmt":"2020-09-01T19:43:46","guid":{"rendered":"https:\/\/www3.unicentro.br\/cedeteg\/?page_id=51"},"modified":"2025-07-11T16:49:25","modified_gmt":"2025-07-11T19:49:25","slug":"regulamentos-e-formularios","status":"publish","type":"page","link":"https:\/\/www3.unicentro.br\/cedeteg\/regulamentos-e-formularios\/","title":{"rendered":"Regulamentos e Formul\u00e1rios"},"content":{"rendered":"<div class=\"wpb-content-wrapper\"><p>[vc_row][vc_column][vc_column_text css=&#8221;&#8221;]<\/p>\n<ul>\n<li><span style=\"color: #800000\"><a style=\"color: #800000\" href=\"https:\/\/www3.unicentro.br\/cedeteg\/wp-content\/uploads\/sites\/91\/2020\/10\/Regulamento-do-Campus-Cedeteg.pdf\" target=\"_blank\" rel=\"noopener noreferrer\">Regulamento do C\u00e2mpus<\/a><\/span><\/li>\n<li><span style=\"color: #800000\"><a style=\"color: #800000\" href=\"https:\/\/www3.unicentro.br\/cedeteg\/wp-content\/uploads\/sites\/91\/2020\/10\/Normas-de-utilizacao-dos-laboratorios-Campus-Cedeteg.pdf\" target=\"_blank\" rel=\"noopener noreferrer\">Normas para utiliza\u00e7\u00e3o dos laborat\u00f3rios<\/a><\/span><\/li>\n<li><span style=\"color: #800000\"><a style=\"color: #800000\" href=\"https:\/\/www3.unicentro.br\/cedeteg\/wp-content\/uploads\/sites\/91\/2020\/10\/Manual-de-Uso-dos-Laboratorios-do-Campus-Cedeteg.pdf\" target=\"_blank\" rel=\"noopener noreferrer\">Manual para uso dos laborat\u00f3rios<\/a><\/span><\/li>\n<li><span style=\"color: #800000\"><a style=\"color: #800000\" href=\"https:\/\/www3.unicentro.br\/cedeteg\/wp-content\/uploads\/sites\/91\/2020\/10\/Plano-Diretor-do-Campus-Cedeteg-periodo-de-2015-a-2025.pdf\" target=\"_blank\" rel=\"noopener noreferrer\">Plano Diretor do C\u00e2mpus Cedeteg \u2013 per\u00edodo de 2015 a 2025<\/a><\/span><\/li>\n<li><span style=\"color: #800000\"><a style=\"color: #800000\" href=\"https:\/\/sgu.unicentro.br\/pcatooficiais\/imprimir\/BA579A86\" target=\"_blank\" rel=\"noopener\">Plano de Gerenciamento de Res\u00edduos do C\u00e2mpus Cedeteg<\/a><\/span><\/li>\n<li><span style=\"color: #800000\"><a style=\"color: #800000\" href=\"https:\/\/www3.unicentro.br\/proen\/seguro\/\" target=\"_blank\" rel=\"noopener noreferrer\">Seguro para alunos de gradua\u00e7\u00e3<span style=\"color: #800000\">o<\/span><\/a> (<a style=\"color: #800000\" href=\"https:\/\/www3.unicentro.br\/cedeteg\/wp-content\/uploads\/sites\/91\/2020\/10\/Seguro-alunos-de-graduacao.pdf\" target=\"_blank\" rel=\"noopener\">Resolu\u00e7\u00e3o 12\/2011<\/a>)<\/span><\/li>\n<li><span style=\"color: #800000\"><a style=\"color: #800000\" href=\"https:\/\/www3.unicentro.br\/cedeteg\/wp-content\/uploads\/sites\/91\/2020\/10\/Resolucao-07-2017-CADCAM-C_Normativa-para-solicitacao-de-espacos-fisicos.pdf\" target=\"_blank\" rel=\"noopener noreferrer\">Normativa sobre a solicita\u00e7\u00e3o permanente de espa\u00e7os f\u00edsicos<\/a><\/span><\/li>\n<li><span style=\"color: #800000\"><a style=\"color: #800000\" href=\"https:\/\/www3.unicentro.br\/cedeteg\/wp-content\/uploads\/sites\/91\/2020\/10\/Solicitacao-de-espaco-fisico-ja-disponivel-no-Campus-Cedeteg.pdf\" target=\"_blank\" rel=\"noopener noreferrer\">Formul\u00e1rio para solicita\u00e7\u00e3o permanente de espa\u00e7os f\u00edsicos<\/a><\/span><\/li>\n<li><span style=\"color: #800000\"><a style=\"color: #800000\" href=\"https:\/\/www3.unicentro.br\/cedeteg\/wp-content\/uploads\/sites\/91\/2020\/10\/Solicitacao-de-estudo-para-obras-e-reformas-para-a-DIREA-PROPLAN.pdf\" target=\"_blank\" rel=\"noopener noreferrer\">Formul\u00e1rio para solicita\u00e7\u00e3o de estudo\/projeto para obras ou reformas<\/a><\/span><\/li>\n<li><span style=\"color: #800000\"><a style=\"color: #800000\" href=\"https:\/\/www3.unicentro.br\/cedeteg\/wp-content\/uploads\/sites\/91\/2025\/06\/Resolucao-4-2025-CADCAM-C_normas-para-recebimento-e-entrega-de-correspondencias-e-encomendas.pdf\" target=\"_blank\" rel=\"noopener\">Normas para o recebimento de correspond\u00eancias e encomendas no C\u00e2mpus Cedeteg &#8211; (Resolu\u00e7\u00e3o 4\/2025 &#8211; Cadcam\/C)<\/a><br \/>\n<\/span><\/li>\n<li><span style=\"color: #800000\"><a style=\"color: #800000\" href=\"https:\/\/www3.unicentro.br\/cedeteg\/wp-content\/uploads\/sites\/91\/2021\/10\/Instrucao-Normativa-2-12_almoxarifado.pdf\" target=\"_blank\" rel=\"noopener\">Normativa para solicita\u00e7\u00e3o e retirada de materiais do almoxarifado<\/a><\/span><\/li>\n<li><span style=\"color: #800000\"><a style=\"color: #800000\" href=\"https:\/\/www3.unicentro.br\/cedeteg\/wp-content\/uploads\/sites\/91\/2021\/10\/Instrucao-Normativa-4-12_embalagens-de-agrotoxicos.pdf\" target=\"_blank\" rel=\"noopener\">Normativa para uso de agrot\u00f3xicos e afins e o destino final dos res\u00edduos e embalagens<\/a><\/span><\/li>\n<li><span style=\"color: #800000\"><a style=\"color: #800000\" href=\"https:\/\/www3.unicentro.br\/cedeteg\/wp-content\/uploads\/sites\/91\/2021\/10\/Instrucao-Normativa-3-12_descarte-de-residuos.pdf\" target=\"_blank\" rel=\"noopener\">Normativa para descarte de res\u00edduos qu\u00edmicos e de servi\u00e7os de sa\u00fade dos laborat\u00f3rios e cl\u00ednicas<\/a><\/span><\/li>\n<li><span style=\"color: #800000\"><a style=\"color: #800000\" href=\"https:\/\/www3.unicentro.br\/cedeteg\/wp-content\/uploads\/sites\/91\/2025\/07\/Plano-de-Manejo-do-Lago-Maior-do-Campus-Cedeteg-Unicentro.pdf\" target=\"_blank\" rel=\"noopener\">Plano de Gest\u00e3o do Lago Maior do C\u00e2mpus Cedeteg<\/a><\/span><\/li>\n<\/ul>\n<p>[\/vc_column_text][\/vc_column][\/vc_row]<\/p>\n<\/div>","protected":false},"excerpt":{"rendered":"<p>[vc_row][vc_column][vc_column_text css=&#8221;&#8221;] Regulamento do C\u00e2mpus Normas para utiliza\u00e7\u00e3o dos laborat\u00f3rios Manual para uso dos laborat\u00f3rios Plano Diretor do C\u00e2mpus Cedeteg \u2013 per\u00edodo de 2015 a 2025 Plano de Gerenciamento de Res\u00edduos do C\u00e2mpus Cedeteg Seguro para alunos de gradua\u00e7\u00e3o (Resolu\u00e7\u00e3o 12\/2011) Normativa sobre a solicita\u00e7\u00e3o permanente de espa\u00e7os f\u00edsicos Formul\u00e1rio para solicita\u00e7\u00e3o permanente de espa\u00e7os [&hellip;]<\/p>\n","protected":false},"author":3,"featured_media":0,"parent":0,"menu_order":0,"comment_status":"closed","ping_status":"closed","template":"","meta":{"_exactmetrics_skip_tracking":false,"_exactmetrics_sitenote_active":false,"_exactmetrics_sitenote_note":"","_exactmetrics_sitenote_category":0,"footnotes":"","_links_to":"","_links_to_target":""},"class_list":["post-51","page","type-page","status-publish","hentry"],"_links":{"self":[{"href":"https:\/\/www3.unicentro.br\/cedeteg\/wp-json\/wp\/v2\/pages\/51","targetHints":{"allow":["GET"]}}],"collection":[{"href":"https:\/\/www3.unicentro.br\/cedeteg\/wp-json\/wp\/v2\/pages"}],"about":[{"href":"https:\/\/www3.unicentro.br\/cedeteg\/wp-json\/wp\/v2\/types\/page"}],"author":[{"embeddable":true,"href":"https:\/\/www3.unicentro.br\/cedeteg\/wp-json\/wp\/v2\/users\/3"}],"replies":[{"embeddable":true,"href":"https:\/\/www3.unicentro.br\/cedeteg\/wp-json\/wp\/v2\/comments?post=51"}],"version-history":[{"count":2,"href":"https:\/\/www3.unicentro.br\/cedeteg\/wp-json\/wp\/v2\/pages\/51\/revisions"}],"predecessor-version":[{"id":6394,"href":"https:\/\/www3.unicentro.br\/cedeteg\/wp-json\/wp\/v2\/pages\/51\/revisions\/6394"}],"wp:attachment":[{"href":"https:\/\/www3.unicentro.br\/cedeteg\/wp-json\/wp\/v2\/media?parent=51"}],"curies":[{"name":"wp","href":"https:\/\/api.w.org\/{rel}","templated":true}]}}