{"id":45,"date":"2020-09-01T16:24:10","date_gmt":"2020-09-01T19:24:10","guid":{"rendered":"https:\/\/www3.unicentro.br\/cedeteg\/?page_id=45"},"modified":"2025-07-03T17:02:25","modified_gmt":"2025-07-03T20:02:25","slug":"formaturas","status":"publish","type":"page","link":"https:\/\/www3.unicentro.br\/cedeteg\/formaturas\/","title":{"rendered":"Cola\u00e7\u00f5es de Grau"},"content":{"rendered":"<div class=\"wpb-content-wrapper\"><p>[vc_row][vc_column][vc_column_text css=&#8221;&#8221;]<\/p>\n<ul>\n<li><a href=\"https:\/\/www3.unicentro.br\/cedeteg\/wp-content\/uploads\/sites\/91\/2025\/03\/Resolucao-28-2024-COU-Regulamento-das-Colacoes-de-Grau-da-Unicentro.pdf\" target=\"_blank\" rel=\"noopener\"><strong><span style=\"color: #808000\">Regulamento de Cola\u00e7\u00f5es de Grau da Unicentro<\/span><\/strong><\/a><\/li>\n<li><strong><span style=\"color: #808000\"><a style=\"color: #808000\" href=\"https:\/\/www3.unicentro.br\/cedeteg\/wp-content\/uploads\/sites\/91\/2025\/03\/Requisitos-Minimos-para-a-Sessao-Solene-e-Publica-de-Colacao-de-Grau-Setorial.pdf\" target=\"_blank\" rel=\"noopener\">Requisitos M\u00ednimos para a Sess\u00e3o Solene e P\u00fablica de Cola\u00e7\u00e3o de Grau Setorial<\/a><\/span><\/strong><\/li>\n<li><span style=\"color: #808000\"><strong><a style=\"color: #808000\" href=\"https:\/\/www3.unicentro.br\/cedeteg\/wp-content\/uploads\/sites\/91\/2025\/04\/Carta-Convite-Proposta-Comercial-Colacoes-de-Grau-Setorial-2025-Campus-Cedeteg.pdf\" target=\"_blank\" rel=\"noopener\">Carta Convite para Proposta Comercial &#8211; Cola\u00e7\u00f5es de Grau Setorial 2025 &#8211; C\u00e2mpus Cedeteg<\/a><\/strong><\/span><\/li>\n<li><span style=\"color: #808000\"><strong><a style=\"color: #808000\" href=\"https:\/\/www3.unicentro.br\/cedeteg\/wp-content\/uploads\/sites\/91\/2025\/04\/Portaria-7-2025-DIRCAMP-Comissao-de-Representantes-dos-Formandos-2025.pdf\" target=\"_blank\" rel=\"noopener\">Portaria 7-2025\/Dircamp &#8211; Comiss\u00e3o de Representantes dos Formandos 2025<\/a><\/strong><\/span><\/li>\n<li><span style=\"color: #808000\"><strong><a style=\"color: #808000\" href=\"https:\/\/www3.unicentro.br\/cedeteg\/wp-content\/uploads\/sites\/91\/2025\/07\/Memorando-Circular-Conjunto-1-2025-GR-DIRCAMP-C-outorga-de-grau.pdf\" target=\"_blank\" rel=\"noopener\">Memorando Circular Conjunto n\u00ba 1-GR-Dircamp\/Unicentro<\/a><\/strong><\/span><\/li>\n<\/ul>\n<p><strong>Atas 2025:<\/strong><\/p>\n<ul>\n<li><strong><span style=\"color: #808000\"><a style=\"color: #808000\" href=\"https:\/\/www3.unicentro.br\/cedeteg\/wp-content\/uploads\/sites\/91\/2025\/04\/ATA-RELATORIO-DE-REUNIAO-No1.pdf\" target=\"_blank\" rel=\"noopener\">Relat\u00f3rio de reuni\u00e3o n\u00ba1<\/a><\/span><\/strong><\/li>\n<li><span style=\"color: #808000\"><strong><a style=\"color: #808000\" href=\"https:\/\/www3.unicentro.br\/cedeteg\/wp-content\/uploads\/sites\/91\/2025\/04\/ATA-DE-RECEBIMENTO-DAS-PROPOSTAS-COMERCIAIS.pdf\" target=\"_blank\" rel=\"noopener\">Ata de recebimento das propostas comerciais<\/a><\/strong><\/span><\/li>\n<li><span style=\"color: #808000\"><strong><a style=\"color: #808000\" href=\"https:\/\/www3.unicentro.br\/cedeteg\/wp-content\/uploads\/sites\/91\/2025\/04\/ATA-DE-APURACAO-DE-VOTOS.pdf\" target=\"_blank\" rel=\"noopener\">Ata de apura\u00e7\u00e3o de votos<\/a><\/strong><\/span><\/li>\n<\/ul>\n<p>&nbsp;<\/p>\n<p>&nbsp;<\/p>\n<div><b>Informa\u00e7\u00f5es adicionais:<\/b><\/div>\n<div>Dire\u00e7\u00e3o-Geral do\u00a0C\u00e2mpus\u00a0Cedeteg<\/div>\n<div>E-mail:\u00a0<a href=\"mailto:dircampcedeteg@unicentro.br\" target=\"_blank\" rel=\"noopener\">dircampcedeteg@unicentro.br<\/a><\/div>\n<div>Telefone: 42 3629-8185<\/div>\n<p>[\/vc_column_text][\/vc_column][\/vc_row]<\/p>\n<\/div>","protected":false},"excerpt":{"rendered":"<p>[vc_row][vc_column][vc_column_text css=&#8221;&#8221;] Regulamento de Cola\u00e7\u00f5es de Grau da Unicentro Requisitos M\u00ednimos para a Sess\u00e3o Solene e P\u00fablica de Cola\u00e7\u00e3o de Grau Setorial Carta Convite para Proposta Comercial &#8211; Cola\u00e7\u00f5es de Grau Setorial 2025 &#8211; C\u00e2mpus Cedeteg Portaria 7-2025\/Dircamp &#8211; Comiss\u00e3o de Representantes dos Formandos 2025 Memorando Circular Conjunto n\u00ba 1-GR-Dircamp\/Unicentro Atas 2025: Relat\u00f3rio de reuni\u00e3o [&hellip;]<\/p>\n","protected":false},"author":3,"featured_media":0,"parent":0,"menu_order":0,"comment_status":"closed","ping_status":"closed","template":"","meta":{"_exactmetrics_skip_tracking":false,"_exactmetrics_sitenote_active":false,"_exactmetrics_sitenote_note":"","_exactmetrics_sitenote_category":0,"footnotes":"","_links_to":"","_links_to_target":""},"class_list":["post-45","page","type-page","status-publish","hentry"],"_links":{"self":[{"href":"https:\/\/www3.unicentro.br\/cedeteg\/wp-json\/wp\/v2\/pages\/45","targetHints":{"allow":["GET"]}}],"collection":[{"href":"https:\/\/www3.unicentro.br\/cedeteg\/wp-json\/wp\/v2\/pages"}],"about":[{"href":"https:\/\/www3.unicentro.br\/cedeteg\/wp-json\/wp\/v2\/types\/page"}],"author":[{"embeddable":true,"href":"https:\/\/www3.unicentro.br\/cedeteg\/wp-json\/wp\/v2\/users\/3"}],"replies":[{"embeddable":true,"href":"https:\/\/www3.unicentro.br\/cedeteg\/wp-json\/wp\/v2\/comments?post=45"}],"version-history":[{"count":1,"href":"https:\/\/www3.unicentro.br\/cedeteg\/wp-json\/wp\/v2\/pages\/45\/revisions"}],"predecessor-version":[{"id":6363,"href":"https:\/\/www3.unicentro.br\/cedeteg\/wp-json\/wp\/v2\/pages\/45\/revisions\/6363"}],"wp:attachment":[{"href":"https:\/\/www3.unicentro.br\/cedeteg\/wp-json\/wp\/v2\/media?parent=45"}],"curies":[{"name":"wp","href":"https:\/\/api.w.org\/{rel}","templated":true}]}}