{"id":41,"date":"2020-09-01T16:23:20","date_gmt":"2020-09-01T19:23:20","guid":{"rendered":"https:\/\/www3.unicentro.br\/cedeteg\/?page_id=41"},"modified":"2026-04-07T10:19:35","modified_gmt":"2026-04-07T13:19:35","slug":"ensalamento","status":"publish","type":"page","link":"https:\/\/www3.unicentro.br\/cedeteg\/ensalamento\/","title":{"rendered":"Ensalamento"},"content":{"rendered":"<div class=\"wpb-content-wrapper\"><p>[vc_row][vc_column][vc_column_text css=&#8221;&#8221;]<\/p>\n<h2><b>Ensalamento dos cursos de gradua\u00e7\u00e3o do C\u00e2mpus Cedeteg<\/b><\/h2>\n<table style=\"height: 139px;width: 100.606%;border-collapse: collapse;background-color: #cc2d2d\">\n<tbody>\n<tr style=\"height: 133px\">\n<td style=\"width: 100%;height: 133px\"><span style=\"color: #ffffff\"><strong>Aten\u00e7\u00e3o, acad\u00eamico!<\/strong><\/span><\/p>\n<p><span style=\"color: #ffffff\">Para obter informa\u00e7\u00f5es sobre os laborat\u00f3rios n\u00e3o especificados, materiais e vestimentas individuais necess\u00e1rias para a participa\u00e7\u00e3o nas aulas pr\u00e1ticas, procure a chefia do departamento pedag\u00f3gico do seu curso e\/ou o professor da disciplina.<\/span><\/td>\n<\/tr>\n<\/tbody>\n<\/table>\n<p>&nbsp;<\/p>\n<p><b>Hor\u00e1rios:<\/b><\/p>\n<ul>\n<li style=\"font-weight: 400\"><a href=\"https:\/\/www3.unicentro.br\/cedeteg\/wp-content\/uploads\/sites\/91\/2026\/04\/AGRONOMIA-1-Sem-2026-7.pdf\" target=\"_blank\" rel=\"noopener\"><b>Agronomia<\/b><\/a><\/li>\n<li><a href=\"https:\/\/www3.unicentro.br\/cedeteg\/wp-content\/uploads\/sites\/91\/2026\/02\/CELULOSE-E-PAPEL-1-Sem-2026.pdf\" target=\"_blank\" rel=\"noopener\"><strong>Celulose e Papel<\/strong><\/a><\/li>\n<li style=\"font-weight: 400\"><a href=\"https:\/\/www3.unicentro.br\/cedeteg\/wp-content\/uploads\/sites\/91\/2026\/03\/BIG-DATA-NO-AGRONEGOCIO-1-Sem-2026-7.pdf\" target=\"_blank\" rel=\"noopener\"><b>Big Data no Agroneg\u00f3cio<\/b><\/a><\/li>\n<li style=\"font-weight: 400\"><a href=\"https:\/\/www3.unicentro.br\/cedeteg\/wp-content\/uploads\/sites\/91\/2026\/02\/CIENCIAS-BIOLOGICAS-BACHARELADO-1-Sem-2026.pdf\" target=\"_blank\" rel=\"noopener\"><b>Ci\u00eancias Biol\u00f3gicas &#8211; Bacharelado<\/b><\/a><\/li>\n<li style=\"font-weight: 400\"><a href=\"https:\/\/www3.unicentro.br\/cedeteg\/wp-content\/uploads\/sites\/91\/2026\/02\/CIENCIAS-BIOLOGICAS-LICENCIATURA-1-Sem-2026.pdf\" target=\"_blank\" rel=\"noopener\"><b>Ci\u00eancias Biol\u00f3gicas &#8211; Licenciatura<\/b><\/a><\/li>\n<li style=\"font-weight: 400\"><a href=\"https:\/\/www3.unicentro.br\/cedeteg\/wp-content\/uploads\/sites\/91\/2026\/03\/CIENCIA-DA-COMPUTACAO-1-Sem-2026-4.pdf\" target=\"_blank\" rel=\"noopener\"><b>Ci\u00eancia da Computa\u00e7\u00e3o<\/b><\/a><\/li>\n<li style=\"font-weight: 400\"><a href=\"https:\/\/www3.unicentro.br\/cedeteg\/wp-content\/uploads\/sites\/91\/2026\/04\/EDUCACAO-FISICA-1-Sem-2026-5.pdf\" target=\"_blank\" rel=\"noopener\"><b>Educa\u00e7\u00e3o F\u00edsica<\/b><\/a><\/li>\n<li style=\"font-weight: 400\"><a href=\"https:\/\/www3.unicentro.br\/cedeteg\/wp-content\/uploads\/sites\/91\/2026\/02\/ENFERMAGEM-1-Sem-2026.pdf\" target=\"_blank\" rel=\"noopener\"><b>Enfermagem<\/b><\/a><\/li>\n<li><a href=\"https:\/\/www3.unicentro.br\/cedeteg\/wp-content\/uploads\/sites\/91\/2026\/03\/ENGENHARIA-DE-ALIMENTOS-1-Sem-2026-1.pdf\" target=\"_blank\" rel=\"noopener\"><strong>Engenharia de Alimentos<\/strong><\/a><\/li>\n<li style=\"font-weight: 400\"><a href=\"https:\/\/www3.unicentro.br\/cedeteg\/wp-content\/uploads\/sites\/91\/2026\/03\/FARMACIA-1-Sem-2026-5.pdf\" target=\"_blank\" rel=\"noopener\"><b>Farm\u00e1cia<\/b><\/a><\/li>\n<li style=\"font-weight: 400\"><a href=\"https:\/\/www3.unicentro.br\/cedeteg\/wp-content\/uploads\/sites\/91\/2026\/02\/FISICA-1-Sem-2026.pdf\" target=\"_blank\" rel=\"noopener\"><b>F\u00edsica<\/b><\/a><\/li>\n<li style=\"font-weight: 400\"><a href=\"https:\/\/www3.unicentro.br\/cedeteg\/wp-content\/uploads\/sites\/91\/2026\/03\/FISIOTERAPIA-1-Sem-2026.pdf\" target=\"_blank\" rel=\"noopener\"><b>Fisioterapia<\/b><\/a><\/li>\n<li style=\"font-weight: 400\"><a href=\"https:\/\/www3.unicentro.br\/cedeteg\/wp-content\/uploads\/sites\/91\/2026\/02\/GEOGRAFIA-BACHARELADO-1-Sem-2026.pdf\" target=\"_blank\" rel=\"noopener\"><b>Geografia &#8211; Bacharelado<\/b><\/a><\/li>\n<li style=\"font-weight: 400\"><a href=\"https:\/\/www3.unicentro.br\/cedeteg\/wp-content\/uploads\/sites\/91\/2026\/02\/GEOGRAFIA-LICENCIATURA-1-Sem-2026.pdf\" target=\"_blank\" rel=\"noopener\"><b>Geografia &#8211; Licenciatura<\/b><\/a><\/li>\n<li style=\"font-weight: 400\"><a href=\"https:\/\/www3.unicentro.br\/cedeteg\/wp-content\/uploads\/sites\/91\/2026\/03\/MATEMATICA-LICENCIATURA-1-Sem-2026-2.pdf\" target=\"_blank\" rel=\"noopener\"><b>Matem\u00e1tica<\/b><\/a><\/li>\n<li style=\"font-weight: 400\"><a href=\"https:\/\/www3.unicentro.br\/cedeteg\/wp-content\/uploads\/sites\/91\/2026\/03\/MATEMATICA-APLICADA-E-COMPUTACIONAL-1-Sem-2026-4.pdf\" target=\"_blank\" rel=\"noopener\"><b>Matem\u00e1tica Aplicada e Computacional<\/b><\/a><\/li>\n<li style=\"font-weight: 400\"><a href=\"https:\/\/www3.unicentro.br\/cedeteg\/wp-content\/uploads\/sites\/91\/2026\/03\/MEDICINA-1-Sem-2026-4.pdf\" target=\"_blank\" rel=\"noopener\"><b>Medicina<\/b><\/a><\/li>\n<li style=\"font-weight: 400\"><a href=\"https:\/\/www3.unicentro.br\/cedeteg\/wp-content\/uploads\/sites\/91\/2026\/03\/MEDICINA-VETERINARIA-1-Sem-2026-4.pdf\" target=\"_blank\" rel=\"noopener\"><b>Medicina Veterin\u00e1ria<\/b><\/a><\/li>\n<li style=\"font-weight: 400\"><a href=\"https:\/\/www3.unicentro.br\/cedeteg\/wp-content\/uploads\/sites\/91\/2026\/04\/NUTRICAO-1-Sem-2026-5.pdf\" target=\"_blank\" rel=\"noopener\"><b>Nutri\u00e7\u00e3o<\/b><\/a><\/li>\n<li style=\"font-weight: 400\"><a href=\"https:\/\/www3.unicentro.br\/cedeteg\/wp-content\/uploads\/sites\/91\/2026\/03\/QUIMICA-BACHARELADO-1-Sem-2026-1.pdf\" target=\"_blank\" rel=\"noopener\"><b>Qu\u00edmica &#8211; Bacharelado<\/b><\/a><\/li>\n<li style=\"font-weight: 400\"><a href=\"https:\/\/www3.unicentro.br\/cedeteg\/wp-content\/uploads\/sites\/91\/2026\/02\/QUIMICA-LICENCIATURA-1-Sem-2026.pdf\" target=\"_blank\" rel=\"noopener\"><b>Qu\u00edmica &#8211; Licenciatura<\/b><\/a><\/li>\n<\/ul>\n<div><\/div>\n<p><img loading=\"lazy\" decoding=\"async\" class=\"wpa-warning wpa-image-missing-alt alignright wp-image-6076\" src=\"https:\/\/www3.unicentro.br\/cedeteg\/wp-content\/uploads\/sites\/91\/2025\/03\/Orientacoes-Professor-Salas-de-Aula-Campus-Cedeteg-212x300.jpg\" alt=\"\" width=\"500\" height=\"708\" data-warning=\"Missing alt text\" srcset=\"https:\/\/www3.unicentro.br\/cedeteg\/wp-content\/uploads\/sites\/91\/2025\/03\/Orientacoes-Professor-Salas-de-Aula-Campus-Cedeteg-212x300.jpg 212w, https:\/\/www3.unicentro.br\/cedeteg\/wp-content\/uploads\/sites\/91\/2025\/03\/Orientacoes-Professor-Salas-de-Aula-Campus-Cedeteg-724x1024.jpg 724w, https:\/\/www3.unicentro.br\/cedeteg\/wp-content\/uploads\/sites\/91\/2025\/03\/Orientacoes-Professor-Salas-de-Aula-Campus-Cedeteg-768x1087.jpg 768w, https:\/\/www3.unicentro.br\/cedeteg\/wp-content\/uploads\/sites\/91\/2025\/03\/Orientacoes-Professor-Salas-de-Aula-Campus-Cedeteg-255x361.jpg 255w, https:\/\/www3.unicentro.br\/cedeteg\/wp-content\/uploads\/sites\/91\/2025\/03\/Orientacoes-Professor-Salas-de-Aula-Campus-Cedeteg.jpg 848w\" sizes=\"auto, (max-width: 500px) 100vw, 500px\" \/><\/p>\n<p>&nbsp;<\/p>\n<p><span style=\"color: #800000\"><a style=\"color: #800000\" href=\"https:\/\/www3.unicentro.br\/cedeteg\/wp-content\/uploads\/sites\/91\/2026\/02\/1.-Cursos-de-Graduacao-do-Campus-Cedeteg-2026.pdf\" target=\"_blank\" rel=\"noopener\">\u27a6 Cursos de gradua\u00e7\u00e3o do C\u00e2mpus Cedeteg<\/a><\/span><\/p>\n<p><span style=\"color: #800000\"><a style=\"color: #800000\" href=\"https:\/\/www3.unicentro.br\/cedeteg\/wp-content\/uploads\/sites\/91\/2026\/03\/2.-Salas-de-Aula-do-Campus-Cedeteg-2026.pdf\" target=\"_blank\" rel=\"noopener\">\u27a6 Salas de aulas dos blocos did\u00e1ticos do C\u00e2mpus Cedeteg<\/a><\/span><\/p>\n<p>&nbsp;<\/p>\n<p>&nbsp;<\/p>\n<p>&nbsp;<\/p>\n<p style=\"text-align: center\">Dire\u00e7\u00e3o-Geral C\u00e2mpus Cedeteg \u2013 Dircamp\/C<br \/>\ndircampcedeteg@gmail.com<\/p>\n<p>[\/vc_column_text][\/vc_column][\/vc_row]<\/p>\n<\/div>","protected":false},"excerpt":{"rendered":"<p>[vc_row][vc_column][vc_column_text css=&#8221;&#8221;] Ensalamento dos cursos de gradua\u00e7\u00e3o do C\u00e2mpus Cedeteg Aten\u00e7\u00e3o, acad\u00eamico! Para obter informa\u00e7\u00f5es sobre os laborat\u00f3rios n\u00e3o especificados, materiais e vestimentas individuais necess\u00e1rias para a participa\u00e7\u00e3o nas aulas pr\u00e1ticas, procure a chefia do departamento pedag\u00f3gico do seu curso e\/ou o professor da disciplina. &nbsp; Hor\u00e1rios: Agronomia Celulose e Papel Big Data no Agroneg\u00f3cio [&hellip;]<\/p>\n","protected":false},"author":3,"featured_media":0,"parent":0,"menu_order":0,"comment_status":"closed","ping_status":"closed","template":"","meta":{"_exactmetrics_skip_tracking":false,"_exactmetrics_sitenote_active":false,"_exactmetrics_sitenote_note":"","_exactmetrics_sitenote_category":0,"footnotes":"","_links_to":"","_links_to_target":""},"class_list":["post-41","page","type-page","status-publish","hentry"],"_links":{"self":[{"href":"https:\/\/www3.unicentro.br\/cedeteg\/wp-json\/wp\/v2\/pages\/41","targetHints":{"allow":["GET"]}}],"collection":[{"href":"https:\/\/www3.unicentro.br\/cedeteg\/wp-json\/wp\/v2\/pages"}],"about":[{"href":"https:\/\/www3.unicentro.br\/cedeteg\/wp-json\/wp\/v2\/types\/page"}],"author":[{"embeddable":true,"href":"https:\/\/www3.unicentro.br\/cedeteg\/wp-json\/wp\/v2\/users\/3"}],"replies":[{"embeddable":true,"href":"https:\/\/www3.unicentro.br\/cedeteg\/wp-json\/wp\/v2\/comments?post=41"}],"version-history":[{"count":4,"href":"https:\/\/www3.unicentro.br\/cedeteg\/wp-json\/wp\/v2\/pages\/41\/revisions"}],"predecessor-version":[{"id":7024,"href":"https:\/\/www3.unicentro.br\/cedeteg\/wp-json\/wp\/v2\/pages\/41\/revisions\/7024"}],"wp:attachment":[{"href":"https:\/\/www3.unicentro.br\/cedeteg\/wp-json\/wp\/v2\/media?parent=41"}],"curies":[{"name":"wp","href":"https:\/\/api.w.org\/{rel}","templated":true}]}}