{"id":35,"date":"2020-09-01T16:22:04","date_gmt":"2020-09-01T19:22:04","guid":{"rendered":"https:\/\/www3.unicentro.br\/cedeteg\/?page_id=35"},"modified":"2025-08-04T15:37:05","modified_gmt":"2025-08-04T18:37:05","slug":"setores-e-cargos","status":"publish","type":"page","link":"https:\/\/www3.unicentro.br\/cedeteg\/sobre-o-campus\/setores-e-cargos\/","title":{"rendered":"Estrutura Administrativa"},"content":{"rendered":"<div class=\"wpb-content-wrapper\"><p>[vc_row][vc_column][vc_column_text css=&#8221;&#8221;]<\/p>\n<h2>Dire\u00e7\u00e3o-Geral do C\u00e2mpus Cedeteg<\/h2>\n<p>&nbsp;<\/p>\n<p><strong>Diretor-Geral do C\u00e2mpus Cedeteg:<\/strong> Ricardo Yoshimitsu Miyahara<br \/>\nRamais: 8102 e 8185<br \/>\nE-mail: rmiyahara@unicentro.br<\/p>\n<p><strong>Vice-Diretora-Geral do C\u00e2mpus Cedeteg:<\/strong> Aline Marques Gen\u00fa<br \/>\nRamais: 8102 e 8185<br \/>\nE-mail: agenu@unicentro.br<\/p>\n<p><strong>Secretaria-Geral do C\u00e2mpus Cedeteg<\/strong><br \/>\nSuellen de F\u00e1tima Egiert<br \/>\nM\u00e1rcia Regina de Almeida Zinco<br \/>\nBrenda Belo de Cristo<br \/>\nWinicius Koop<br \/>\nRamais: 8102, 8103 e 8185<br \/>\nE-mail: dircampcedeteg@unicentro.br<\/p>\n<p><strong>Coordena\u00e7\u00e3o de Servi\u00e7os Gerais e Manuten\u00e7\u00e3o<\/strong><br \/>\nReginaldo Alves da Rocha<br \/>\nLeandro Rafael de Abreu<br \/>\nLucas Bussolotto<br \/>\nRamal: 8163, 8106<br \/>\nE-mail: rrocha@unicentro.br<\/p>\n<p><strong>Assessoria de Servi\u00e7os Gerais e Manuten\u00e7\u00e3o<\/strong><br \/>\nAldo Jos\u00e9 Gheno<br \/>\nE-mail: aldogheno@hotmail.com<\/p>\n<p><strong>Coordena\u00e7\u00e3o de Controle e Execu\u00e7\u00e3o Financeira<\/strong><br \/>\nFranciane Aparecida Siqueira Santos<br \/>\nRamal: 8334<br \/>\nE-mail: franciane@unicentro.br<\/p>\n<p><strong>Divis\u00e3o do Almoxarifado Central<\/strong><br \/>\nGeraldo Jos\u00e9 Polanski<br \/>\nRamal: 8171<br \/>\nE-mail: gpolanski@unicentro.br<\/p>\n<p><strong>Divis\u00e3o de Manuten\u00e7\u00e3o de Equipamentos El\u00e9tricos<\/strong><br \/>\nGilberto Jos\u00e9 Fagundes<br \/>\nMarcos Antonio Domingues<br \/>\nRamal: 8269<br \/>\nE-mail: madomingues@unicentro.br<\/p>\n<p><strong>Coordena\u00e7\u00e3o dos Laborat\u00f3rios Multiusu\u00e1rios (CCMN)<\/strong><br \/>\nMiguel Kalwa<br \/>\nRamal: 8184<br \/>\nEmail: mkalwa@unicentro.br<\/p>\n<p><strong>Coordena\u00e7\u00e3o Administrativa da Cl\u00ednica Escola de Nutri\u00e7\u00e3o:<\/strong> Renata L\u00e9ia Dem\u00e1rio Vieira<br \/>\nRamal: 8133<br \/>\nE-mail: rdemario@unicentro.br<\/p>\n<p><strong>Coordena\u00e7\u00e3o Administrativa da Cl\u00ednica Escola de Fisioterapia:<\/strong> Christiane Riedi Daniel<br \/>\nRamais: 8353 e 8138<br \/>\nE-mail: criedi@unicentro.br<\/p>\n<p><strong>Coordena\u00e7\u00e3o Administrativa da Farm\u00e1cia e Laborat\u00f3rio Escola:<\/strong> Marcos Ereno Auler<br \/>\nRamais: 8149 e 8340<br \/>\nE-mail: auler@unicentro.br<\/p>\n<p><strong>Coordena\u00e7\u00e3o Administrativa da Unidade Escola de Enfermagem e Sala de Vacinas:<\/strong>\u00a0Alexandra Bittencourt Madureira<br \/>\nRamal: 8187<br \/>\nE-mail: amadureira@unicentro.br<\/p>\n<p><strong>Coordena\u00e7\u00e3o Administrativa da Cl\u00ednica de \u00d3rtese e Pr\u00f3tese e Ambulat\u00f3rio de Feridas:<\/strong> Zilma Corr\u00eaa Daun Camargo<br \/>\nRamal: 8141<br \/>\nE-mail: zilmacamargo@unicentro.br<\/p>\n<p><strong>Coordena\u00e7\u00e3o Administrativa dos Consult\u00f3rios M\u00e9dicos:<\/strong> Abr\u00e3o Jos\u00e9 Melhem J\u00fanior<br \/>\nCelso Nilo Didon\u00e9 Filho<br \/>\n<span style=\"font-weight: 400\">Elaine Pittner<\/span><br \/>\nRamais: 8357 e 8358<br \/>\nE-mail: demed@unicentro.br<\/p>\n<p><strong>Dire\u00e7\u00e3o da Cl\u00ednica Escola de Medicina \u2013 Cidade dos Lagos:<\/strong> Andr\u00e9 Lu\u00eds Ribas de Abreu<br \/>\nTelefones: (42) 3629-9053 \/ 3629-9050<br \/>\nE-mail: andreabreu@unicentro.br<\/p>\n<p><strong>Coordena\u00e7\u00e3o do Bloco Did\u00e1tico da Unicentro \u2013 Hospital Regional do Centro-Oeste:<\/strong> Kelly Holanda Prezotto<br \/>\nTelefone: (42) 3629-9001<br \/>\nE-mail: kelly@unicentro.br<\/p>\n<p><strong>Coordena\u00e7\u00e3o Administrativa da Cl\u00ednica Escola de Educa\u00e7\u00e3o F\u00edsica e Complexo Desportivo e Recreativo:<\/strong> Bruno Sergio Portela<br \/>\nRamal: 8148<br \/>\nE-mail: portela@unicentro.br<\/p>\n<p><strong>Coordena\u00e7\u00e3o Administrativa da Cl\u00ednica Escola de Medicina Veterin\u00e1ria:<\/strong> Adriano de Oliveira Torres Carrasco<br \/>\nRamais: 8229<br \/>\nE-mail: atcarrasco@unicentro.br<\/p>\n<p><strong>Coordena\u00e7\u00e3o Administrativa do Centro de Triagem e Reabilita\u00e7\u00e3o de Animais Silvestres:<\/strong> Rodrigo Antonio Martins de Souza<br \/>\nRamal: 8240<br \/>\nE-mail: rdesouza@unicentro.br<\/p>\n<p><strong>Coordena\u00e7\u00e3o Administrativa do Museu de Ci\u00eancias Naturais:<\/strong> Rodrigo Oliveira Bastos<br \/>\nTelefone: 3624-0193<br \/>\nE-mail: rbastos@unicentro.br<\/p>\n<p><strong>Coordena\u00e7\u00e3o Administrativa da Fazenda Escola:<\/strong> Marcelo Cruz Mendes<br \/>\nRamal: 8226<br \/>\nE-mail: mcmendes@unicentro.br<\/p>\n<p><strong>Chefe da Divis\u00e3o de Agricultura:<\/strong> Leandro Rampim<br \/>\nRamal: 8221<br \/>\nE-mail: lrampim@unicentro.br[\/vc_column_text][\/vc_column][\/vc_row]<\/p>\n<\/div>","protected":false},"excerpt":{"rendered":"<p>[vc_row][vc_column][vc_column_text css=&#8221;&#8221;] Dire\u00e7\u00e3o-Geral do C\u00e2mpus Cedeteg &nbsp; Diretor-Geral do C\u00e2mpus Cedeteg: Ricardo Yoshimitsu Miyahara Ramais: 8102 e 8185 E-mail: rmiyahara@unicentro.br Vice-Diretora-Geral do C\u00e2mpus Cedeteg: Aline Marques Gen\u00fa Ramais: 8102 e 8185 E-mail: agenu@unicentro.br Secretaria-Geral do C\u00e2mpus Cedeteg Suellen de F\u00e1tima Egiert M\u00e1rcia Regina de Almeida Zinco Brenda Belo de Cristo Winicius Koop Ramais: 8102, 8103 [&hellip;]<\/p>\n","protected":false},"author":3,"featured_media":0,"parent":19,"menu_order":0,"comment_status":"closed","ping_status":"closed","template":"","meta":{"_exactmetrics_skip_tracking":false,"_exactmetrics_sitenote_active":false,"_exactmetrics_sitenote_note":"","_exactmetrics_sitenote_category":0,"footnotes":"","_links_to":"","_links_to_target":""},"class_list":["post-35","page","type-page","status-publish","hentry"],"_links":{"self":[{"href":"https:\/\/www3.unicentro.br\/cedeteg\/wp-json\/wp\/v2\/pages\/35","targetHints":{"allow":["GET"]}}],"collection":[{"href":"https:\/\/www3.unicentro.br\/cedeteg\/wp-json\/wp\/v2\/pages"}],"about":[{"href":"https:\/\/www3.unicentro.br\/cedeteg\/wp-json\/wp\/v2\/types\/page"}],"author":[{"embeddable":true,"href":"https:\/\/www3.unicentro.br\/cedeteg\/wp-json\/wp\/v2\/users\/3"}],"replies":[{"embeddable":true,"href":"https:\/\/www3.unicentro.br\/cedeteg\/wp-json\/wp\/v2\/comments?post=35"}],"version-history":[{"count":3,"href":"https:\/\/www3.unicentro.br\/cedeteg\/wp-json\/wp\/v2\/pages\/35\/revisions"}],"predecessor-version":[{"id":6454,"href":"https:\/\/www3.unicentro.br\/cedeteg\/wp-json\/wp\/v2\/pages\/35\/revisions\/6454"}],"up":[{"embeddable":true,"href":"https:\/\/www3.unicentro.br\/cedeteg\/wp-json\/wp\/v2\/pages\/19"}],"wp:attachment":[{"href":"https:\/\/www3.unicentro.br\/cedeteg\/wp-json\/wp\/v2\/media?parent=35"}],"curies":[{"name":"wp","href":"https:\/\/api.w.org\/{rel}","templated":true}]}}