{"id":33,"date":"2020-09-01T16:21:46","date_gmt":"2020-09-01T19:21:46","guid":{"rendered":"https:\/\/www3.unicentro.br\/cedeteg\/?page_id=33"},"modified":"2026-03-20T20:16:47","modified_gmt":"2026-03-20T23:16:47","slug":"espacos-fisicos","status":"publish","type":"page","link":"https:\/\/www3.unicentro.br\/cedeteg\/sobre-o-campus\/espacos-fisicos\/","title":{"rendered":"Espa\u00e7os para eventos"},"content":{"rendered":"<div class=\"wpb-content-wrapper\"><p>[vc_row][vc_column][vc_column_text css=&#8221;&#8221;]<img loading=\"lazy\" decoding=\"async\" class=\"alignleft size-medium wp-image-389\" src=\"https:\/\/www3.unicentro.br\/cedeteg\/wp-content\/uploads\/sites\/91\/2020\/10\/DSC_3838-300x200.jpg\" alt=\"\" width=\"300\" height=\"200\" srcset=\"https:\/\/www3.unicentro.br\/cedeteg\/wp-content\/uploads\/sites\/91\/2020\/10\/DSC_3838-300x200.jpg 300w, https:\/\/www3.unicentro.br\/cedeteg\/wp-content\/uploads\/sites\/91\/2020\/10\/DSC_3838-1024x684.jpg 1024w, https:\/\/www3.unicentro.br\/cedeteg\/wp-content\/uploads\/sites\/91\/2020\/10\/DSC_3838-768x513.jpg 768w, https:\/\/www3.unicentro.br\/cedeteg\/wp-content\/uploads\/sites\/91\/2020\/10\/DSC_3838-1536x1025.jpg 1536w, https:\/\/www3.unicentro.br\/cedeteg\/wp-content\/uploads\/sites\/91\/2020\/10\/DSC_3838-255x170.jpg 255w, https:\/\/www3.unicentro.br\/cedeteg\/wp-content\/uploads\/sites\/91\/2020\/10\/DSC_3838.jpg 1600w\" sizes=\"auto, (max-width: 300px) 100vw, 300px\" \/><img loading=\"lazy\" decoding=\"async\" class=\"alignleft wp-image-397 size-medium\" src=\"https:\/\/www3.unicentro.br\/cedeteg\/wp-content\/uploads\/sites\/91\/2020\/10\/40815563150_1b7c16063c_z-400x267-1-1-300x200.jpg\" alt=\"\" width=\"300\" height=\"200\" srcset=\"https:\/\/www3.unicentro.br\/cedeteg\/wp-content\/uploads\/sites\/91\/2020\/10\/40815563150_1b7c16063c_z-400x267-1-1-300x200.jpg 300w, https:\/\/www3.unicentro.br\/cedeteg\/wp-content\/uploads\/sites\/91\/2020\/10\/40815563150_1b7c16063c_z-400x267-1-1-255x170.jpg 255w, https:\/\/www3.unicentro.br\/cedeteg\/wp-content\/uploads\/sites\/91\/2020\/10\/40815563150_1b7c16063c_z-400x267-1-1.jpg 400w\" sizes=\"auto, (max-width: 300px) 100vw, 300px\" \/><img loading=\"lazy\" decoding=\"async\" class=\"alignleft size-medium wp-image-386\" src=\"https:\/\/www3.unicentro.br\/cedeteg\/wp-content\/uploads\/sites\/91\/2020\/10\/DSC_3163-300x200.jpg\" alt=\"\" width=\"300\" height=\"200\" srcset=\"https:\/\/www3.unicentro.br\/cedeteg\/wp-content\/uploads\/sites\/91\/2020\/10\/DSC_3163-300x200.jpg 300w, https:\/\/www3.unicentro.br\/cedeteg\/wp-content\/uploads\/sites\/91\/2020\/10\/DSC_3163-1024x684.jpg 1024w, https:\/\/www3.unicentro.br\/cedeteg\/wp-content\/uploads\/sites\/91\/2020\/10\/DSC_3163-768x513.jpg 768w, https:\/\/www3.unicentro.br\/cedeteg\/wp-content\/uploads\/sites\/91\/2020\/10\/DSC_3163-1536x1025.jpg 1536w, https:\/\/www3.unicentro.br\/cedeteg\/wp-content\/uploads\/sites\/91\/2020\/10\/DSC_3163-255x170.jpg 255w, https:\/\/www3.unicentro.br\/cedeteg\/wp-content\/uploads\/sites\/91\/2020\/10\/DSC_3163.jpg 1600w\" sizes=\"auto, (max-width: 300px) 100vw, 300px\" \/><\/p>\n<p>&nbsp;<\/p>\n<p>&nbsp;<\/p>\n<p>&nbsp;<\/p>\n<p>&nbsp;<\/p>\n<p>&nbsp;<\/p>\n<p>&nbsp;<\/p>\n<p>&nbsp;<\/p>\n<ul>\n<li><span style=\"color: #800000\"><a style=\"color: #800000\" href=\"https:\/\/www3.unicentro.br\/cedeteg\/wp-content\/uploads\/sites\/91\/2025\/07\/ESPACOS-PARA-EVENTOS-2025-1.pdf\" target=\"_blank\" rel=\"noopener\">Audit\u00f3rios e Miniaudit\u00f3rios<\/a><\/span><\/li>\n<li><span style=\"color: #800000\"><a style=\"color: #800000\" href=\"https:\/\/www3.unicentro.br\/cedeteg\/wp-content\/uploads\/sites\/91\/2026\/03\/2.-Salas-de-Aula-do-Campus-Cedeteg-2026.pdf\" target=\"_blank\" rel=\"noopener\">Salas de aula<\/a><\/span><\/li>\n<li><span style=\"color: #800000\"><a style=\"color: #800000\" href=\"https:\/\/www3.unicentro.br\/cedeteg\/wp-content\/uploads\/sites\/91\/2023\/03\/Orientacoes-Professor-Salas-de-Aula-Campus-Cedeteg.jpg\">Orienta\u00e7\u00f5es ao Professor &#8211; Salas de Aula &#8211; C\u00e2mpus Cedeteg<\/a><\/span><\/li>\n<li><span style=\"color: #800000\"><a style=\"color: #800000\" href=\"https:\/\/www3.unicentro.br\/cedeteg\/wp-content\/uploads\/sites\/91\/2022\/11\/Resolucao-28-CAD-UNICENTRO-taxas-espacos-fisicos-Campus.pdf\" target=\"_blank\" rel=\"noopener noreferrer\">Taxas para utiliza\u00e7\u00e3o dos audit\u00f3rios<\/a><\/span><\/li>\n<li><span style=\"color: #800000\"><a style=\"color: #800000\" href=\"https:\/\/sgu.unicentro.br\/pcatooficiais\/imprimir\/7D32C25F\" target=\"_blank\" rel=\"noopener noreferrer\">Normas para a realiza\u00e7\u00e3o de eventos e cursos<\/a><\/span><\/li>\n<\/ul>\n<p>&nbsp;<\/p>\n<p><span style=\"color: #800000\"><strong>Divis\u00e3o de Cerimonial e Eventos<\/strong><\/span><br \/>\nOrdem de servi\u00e7o: Coordenadoria de Comunica\u00e7\u00e3o Social &#8211; Coorc<br \/>\nRespons\u00e1vel: Aurea Regina de Oliveira Cunha<br \/>\nE-mail: aregina@unicentro.br<br \/>\nRamais: 8192 e 1060<\/p>\n<p>&nbsp;<\/p>\n<p><img loading=\"lazy\" decoding=\"async\" class=\"alignleft size-medium wp-image-401\" src=\"https:\/\/www3.unicentro.br\/cedeteg\/wp-content\/uploads\/sites\/91\/2020\/10\/WhatsApp-Image-2019-08-22-at-12.31.55-1-300x200.jpeg\" alt=\"\" width=\"300\" height=\"200\" srcset=\"https:\/\/www3.unicentro.br\/cedeteg\/wp-content\/uploads\/sites\/91\/2020\/10\/WhatsApp-Image-2019-08-22-at-12.31.55-1-300x200.jpeg 300w, https:\/\/www3.unicentro.br\/cedeteg\/wp-content\/uploads\/sites\/91\/2020\/10\/WhatsApp-Image-2019-08-22-at-12.31.55-1-768x512.jpeg 768w, https:\/\/www3.unicentro.br\/cedeteg\/wp-content\/uploads\/sites\/91\/2020\/10\/WhatsApp-Image-2019-08-22-at-12.31.55-1-255x170.jpeg 255w, https:\/\/www3.unicentro.br\/cedeteg\/wp-content\/uploads\/sites\/91\/2020\/10\/WhatsApp-Image-2019-08-22-at-12.31.55-1.jpeg 900w\" sizes=\"auto, (max-width: 300px) 100vw, 300px\" \/><img loading=\"lazy\" decoding=\"async\" class=\"alignleft size-medium wp-image-390\" src=\"https:\/\/www3.unicentro.br\/cedeteg\/wp-content\/uploads\/sites\/91\/2020\/10\/DSC_2806-300x200.jpg\" alt=\"\" width=\"300\" height=\"200\" srcset=\"https:\/\/www3.unicentro.br\/cedeteg\/wp-content\/uploads\/sites\/91\/2020\/10\/DSC_2806-300x200.jpg 300w, https:\/\/www3.unicentro.br\/cedeteg\/wp-content\/uploads\/sites\/91\/2020\/10\/DSC_2806-1024x684.jpg 1024w, https:\/\/www3.unicentro.br\/cedeteg\/wp-content\/uploads\/sites\/91\/2020\/10\/DSC_2806-768x513.jpg 768w, https:\/\/www3.unicentro.br\/cedeteg\/wp-content\/uploads\/sites\/91\/2020\/10\/DSC_2806-1536x1025.jpg 1536w, https:\/\/www3.unicentro.br\/cedeteg\/wp-content\/uploads\/sites\/91\/2020\/10\/DSC_2806-255x170.jpg 255w, https:\/\/www3.unicentro.br\/cedeteg\/wp-content\/uploads\/sites\/91\/2020\/10\/DSC_2806.jpg 1600w\" sizes=\"auto, (max-width: 300px) 100vw, 300px\" \/><img loading=\"lazy\" decoding=\"async\" class=\"alignleft size-medium wp-image-399\" src=\"https:\/\/www3.unicentro.br\/cedeteg\/wp-content\/uploads\/sites\/91\/2020\/10\/file-300x200.jpg\" alt=\"\" width=\"300\" height=\"200\" srcset=\"https:\/\/www3.unicentro.br\/cedeteg\/wp-content\/uploads\/sites\/91\/2020\/10\/file-300x200.jpg 300w, https:\/\/www3.unicentro.br\/cedeteg\/wp-content\/uploads\/sites\/91\/2020\/10\/file-768x511.jpg 768w, https:\/\/www3.unicentro.br\/cedeteg\/wp-content\/uploads\/sites\/91\/2020\/10\/file-255x170.jpg 255w, https:\/\/www3.unicentro.br\/cedeteg\/wp-content\/uploads\/sites\/91\/2020\/10\/file.jpg 960w\" sizes=\"auto, (max-width: 300px) 100vw, 300px\" \/>[\/vc_column_text][\/vc_column][\/vc_row]<\/p>\n<\/div>","protected":false},"excerpt":{"rendered":"<p>[vc_row][vc_column][vc_column_text css=&#8221;&#8221;] &nbsp; &nbsp; &nbsp; &nbsp; &nbsp; &nbsp; &nbsp; Audit\u00f3rios e Miniaudit\u00f3rios Salas de aula Orienta\u00e7\u00f5es ao Professor &#8211; Salas de Aula &#8211; C\u00e2mpus Cedeteg Taxas para utiliza\u00e7\u00e3o dos audit\u00f3rios Normas para a realiza\u00e7\u00e3o de eventos e cursos &nbsp; Divis\u00e3o de Cerimonial e Eventos Ordem de servi\u00e7o: Coordenadoria de Comunica\u00e7\u00e3o Social &#8211; Coorc Respons\u00e1vel: Aurea [&hellip;]<\/p>\n","protected":false},"author":3,"featured_media":0,"parent":19,"menu_order":0,"comment_status":"closed","ping_status":"closed","template":"","meta":{"_exactmetrics_skip_tracking":false,"_exactmetrics_sitenote_active":false,"_exactmetrics_sitenote_note":"","_exactmetrics_sitenote_category":0,"footnotes":"","_links_to":"","_links_to_target":""},"class_list":["post-33","page","type-page","status-publish","hentry"],"_links":{"self":[{"href":"https:\/\/www3.unicentro.br\/cedeteg\/wp-json\/wp\/v2\/pages\/33","targetHints":{"allow":["GET"]}}],"collection":[{"href":"https:\/\/www3.unicentro.br\/cedeteg\/wp-json\/wp\/v2\/pages"}],"about":[{"href":"https:\/\/www3.unicentro.br\/cedeteg\/wp-json\/wp\/v2\/types\/page"}],"author":[{"embeddable":true,"href":"https:\/\/www3.unicentro.br\/cedeteg\/wp-json\/wp\/v2\/users\/3"}],"replies":[{"embeddable":true,"href":"https:\/\/www3.unicentro.br\/cedeteg\/wp-json\/wp\/v2\/comments?post=33"}],"version-history":[{"count":2,"href":"https:\/\/www3.unicentro.br\/cedeteg\/wp-json\/wp\/v2\/pages\/33\/revisions"}],"predecessor-version":[{"id":6988,"href":"https:\/\/www3.unicentro.br\/cedeteg\/wp-json\/wp\/v2\/pages\/33\/revisions\/6988"}],"up":[{"embeddable":true,"href":"https:\/\/www3.unicentro.br\/cedeteg\/wp-json\/wp\/v2\/pages\/19"}],"wp:attachment":[{"href":"https:\/\/www3.unicentro.br\/cedeteg\/wp-json\/wp\/v2\/media?parent=33"}],"curies":[{"name":"wp","href":"https:\/\/api.w.org\/{rel}","templated":true}]}}