{"id":29,"date":"2020-09-01T16:20:18","date_gmt":"2020-09-01T19:20:18","guid":{"rendered":"https:\/\/www3.unicentro.br\/cedeteg\/?page_id=29"},"modified":"2024-06-21T10:33:10","modified_gmt":"2024-06-21T13:33:10","slug":"conheca-o-campus","status":"publish","type":"page","link":"https:\/\/www3.unicentro.br\/cedeteg\/sobre-o-campus\/conheca-o-campus\/","title":{"rendered":"Conhe\u00e7a o C\u00e2mpus"},"content":{"rendered":"<h2 style=\"text-align: center\"><\/h2>\n<p>&nbsp;<\/p>\n<p style=\"text-align: left\"><img loading=\"lazy\" decoding=\"async\" class=\"wp-image-213 size-full alignright\" src=\"https:\/\/www3.unicentro.br\/cedeteg\/wp-content\/uploads\/sites\/91\/2020\/09\/96079.jpg\" alt=\"\" width=\"514\" height=\"342\" srcset=\"https:\/\/www3.unicentro.br\/cedeteg\/wp-content\/uploads\/sites\/91\/2020\/09\/96079.jpg 514w, https:\/\/www3.unicentro.br\/cedeteg\/wp-content\/uploads\/sites\/91\/2020\/09\/96079-300x200.jpg 300w, https:\/\/www3.unicentro.br\/cedeteg\/wp-content\/uploads\/sites\/91\/2020\/09\/96079-255x170.jpg 255w\" sizes=\"auto, (max-width: 514px) 100vw, 514px\" \/><\/p>\n<p>O C\u00e2mpus Cedeteg, da Universidade Estadual do Centro-Oeste (Unicentro), est\u00e1 localizado na Alameda \u00c9lio Antonio Dalla Vecchia, n\u00ba 838, bairro Vila Carli, em Guarapuava (PR), e tem uma \u00e1rea total de 1.058.950,71 m2 (105 hectares).<\/p>\n<p>O C\u00e2mpus Cedeteg existe h\u00e1 25 anos, sendo centro polit\u00e9cnico da Unicentro, desde 1998, e C\u00e2mpus Universit\u00e1rio, desde 2008.<\/p>\n<p>H\u00e1 98 edifica\u00e7\u00f5es em funcionamento no C\u00e2mpus Cedeteg e 9 obras e projetos em andamento.<\/p>\n<p>Em rela\u00e7\u00e3o ao p\u00fablico, cerca 5.500 pessoas circulam, por dia, de segunda a sexta-feira, no C\u00e2mpus Cedeteg, dentre professores, agentes universit\u00e1rios, estagi\u00e1rios, acad\u00eamicos, pacientes e\/ou usu\u00e1rios das cl\u00ednicas, consult\u00f3rios, ambulat\u00f3rios, servi\u00e7os e projetos.<\/p>\n<p>O C\u00e2mpus Cedeteg \u00e9 constitu\u00eddo por 400 professores, 85 agentes universit\u00e1rios, 70 estagi\u00e1rios, 2.300 acad\u00eamicos e 540 estudantes de p\u00f3s-gradua\u00e7\u00e3o, aproximadamente.<\/p>\n<p>As principais atividades que ocorrem no C\u00e2mpus Cedeteg s\u00e3o: ensino de gradua\u00e7\u00e3o, ensino de p\u00f3s-gradua\u00e7\u00e3o, pesquisa, extens\u00e3o, atividades culturais, eventos, inova\u00e7\u00e3o tecnol\u00f3gica, presta\u00e7\u00e3o de servi\u00e7os em sa\u00fade humana e animal, atividades agropecu\u00e1rias, laborat\u00f3rios de ensino, laborat\u00f3rios de pesquisa, atividades esportivas e de recrea\u00e7\u00e3o, entre outras correlatas.<\/p>\n<p>Em rela\u00e7\u00e3o \u00e0s atividades, unidades em funcionamento e cursos oferecidos no C\u00e2mpus Cedeteg, destacamos os seguintes n\u00fameros: 21 cursos de gradua\u00e7\u00e3o; 11 programas de p\u00f3s-gradua\u00e7\u00e3o stricto sensu; 4 programas p\u00f3s-gradua\u00e7\u00e3o lato sensu; 3 setores de conhecimento; 15 departamentos pedag\u00f3gicos; 183 laborat\u00f3rios; 9 cl\u00ednicas, centros e ambulat\u00f3rios; Ag\u00eancia de Inova\u00e7\u00e3o Tecnol\u00f3gica; e Incubadora de Projetos Sociais.<\/p>\n<p>Em outras localidades, o C\u00e2mpus Cedeteg tamb\u00e9m \u00e9 respons\u00e1vel pela gest\u00e3o e administra\u00e7\u00e3o do Museu de Ci\u00eancias Naturais, localizado no Parque das Arauc\u00e1rias; da Fazenda Escola (BR 277) e da Cl\u00ednica de Sa\u00fade, na Cidade dos Lagos (em constru\u00e7\u00e3o).<\/p>\n<p>Os cursos de gradua\u00e7\u00e3o do C\u00e2mpus Cedeteg est\u00e3o organizados nos seguintes Setores de Conhecimento:<br \/>\n<strong>&#8211; Setor de Ci\u00eancias Exatas e de Tecnologia de Guarapuava:<\/strong> Ci\u00eancia da Computa\u00e7\u00e3o (Bacharelado), Engenharia de Alimentos (Bacharelado), F\u00edsica (Licenciatura), Qu\u00edmica (Bacharelado e Licenciatura), Matem\u00e1tica (Licenciatura), Matem\u00e1tica Aplicada e Computacional (Bacharelado), Big Data no Agroneg\u00f3cio (Tecn\u00f3logo);<br \/>\n<strong>&#8211; Setor de Ci\u00eancias Agr\u00e1rias e Ambientais de Guarapuava:<\/strong> Agronomia (Bacharelado), Ci\u00eancias Biol\u00f3gicas (Bacharelado e Licenciatura), Geografia (Bacharelado e Licenciatura) e Medicina Veterin\u00e1ria (Bacharelado);<br \/>\n<strong>&#8211; Setor de Ci\u00eancias da Sa\u00fade de Guarapuava:<\/strong> Educa\u00e7\u00e3o F\u00edsica (Bacharelado e Licenciatura), Enfermagem (Bacharelado), Farm\u00e1cia (Bacharelado), Fisioterapia (Bacharelado), Medicina (Bacharelado) e Nutri\u00e7\u00e3o (Bacharelado).<\/p>\n<p>Os cursos de p\u00f3s-gradua\u00e7\u00e3o, nas modalidades lato e stricto sensu, em funcionamento no C\u00e2mpus Cedeteg s\u00e3o:<br \/>\n<strong>Resid\u00eancias e aprimoramentos:<\/strong> M\u00e9dica em Cl\u00ednica M\u00e9dica; Multiprofissional em Aten\u00e7\u00e3o Prim\u00e1ria com \u00canfase em Sa\u00fade da Fam\u00edlia; Enfermagem em Urg\u00eancia e Emerg\u00eancia; e Medicina Veterin\u00e1ria.<\/p>\n<p><strong>Mestrados e Doutorados:<\/strong> Agronomia, Bioenergia, Biologia Evolutiva, Ci\u00eancias Farmac\u00eauticas, Ci\u00eancias Naturais e Matem\u00e1tica, Ci\u00eancias Veterin\u00e1rias, Enfermagem, Geografia, Nanoci\u00eancias e Bioci\u00eancias,\u00a0 Propriedade Intelectual e Qu\u00edmica.<\/p>\n<p>Refer\u00eancia em ensino, pesquisa, extens\u00e3o, servi\u00e7os de sa\u00fade e inova\u00e7\u00e3o em Guarapuava e regi\u00e3o, o C\u00e2mpus Cedeteg aprovou, em 2024, o Plano de Desenvolvimento Estrat\u00e9gico, para o per\u00edodo de 2024 a 2054, com propostas e metas em prol da educa\u00e7\u00e3o superior p\u00fablica e da ci\u00eancia.<\/p>\n<hr \/>\n<p>&nbsp;<\/p>\n","protected":false},"excerpt":{"rendered":"<p>&nbsp; O C\u00e2mpus Cedeteg, da Universidade Estadual do Centro-Oeste (Unicentro), est\u00e1 localizado na Alameda \u00c9lio Antonio Dalla Vecchia, n\u00ba 838, bairro Vila Carli, em Guarapuava (PR), e tem uma \u00e1rea total de 1.058.950,71 m2 (105 hectares). O C\u00e2mpus Cedeteg existe h\u00e1 25 anos, sendo centro polit\u00e9cnico da Unicentro, desde 1998, e C\u00e2mpus Universit\u00e1rio, desde 2008. [&hellip;]<\/p>\n","protected":false},"author":3,"featured_media":0,"parent":19,"menu_order":0,"comment_status":"closed","ping_status":"closed","template":"","meta":{"_exactmetrics_skip_tracking":false,"_exactmetrics_sitenote_active":false,"_exactmetrics_sitenote_note":"","_exactmetrics_sitenote_category":0,"footnotes":"","_links_to":"","_links_to_target":""},"class_list":["post-29","page","type-page","status-publish","hentry"],"_links":{"self":[{"href":"https:\/\/www3.unicentro.br\/cedeteg\/wp-json\/wp\/v2\/pages\/29","targetHints":{"allow":["GET"]}}],"collection":[{"href":"https:\/\/www3.unicentro.br\/cedeteg\/wp-json\/wp\/v2\/pages"}],"about":[{"href":"https:\/\/www3.unicentro.br\/cedeteg\/wp-json\/wp\/v2\/types\/page"}],"author":[{"embeddable":true,"href":"https:\/\/www3.unicentro.br\/cedeteg\/wp-json\/wp\/v2\/users\/3"}],"replies":[{"embeddable":true,"href":"https:\/\/www3.unicentro.br\/cedeteg\/wp-json\/wp\/v2\/comments?post=29"}],"version-history":[{"count":2,"href":"https:\/\/www3.unicentro.br\/cedeteg\/wp-json\/wp\/v2\/pages\/29\/revisions"}],"predecessor-version":[{"id":5377,"href":"https:\/\/www3.unicentro.br\/cedeteg\/wp-json\/wp\/v2\/pages\/29\/revisions\/5377"}],"up":[{"embeddable":true,"href":"https:\/\/www3.unicentro.br\/cedeteg\/wp-json\/wp\/v2\/pages\/19"}],"wp:attachment":[{"href":"https:\/\/www3.unicentro.br\/cedeteg\/wp-json\/wp\/v2\/media?parent=29"}],"curies":[{"name":"wp","href":"https:\/\/api.w.org\/{rel}","templated":true}]}}