{"id":25,"date":"2020-09-01T16:19:34","date_gmt":"2020-09-01T19:19:34","guid":{"rendered":"https:\/\/www3.unicentro.br\/cedeteg\/?page_id=25"},"modified":"2025-10-16T12:04:07","modified_gmt":"2025-10-16T15:04:07","slug":"mestradoedoutorado","status":"publish","type":"page","link":"https:\/\/www3.unicentro.br\/cedeteg\/cursos\/mestradoedoutorado\/","title":{"rendered":"Mestrado e Doutorado"},"content":{"rendered":"<div class=\"wpb-content-wrapper\"><p>[vc_row][vc_column][vc_column_text css=&#8221;&#8221;]<\/p>\n<h2><a href=\"https:\/\/www3.unicentro.br\/ppga\" target=\"_blank\" rel=\"noopener noreferrer\">Programa de P\u00f3s-Gradua\u00e7\u00e3o em Agronomia<\/a><a href=\"http:\/\/unicentroagronomia.com\/\" target=\"_blank\" rel=\"noopener noreferrer\"><img loading=\"lazy\" decoding=\"async\" class=\"http:\/\/unicentroagronomia.com\/ alignright wp-image-109 size-thumb_409x258\" title=\"http:\/\/unicentroagronomia.com\/\" src=\"https:\/\/www3.unicentro.br\/cedeteg\/wp-content\/uploads\/sites\/91\/2020\/09\/corn-5134436_1920-409x258.jpg\" alt=\"\" width=\"409\" height=\"258\" srcset=\"https:\/\/www3.unicentro.br\/cedeteg\/wp-content\/uploads\/sites\/91\/2020\/09\/corn-5134436_1920-409x258.jpg 409w, https:\/\/www3.unicentro.br\/cedeteg\/wp-content\/uploads\/sites\/91\/2020\/09\/corn-5134436_1920-139x89.jpg 139w, https:\/\/www3.unicentro.br\/cedeteg\/wp-content\/uploads\/sites\/91\/2020\/09\/corn-5134436_1920-818x516.jpg 818w\" sizes=\"auto, (max-width: 409px) 100vw, 409px\" \/><\/a><\/h2>\n<p><span style=\"font-size: 14pt\"><em>Mestrado e Doutorado<\/em><\/span><\/p>\n<p>Coordenador: Renato Vasconcelos Botelho (<em><a href=\"mailto:rbotelho@unicentro.br\">rbotelho@unicentro.br<\/a><\/em>) \/ Vice-Coordenador: Cristiano Andr\u00e9 Pott (<em><a href=\"mailto:cpott@unicentro.br\">cpott@unicentro.br<\/a><\/em>) \/ Secret\u00e1ria: Luc\u00edlia da Rosa de Lima (<em><a href=\"mailto:lucilia@unicentro.br\">lucilia@unicentro.br<\/a><\/em>)<\/p>\n<p>\u21d2 <a href=\"https:\/\/www3.unicentro.br\/ppga\" target=\"_blank\" rel=\"noopener noreferrer\"><strong>Site do programa<\/strong><\/a><\/p>\n<p>E-mail: <em><a href=\"mailto:secretaria.ppga@gmail.com\">secretaria.ppga@gmail.com<\/a><\/em><br \/>\nTelefone: (42) 3629-8248<\/p>\n<p>Hor\u00e1rio de Atendimento:<br \/>\nManh\u00e3: das 8h \u00e0s 12h \/ Tarde: das 14h \u00e0s 17h<\/p>\n<hr \/>\n<h2><a href=\"http:\/\/www.unicentro.br\/posgraduacao\/mestrado\/bioenergia\/\" target=\"_blank\" rel=\"noopener noreferrer\">Programa de P\u00f3s-Gradua\u00e7\u00e3o em Bioenergia<\/a><a href=\"http:\/\/www.unicentro.br\/posgraduacao\/mestrado\/bioenergia\/\" target=\"_blank\" rel=\"noopener noreferrer\"><img loading=\"lazy\" decoding=\"async\" class=\"http:\/\/www.unicentro.br\/posgraduacao\/mestrado\/bioenergia\/ alignright wp-image-110 size-thumb_409x258\" title=\"http:\/\/www.unicentro.br\/posgraduacao\/mestrado\/bioenergia\/\" src=\"https:\/\/www3.unicentro.br\/cedeteg\/wp-content\/uploads\/sites\/91\/2020\/09\/bamboo-forest-1245966_1920-409x258.jpg\" alt=\"\" width=\"409\" height=\"258\" srcset=\"https:\/\/www3.unicentro.br\/cedeteg\/wp-content\/uploads\/sites\/91\/2020\/09\/bamboo-forest-1245966_1920-409x258.jpg 409w, https:\/\/www3.unicentro.br\/cedeteg\/wp-content\/uploads\/sites\/91\/2020\/09\/bamboo-forest-1245966_1920-139x89.jpg 139w, https:\/\/www3.unicentro.br\/cedeteg\/wp-content\/uploads\/sites\/91\/2020\/09\/bamboo-forest-1245966_1920-818x516.jpg 818w\" sizes=\"auto, (max-width: 409px) 100vw, 409px\" \/><\/a><\/h2>\n<p><span style=\"font-size: 14pt\"><em>Mestrado e Doutorado<\/em><\/span><\/p>\n<p>Coordenador: Andr\u00e9 Lazarin Gallina (<a href=\"mailto:andregallina@unicentro.br\"><em>andregallina@unicentro.br<\/em><\/a>) \/ Vice-Coordenadora: Cynthia Beatriz Furstenberger (<em><a href=\"mailto:cynthia@unicentro.br\">cynthia@unicentro.br<\/a><\/em>) \/ Secret\u00e1rio: Daniel Gon\u00e7alves dos Santos (<em><a href=\"mailto:daniel@unicentro.br\">daniel@unicentro.br<\/a><\/em>)<\/p>\n<p>\u21d2 <strong><a href=\"http:\/\/www.unicentro.br\/posgraduacao\/mestrado\/bioenergia\/\" target=\"_blank\" rel=\"noopener noreferrer\">Site do programa<\/a><\/strong><\/p>\n<p>E-mail: <em><a href=\"mailto:secretaria.ppgb@gmail.com\">secretaria.ppgb@gmail.com<\/a><\/em><br \/>\nTelefone: (42) 3629-8260<\/p>\n<p>Hor\u00e1rio de Atendimento (segunda a quinta-feira):<br \/>\nManh\u00e3: das 9h30 \u00e0s 12h \/ Tarde: das 13h30 \u00e0s 17h<\/p>\n<hr \/>\n<h2><a href=\"https:\/\/www2.uepg.br\/ppgbioevol\/o-programa\/\" target=\"_blank\" rel=\"noopener noreferrer\">Programa de P\u00f3s-Gradua\u00e7\u00e3o em Biologia Evolutiva<\/a><a href=\"https:\/\/www2.uepg.br\/ppgbioevol\/\" target=\"_blank\" rel=\"noopener noreferrer\"><img loading=\"lazy\" decoding=\"async\" class=\"http:\/\/www.pitangui.uepg.br\/propesp\/ppgbioevol\/ alignright wp-image-111 size-thumb_409x258\" title=\"http:\/\/www.pitangui.uepg.br\/propesp\/ppgbioevol\/\" src=\"https:\/\/www3.unicentro.br\/cedeteg\/wp-content\/uploads\/sites\/91\/2020\/09\/analysis-2030261_1920-409x258.jpg\" alt=\"\" width=\"409\" height=\"258\" srcset=\"https:\/\/www3.unicentro.br\/cedeteg\/wp-content\/uploads\/sites\/91\/2020\/09\/analysis-2030261_1920-409x258.jpg 409w, https:\/\/www3.unicentro.br\/cedeteg\/wp-content\/uploads\/sites\/91\/2020\/09\/analysis-2030261_1920-139x89.jpg 139w, https:\/\/www3.unicentro.br\/cedeteg\/wp-content\/uploads\/sites\/91\/2020\/09\/analysis-2030261_1920-818x516.jpg 818w\" sizes=\"auto, (max-width: 409px) 100vw, 409px\" \/><\/a><\/h2>\n<p><span style=\"font-size: 14pt\"><em>Mestrado e Doutorado<\/em><\/span><\/p>\n<p>Coordenador:\u00a0Adriano Silv\u00e9rio (<em><a href=\"mailto:adrianosilverio@unicentro.br\">adrianosilverio@unicentro.br<\/a><\/em>) \/ Secret\u00e1rio: Alex Wagner Back (<em><a href=\"mailto:alex@unicentro.br\">alex@unicentro.br<\/a><\/em>)<\/p>\n<p>\u21d2 <strong><a href=\"https:\/\/www2.uepg.br\/ppgbioevol\/o-programa\/\" target=\"_blank\" rel=\"noopener noreferrer\">Site do programa<\/a><\/strong><\/p>\n<p>E-mail: <em><a href=\"mailto:mestrado_dbioevol@hotmail.com\">mestrado_dbioevol@hotmail.com<\/a><\/em><br \/>\nTelefone: (42) 3629-8323<\/p>\n<p>Hor\u00e1rio de Atendimento:<br \/>\nManh\u00e3: 8h \u00e0s 11h30 \/ Tarde: 13h \u00e0s 17h30<\/p>\n<hr \/>\n<h2><a href=\"https:\/\/www2.unicentro.br\/ppgvet\/\" target=\"_blank\" rel=\"noopener noreferrer\">Programa de P\u00f3s-Gradua\u00e7\u00e3o em Ci\u00eancias Veterin\u00e1rias<\/a><a href=\"https:\/\/www2.unicentro.br\/ppgvet\/\" target=\"_blank\" rel=\"noopener noreferrer\"><img loading=\"lazy\" decoding=\"async\" class=\"https:\/\/www2.unicentro.br\/ppgvet\/ alignright wp-image-120 size-thumb_409x258\" title=\"https:\/\/www2.unicentro.br\/ppgvet\/\" src=\"https:\/\/www3.unicentro.br\/cedeteg\/wp-content\/uploads\/sites\/91\/2020\/09\/surgery-1517079_1920-409x258.jpg\" alt=\"\" width=\"409\" height=\"258\" srcset=\"https:\/\/www3.unicentro.br\/cedeteg\/wp-content\/uploads\/sites\/91\/2020\/09\/surgery-1517079_1920-409x258.jpg 409w, https:\/\/www3.unicentro.br\/cedeteg\/wp-content\/uploads\/sites\/91\/2020\/09\/surgery-1517079_1920-139x89.jpg 139w, https:\/\/www3.unicentro.br\/cedeteg\/wp-content\/uploads\/sites\/91\/2020\/09\/surgery-1517079_1920-818x516.jpg 818w\" sizes=\"auto, (max-width: 409px) 100vw, 409px\" \/><\/a><\/h2>\n<p><span style=\"font-size: 14pt\"><em>Mestrado<\/em><\/span><\/p>\n<p>Coordenadora: Liane Ziliotto (<a href=\"mailto:lianeziliotto@unicentro.br\">lianeziliotto@unicentro.br<\/a>) \/ Vice-Coordenadora: Heloisa Godoi Bertagnon (<em><a href=\"mailto:hbertagnon@unicentro.br\">hbertagnon@unicentro.br<\/a><\/em>)\u00a0\/ Secret\u00e1rio: Welliton Luis Cavalheiro (<em><a href=\"mailto:wcavalheiro2020@gmail.com\">wcavalheiro2020@gmail.com<\/a><\/em>)<\/p>\n<p>\u21d2 <a href=\"https:\/\/www2.unicentro.br\/ppgvet\/\" target=\"_blank\" rel=\"noopener noreferrer\"><strong>Site do programa<\/strong><\/a><\/p>\n<p>E-mail: <em><a href=\"mailto:secretariappgcv@hotmail.com\">secretariappgcv@hotmail.com<\/a><\/em><br \/>\nTelefone: (42) 3629-8242<\/p>\n<p>Hor\u00e1rio de Atendimento:<br \/>\nManh\u00e3: 9h \u00e0s 11h30 \/ Tarde: 13h30 \u00e0s 17h<\/p>\n<hr \/>\n<h2><a href=\"http:\/\/www2.unicentro.br\/ppgg\/\" target=\"_blank\" rel=\"noopener noreferrer\">Programa de P\u00f3s-Gradua\u00e7\u00e3o em Geografia<\/a><a href=\"http:\/\/www2.unicentro.br\/ppgg\/\" target=\"_blank\" rel=\"noopener noreferrer\"><img loading=\"lazy\" decoding=\"async\" class=\"http:\/\/www2.unicentro.br\/ppgg\/ alignright wp-image-112 size-thumb_409x258\" title=\"http:\/\/www2.unicentro.br\/ppgg\/\" src=\"https:\/\/www3.unicentro.br\/cedeteg\/wp-content\/uploads\/sites\/91\/2020\/09\/globes-1246245_1920-409x258.jpg\" alt=\"\" width=\"409\" height=\"258\" srcset=\"https:\/\/www3.unicentro.br\/cedeteg\/wp-content\/uploads\/sites\/91\/2020\/09\/globes-1246245_1920-409x258.jpg 409w, https:\/\/www3.unicentro.br\/cedeteg\/wp-content\/uploads\/sites\/91\/2020\/09\/globes-1246245_1920-139x89.jpg 139w, https:\/\/www3.unicentro.br\/cedeteg\/wp-content\/uploads\/sites\/91\/2020\/09\/globes-1246245_1920-818x516.jpg 818w\" sizes=\"auto, (max-width: 409px) 100vw, 409px\" \/><\/a><\/h2>\n<p><span style=\"font-size: 14pt\"><em>Mestrado e Doutorado<\/em><\/span><\/p>\n<p>Coordenadora: Karla Ros\u00e1rio Brumes (<em><a href=\"mailto:kbrumes@unicentro.br\">kbrumes@unicentro.br<\/a><\/em>) \/ Vice-Coordenador: Valdemir Antoneli (<em><a href=\"mailto:vantoneli@unicentro.br\">vantoneli@unicentro.br<\/a><\/em>) \/ Secret\u00e1rio: Alceu Harmatiuk (<em><a href=\"mailto:aharmatiuk@unicentro.br\">aharmatiuk@unicentro.br<\/a><\/em>)<\/p>\n<p>\u21d2 <a href=\"http:\/\/www2.unicentro.br\/ppgg\/\" target=\"_blank\" rel=\"noopener noreferrer\"><strong>Site do programa<\/strong><\/a><\/p>\n<p>E-mail: <em><a href=\"mailto:ppgg.unicentro@gmail.com\">ppgg.unicentro@gmail.com<\/a><\/em><br \/>\nTelefone: (42) 3629-8335<\/p>\n<p>Hor\u00e1rio de Atendimento:<br \/>\nManh\u00e3: 9h \u00e0s 11h30 \/ Tarde: 13h30 \u00e0s 17h<\/p>\n<hr \/>\n<h2><a href=\"https:\/\/www2.unicentro.br\/ppgq\" target=\"_blank\" rel=\"noopener noreferrer\">Programa de P\u00f3s-Gradua\u00e7\u00e3o em Qu\u00edmica Aplicada<\/a> <a href=\"https:\/\/www3.unicentro.br\/ppgqa\/\" target=\"_blank\" rel=\"noopener noreferrer\"><img loading=\"lazy\" decoding=\"async\" class=\"https:\/\/www2.unicentro.br\/ppgq alignright wp-image-113 size-thumb_409x258\" title=\"https:\/\/www2.unicentro.br\/ppgq\" src=\"https:\/\/www3.unicentro.br\/cedeteg\/wp-content\/uploads\/sites\/91\/2020\/09\/test-214185_1280-409x258.jpg\" alt=\"\" width=\"409\" height=\"258\" srcset=\"https:\/\/www3.unicentro.br\/cedeteg\/wp-content\/uploads\/sites\/91\/2020\/09\/test-214185_1280-409x258.jpg 409w, https:\/\/www3.unicentro.br\/cedeteg\/wp-content\/uploads\/sites\/91\/2020\/09\/test-214185_1280-139x89.jpg 139w, https:\/\/www3.unicentro.br\/cedeteg\/wp-content\/uploads\/sites\/91\/2020\/09\/test-214185_1280-818x516.jpg 818w\" sizes=\"auto, (max-width: 409px) 100vw, 409px\" \/><\/a><\/h2>\n<p><span style=\"font-size: 14pt\"><em>Mestrado e Doutorado<\/em><\/span><\/p>\n<p>Coordenador do Mestrado: Fauze Jac\u00f3 Anaissi (<em><a href=\"mailto:anaissi@unicentro.br\">anaissi@unicentro.br<\/a><\/em>) \/ Vice-Coordenador: Giancarlo Di Vaccari Botteselle (<em><a href=\"mailto:giancarlo@unicentro.br\">giancarlo@unicentro.br<\/a><\/em>) \/ Secret\u00e1ria: Neusa Maria Delgado de Souza (<em><a href=\"mailto:ndelgado@unicentro.br\">ndelgado@unicentro.br<\/a><\/em>)<br \/>\nCoordenadora do Doutorado: Eryza Guimar\u00e3es de Castro (<em><a href=\"mailto:ecastro@unicentro.br\">ecastro@unicentro.br<\/a><\/em>) \/ Vice-Coordenador: Rafael Marangoni (<em><a href=\"mailto:rmarangoni@unicentro.br\">rmarangoni@unicentro.br<\/a><\/em>) \/ Secret\u00e1ria: Neusa Maria Delgado de Souza (<em><a href=\"mailto:ndelgado@unicentro.br\">ndelgado@unicentro.br<\/a><\/em>)<\/p>\n<p>\u21d2 <a href=\"https:\/\/www3.unicentro.br\/ppgqa\/\" target=\"_blank\" rel=\"noopener noreferrer\"><strong>Site do programa<\/strong><\/a><\/p>\n<p>E-mail: <em><a href=\"mailto:secretariappgq@gmail.com\">secretariappgq@gmail.com<\/a><\/em><br \/>\nTelefones: (42) 3629-8301 e (42) 3629-8302<\/p>\n<p>Hor\u00e1rio de Atendimento:<br \/>\nManh\u00e3: 8h30 as 12h \/ Tarde: 13h as 17h30<\/p>\n<hr \/>\n<h2><a href=\"https:\/\/www3.unicentro.br\/ppgen\/\" target=\"_blank\" rel=\"noopener noreferrer\">Programa de P\u00f3s-Gradua\u00e7\u00e3o em Ensino de<\/a><a href=\"https:\/\/www3.unicentro.br\/ppgen\/\" target=\"_blank\" rel=\"noopener noreferrer\"><img loading=\"lazy\" decoding=\"async\" class=\"https:\/\/www3.unicentro.br\/ppgen\/ alignright wp-image-114 size-thumb_409x258\" title=\"https:\/\/www3.unicentro.br\/ppgen\/\" src=\"https:\/\/www3.unicentro.br\/cedeteg\/wp-content\/uploads\/sites\/91\/2020\/09\/laptop-1344464_1920-409x258.jpg\" alt=\"\" width=\"409\" height=\"258\" srcset=\"https:\/\/www3.unicentro.br\/cedeteg\/wp-content\/uploads\/sites\/91\/2020\/09\/laptop-1344464_1920-409x258.jpg 409w, https:\/\/www3.unicentro.br\/cedeteg\/wp-content\/uploads\/sites\/91\/2020\/09\/laptop-1344464_1920-139x89.jpg 139w, https:\/\/www3.unicentro.br\/cedeteg\/wp-content\/uploads\/sites\/91\/2020\/09\/laptop-1344464_1920-818x516.jpg 818w\" sizes=\"auto, (max-width: 409px) 100vw, 409px\" \/><\/a><\/h2>\n<h2><a href=\"https:\/\/www3.unicentro.br\/ppgen\/\" target=\"_blank\" rel=\"noopener noreferrer\">Ci\u00eancias Naturais e Matem\u00e1tica<\/a><\/h2>\n<p><em>Mestrado<\/em><\/p>\n<p>Coordenadora: Adriana Massae Kataoka (<em><a href=\"mailto:kataoka@unicentro.br\">kataoka@unicentro.br<\/a><\/em>) \/ Vice-Coordenadora: Elisa Aguayo da Rosa (<em><a href=\"mailto:elisadarosa@unicentro.br\">elisadarosa@unicentro.br<\/a><\/em>) \/ Secret\u00e1rio: Robson Kintope de Oliveira (<em><a href=\"mailto:rkoliveira@unicentro.br\">rkoliveira@unicentro.br<\/a><\/em>)<\/p>\n<p>\u21d2 <a href=\"https:\/\/www3.unicentro.br\/ppgen\/\" target=\"_blank\" rel=\"noopener noreferrer\">Site do programa<\/a>.<\/p>\n<p>E-mail: <em><a href=\"mailto:ppgensinociemat@gmail.com\">ppgensinociemat@gmail.com<\/a><\/em><br \/>\nTelefone: (42) 3629-8319<\/p>\n<p>Hor\u00e1rio de Atendimento:<br \/>\nManh\u00e3: 8h30 \u00e0s 12h \/ Tarde: 13h \u00e0s 17h<\/p>\n<p>&nbsp;<\/p>\n<h2><a href=\"https:\/\/www3.unicentro.br\/ppgcf\/\" target=\"_blank\" rel=\"noopener noreferrer\">Programa de P\u00f3s-Gradua\u00e7\u00e3o em Ci\u00eancias Farmac\u00eauticas<\/a><a href=\"https:\/\/www3.unicentro.br\/ppgcf\/\" target=\"_blank\" rel=\"noopener noreferrer\"><img loading=\"lazy\" decoding=\"async\" class=\"https:\/\/www3.unicentro.br\/ppgcf\/ alignright wp-image-115 size-thumb_409x258\" title=\"https:\/\/www3.unicentro.br\/ppgcf\/\" src=\"https:\/\/www3.unicentro.br\/cedeteg\/wp-content\/uploads\/sites\/91\/2020\/09\/scientist-2141259_1920-409x258.jpg\" alt=\"\" width=\"409\" height=\"258\" srcset=\"https:\/\/www3.unicentro.br\/cedeteg\/wp-content\/uploads\/sites\/91\/2020\/09\/scientist-2141259_1920-409x258.jpg 409w, https:\/\/www3.unicentro.br\/cedeteg\/wp-content\/uploads\/sites\/91\/2020\/09\/scientist-2141259_1920-139x89.jpg 139w, https:\/\/www3.unicentro.br\/cedeteg\/wp-content\/uploads\/sites\/91\/2020\/09\/scientist-2141259_1920-818x516.jpg 818w\" sizes=\"auto, (max-width: 409px) 100vw, 409px\" \/><\/a><\/h2>\n<p><em>Mestrado e Doutorado<\/em><\/p>\n<p>Coordenadora: Renata Marino Romano (<em><a href=\"mailto:romano@unicentro.br\">romano@unicentro.br<\/a><\/em>) \/ Vice-Coordenador: Marco Aur\u00e9lio Romano (<em><a href=\"mailto:mromano@unicentro.br\">mromano@unicentro.br<\/a><\/em>) \/ Secret\u00e1rio: Daniel Edilson Flauzino (<em><a href=\"mailto:dflauzino@unicentro.br\">dflauzino@unicentro.br<\/a><\/em>)<\/p>\n<p>\u21d2 <a href=\"https:\/\/www3.unicentro.br\/ppgcf\/\" target=\"_blank\" rel=\"noopener noreferrer\">Site do programa<\/a>.<\/p>\n<p>E-mail: <em><a href=\"mailto:ppgcf_unicentro@yahoo.com.br\">ppgcf_unicentro@yahoo.com.br<\/a><\/em><br \/>\nTelefone: (42) 3629-8165<\/p>\n<p>Hor\u00e1rio de Atendimento:<br \/>\nManh\u00e3: 8h30 \u00e0s 12h \/ Tarde: 13h \u00e0s 17h30<\/p>\n<p>&nbsp;<\/p>\n<p>&nbsp;<\/p>\n<h2><a href=\"http:\/\/sites.unicentro.br\/wp\/profnit\/\" target=\"_blank\" rel=\"noopener noreferrer\">Programa de Mestrado Profissional em Propriedade Intelectual e <\/a><a href=\"http:\/\/sites.unicentro.br\/wp\/profnit\/\" target=\"_blank\" rel=\"noopener noreferrer\"><img loading=\"lazy\" decoding=\"async\" class=\"http:\/\/sites.unicentro.br\/wp\/profnit\/ alignright wp-image-116 size-thumb_409x258\" title=\"http:\/\/sites.unicentro.br\/wp\/profnit\/\" src=\"https:\/\/www3.unicentro.br\/cedeteg\/wp-content\/uploads\/sites\/91\/2020\/09\/code-1839406_1920-409x258.jpg\" alt=\"\" width=\"409\" height=\"258\" srcset=\"https:\/\/www3.unicentro.br\/cedeteg\/wp-content\/uploads\/sites\/91\/2020\/09\/code-1839406_1920-409x258.jpg 409w, https:\/\/www3.unicentro.br\/cedeteg\/wp-content\/uploads\/sites\/91\/2020\/09\/code-1839406_1920-139x89.jpg 139w, https:\/\/www3.unicentro.br\/cedeteg\/wp-content\/uploads\/sites\/91\/2020\/09\/code-1839406_1920-818x516.jpg 818w\" sizes=\"auto, (max-width: 409px) 100vw, 409px\" \/><\/a><\/h2>\n<h2><a href=\"http:\/\/sites.unicentro.br\/wp\/profnit\/\" target=\"_blank\" rel=\"noopener noreferrer\">Transfer\u00eancia de Tecnologia para Inova\u00e7\u00e3o \u2013 Profnit<\/a><\/h2>\n<p><em>Mestrado<\/em><\/p>\n<p>Coordenador: Weber Cl\u00e1udio Francisco Nunes da Silva (<em><a href=\"mailto:wsilva@unicentro.br\">wsilva@unicentro.br<\/a><\/em>) \/ Vice-Coordenadora: Juliana Sartori Bonini (<em><a href=\"mailto:jbonini@unicentro.br\">jbonini@unicentro.br<\/a><\/em>) \/ Secret\u00e1rio: Daniel Gon\u00e7alves dos Santos (<em><a href=\"mailto:daniel@unicentro.br\">daniel@unicentro.br<\/a><\/em>)<\/p>\n<p>\u21d2 <a href=\"http:\/\/sites.unicentro.br\/wp\/profnit\/\" target=\"_blank\" rel=\"noopener noreferrer\">Site do programa<\/a>.<\/p>\n<p>E-mail: <em><a href=\"mailto:unicentro.profnit@gmail.com\">unicentro.profnit@gmail.com<\/a><\/em><br \/>\nTelefone: (42) 3629-8170<\/p>\n<p>Hor\u00e1rio de Atendimento:<br \/>\nManh\u00e3: 8h30 \u00e0s 12h \/ Tarde: 13h30 \u00e0s 17h<\/p>\n<p>&nbsp;<\/p>\n<h2><a href=\"https:\/\/www3.unicentro.br\/ppgnb\/\" target=\"_blank\" rel=\"noopener noreferrer\">Programa de P\u00f3s-Gradua\u00e7\u00e3o em Nanoci\u00eancias e Bioci\u00eancias<\/a><a href=\"https:\/\/www3.unicentro.br\/ppgnb\/\" target=\"_blank\" rel=\"noopener noreferrer\"><img loading=\"lazy\" decoding=\"async\" class=\"https:\/\/www3.unicentro.br\/ppgnb\/ alignright wp-image-125 size-thumb_409x258\" title=\"https:\/\/www3.unicentro.br\/ppgnb\/\" src=\"https:\/\/www3.unicentro.br\/cedeteg\/wp-content\/uploads\/sites\/91\/2020\/09\/dna-5297378_1920-409x258.jpg\" alt=\"\" width=\"409\" height=\"258\" srcset=\"https:\/\/www3.unicentro.br\/cedeteg\/wp-content\/uploads\/sites\/91\/2020\/09\/dna-5297378_1920-409x258.jpg 409w, https:\/\/www3.unicentro.br\/cedeteg\/wp-content\/uploads\/sites\/91\/2020\/09\/dna-5297378_1920-139x89.jpg 139w, https:\/\/www3.unicentro.br\/cedeteg\/wp-content\/uploads\/sites\/91\/2020\/09\/dna-5297378_1920-818x516.jpg 818w\" sizes=\"auto, (max-width: 409px) 100vw, 409px\" \/><\/a><\/h2>\n<p><em>Mestrado<\/em><\/p>\n<p>Coordenadora: Sandra Mara Guse Scos Venske (<em><a href=\"mailto:ssvenske@unicentro.br\">ssvenske@unicentro.br<\/a><\/em>) \/ Vice-Coordenadora :Carine Teles Sangaleti Miyahara (<em><a href=\"mailto:carineteles@unicentro.br\">carineteles@unicentro.br<\/a><\/em>) \/ Secret\u00e1rio: Daniel Edilson Flauzino (<em><a href=\"mailto:dflauzino@unicentro.br\">dflauzino@unicentro.br<\/a><\/em>)<\/p>\n<p>\u21d2 <a href=\"https:\/\/www3.unicentro.br\/ppgnb\/\" target=\"_blank\" rel=\"noopener noreferrer\">Site do programa<\/a>.<\/p>\n<p>E-mail: <em><a href=\"mailto:ppgnbunicentro@hotmail.com\">ppgnbunicentro@hotmail.com<\/a><\/em><br \/>\nTelefone: (42) 3629-8165<\/p>\n<p>Hor\u00e1rio de Atendimento:<br \/>\nManh\u00e3: 8h30 \u00e0s 12h \/ Tarde: 13h \u00e0s 17h30[\/vc_column_text][\/vc_column][\/vc_row]<\/p>\n<\/div>","protected":false},"excerpt":{"rendered":"<p>[vc_row][vc_column][vc_column_text css=&#8221;&#8221;] Programa de P\u00f3s-Gradua\u00e7\u00e3o em Agronomia Mestrado e Doutorado Coordenador: Renato Vasconcelos Botelho (rbotelho@unicentro.br) \/ Vice-Coordenador: Cristiano Andr\u00e9 Pott (cpott@unicentro.br) \/ Secret\u00e1ria: Luc\u00edlia da Rosa de Lima (lucilia@unicentro.br) \u21d2 Site do programa E-mail: secretaria.ppga@gmail.com Telefone: (42) 3629-8248 Hor\u00e1rio de Atendimento: Manh\u00e3: das 8h \u00e0s 12h \/ Tarde: das 14h \u00e0s 17h Programa de P\u00f3s-Gradua\u00e7\u00e3o [&hellip;]<\/p>\n","protected":false},"author":3,"featured_media":0,"parent":21,"menu_order":0,"comment_status":"closed","ping_status":"closed","template":"","meta":{"_exactmetrics_skip_tracking":false,"_exactmetrics_sitenote_active":false,"_exactmetrics_sitenote_note":"","_exactmetrics_sitenote_category":0,"footnotes":"","_links_to":"","_links_to_target":""},"class_list":["post-25","page","type-page","status-publish","hentry"],"_links":{"self":[{"href":"https:\/\/www3.unicentro.br\/cedeteg\/wp-json\/wp\/v2\/pages\/25","targetHints":{"allow":["GET"]}}],"collection":[{"href":"https:\/\/www3.unicentro.br\/cedeteg\/wp-json\/wp\/v2\/pages"}],"about":[{"href":"https:\/\/www3.unicentro.br\/cedeteg\/wp-json\/wp\/v2\/types\/page"}],"author":[{"embeddable":true,"href":"https:\/\/www3.unicentro.br\/cedeteg\/wp-json\/wp\/v2\/users\/3"}],"replies":[{"embeddable":true,"href":"https:\/\/www3.unicentro.br\/cedeteg\/wp-json\/wp\/v2\/comments?post=25"}],"version-history":[{"count":2,"href":"https:\/\/www3.unicentro.br\/cedeteg\/wp-json\/wp\/v2\/pages\/25\/revisions"}],"predecessor-version":[{"id":6574,"href":"https:\/\/www3.unicentro.br\/cedeteg\/wp-json\/wp\/v2\/pages\/25\/revisions\/6574"}],"up":[{"embeddable":true,"href":"https:\/\/www3.unicentro.br\/cedeteg\/wp-json\/wp\/v2\/pages\/21"}],"wp:attachment":[{"href":"https:\/\/www3.unicentro.br\/cedeteg\/wp-json\/wp\/v2\/media?parent=25"}],"curies":[{"name":"wp","href":"https:\/\/api.w.org\/{rel}","templated":true}]}}