{"id":2397,"date":"2023-03-24T15:18:07","date_gmt":"2023-03-24T18:18:07","guid":{"rendered":"https:\/\/www3.unicentro.br\/cedeteg\/?page_id=2397"},"modified":"2025-08-15T10:35:01","modified_gmt":"2025-08-15T13:35:01","slug":"informativos-e-campanhas","status":"publish","type":"page","link":"https:\/\/www3.unicentro.br\/cedeteg\/informativos-e-campanhas\/","title":{"rendered":"Informativos e Campanhas"},"content":{"rendered":"<div class=\"wpb-content-wrapper\"><p>[vc_row][vc_column][vc_column_text css=&#8221;&#8221;]<\/p>\n<ul>\n<li><a href=\"https:\/\/www3.unicentro.br\/cedeteg\/wp-content\/uploads\/sites\/91\/2023\/03\/Aten_o_a_Sa_de_Urg_ncia_e_Emerg_ncia_641dd439e36d8.pdf\">Aten\u00e7\u00e3o a sa\u00fade, urg\u00eancia e emerg\u00eancia<\/a><\/li>\n<li><a href=\"https:\/\/www3.unicentro.br\/cedeteg\/2025\/07\/18\/cuidado-com-o-patrimonio-publico-e-consumo-sustentavel\/\">Cuidado com o patrim\u00f4nio p\u00fablico e consumo sustent\u00e1vel<\/a><\/li>\n<li><a href=\"https:\/\/www3.unicentro.br\/cedeteg\/wp-content\/uploads\/sites\/91\/2023\/03\/Eventos_e_cursos_641dd43a44b3d.pdf\">Normas para realiza\u00e7\u00e3o de eventos e cursos<\/a><\/li>\n<li><a href=\"https:\/\/www3.unicentro.br\/cedeteg\/wp-content\/uploads\/sites\/91\/2023\/03\/Norma_Proibido_Fumar_em_Ambientes_Coletivos_641dd4886a9bf.jpg\">Norma &#8220;proibido fumar nos recintos coletivos da Unicentro&#8221;<\/a><\/li>\n<li><a href=\"https:\/\/www3.unicentro.br\/cedeteg\/wp-content\/uploads\/sites\/91\/2023\/03\/Plano_de_Gest_o_de_Res_duos_C_mpus_Cedeteg_641dd488be0f4.jpg\">Plano de gest\u00e3o de res\u00edduos s\u00f3lidos e plano de gest\u00e3o de res\u00edduos dos servi\u00e7os de sa\u00fade<\/a><\/li>\n<li><a href=\"https:\/\/www3.unicentro.br\/cedeteg\/wp-content\/uploads\/sites\/91\/2023\/03\/Proibido_Fumar_Neste_Local_641dd48928596.jpg\">Proibido fumar neste local<\/a><\/li>\n<li><a href=\"https:\/\/www3.unicentro.br\/cedeteg\/wp-content\/uploads\/sites\/91\/2023\/03\/Reclame_sugira_e_elogie_C_mpus_Cedeteg_641dd9bd58b59.jpg\">Reclame, sugira ou elogie<\/a><\/li>\n<li><a href=\"https:\/\/www3.unicentro.br\/cedeteg\/campanha-transito-seguro-e-sustentavel-no-campus-cedeteg\/\" target=\"_blank\" rel=\"noopener\">Tr\u00e2nsito seguro no C\u00e2mpus Cedeteg<\/a><\/li>\n<li><a href=\"https:\/\/www3.unicentro.br\/cedeteg\/wp-content\/uploads\/sites\/91\/2023\/03\/Trote_Nunca_Mais_641dd9bd02ea0.jpg\">Trote Nunca Mais<\/a><\/li>\n<\/ul>\n<p>[\/vc_column_text][\/vc_column][\/vc_row]<\/p>\n<\/div>","protected":false},"excerpt":{"rendered":"<p>[vc_row][vc_column][vc_column_text css=&#8221;&#8221;] Aten\u00e7\u00e3o a sa\u00fade, urg\u00eancia e emerg\u00eancia Cuidado com o patrim\u00f4nio p\u00fablico e consumo sustent\u00e1vel Normas para realiza\u00e7\u00e3o de eventos e cursos Norma &#8220;proibido fumar nos recintos coletivos da Unicentro&#8221; Plano de gest\u00e3o de res\u00edduos s\u00f3lidos e plano de gest\u00e3o de res\u00edduos dos servi\u00e7os de sa\u00fade Proibido fumar neste local Reclame, sugira ou elogie [&hellip;]<\/p>\n","protected":false},"author":248,"featured_media":0,"parent":0,"menu_order":0,"comment_status":"closed","ping_status":"closed","template":"","meta":{"_exactmetrics_skip_tracking":false,"_exactmetrics_sitenote_active":false,"_exactmetrics_sitenote_note":"","_exactmetrics_sitenote_category":0,"footnotes":"","_links_to":"","_links_to_target":""},"class_list":["post-2397","page","type-page","status-publish","hentry"],"_links":{"self":[{"href":"https:\/\/www3.unicentro.br\/cedeteg\/wp-json\/wp\/v2\/pages\/2397","targetHints":{"allow":["GET"]}}],"collection":[{"href":"https:\/\/www3.unicentro.br\/cedeteg\/wp-json\/wp\/v2\/pages"}],"about":[{"href":"https:\/\/www3.unicentro.br\/cedeteg\/wp-json\/wp\/v2\/types\/page"}],"author":[{"embeddable":true,"href":"https:\/\/www3.unicentro.br\/cedeteg\/wp-json\/wp\/v2\/users\/248"}],"replies":[{"embeddable":true,"href":"https:\/\/www3.unicentro.br\/cedeteg\/wp-json\/wp\/v2\/comments?post=2397"}],"version-history":[{"count":1,"href":"https:\/\/www3.unicentro.br\/cedeteg\/wp-json\/wp\/v2\/pages\/2397\/revisions"}],"predecessor-version":[{"id":6492,"href":"https:\/\/www3.unicentro.br\/cedeteg\/wp-json\/wp\/v2\/pages\/2397\/revisions\/6492"}],"wp:attachment":[{"href":"https:\/\/www3.unicentro.br\/cedeteg\/wp-json\/wp\/v2\/media?parent=2397"}],"curies":[{"name":"wp","href":"https:\/\/api.w.org\/{rel}","templated":true}]}}