{"id":23,"date":"2020-09-01T16:19:16","date_gmt":"2020-09-01T19:19:16","guid":{"rendered":"https:\/\/www3.unicentro.br\/cedeteg\/?page_id=23"},"modified":"2020-11-25T16:06:57","modified_gmt":"2020-11-25T19:06:57","slug":"graduacao","status":"publish","type":"page","link":"https:\/\/www3.unicentro.br\/cedeteg\/cursos\/graduacao\/","title":{"rendered":"Gradua\u00e7\u00e3o"},"content":{"rendered":"<p><strong><img loading=\"lazy\" decoding=\"async\" class=\"alignnone size-thumb_278x178 wp-image-96\" src=\"https:\/\/www3.unicentro.br\/cedeteg\/wp-content\/uploads\/sites\/91\/2020\/09\/wheat-1530321_960_720-278x178.jpg\" alt=\"\" width=\"278\" height=\"178\" srcset=\"https:\/\/www3.unicentro.br\/cedeteg\/wp-content\/uploads\/sites\/91\/2020\/09\/wheat-1530321_960_720-278x178.jpg 278w, https:\/\/www3.unicentro.br\/cedeteg\/wp-content\/uploads\/sites\/91\/2020\/09\/wheat-1530321_960_720-139x89.jpg 139w\" sizes=\"auto, (max-width: 278px) 100vw, 278px\" \/> <img loading=\"lazy\" decoding=\"async\" class=\"alignnone wp-image-97 size-thumb_278x178\" src=\"https:\/\/www3.unicentro.br\/cedeteg\/wp-content\/uploads\/sites\/91\/2020\/09\/analysis-2030266_1920-278x178.jpg\" alt=\"\" width=\"278\" height=\"178\" srcset=\"https:\/\/www3.unicentro.br\/cedeteg\/wp-content\/uploads\/sites\/91\/2020\/09\/analysis-2030266_1920-278x178.jpg 278w, https:\/\/www3.unicentro.br\/cedeteg\/wp-content\/uploads\/sites\/91\/2020\/09\/analysis-2030266_1920-139x89.jpg 139w\" sizes=\"auto, (max-width: 278px) 100vw, 278px\" \/>\u00a0<img loading=\"lazy\" decoding=\"async\" class=\"alignnone wp-image-98 size-thumb_278x178\" src=\"https:\/\/www3.unicentro.br\/cedeteg\/wp-content\/uploads\/sites\/91\/2020\/09\/plant-4264952_1920-278x178.jpg\" alt=\"\" width=\"278\" height=\"178\" srcset=\"https:\/\/www3.unicentro.br\/cedeteg\/wp-content\/uploads\/sites\/91\/2020\/09\/plant-4264952_1920-278x178.jpg 278w, https:\/\/www3.unicentro.br\/cedeteg\/wp-content\/uploads\/sites\/91\/2020\/09\/plant-4264952_1920-139x89.jpg 139w\" sizes=\"auto, (max-width: 278px) 100vw, 278px\" \/> <img loading=\"lazy\" decoding=\"async\" class=\"alignnone wp-image-99 size-thumb_278x178\" src=\"https:\/\/www3.unicentro.br\/cedeteg\/wp-content\/uploads\/sites\/91\/2020\/09\/horse-5258782_1920-278x178.jpg\" alt=\"\" width=\"278\" height=\"178\" srcset=\"https:\/\/www3.unicentro.br\/cedeteg\/wp-content\/uploads\/sites\/91\/2020\/09\/horse-5258782_1920-278x178.jpg 278w, https:\/\/www3.unicentro.br\/cedeteg\/wp-content\/uploads\/sites\/91\/2020\/09\/horse-5258782_1920-139x89.jpg 139w\" sizes=\"auto, (max-width: 278px) 100vw, 278px\" \/><\/strong><\/p>\n<p>&nbsp;<\/p>\n<h2><strong>Cursos de Gradua\u00e7\u00e3o<\/strong><\/h2>\n<ul>\n<li><span style=\"color: #800000\"><a style=\"color: #800000\" href=\"https:\/\/www3.unicentro.br\/cursos\/agronomia\/\" target=\"_blank\" rel=\"noopener noreferrer\">Agronomia<\/a><\/span><\/li>\n<li><span style=\"color: #800000\"><a style=\"color: #800000\" href=\"https:\/\/www3.unicentro.br\/cursos\/ciencia-da-computacao\/\" target=\"_blank\" rel=\"noopener noreferrer\">Ci\u00eancia da Computa\u00e7\u00e3o<\/a><\/span><\/li>\n<li><span style=\"color: #800000\"><a style=\"color: #800000\" href=\"https:\/\/www3.unicentro.br\/cursos\/ciencias-biologicas\/\" target=\"_blank\" rel=\"noopener noreferrer\">Ci\u00eancias Biol\u00f3gicas<\/a><\/span><\/li>\n<li><span style=\"color: #800000\"><a style=\"color: #800000\" href=\"https:\/\/www3.unicentro.br\/cursos\/educacao-fisica-guarapuava\/\" target=\"_blank\" rel=\"noopener noreferrer\">Educa\u00e7\u00e3o F\u00edsica<\/a><\/span><\/li>\n<li><span style=\"color: #800000\"><a style=\"color: #800000\" href=\"https:\/\/www3.unicentro.br\/cursos\/enfermagem\/\" target=\"_blank\" rel=\"noopener noreferrer\">Enfermagem<\/a><\/span><\/li>\n<li><span style=\"color: #800000\"><a style=\"color: #800000\" href=\"https:\/\/www3.unicentro.br\/cursos\/engenharia-de-alimentos\/\" target=\"_blank\" rel=\"noopener noreferrer\">Engenharia de Alimentos<\/a><\/span><\/li>\n<li><span style=\"color: #800000\"><a style=\"color: #800000\" href=\"https:\/\/www3.unicentro.br\/cursos\/farmacia\/\" target=\"_blank\" rel=\"noopener noreferrer\">Farm\u00e1cia<\/a><\/span><\/li>\n<li><span style=\"color: #800000\"><a style=\"color: #800000\" href=\"https:\/\/www3.unicentro.br\/cursos\/fisica\/\" target=\"_blank\" rel=\"noopener noreferrer\">F\u00edsica<\/a><\/span><\/li>\n<li><span style=\"color: #800000\"><a style=\"color: #800000\" href=\"https:\/\/www3.unicentro.br\/cursos\/fisioterapia\/\" target=\"_blank\" rel=\"noopener noreferrer\">Fisioterapia<\/a><\/span><\/li>\n<li><span style=\"color: #800000\"><a style=\"color: #800000\" href=\"https:\/\/www3.unicentro.br\/cursos\/geografia-g\/\" target=\"_blank\" rel=\"noopener noreferrer\">Geografia<\/a><\/span><\/li>\n<li><span style=\"color: #800000\"><a style=\"color: #800000\" href=\"https:\/\/www3.unicentro.br\/cursos\/matematica-g\/\" target=\"_blank\" rel=\"noopener noreferrer\">Matem\u00e1tica<\/a><\/span><\/li>\n<li><span style=\"color: #800000\"><a style=\"color: #800000\" href=\"https:\/\/www3.unicentro.br\/cursos\/matematica-aplicada-e-computacional\/\" target=\"_blank\" rel=\"noopener noreferrer\">Matem\u00e1tica Aplicada e Computacional<\/a><\/span><\/li>\n<li><span style=\"color: #800000\"><a style=\"color: #800000\" href=\"https:\/\/www3.unicentro.br\/cursos\/medicina\/\" target=\"_blank\" rel=\"noopener noreferrer\">Medicina<\/a><\/span><\/li>\n<li><span style=\"color: #800000\"><a style=\"color: #800000\" href=\"https:\/\/www3.unicentro.br\/cursos\/medicina-veterinaria\/\" target=\"_blank\" rel=\"noopener noreferrer\">Medicina Veterin\u00e1ria<\/a><\/span><\/li>\n<li><span style=\"color: #800000\"><a style=\"color: #800000\" href=\"https:\/\/www3.unicentro.br\/cursos\/nutricao\/\" target=\"_blank\" rel=\"noopener noreferrer\">Nutri\u00e7\u00e3o<\/a><\/span><\/li>\n<li><span style=\"color: #800000\"><a style=\"color: #800000\" href=\"https:\/\/www3.unicentro.br\/cursos\/quimica\/\" target=\"_blank\" rel=\"noopener noreferrer\">Qu\u00edmica<\/a><\/span><\/li>\n<\/ul>\n<p>&nbsp;<\/p>\n<p><img loading=\"lazy\" decoding=\"async\" class=\"alignnone size-thumb_278x178 wp-image-102\" src=\"https:\/\/www3.unicentro.br\/cedeteg\/wp-content\/uploads\/sites\/91\/2020\/09\/doctor-563428_1920-278x178.jpg\" alt=\"\" width=\"278\" height=\"178\" srcset=\"https:\/\/www3.unicentro.br\/cedeteg\/wp-content\/uploads\/sites\/91\/2020\/09\/doctor-563428_1920-278x178.jpg 278w, https:\/\/www3.unicentro.br\/cedeteg\/wp-content\/uploads\/sites\/91\/2020\/09\/doctor-563428_1920-139x89.jpg 139w\" sizes=\"auto, (max-width: 278px) 100vw, 278px\" \/> <img loading=\"lazy\" decoding=\"async\" class=\"alignnone size-thumb_278x178 wp-image-103\" src=\"https:\/\/www3.unicentro.br\/cedeteg\/wp-content\/uploads\/sites\/91\/2020\/09\/vegetables-2485055_1920-278x178.jpg\" alt=\"\" width=\"278\" height=\"178\" srcset=\"https:\/\/www3.unicentro.br\/cedeteg\/wp-content\/uploads\/sites\/91\/2020\/09\/vegetables-2485055_1920-278x178.jpg 278w, https:\/\/www3.unicentro.br\/cedeteg\/wp-content\/uploads\/sites\/91\/2020\/09\/vegetables-2485055_1920-139x89.jpg 139w\" sizes=\"auto, (max-width: 278px) 100vw, 278px\" \/> <img loading=\"lazy\" decoding=\"async\" class=\"alignnone size-thumb_278x178 wp-image-104\" src=\"https:\/\/www3.unicentro.br\/cedeteg\/wp-content\/uploads\/sites\/91\/2020\/09\/laboratory-2815641_1920-278x178.jpg\" alt=\"\" width=\"278\" height=\"178\" srcset=\"https:\/\/www3.unicentro.br\/cedeteg\/wp-content\/uploads\/sites\/91\/2020\/09\/laboratory-2815641_1920-278x178.jpg 278w, https:\/\/www3.unicentro.br\/cedeteg\/wp-content\/uploads\/sites\/91\/2020\/09\/laboratory-2815641_1920-139x89.jpg 139w\" sizes=\"auto, (max-width: 278px) 100vw, 278px\" \/> <img loading=\"lazy\" decoding=\"async\" class=\"alignnone size-thumb_278x178 wp-image-106\" src=\"https:\/\/www3.unicentro.br\/cedeteg\/wp-content\/uploads\/sites\/91\/2020\/09\/mathematics-1622448_1920-278x178.jpg\" alt=\"\" width=\"278\" height=\"178\" srcset=\"https:\/\/www3.unicentro.br\/cedeteg\/wp-content\/uploads\/sites\/91\/2020\/09\/mathematics-1622448_1920-278x178.jpg 278w, https:\/\/www3.unicentro.br\/cedeteg\/wp-content\/uploads\/sites\/91\/2020\/09\/mathematics-1622448_1920-139x89.jpg 139w\" sizes=\"auto, (max-width: 278px) 100vw, 278px\" \/><\/p>\n","protected":false},"excerpt":{"rendered":"<p>\u00a0 &nbsp; Cursos de Gradua\u00e7\u00e3o Agronomia Ci\u00eancia da Computa\u00e7\u00e3o Ci\u00eancias Biol\u00f3gicas Educa\u00e7\u00e3o F\u00edsica Enfermagem Engenharia de Alimentos Farm\u00e1cia F\u00edsica Fisioterapia Geografia Matem\u00e1tica Matem\u00e1tica Aplicada e Computacional Medicina Medicina Veterin\u00e1ria Nutri\u00e7\u00e3o Qu\u00edmica &nbsp;<\/p>\n","protected":false},"author":3,"featured_media":0,"parent":21,"menu_order":0,"comment_status":"closed","ping_status":"closed","template":"","meta":{"_exactmetrics_skip_tracking":false,"_exactmetrics_sitenote_active":false,"_exactmetrics_sitenote_note":"","_exactmetrics_sitenote_category":0,"footnotes":"","_links_to":"","_links_to_target":""},"class_list":["post-23","page","type-page","status-publish","hentry"],"_links":{"self":[{"href":"https:\/\/www3.unicentro.br\/cedeteg\/wp-json\/wp\/v2\/pages\/23","targetHints":{"allow":["GET"]}}],"collection":[{"href":"https:\/\/www3.unicentro.br\/cedeteg\/wp-json\/wp\/v2\/pages"}],"about":[{"href":"https:\/\/www3.unicentro.br\/cedeteg\/wp-json\/wp\/v2\/types\/page"}],"author":[{"embeddable":true,"href":"https:\/\/www3.unicentro.br\/cedeteg\/wp-json\/wp\/v2\/users\/3"}],"replies":[{"embeddable":true,"href":"https:\/\/www3.unicentro.br\/cedeteg\/wp-json\/wp\/v2\/comments?post=23"}],"version-history":[{"count":0,"href":"https:\/\/www3.unicentro.br\/cedeteg\/wp-json\/wp\/v2\/pages\/23\/revisions"}],"up":[{"embeddable":true,"href":"https:\/\/www3.unicentro.br\/cedeteg\/wp-json\/wp\/v2\/pages\/21"}],"wp:attachment":[{"href":"https:\/\/www3.unicentro.br\/cedeteg\/wp-json\/wp\/v2\/media?parent=23"}],"curies":[{"name":"wp","href":"https:\/\/api.w.org\/{rel}","templated":true}]}}