{"id":1811,"date":"2022-07-27T15:00:47","date_gmt":"2022-07-27T18:00:47","guid":{"rendered":"https:\/\/www3.unicentro.br\/cedeteg\/?page_id=1811"},"modified":"2024-06-25T10:19:05","modified_gmt":"2024-06-25T13:19:05","slug":"fazendaescola","status":"publish","type":"page","link":"https:\/\/www3.unicentro.br\/cedeteg\/fazendaescola\/","title":{"rendered":"Fazenda Escola"},"content":{"rendered":"<div class=\"wpb-content-wrapper\"><p>[vc_row][vc_column][vc_column_text css=&#8221;&#8221;]A Fazenda Escola est\u00e1 localizada junto \u00e0 Esta\u00e7\u00e3o Experimental do Instituto de Desenvolvimento Rural (IDR), de Guarapuava, com \u00e1rea aproximada de 30 hectares.<\/p>\n<p>Desde 2017, a Fazenda Escola oportuniza a realiza\u00e7\u00e3o de pr\u00e1ticas de ensino, pesquisa e extens\u00e3o nas \u00e1reas de Agronomia e Medicina Veterin\u00e1ria.<\/p>\n<p>Coordenador: Prof. Marcelo Cruz Mendes<br \/>\nDias e hor\u00e1rios de funcionamento: de segunda a sexta-feira, das 7h30 \u00e0s 11h30 e das 13h \u00e0s 17h<br \/>\nTelefone: (42) 3629-8226<br \/>\nE-mail: mmendes@unicentro.br<br \/>\nEndere\u00e7o: BR 277, KM 350, Guarapuava-PR (Adjacente \u00e0 Esta\u00e7\u00e3o Experimental do IDR \u2013 Instituto de Desenvolvimento Rural do Paran\u00e1)[\/vc_column_text][\/vc_column][\/vc_row][vc_row][vc_column width=&#8221;1\/3&#8243;][vc_video link=&#8221;https:\/\/www.youtube.com\/watch?v=HlogTHFWzMU&#8221; align=&#8221;center&#8221;][\/vc_column][vc_column width=&#8221;1\/3&#8243;][vc_video link=&#8221;https:\/\/www.youtube.com\/watch?v=DRx8o85kZEk&#8221; align=&#8221;center&#8221;][\/vc_column][vc_column width=&#8221;1\/3&#8243;][vc_video link=&#8221;https:\/\/www.youtube.com\/watch?v=Dn3FLRGoFC8&#8243; align=&#8221;center&#8221;][\/vc_column][\/vc_row][vc_row][vc_column width=&#8221;1\/6&#8243;][\/vc_column][vc_column width=&#8221;1\/3&#8243;][vc_video link=&#8221;https:\/\/www.youtube.com\/watch?v=vqoaQD4fqWQ&#8221; align=&#8221;center&#8221;][\/vc_column][vc_column width=&#8221;1\/3&#8243;][vc_video link=&#8221;https:\/\/www.youtube.com\/watch?v=C0kfEg0l840&#8243; align=&#8221;center&#8221;][\/vc_column][vc_column width=&#8221;1\/6&#8243;][\/vc_column][\/vc_row]<\/p>\n<\/div>","protected":false},"excerpt":{"rendered":"<p>[vc_row][vc_column][vc_column_text css=&#8221;&#8221;]A Fazenda Escola est\u00e1 localizada junto \u00e0 Esta\u00e7\u00e3o Experimental do Instituto de Desenvolvimento Rural (IDR), de Guarapuava, com \u00e1rea aproximada de 30 hectares. Desde 2017, a Fazenda Escola oportuniza a realiza\u00e7\u00e3o de pr\u00e1ticas de ensino, pesquisa e extens\u00e3o nas \u00e1reas de Agronomia e Medicina Veterin\u00e1ria. Coordenador: Prof. Marcelo Cruz Mendes Dias e hor\u00e1rios de [&hellip;]<\/p>\n","protected":false},"author":3,"featured_media":0,"parent":0,"menu_order":0,"comment_status":"closed","ping_status":"closed","template":"","meta":{"_exactmetrics_skip_tracking":false,"_exactmetrics_sitenote_active":false,"_exactmetrics_sitenote_note":"","_exactmetrics_sitenote_category":0,"footnotes":"","_links_to":"","_links_to_target":""},"class_list":["post-1811","page","type-page","status-publish","hentry"],"_links":{"self":[{"href":"https:\/\/www3.unicentro.br\/cedeteg\/wp-json\/wp\/v2\/pages\/1811","targetHints":{"allow":["GET"]}}],"collection":[{"href":"https:\/\/www3.unicentro.br\/cedeteg\/wp-json\/wp\/v2\/pages"}],"about":[{"href":"https:\/\/www3.unicentro.br\/cedeteg\/wp-json\/wp\/v2\/types\/page"}],"author":[{"embeddable":true,"href":"https:\/\/www3.unicentro.br\/cedeteg\/wp-json\/wp\/v2\/users\/3"}],"replies":[{"embeddable":true,"href":"https:\/\/www3.unicentro.br\/cedeteg\/wp-json\/wp\/v2\/comments?post=1811"}],"version-history":[{"count":1,"href":"https:\/\/www3.unicentro.br\/cedeteg\/wp-json\/wp\/v2\/pages\/1811\/revisions"}],"predecessor-version":[{"id":5383,"href":"https:\/\/www3.unicentro.br\/cedeteg\/wp-json\/wp\/v2\/pages\/1811\/revisions\/5383"}],"wp:attachment":[{"href":"https:\/\/www3.unicentro.br\/cedeteg\/wp-json\/wp\/v2\/media?parent=1811"}],"curies":[{"name":"wp","href":"https:\/\/api.w.org\/{rel}","templated":true}]}}