{"id":17,"date":"2020-09-01T16:16:20","date_gmt":"2020-09-01T19:16:20","guid":{"rendered":"https:\/\/www3.unicentro.br\/cedeteg\/?page_id=17"},"modified":"2023-03-20T17:56:36","modified_gmt":"2023-03-20T20:56:36","slug":"contato","status":"publish","type":"page","link":"https:\/\/www3.unicentro.br\/cedeteg\/contato\/","title":{"rendered":"Contato"},"content":{"rendered":"<div id=\"attachment_321\" style=\"width: 607px\" class=\"wp-caption alignright\"><img loading=\"lazy\" decoding=\"async\" aria-describedby=\"caption-attachment-321\" class=\"wp-image-321\" src=\"https:\/\/www3.unicentro.br\/cedeteg\/wp-content\/uploads\/sites\/91\/2020\/10\/cedeteg-drone-administrativo-1024x550.jpg\" alt=\"\" width=\"597\" height=\"321\" srcset=\"https:\/\/www3.unicentro.br\/cedeteg\/wp-content\/uploads\/sites\/91\/2020\/10\/cedeteg-drone-administrativo-1024x550.jpg 1024w, https:\/\/www3.unicentro.br\/cedeteg\/wp-content\/uploads\/sites\/91\/2020\/10\/cedeteg-drone-administrativo-300x161.jpg 300w, https:\/\/www3.unicentro.br\/cedeteg\/wp-content\/uploads\/sites\/91\/2020\/10\/cedeteg-drone-administrativo-768x413.jpg 768w, https:\/\/www3.unicentro.br\/cedeteg\/wp-content\/uploads\/sites\/91\/2020\/10\/cedeteg-drone-administrativo-255x137.jpg 255w, https:\/\/www3.unicentro.br\/cedeteg\/wp-content\/uploads\/sites\/91\/2020\/10\/cedeteg-drone-administrativo.jpg 1290w\" sizes=\"auto, (max-width: 597px) 100vw, 597px\" \/><p id=\"caption-attachment-321\" class=\"wp-caption-text\">Vista a\u00e9rea da Dire\u00e7\u00e3o-Geral do Campus Cedeteg<\/p><\/div>\n<p><strong>Dire\u00e7\u00e3o-Geral do Campus Cedeteg <\/strong><br \/>\nE-mail: <a href=\"mailto:dircampcedeteg@unicentro.br\">dircampcedeteg@unicentro.br<\/a><br \/>\nTelefones:<br \/>\n(42) 3629-8102<br \/>\n(42) 3629-8185<\/p>\n<p>&nbsp;<\/p>\n<p><strong>Ouvidoria da Unicentro\u00a0<\/strong><br \/>\nAtendimento online: <a href=\"http:\/\/www3.unicentro.br\/ouvidoria\/\" target=\"_blank\" rel=\"noopener noreferrer\">www.unicentro.br\/ouvidoria<\/a><br \/>\nAtendimento presencial: Sede Central da Unicentro, no campus Santa Cruz, em Guarapuava, sala n\u00ba 107-A &#8211; Bloco A &#8211; T\u00e9rreo<\/p>\n","protected":false},"excerpt":{"rendered":"<p>Dire\u00e7\u00e3o-Geral do Campus Cedeteg E-mail: dircampcedeteg@unicentro.br Telefones: (42) 3629-8102 (42) 3629-8185 &nbsp; Ouvidoria da Unicentro\u00a0 Atendimento online: www.unicentro.br\/ouvidoria Atendimento presencial: Sede Central da Unicentro, no campus Santa Cruz, em Guarapuava, sala n\u00ba 107-A &#8211; Bloco A &#8211; T\u00e9rreo<\/p>\n","protected":false},"author":3,"featured_media":0,"parent":0,"menu_order":0,"comment_status":"closed","ping_status":"closed","template":"","meta":{"_exactmetrics_skip_tracking":false,"_exactmetrics_sitenote_active":false,"_exactmetrics_sitenote_note":"","_exactmetrics_sitenote_category":0,"footnotes":"","_links_to":"","_links_to_target":""},"class_list":["post-17","page","type-page","status-publish","hentry"],"_links":{"self":[{"href":"https:\/\/www3.unicentro.br\/cedeteg\/wp-json\/wp\/v2\/pages\/17","targetHints":{"allow":["GET"]}}],"collection":[{"href":"https:\/\/www3.unicentro.br\/cedeteg\/wp-json\/wp\/v2\/pages"}],"about":[{"href":"https:\/\/www3.unicentro.br\/cedeteg\/wp-json\/wp\/v2\/types\/page"}],"author":[{"embeddable":true,"href":"https:\/\/www3.unicentro.br\/cedeteg\/wp-json\/wp\/v2\/users\/3"}],"replies":[{"embeddable":true,"href":"https:\/\/www3.unicentro.br\/cedeteg\/wp-json\/wp\/v2\/comments?post=17"}],"version-history":[{"count":0,"href":"https:\/\/www3.unicentro.br\/cedeteg\/wp-json\/wp\/v2\/pages\/17\/revisions"}],"wp:attachment":[{"href":"https:\/\/www3.unicentro.br\/cedeteg\/wp-json\/wp\/v2\/media?parent=17"}],"curies":[{"name":"wp","href":"https:\/\/api.w.org\/{rel}","templated":true}]}}