{"id":1047,"date":"2021-10-04T09:44:08","date_gmt":"2021-10-04T12:44:08","guid":{"rendered":"https:\/\/www3.unicentro.br\/cedeteg\/?page_id=1047"},"modified":"2026-03-30T15:53:55","modified_gmt":"2026-03-30T18:53:55","slug":"clinicas-e-servicos","status":"publish","type":"page","link":"https:\/\/www3.unicentro.br\/cedeteg\/clinicas-e-servicos\/","title":{"rendered":"Cl\u00ednicas e Servi\u00e7os"},"content":{"rendered":"<div class=\"wpb-content-wrapper\"><p>[vc_row][vc_column][vc_column_text css=&#8221;&#8221;]<\/p>\n<p style=\"text-align: center\"><strong>UNIVERSIDADE ESTADUAL DO CENTRO-OESTE &#8211; UNICENTRO<\/strong><br \/>\n<strong>DIRE\u00c7\u00c3O-GERAL DO C\u00c2MPUS CEDETEG<\/strong><\/p>\n<hr \/>\n<p style=\"text-align: center\"><strong>CL\u00cdNICAS, CENTROS E AMBULAT\u00d3RIOS DO C\u00c2MPUS CEDETEG &#8211; 2026<\/strong><\/p>\n<p>&nbsp;<\/p>\n<p><span style=\"color: #800000\"><strong>Ambulat\u00f3rio de Medicina \u2013 Demed<\/strong><\/span><br \/>\n<strong>Coordenador:<\/strong> Prof. Abr\u00e3o Jos\u00e9 Melhem Junior<br \/>\nDias e hor\u00e1rios de funcionamento: segunda a sexta-feira, das 7h \u00e0s 19h30<br \/>\nTelefone: (42) 3629-8357<br \/>\nE-mail: demed@unicentro.br<br \/>\n<strong>Endere\u00e7o:<\/strong> C\u00e2mpus Cedeteg \u2013 Alameda \u00c9lio Antonio Dalla Vecchia, 838, Vila Carli, Guarapuava-PR<br \/>\n<span style=\"color: #800000\"><a style=\"color: #800000\" href=\"https:\/\/www3.unicentro.br\/cedeteg\/wp-content\/uploads\/sites\/91\/2026\/03\/DEMED-Calendario-Marco-AMB-DEMED.pdf\" target=\"_blank\" rel=\"noopener\"><strong>Calend\u00e1rio e escala mensal resumida de plant\u00f5es prevista para a unidade<\/strong><\/a><\/span>.<\/p>\n<hr \/>\n<p><span style=\"color: #800000\"><strong>Cl\u00ednica Escola de Medicina \u2013 Climed<\/strong><\/span><br \/>\n<strong>Coordenador:<\/strong> Prof. Andr\u00e9 Abreu<br \/>\nDias e hor\u00e1rios de funcionamento: segunda a sexta-feira, das 7h \u00e0s 19h<br \/>\nTelefone: (42) 3629- 9050<br \/>\n<strong>Endere\u00e7o:<\/strong> Rua Projetada 17, n\u00ba 435 &#8211; Cidade dos Lagos &#8211; Guarapuava<br \/>\n<span style=\"color: #800000\"><a style=\"color: #800000\" href=\"https:\/\/www3.unicentro.br\/cedeteg\/wp-content\/uploads\/sites\/91\/2026\/03\/DEMED-Calendario-Marco-CLIMED.pdf\" target=\"_blank\" rel=\"noopener\"><strong>Calend\u00e1rio e escala mensal resumida de plant\u00f5es prevista para a unidade<\/strong><\/a><\/span>.<\/p>\n<hr \/>\n<p><span style=\"color: #800000\"><strong>Hospital Regional do Centro-Oeste &#8211; HRCO<\/strong><\/span><br \/>\nDias e hor\u00e1rios de funcionamento: 24h<br \/>\nTelefone: (42) 3141-2299<br \/>\n<strong>Endere\u00e7o:<\/strong> Av. Profa. Laura Pacheco Bastos, 1400 &#8211; Cidade dos Lagos &#8211; Guarapuava-PR<br \/>\n<span style=\"color: #800000\"><a style=\"color: #800000\" href=\"https:\/\/www3.unicentro.br\/cedeteg\/wp-content\/uploads\/sites\/91\/2026\/03\/DEMED-DEFISIO-Calendario-Marco-HRCO-1.pdf\" target=\"_blank\" rel=\"noopener\"><strong>Calend\u00e1rio e escala mensal resumida de plant\u00f5es prevista para a unidade<\/strong><\/a><\/span>.<\/p>\n<hr \/>\n<p><span style=\"color: #800000\"><strong>Cl\u00ednica de \u00d3rtese e Pr\u00f3tese<\/strong><\/span><br \/>\n<span style=\"color: #800000\"><strong>Ambulat\u00f3rio de Feridas Cr\u00f4nicas<\/strong><\/span><br \/>\n<strong>Coordenadoras:<\/strong> Prof\u00aa. Dannyele Cristina da Silva \/ Prof\u00aa. Carine Teles Sangaleti Miyahara<br \/>\nDias e hor\u00e1rios de funcionamento: segunda a sexta-feira, das 7h \u00e0s 19h<br \/>\nTelefone: (42) 3629-8141<br \/>\nE-mail: orteseprotese@unicentro.br<br \/>\n<strong>Endere\u00e7o:<\/strong> C\u00e2mpus Cedeteg \u2013 Alameda \u00c9lio Antonio Dalla Vecchia, 838, Vila Carli, Guarapuava-PR<br \/>\nCalend\u00e1rio e escala mensal resumida de plant\u00f5es prevista para as unidades: <span style=\"color: #800000\"><a style=\"color: #800000\" href=\"https:\/\/www3.unicentro.br\/cedeteg\/wp-content\/uploads\/sites\/91\/2026\/03\/DENF-Calendario-Marco-ORTESE-E-PROTESE.pdf\" target=\"_blank\" rel=\"noopener\"><strong>Cl\u00ednica de \u00d3rtese e Pr\u00f3tese<\/strong><\/a><\/span><span style=\"color: #800000\"><span style=\"color: #000000\"> e\u00a0<\/span><strong><a style=\"color: #800000\" href=\"https:\/\/www3.unicentro.br\/cedeteg\/wp-content\/uploads\/sites\/91\/2026\/03\/DENF-DEMED-Calendario-Marco-AMB-FERIDAS.pdf\" target=\"_blank\" rel=\"noopener\">\u00a0Ambulat\u00f3rio de Feridas<\/a><\/strong><\/span><\/p>\n<hr \/>\n<p><strong><span style=\"color: #800000\">Complexo Desportivo e Recreativo \u2013 CDR<\/span><\/strong><br \/>\n<strong><span style=\"color: #800000\">Cl\u00ednica e Academia Escola de Educa\u00e7\u00e3o F\u00edsica<\/span><\/strong><br \/>\n<strong>Coordenador:<\/strong> Prof. Bruno Sergio Portela<br \/>\nDias e hor\u00e1rios de funcionamento: segunda a sexta-feira, das 8h \u00e0s 22h, no CDR; segunda a quinta-feira, das 14h \u00e0s 19h, na Cl\u00ednica<br \/>\nTelefone: (42) 3629-8148<br \/>\nE-mail: cdru@unicentro.br<br \/>\n<strong>Endere\u00e7o:<\/strong> C\u00e2mpus Cedeteg \u2013 Alameda \u00c9lio Antonio Dalla Vecchia, 838, Vila Carli, Guarapuava-PR<\/p>\n<hr \/>\n<p><span style=\"color: #800000\"><strong>Cl\u00ednica Escola de Fisioterapia \u2013 Cefisio<\/strong><\/span><br \/>\n<strong>Coordenadora:<\/strong> Prof\u00aa. Christiane Riedi Daniel<br \/>\nDias e hor\u00e1rios de funcionamento: segunda a sexta-feira, das 7h \u00e0s 19h<br \/>\nTelefone: (42) 3629-8138<br \/>\nE-mail: cefisio@unicentro.br<br \/>\n<strong>Endere\u00e7o:<\/strong> C\u00e2mpus Cedeteg \u2013 Alameda \u00c9lio Antonio Dalla Vecchia, 838, Vila Carli, Guarapuava-PR<br \/>\n<span style=\"color: #800000\"><a style=\"color: #800000\" href=\"https:\/\/www3.unicentro.br\/cedeteg\/wp-content\/uploads\/sites\/91\/2026\/03\/DEFISIO-Calendario-Marco-CEFISIO.pdf\" target=\"_blank\" rel=\"noopener\"><strong>Calend\u00e1rio e escala mensal resumida de plant\u00f5es prevista para a unidade<\/strong><\/a><\/span>.<\/p>\n<hr \/>\n<p><span style=\"color: #800000\"><strong>Cl\u00ednica Escola de Nutri\u00e7\u00e3o \u2013 Cenut<\/strong><\/span><br \/>\n<strong>Coordenadora:<\/strong> Prof\u00aa. Renata L\u00e9ia Demario<br \/>\nDias e hor\u00e1rios de funcionamento: ter\u00e7a a sexta-feira, das 8h \u00e0s 12h e das 13h30 \u00e0s 18h<br \/>\nTelefones: (42) 3629-8133<br \/>\nE-mail: cenut@unicentro.br<br \/>\n<strong>Endere\u00e7o:<\/strong> C\u00e2mpus Cedeteg \u2013 Alameda \u00c9lio Antonio Dalla Vecchia, 838, Vila Carli, Guarapuava-PR<\/p>\n<hr \/>\n<p><span style=\"color: #800000\"><strong>Cl\u00ednica Escola Veterin\u00e1ria Professor Marcos Vin\u00edcius Tranquilim \u2013 Cevet<\/strong><\/span><br \/>\n<strong>Coordenador:<\/strong> Prof. Adriano de Oliveira Torres Carrasco<br \/>\nDias e hor\u00e1rios de funcionamento: segunda a sexta-feira, das 8h \u00e0s 18h, e s\u00e1bado, das 8h \u00e0s 12h<br \/>\nTelefone: (42) 3629-8229<br \/>\nE-mail: cevetunicentro@gmail.com<br \/>\n<strong>Endere\u00e7o:<\/strong> C\u00e2mpus Cedeteg \u2013 Alameda \u00c9lio Antonio Dalla Vecchia, 838, Vila Carli, Guarapuava-PR<br \/>\n<span style=\"color: #800000\"><a style=\"color: #800000\" href=\"https:\/\/www3.unicentro.br\/cedeteg\/wp-content\/uploads\/sites\/91\/2026\/03\/DEVET-Calendario-Marco-CEVET.pdf\" target=\"_blank\" rel=\"noopener\"><strong>Calend\u00e1rio e escala mensal resumida de plant\u00f5es prevista para a unidade<\/strong><\/a><\/span>.<\/p>\n<hr \/>\n<p><span style=\"color: #800000\"><strong>Centro de Triagem e Reabilita\u00e7\u00e3o de Animais Silvestres \u2013 Cetras<\/strong><\/span><br \/>\n<strong>Coordenador(a):<\/strong> Prof. Rodrigo Antonio Martins de Souza<br \/>\nDias e hor\u00e1rios de funcionamento: segunda a sexta-feira, das 8h \u00e0s 18h, e s\u00e1bado, das 8h \u00e0s 12h<br \/>\nTelefones: (42) 3629-8240 \/ 3629-8229<br \/>\nE-mail: cetras@unicentro.br<br \/>\n<strong>Endere\u00e7o:<\/strong> C\u00e2mpus Cedeteg \u2013 Alameda \u00c9lio Antonio Dalla Vecchia, 838, Vila Carli, Guarapuava-PR<\/p>\n<hr \/>\n<p><span style=\"color: #800000\"><strong>Farm\u00e1cia e Laborat\u00f3rio Escola<\/strong><\/span><br \/>\n<strong>Coordenador(a):<\/strong> Prof. Marcos Ereno Auler<br \/>\nDias e hor\u00e1rios de funcionamento:<br \/>\n<strong>Farm\u00e1cia Escola &#8211; Matriz &#8211; C\u00e2mpus Cedeteg:<\/strong> de segunda a sexta-feira, das 7h \u00e0s 19h<br \/>\n<strong>Farm\u00e1cia Escola &#8211; Filial &#8211; Cidade dos Lagos:<\/strong> de segunda a sexta-feira, das 7h \u00e0s 19h<br \/>\n<strong>Laborat\u00f3rio Escola &#8211; C\u00e2mpus Cedeteg:<\/strong> de segunda a sexta-feira, das 8h \u00e0s 18h<br \/>\nTelefone: (42) 3629-8149<br \/>\nE-mail: auler@unicentro.br<br \/>\n<strong>Endere\u00e7os:<\/strong><br \/>\n<strong>C\u00e2mpus Cedeteg<\/strong> \u2013 Alameda \u00c9lio Antonio Dalla Vecchia, 838, Vila Carli, Guarapuava-PR<br \/>\n<strong>Cidade dos Lagos<\/strong> \u2013 Rua Projetada 16, 436 , Bairro Cidade dos Lagos, Guarapuava-PR<br \/>\nCalend\u00e1rio e escala mensal resumida de plant\u00f5es prevista para as unidades: <a href=\"https:\/\/www3.unicentro.br\/cedeteg\/wp-content\/uploads\/sites\/91\/2026\/03\/DEFAR-Calendario-Marco-FARMESC-Dispensacao-Matriz.pdf\" target=\"_blank\" rel=\"noopener\"><span style=\"color: #800000\"><strong>Farm\u00e1cia Escola Matriz<\/strong><\/span><\/a> | <a href=\"https:\/\/www3.unicentro.br\/cedeteg\/wp-content\/uploads\/sites\/91\/2026\/03\/DEFAR-Calendario-Marco-FARMESC-Dispensacao-Filial.pdf\" target=\"_blank\" rel=\"noopener\"><span style=\"color: #800000\"><strong>Farm\u00e1cia Escola Filial<\/strong><\/span><\/a> | <a href=\"https:\/\/www3.unicentro.br\/cedeteg\/wp-content\/uploads\/sites\/91\/2026\/03\/DEFAR-Calendario-Marco-FARMESC-Laboratorio-Matriz.pdf\" target=\"_blank\" rel=\"noopener\"><span style=\"color: #800000\"><strong>Laborat\u00f3rio Escola<\/strong><\/span><\/a><\/p>\n<hr \/>\n<p><span style=\"color: #800000\"><strong>Unidade Escola de Enfermagem \u2013 UEE<\/strong><\/span><br \/>\n<strong>Coordenador(a):<\/strong> Prof\u00aa. Alexandra Bittencourt Madureira<br \/>\nDias e hor\u00e1rios de funcionamento:<br \/>\nSegunda-feira \u2013 das 9h \u00e0s 12h30 e das 13h30 \u00e0s 18h<br \/>\nTer\u00e7a-feira \u2013 das 9h \u00e0s 12h30 e das 13h30 \u00e0s 20h<br \/>\nQuarta-feira \u2013 das 7h30 \u00e0s 20h<br \/>\nQuinta-feira \u2013 das 9h \u00e0s 12h30 e das 13h30 \u00e0s 19h30<br \/>\nSexta-feira \u2013 das 9h \u00e0s 12h30 e das 13h30 \u00e0s 18h<br \/>\nTelefone: (42) 3629-8187<br \/>\nE-mail: uee.unicentro@gmail.com<br \/>\n<strong>Endere\u00e7o: C\u00e2mpus Cedeteg<\/strong> \u2013 Alameda \u00c9lio Antonio Dalla Vecchia, 838, Vila Carli, Guarapuava-PR<br \/>\nCalend\u00e1rio e escala mensal resumida de plant\u00f5es prevista para as unidades: <strong><span style=\"color: #800000\"><a style=\"color: #800000\" href=\"https:\/\/www3.unicentro.br\/cedeteg\/wp-content\/uploads\/sites\/91\/2026\/03\/DENF-Calendario-Marco-UEE.pdf\" target=\"_blank\" rel=\"noopener\">Unidade Escola de Enfermagem<\/a><\/span><\/strong>[\/vc_column_text][\/vc_column][\/vc_row]<\/p>\n<\/div>","protected":false},"excerpt":{"rendered":"<p>[vc_row][vc_column][vc_column_text css=&#8221;&#8221;] UNIVERSIDADE ESTADUAL DO CENTRO-OESTE &#8211; UNICENTRO DIRE\u00c7\u00c3O-GERAL DO C\u00c2MPUS CEDETEG CL\u00cdNICAS, CENTROS E AMBULAT\u00d3RIOS DO C\u00c2MPUS CEDETEG &#8211; 2026 &nbsp; Ambulat\u00f3rio de Medicina \u2013 Demed Coordenador: Prof. Abr\u00e3o Jos\u00e9 Melhem Junior Dias e hor\u00e1rios de funcionamento: segunda a sexta-feira, das 7h \u00e0s 19h30 Telefone: (42) 3629-8357 E-mail: demed@unicentro.br Endere\u00e7o: C\u00e2mpus Cedeteg \u2013 Alameda [&hellip;]<\/p>\n","protected":false},"author":6,"featured_media":0,"parent":0,"menu_order":0,"comment_status":"closed","ping_status":"closed","template":"","meta":{"_exactmetrics_skip_tracking":false,"_exactmetrics_sitenote_active":false,"_exactmetrics_sitenote_note":"","_exactmetrics_sitenote_category":0,"footnotes":"","_links_to":"","_links_to_target":""},"class_list":["post-1047","page","type-page","status-publish","hentry"],"_links":{"self":[{"href":"https:\/\/www3.unicentro.br\/cedeteg\/wp-json\/wp\/v2\/pages\/1047","targetHints":{"allow":["GET"]}}],"collection":[{"href":"https:\/\/www3.unicentro.br\/cedeteg\/wp-json\/wp\/v2\/pages"}],"about":[{"href":"https:\/\/www3.unicentro.br\/cedeteg\/wp-json\/wp\/v2\/types\/page"}],"author":[{"embeddable":true,"href":"https:\/\/www3.unicentro.br\/cedeteg\/wp-json\/wp\/v2\/users\/6"}],"replies":[{"embeddable":true,"href":"https:\/\/www3.unicentro.br\/cedeteg\/wp-json\/wp\/v2\/comments?post=1047"}],"version-history":[{"count":4,"href":"https:\/\/www3.unicentro.br\/cedeteg\/wp-json\/wp\/v2\/pages\/1047\/revisions"}],"predecessor-version":[{"id":7016,"href":"https:\/\/www3.unicentro.br\/cedeteg\/wp-json\/wp\/v2\/pages\/1047\/revisions\/7016"}],"wp:attachment":[{"href":"https:\/\/www3.unicentro.br\/cedeteg\/wp-json\/wp\/v2\/media?parent=1047"}],"curies":[{"name":"wp","href":"https:\/\/api.w.org\/{rel}","templated":true}]}}